{"id":741,"date":"2023-08-01T09:21:16","date_gmt":"2023-08-01T07:21:16","guid":{"rendered":"https:\/\/berlinwanderlust.com\/?page_id=741"},"modified":"2023-09-19T22:30:42","modified_gmt":"2023-09-19T20:30:42","slug":"princess-cheescake","status":"publish","type":"page","link":"https:\/\/berlinwanderlust.com\/de\/cafes-und-fruehstueck\/princess-cheescake\/","title":{"rendered":"Princess Cheescake"},"content":{"rendered":"<p>[vc_row][vc_column width=&#8220;2\/3&#8243;][vc_column_text]<\/p>\n<p>&nbsp;<\/p>\n<p>&nbsp;<\/p>\n<p>[\/vc_column_text][vc_custom_heading text=&#8220;Prinzessin Cheesecake Berlin: Ein wahrer Hochgenuss f\u00fcr Dessert-Liebhaber&#8220; font_container=&#8220;tag:h1|font_size:30|text_align:left|color:%23d3065b&#8220;][vc_column_text]Princess Cheesecake liegt im Stadtzentrum und ist ein beliebter Zufluchtsort f\u00fcr Dessertliebhaber, die die feinsten und dekadentesten K\u00e4sekuchen der Stadt suchen. Mit ihrer reicher Auswahl an handgemachten, k\u00f6stlichen Leckereien hat sich diese charmante Konditorei einen Ruf als Anlaufstelle f\u00fcr alle Naschkatzen erworben. Egal ob Du ein einheimischer Genie\u00dfer oder ein Reisender auf der Suche nach Berlins k\u00f6stlichsten Desserts sind, Princess Cheesecake verspricht ein besonderes Geschmackserlebnis.<\/p>\n<p><strong>Handgefertigte K\u00e4sekuchen-Kreationen:<\/strong><\/p>\n<p>Bei Princess Cheesecake ist jedes Dessert ein Kunstwerk, das von erfahrenen Konditoren sorgf\u00e4ltig hergestellt wird. Der Star der Show ist nat\u00fcrlich der K\u00e4sekuchen &#8211; eine samtige Symphonie aus cremiger Perfektion, die mit jedem Bissen auf der Zunge zergeht.<\/p>\n<p>Die G\u00e4ste k\u00f6nnen sich einer beeindruckenden Vielfalt an Geschmacksrichtungen hingeben, vom klassischen New Yorker K\u00e4sekuchen bis hin zu innovativen Kombinationen, die die Geschmacksknospen verf\u00fchren. Je nach Lust und Laune kannst Du auch zwischen K\u00e4sekuchen mit frischen Fr\u00fcchten oder ein \u00fcppiges St\u00fcck mit reichhaltiger Schokoladenganache w\u00e4hlen.<\/p>\n<p><strong>Charmantes Ambiente f\u00fcr K\u00f6nige:<\/strong><\/p>\n<p>Das Ambiente von Princess Cheesecake spiegelt den Namen des Lokals perfekt wider &#8211; royal und elegant. Die Patisserie besticht durch ihr schickes Dekor, die sanfte Beleuchtung und die warme, einladende Atmosph\u00e4re. Der einladende Sitzbereich ist ideal, um das Dessert zu genie\u00dfen und sich in der charmanten Umgebung zu sonnen.<\/p>\n<p>Das freundliche Personal tr\u00e4gt zum Gesamterlebnis bei und sorgt daf\u00fcr, dass jeder Gast w\u00e4hrend seines Besuchs in diesem bezaubernden Dessertlokal wie ein K\u00f6nig behandelt wird.<\/p>\n<p><strong>Mehr als K\u00e4sekuchen:<\/strong><\/p>\n<p>W\u00e4hrend K\u00e4sekuchen die Hauptattraktion sind, bietet Princess Cheesecake auch eine Reihe anderer k\u00f6stlicher Leckereien. Die G\u00e4ste k\u00f6nnen sich an einem Sortiment von Geb\u00e4ck, Kuchen, Torten und vielem mehr erfreuen, die alle kunstvoll aus den besten Zutaten hergestellt werden. Die Konditorei geht auch auf di\u00e4tetische Vorlieben ein, mit veganen und glutenfreien Optionen, die sicherstellen, dass jeder ein bisschen S\u00fc\u00dfes genie\u00dfen kann.<\/p>\n<p>Princess Cheesecake Berlin ist ein Dessertparadies, das ein unvergessliches Erlebnis f\u00fcr alle verspricht, die eine Vorliebe f\u00fcr feinste S\u00fc\u00dfigkeiten haben. Mit ihren handgefertigten K\u00e4sekuchen-Kreationen, dem charmanten Ambiente und der k\u00f6stlichen Auswahl an Leckereien hat die Patisserie die Herzen von Dessert-Liebhabern weit und breit erobert.<\/p>\n<p>Hast Du Lust auf etwas S\u00fc\u00dfes bekommen? Dann schau doch einfach mal rein.[\/vc_column_text][vc_column_text]Mon-Thu: 11.00-19:00h; Fri-Sun: 10:00-19:00h<\/p>\n<p>Tucholskystr. 37; 10117 Berlin<\/p>\n<p>Tel:(030)-280-927-60<\/p>\n<p><a href=\"https:\/\/www.princess-cheesecake.de\/\">princess-cheesecake.de<\/a>[\/vc_column_text][vc_zigzag][vc_column_text]Falls Du Spa\u00df an einem Gourmet-Fr\u00fchst\u00fcck hast, dann schau mal bei der <a href=\"https:\/\/www.getyourguide.de\/wilde-mathilde-l169449\/berlin-gourmet-fruhstuck-fur-2-in-der-wilden-matilde-t413345\/?partner_id=OKFS1TT&amp;utm_medium=online_publisher\"><strong>Wilden Mathilde<\/strong><\/a> rein[\/vc_column_text][vc_column_text]Lern auch andere <a href=\"https:\/\/berlinwanderlust.com\/de\/cafes-und-fruehstueck\/\">Caf\u00e9s<\/a> kennen[\/vc_column_text][\/vc_column][vc_column width=&#8220;1\/3&#8243;][vc_column_text]<\/p>\n<p>&nbsp;<\/p>\n<p>[\/vc_column_text][vc_column_text]<\/p>\n<div data-gyg-href=\"https:\/\/widget.getyourguide.com\/default\/activities.frame\" data-gyg-locale-code=\"en-US\" data-gyg-widget=\"activities\" data-gyg-number-of-items=\"3\" data-gyg-partner-id=\"OKFS1TT\" data-gyg-tour-ids=\"12500,128837,28522\"><\/div>\n<p>[\/vc_column_text][vc_gmaps link=&#8220;#E-8_JTNDaWZyYW1lJTIwc3JjJTNEJTIyaHR0cHMlM0ElMkYlMkZ3d3cuZ29vZ2xlLmNvbSUyRm1hcHMlMkZlbWJlZCUzRnBiJTNEJTIxMW0xOCUyMTFtMTIlMjExbTMlMjExZDI0MjcuMzY2ODY3ODkwODYwNyUyMTJkMTMuMzkwNTk1NjEyMjA5NDY1JTIxM2Q1Mi41MjY3OTYxNzE5NDYzNiUyMTJtMyUyMTFmMCUyMTJmMCUyMTNmMCUyMTNtMiUyMTFpMTAyNCUyMTJpNzY4JTIxNGYxMy4xJTIxM20zJTIxMW0yJTIxMXMweDQ3YTg1MWU4OTYxOTk5MzElMjUzQTB4MTJiOGMwOTE1OTdkYzE0MCUyMTJzUHJpbmNlc3MlMjUyMENoZWVzZWNha2UlMjE1ZTAlMjEzbTIlMjExc2RlJTIxMnNkZSUyMTR2MTY5MDg3NDQ1MjI5MSUyMTVtMiUyMTFzZGUlMjEyc2RlJTIyJTIwd2lkdGglM0QlMjI2MDAlMjIlMjBoZWlnaHQlM0QlMjI0NTAlMjIlMjBzdHlsZSUzRCUyMmJvcmRlciUzQTAlM0IlMjIlMjBhbGxvd2Z1bGxzY3JlZW4lM0QlMjIlMjIlMjBsb2FkaW5nJTNEJTIybGF6eSUyMiUyMHJlZmVycmVycG9saWN5JTNEJTIybm8tcmVmZXJyZXItd2hlbi1kb3duZ3JhZGUlMjIlM0UlM0MlMkZpZnJhbWUlM0U=&#8220; title=&#8220;Princess Cheesecake&#8220;][\/vc_column][\/vc_row][vc_row][vc_column][\/vc_column][\/vc_row]<\/p>\n","protected":false},"excerpt":{"rendered":"<p>[vc_row][vc_column width=&#8220;2\/3&#8243;][vc_column_text] &nbsp; &nbsp; [\/vc_column_text][vc_custom_heading text=&#8220;Prinzessin Cheesecake Berlin: Ein wahrer Hochgenuss f\u00fcr Dessert-Liebhaber&#8220; font_container=&#8220;tag:h1|font_size:30|text_align:left|color:%23d3065b&#8220;][vc_column_text]Princess Cheesecake liegt im Stadtzentrum und ist ein beliebter Zufluchtsort f\u00fcr Dessertliebhaber, die die feinsten und dekadentesten K\u00e4sekuchen der Stadt suchen. Mit ihrer reicher Auswahl an handgemachten, k\u00f6stlichen Leckereien hat sich diese charmante Konditorei einen Ruf als Anlaufstelle f\u00fcr alle Naschkatzen erworben. [&hellip;]<\/p>\n","protected":false},"author":1,"featured_media":0,"parent":682,"menu_order":0,"comment_status":"closed","ping_status":"closed","template":"","meta":{"site-sidebar-layout":"no-sidebar","site-content-layout":"plain-container","ast-site-content-layout":"default","site-content-style":"default","site-sidebar-style":"default","ast-global-header-display":"","ast-banner-title-visibility":"","ast-main-header-display":"","ast-hfb-above-header-display":"","ast-hfb-below-header-display":"","ast-hfb-mobile-header-display":"","site-post-title":"disabled","ast-breadcrumbs-content":"","ast-featured-img":"disabled","footer-sml-layout":"","ast-disable-related-posts":"","theme-transparent-header-meta":"default","adv-header-id-meta":"","stick-header-meta":"","header-above-stick-meta":"","header-main-stick-meta":"","header-below-stick-meta":"","astra-migrate-meta-layouts":"default","ast-page-background-enabled":"default","ast-page-background-meta":{"desktop":{"background-color":"var(--ast-global-color-4)","background-image":"","background-repeat":"repeat","background-position":"center center","background-size":"auto","background-attachment":"scroll","background-type":"","background-media":"","overlay-type":"","overlay-color":"","overlay-opacity":"","overlay-gradient":""},"tablet":{"background-color":"","background-image":"","background-repeat":"repeat","background-position":"center center","background-size":"auto","background-attachment":"scroll","background-type":"","background-media":"","overlay-type":"","overlay-color":"","overlay-opacity":"","overlay-gradient":""},"mobile":{"background-color":"","background-image":"","background-repeat":"repeat","background-position":"center center","background-size":"auto","background-attachment":"scroll","background-type":"","background-media":"","overlay-type":"","overlay-color":"","overlay-opacity":"","overlay-gradient":""}},"ast-content-background-meta":{"desktop":{"background-color":"var(--ast-global-color-5)","background-image":"","background-repeat":"repeat","background-position":"center center","background-size":"auto","background-attachment":"scroll","background-type":"","background-media":"","overlay-type":"","overlay-color":"","overlay-opacity":"","overlay-gradient":""},"tablet":{"background-color":"var(--ast-global-color-5)","background-image":"","background-repeat":"repeat","background-position":"center center","background-size":"auto","background-attachment":"scroll","background-type":"","background-media":"","overlay-type":"","overlay-color":"","overlay-opacity":"","overlay-gradient":""},"mobile":{"background-color":"var(--ast-global-color-5)","background-image":"","background-repeat":"repeat","background-position":"center center","background-size":"auto","background-attachment":"scroll","background-type":"","background-media":"","overlay-type":"","overlay-color":"","overlay-opacity":"","overlay-gradient":""}},"footnotes":""},"class_list":["post-741","page","type-page","status-publish","hentry"],"aioseo_notices":[],"_links":{"self":[{"href":"https:\/\/berlinwanderlust.com\/de\/wp-json\/wp\/v2\/pages\/741","targetHints":{"allow":["GET"]}}],"collection":[{"href":"https:\/\/berlinwanderlust.com\/de\/wp-json\/wp\/v2\/pages"}],"about":[{"href":"https:\/\/berlinwanderlust.com\/de\/wp-json\/wp\/v2\/types\/page"}],"author":[{"embeddable":true,"href":"https:\/\/berlinwanderlust.com\/de\/wp-json\/wp\/v2\/users\/1"}],"replies":[{"embeddable":true,"href":"https:\/\/berlinwanderlust.com\/de\/wp-json\/wp\/v2\/comments?post=741"}],"version-history":[{"count":0,"href":"https:\/\/berlinwanderlust.com\/de\/wp-json\/wp\/v2\/pages\/741\/revisions"}],"up":[{"embeddable":true,"href":"https:\/\/berlinwanderlust.com\/de\/wp-json\/wp\/v2\/pages\/682"}],"wp:attachment":[{"href":"https:\/\/berlinwanderlust.com\/de\/wp-json\/wp\/v2\/media?parent=741"}],"curies":[{"name":"wp","href":"https:\/\/api.w.org\/{rel}","templated":true}]}}