{"id":733,"date":"2023-08-01T08:31:11","date_gmt":"2023-08-01T06:31:11","guid":{"rendered":"https:\/\/berlinwanderlust.com\/?page_id=733"},"modified":"2023-09-19T22:28:51","modified_gmt":"2023-09-19T20:28:51","slug":"double-eye","status":"publish","type":"page","link":"https:\/\/berlinwanderlust.com\/de\/cafes-und-fruehstueck\/double-eye\/","title":{"rendered":"Double Eye"},"content":{"rendered":"<p>[vc_row][vc_column width=&#8220;2\/3&#8243;][vc_column_text]<\/p>\n<p>&nbsp;<\/p>\n<p>&nbsp;<\/p>\n<p>[\/vc_column_text][vc_custom_heading text=&#8220;Double Eye Berlin: Ein Paradies f\u00fcr Kaffee-Liebhaber&#8220; font_container=&#8220;tag:h1|font_size:30|text_align:left|color:%23d3065b&#8220;][vc_column_text]Das Double Eye befindet sich im Herzen Berlins, das gerne von Kaffeeliebhabern besucht wird. Dieses charmante Cof\u00e9 zeichnet sich durch sein unerm\u00fcdliches Engagement f\u00fcr au\u00dfergew\u00f6hnlichen Kaffee und ein einladendes Ambiente aus. Ob Du als Einheimischer auf der Suche nach dem perfekten Kaffee bist oder als Reisender die Kaffeekultur Berlins kennenlernen m\u00f6chten, Double Eye verspricht eine unvergleichliche Kaffeereise, die Lust auf mehr macht.<\/p>\n<p><strong>Die Kunst des Kaffee-Handwerks:<\/strong><\/p>\n<p>Bei Double Eye steht die Kunst des Kaffeehandwerks im Mittelpunkt. Die engagierten Baristas widmen sich mit Leidenschaft ihrem Handwerk, w\u00e4hlen sorgf\u00e4ltig erstklassige Kaffeebohnen aus und wenden pr\u00e4zise Br\u00fchtechniken an, um die feinsten Aromen zu extrahieren. Jede Tasse ist ein Meisterwerk, das durch sein reiches Aroma, seinen ausgewogenen Geschmack und seine samtige Konsistenz die wahre Essenz des Kaffees zum Ausdruck bringt.<\/p>\n<p>Das Men\u00fc es Caf\u00e9s bietet eine Vielzahl von Getr\u00e4nken auf Espressobasis, von klassischen Cappuccinos und Lattes bis hin zu originellen Kreationen, die einzigartige Aromen und Kaffeekunst vereinen. Ganz gleich, ob Sie einen kr\u00e4ftigen Espresso oder einen cremigen Milchkaffee bevorzugen, Double Eye hat einen Kaffee f\u00fcr jeden Geschmack.<\/p>\n<p><strong>Charmante und einladende Atmosph\u00e4re:<\/strong><\/p>\n<p>Das Ambiente im Double Eye ist ebenso einladend wie der Kaffee, der hier serviert wird. Das Interieur ist rustikal-schick gestaltet, mit freiliegenden Ziegelw\u00e4nden, Holzm\u00f6beln und alten Kaffeeger\u00e4ten, die eine gem\u00fctliche und entspannte Atmosph\u00e4re schaffen. Die G\u00e4ste k\u00f6nnen es sich an den Holztischen gem\u00fctlich machen oder einen Moment der Einsamkeit auf einem der bequemen Fensterpl\u00e4tze genie\u00dfen.<\/p>\n<p>Das warme Ambiente des Caf\u00e9s und das freundliche Personal tragen zum Gesamterlebnis bei und machen es zu einem idealen Ort, um sich mit Freunden zu treffen, eine gem\u00fctliche Kaffeepause zu genie\u00dfen oder einfach nur die Kaffeekultur Berlins aufzusaugen.<\/p>\n<p><strong>Ziel \u00a0f\u00fcr Kaffee-Liebhaber:<\/strong><\/p>\n<p>Das Double Eye hat sich seinen Ruf als unverzichtbarer Hafen f\u00fcr Berlins Kaffeeliebhaber erarbeitet und zieht ein buntes Publikum von Kaffee-Experten, K\u00fcnstlern und Einheimischen an, die ein unvergessliches Kaffeeerlebnis suchen. Die Verpflichtung des Caf\u00e9s zu Qualit\u00e4t, Authentizit\u00e4t und Kundenzufriedenheit hat ihm eine treue Fangemeinde und hervorragende Kritiken eingebracht.<\/p>\n<p>Bei einem Besuch im Double Eye geht es nicht nur darum, Kaffee zu trinken, sondern auch darum, in eine Welt voller Geschmack, Aroma und Kaffeeleidenschaft einzutauchen, die bei jedem Schluck sp\u00fcrbar wird.<\/p>\n<p>Double Eye in Berlin ist ein Kaffeeparadies, das die Kunst des Kaffeehandwerks zelebriert und seine G\u00e4ste dazu einl\u00e4dt, in die reiche Vielfalt der Aromen einzutauchen, die Kaffee zu bieten hat. Mit seinem au\u00dfergew\u00f6hnlichen Kaffeeangebot, dem charmanten Ambiente und der herzlichen Gastfreundschaft hat sich das Caf\u00e9 zu einem beliebten Treffpunkt f\u00fcr Einheimische und Besucher gleicherma\u00dfen entwickelt.<\/p>\n<p>Ob Du nun ein Kaffeekenner bist, der Berlins Kaffeeszene erkunden m\u00f6chte, oder ein neugieriger Reisender auf der Suche nach einem unvergesslichen Kaffeeerlebnis, das Double Eye erwartet Dich mit offenen Armen, bereit, deine Sinne zu erfreuen und Dich auf eine au\u00dfergew\u00f6hnliche Kaffeereise im Herzen Berlins mitzunehmen.[\/vc_column_text][vc_column_text]Mon-Fri: 08:30-18:30h; Sat: 08:30-17:30h, Sun: closed<\/p>\n<p>Akazaienstr.\u00a0 22; 10823 Berlin<\/p>\n<p>Tel:(0179)-456-69-60<\/p>\n<p><a href=\"https:\/\/doubleeye.shop\/\">doubleeye.de<\/a>[\/vc_column_text][vc_zigzag][vc_column_text]Auch interessant: <a href=\"https:\/\/www.getyourguide.de\/berlin-l17\/endloses-champagner-fruhstuck-t392899\/?partner_id=OKFS1TT&amp;utm_medium=online_publisher\"><strong>Feinnschmeckerfr\u00fchst\u00fcck in Sch\u00f6neberg<\/strong><\/a>[\/vc_column_text][vc_column_text]Besuch doch auch andere <a href=\"https:\/\/berlinwanderlust.com\/de\/cafes-und-fruehstueck\/\">Caf\u00e9s<\/a>[\/vc_column_text][\/vc_column][vc_column width=&#8220;1\/3&#8243;][vc_column_text]<\/p>\n<p>&nbsp;<\/p>\n<p>[\/vc_column_text][vc_column_text]<\/p>\n<div data-gyg-href=\"https:\/\/widget.getyourguide.com\/default\/activities.frame\" data-gyg-locale-code=\"de-DE\" data-gyg-widget=\"activities\" data-gyg-number-of-items=\"3\" data-gyg-partner-id=\"OKFS1TT\" data-gyg-tour-ids=\"141663,413345,67796\"><\/div>\n<p>[\/vc_column_text][vc_gmaps link=&#8220;#E-8_JTNDaWZyYW1lJTIwc3JjJTNEJTIyaHR0cHMlM0ElMkYlMkZ3d3cuZ29vZ2xlLmNvbSUyRm1hcHMlMkZlbWJlZCUzRnBiJTNEJTIxMW0xNCUyMTFtOCUyMTFtMyUyMTFkOTcxOC4wNDM5NDUxNjM3NjUlMjEyZDEzLjM1NDA2NiUyMTNkNTIuNDg3OTg5MyUyMTNtMiUyMTFpMTAyNCUyMTJpNzY4JTIxNGYxMy4xJTIxM20zJTIxMW0yJTIxMXMweDQ3YTg1MDQxNmFhMjhlZTUlMjUzQTB4NWJlMjUxNzU1MzE4MDQ2MCUyMTJzRG91YmxlRXllJTIxNWUwJTIxM20yJTIxMXNkZSUyMTJzZGUlMjE0djE2OTA4NzEzNzQ3NzclMjE1bTIlMjExc2RlJTIxMnNkZSUyMiUyMHdpZHRoJTNEJTIyNjAwJTIyJTIwaGVpZ2h0JTNEJTIyNDUwJTIyJTIwc3R5bGUlM0QlMjJib3JkZXIlM0EwJTNCJTIyJTIwYWxsb3dmdWxsc2NyZWVuJTNEJTIyJTIyJTIwbG9hZGluZyUzRCUyMmxhenklMjIlMjByZWZlcnJlcnBvbGljeSUzRCUyMm5vLXJlZmVycmVyLXdoZW4tZG93bmdyYWRlJTIyJTNFJTNDJTJGaWZyYW1lJTNF&#8220; title=&#8220;Double Eye&#8220;][\/vc_column][\/vc_row][vc_row][vc_column][\/vc_column][\/vc_row]<\/p>\n","protected":false},"excerpt":{"rendered":"<p>[vc_row][vc_column width=&#8220;2\/3&#8243;][vc_column_text] &nbsp; &nbsp; [\/vc_column_text][vc_custom_heading text=&#8220;Double Eye Berlin: Ein Paradies f\u00fcr Kaffee-Liebhaber&#8220; font_container=&#8220;tag:h1|font_size:30|text_align:left|color:%23d3065b&#8220;][vc_column_text]Das Double Eye befindet sich im Herzen Berlins, das gerne von Kaffeeliebhabern besucht wird. Dieses charmante Cof\u00e9 zeichnet sich durch sein unerm\u00fcdliches Engagement f\u00fcr au\u00dfergew\u00f6hnlichen Kaffee und ein einladendes Ambiente aus. Ob Du als Einheimischer auf der Suche nach dem perfekten Kaffee bist [&hellip;]<\/p>\n","protected":false},"author":1,"featured_media":0,"parent":682,"menu_order":0,"comment_status":"closed","ping_status":"closed","template":"","meta":{"site-sidebar-layout":"no-sidebar","site-content-layout":"plain-container","ast-site-content-layout":"default","site-content-style":"default","site-sidebar-style":"default","ast-global-header-display":"","ast-banner-title-visibility":"","ast-main-header-display":"","ast-hfb-above-header-display":"","ast-hfb-below-header-display":"","ast-hfb-mobile-header-display":"","site-post-title":"disabled","ast-breadcrumbs-content":"","ast-featured-img":"disabled","footer-sml-layout":"","ast-disable-related-posts":"","theme-transparent-header-meta":"default","adv-header-id-meta":"","stick-header-meta":"","header-above-stick-meta":"","header-main-stick-meta":"","header-below-stick-meta":"","astra-migrate-meta-layouts":"default","ast-page-background-enabled":"default","ast-page-background-meta":{"desktop":{"background-color":"var(--ast-global-color-4)","background-image":"","background-repeat":"repeat","background-position":"center center","background-size":"auto","background-attachment":"scroll","background-type":"","background-media":"","overlay-type":"","overlay-color":"","overlay-opacity":"","overlay-gradient":""},"tablet":{"background-color":"","background-image":"","background-repeat":"repeat","background-position":"center center","background-size":"auto","background-attachment":"scroll","background-type":"","background-media":"","overlay-type":"","overlay-color":"","overlay-opacity":"","overlay-gradient":""},"mobile":{"background-color":"","background-image":"","background-repeat":"repeat","background-position":"center center","background-size":"auto","background-attachment":"scroll","background-type":"","background-media":"","overlay-type":"","overlay-color":"","overlay-opacity":"","overlay-gradient":""}},"ast-content-background-meta":{"desktop":{"background-color":"var(--ast-global-color-5)","background-image":"","background-repeat":"repeat","background-position":"center center","background-size":"auto","background-attachment":"scroll","background-type":"","background-media":"","overlay-type":"","overlay-color":"","overlay-opacity":"","overlay-gradient":""},"tablet":{"background-color":"var(--ast-global-color-5)","background-image":"","background-repeat":"repeat","background-position":"center center","background-size":"auto","background-attachment":"scroll","background-type":"","background-media":"","overlay-type":"","overlay-color":"","overlay-opacity":"","overlay-gradient":""},"mobile":{"background-color":"var(--ast-global-color-5)","background-image":"","background-repeat":"repeat","background-position":"center center","background-size":"auto","background-attachment":"scroll","background-type":"","background-media":"","overlay-type":"","overlay-color":"","overlay-opacity":"","overlay-gradient":""}},"footnotes":""},"class_list":["post-733","page","type-page","status-publish","hentry"],"aioseo_notices":[],"_links":{"self":[{"href":"https:\/\/berlinwanderlust.com\/de\/wp-json\/wp\/v2\/pages\/733","targetHints":{"allow":["GET"]}}],"collection":[{"href":"https:\/\/berlinwanderlust.com\/de\/wp-json\/wp\/v2\/pages"}],"about":[{"href":"https:\/\/berlinwanderlust.com\/de\/wp-json\/wp\/v2\/types\/page"}],"author":[{"embeddable":true,"href":"https:\/\/berlinwanderlust.com\/de\/wp-json\/wp\/v2\/users\/1"}],"replies":[{"embeddable":true,"href":"https:\/\/berlinwanderlust.com\/de\/wp-json\/wp\/v2\/comments?post=733"}],"version-history":[{"count":0,"href":"https:\/\/berlinwanderlust.com\/de\/wp-json\/wp\/v2\/pages\/733\/revisions"}],"up":[{"embeddable":true,"href":"https:\/\/berlinwanderlust.com\/de\/wp-json\/wp\/v2\/pages\/682"}],"wp:attachment":[{"href":"https:\/\/berlinwanderlust.com\/de\/wp-json\/wp\/v2\/media?parent=733"}],"curies":[{"name":"wp","href":"https:\/\/api.w.org\/{rel}","templated":true}]}}