{"id":715,"date":"2023-07-31T13:51:46","date_gmt":"2023-07-31T11:51:46","guid":{"rendered":"https:\/\/berlinwanderlust.com\/?page_id=715"},"modified":"2023-09-10T16:47:01","modified_gmt":"2023-09-10T14:47:01","slug":"cafe-im-literaturhaus","status":"publish","type":"page","link":"https:\/\/berlinwanderlust.com\/de\/cafes-und-fruehstueck\/cafe-im-literaturhaus\/","title":{"rendered":"Caf\u00e9 im Literaturhaus"},"content":{"rendered":"<p>[vc_row][vc_column width=&#8220;2\/3&#8243;][vc_column_text]<\/p>\n<p>&nbsp;<\/p>\n<p>&nbsp;<\/p>\n<p>[\/vc_column_text][vc_custom_heading text=&#8220;Caf\u00e9 im Literaturhaus Berlin: Wo Kultur auf Kulinarik trifft&#8220; font_container=&#8220;tag:h1|font_size:30|text_align:left|color:%23d3065b&#8220;][vc_column_text]Inmitten des Literaturhauses Berlin bietet das Caf\u00e9 eine reizvolle Verbindung von Literatur und kulinarischem Genuss. Im Herzen der Stadt gelegen, ist dieses charmante Caf\u00e9 zu einem beliebten Ziel f\u00fcr Literaturliebhaber und Feinschmecker gleicherma\u00dfen geworden. Mit seinem k\u00fcnstlerischen Ambiente, dem k\u00f6stlichen Angebot und einem Kalender voller literarischer Veranstaltungen ist das Caf\u00e9 im Literaturhaus Berlin ein Ort, an dem sich Kultur und Kulinarik in perfekter Harmonie begegnen.<\/p>\n<p><strong>Eine kulturelle Oase:<\/strong><\/p>\n<p>Das Literaturhaus Berlin ist eine renommierte Kulturinstitution, die sich der F\u00f6rderung von Literatur, Sprache und Kunst verschrieben hat. Das Caf\u00e9 im Literaturhaus dient als Erweiterung dieser Vision und bietet einen einladenden Raum, in dem die G\u00e4ste in die Welt der Literatur eintauchen k\u00f6nnen, w\u00e4hrend sie k\u00f6stliche Leckereien genie\u00dfen.<\/p>\n<p>Das Ambiente ist von einem Hauch intellektueller Inspiration durchdrungen, mit B\u00fccherregalen an den W\u00e4nden und literarischen Zitaten, die die Einrichtung schm\u00fccken. Die G\u00e4ste k\u00f6nnen ihre Mahlzeiten vor der Kulisse literarischer Werke genie\u00dfen, was ein wahrhaft einzigartiges Erlebnis ist, in das sie eintauchen k\u00f6nnen.<\/p>\n<p><strong>K\u00f6stliche kulinarische Angebote:<\/strong><\/p>\n<p>Die kulinarischen Angebote des Caf\u00e9s erg\u00e4nzen das literarische Ambiente und legen Wert auf Qualit\u00e4t und Geschmack. Die Speisekarte bietet eine gute Auswahl an Gerichten, darunter klassische deutsche K\u00f6stlichkeiten, internationale Speisen und vegetarische Optionen. Von herzhaften Suppen und schmackhaften Quiches bis hin zu leckeren Kuchen und handwerklich hergestelltem Geb\u00e4ck &#8211; jedes Gericht ist ein kulinarischer Genuss, der sowohl den Geist als auch den Gaumen befriedigt.<\/p>\n<p>Au\u00dferdem bietet das Caf\u00e9 auch eine Auswahl an hei\u00dfen und kalten Getr\u00e4nken, darunter aromatische Kaffees, feine Tees und erfrischende S\u00e4fte.<\/p>\n<p><strong>Literarische Veranstaltungen und Versammlungen:<\/strong><\/p>\n<p>Neben dem kulinarischen Angebot bietet das Caf\u00e9 im Literaturhaus Berlin eine F\u00fclle von literarischen Veranstaltungen, die Literaturbegeisterte aus nah und fern anziehen. Von Buchlesungen und Poetry Slams bis hin zu Autorentreffen und thematischen Diskussionen ist das Caf\u00e9 eine Drehscheibe f\u00fcr intellektuelles Engagement und kulturellen Austausch.<\/p>\n<p>Bei kulinarischen K\u00f6stlichkeiten k\u00f6nnen die G\u00e4ste in literarische Diskussionen eintauchen. So wird jeder Besuch des Caf\u00e9s zu einem bereichernden Erlebnis, das K\u00f6rper und Geist gleicherma\u00dfen n\u00e4hrt.<\/p>\n<p>Das Caf\u00e9 im Literaturhaus Berlin ist eine kulturelle Oase, die sowohl Literaturliebhaber als auch Feinschmecker anlockt. Mit seinem fesselnden literarischen Ambiente, dem k\u00f6stlichen kulinarischen Angebot und einem prall gef\u00fcllten Veranstaltungskalender ist das Caf\u00e9 ein Ort, an dem Kultur und Kulinarik nahtlos ineinander \u00fcbergehen.<\/p>\n<p>Ob Du nun einen ruhigen Ort suchst, um sich der Literatur hinzugeben, oder Dich kulinarisch verw\u00f6hnen m\u00f6chtest, das Caf\u00e9 im Literaturhaus Berlin hei\u00dft Dich willkommen. Besuche einfach mal diese kulturelle Oase und genie\u00dfe das einzigartige Erlebnis, das Dich im Herzen der Berliner Literaturlandschaft erwartet.[\/vc_column_text][vc_column_text]Mon-Sun: 09:00-00:00h<\/p>\n<p>Fasanenstr. 23; 10719 Berlin<\/p>\n<p>Tel:(030)-882-54-14<\/p>\n<p><a href=\"http:\/\/cafe-im-literaturhaus.de\/\">cafe-im-literaturhaus.de<\/a>[\/vc_column_text][vc_zigzag][vc_column_text]Lust auf Fr\u00fchst\u00fcck auf dem Dach? Dann probier doch einfach das<a href=\"https:\/\/www.getyourguide.de\/berlin-l17\/berlin-rooftop-fruhstuck-bei-kafer-in-der-reichstagskuppel-t408111\/?partner_id=OKFS1TT&amp;utm_medium=online_publisher\"><strong> Rooftop-Fr\u00fchst\u00fcck<\/strong><\/a>[\/vc_column_text][vc_column_text]Hier findest Du noch andere <a href=\"https:\/\/berlinwanderlust.com\/de\/cafes-und-fruehstueck\/\">Caf\u00e9s<\/a>[\/vc_column_text][\/vc_column][vc_column width=&#8220;1\/3&#8243;][vc_column_text]<\/p>\n<p>&nbsp;<\/p>\n<p>[\/vc_column_text][vc_column_text]<\/p>\n<div data-gyg-href=\"https:\/\/widget.getyourguide.com\/default\/activities.frame\" data-gyg-locale-code=\"de-DE\" data-gyg-widget=\"activities\" data-gyg-number-of-items=\"3\" data-gyg-partner-id=\"OKFS1TT\" data-gyg-tour-ids=\"186354,12500,401088\"><\/div>\n<p>[\/vc_column_text][vc_gmaps link=&#8220;#E-8_JTNDaWZyYW1lJTIwc3JjJTNEJTIyaHR0cHMlM0ElMkYlMkZ3d3cuZ29vZ2xlLmNvbSUyRm1hcHMlMkZlbWJlZCUzRnBiJTNEJTIxMW0xNCUyMTFtOCUyMTFtMyUyMTFkOTcxNC45MjE4MjkzNTAxMiUyMTJkMTMuMzI2NzQ3NSUyMTNkNTIuNTAyMTE4NiUyMTNtMiUyMTFpMTAyNCUyMTJpNzY4JTIxNGYxMy4xJTIxM20zJTIxMW0yJTIxMXMweDQ3YTg1MGZiZWYyMmYyMDElMjUzQTB4Yzc2NWNlZDAyZDFmOWQ2MCUyMTJzQ2FmJTI1QzMlMjVBOSUyNTIwaW0lMjUyMExpdGVyYXR1cmhhdXMlMjUyMC0lMjUyMFdpbnRlcmdhcnRlbiUyMTVlMCUyMTNtMiUyMTFzZGUlMjEyc2RlJTIxNHYxNjkwODA0MjQwMzU1JTIxNW0yJTIxMXNkZSUyMTJzZGUlMjIlMjB3aWR0aCUzRCUyMjYwMCUyMiUyMGhlaWdodCUzRCUyMjQ1MCUyMiUyMHN0eWxlJTNEJTIyYm9yZGVyJTNBMCUzQiUyMiUyMGFsbG93ZnVsbHNjcmVlbiUzRCUyMiUyMiUyMGxvYWRpbmclM0QlMjJsYXp5JTIyJTIwcmVmZXJyZXJwb2xpY3klM0QlMjJuby1yZWZlcnJlci13aGVuLWRvd25ncmFkZSUyMiUzRSUzQyUyRmlmcmFtZSUzRQ==&#8220; title=&#8220;Caf\u00e9 im Literaturhaus&#8220;][\/vc_column][\/vc_row][vc_row][vc_column][\/vc_column][\/vc_row]<\/p>\n","protected":false},"excerpt":{"rendered":"<p>[vc_row][vc_column width=&#8220;2\/3&#8243;][vc_column_text] &nbsp; &nbsp; [\/vc_column_text][vc_custom_heading text=&#8220;Caf\u00e9 im Literaturhaus Berlin: Wo Kultur auf Kulinarik trifft&#8220; font_container=&#8220;tag:h1|font_size:30|text_align:left|color:%23d3065b&#8220;][vc_column_text]Inmitten des Literaturhauses Berlin bietet das Caf\u00e9 eine reizvolle Verbindung von Literatur und kulinarischem Genuss. Im Herzen der Stadt gelegen, ist dieses charmante Caf\u00e9 zu einem beliebten Ziel f\u00fcr Literaturliebhaber und Feinschmecker gleicherma\u00dfen geworden. Mit seinem k\u00fcnstlerischen Ambiente, dem k\u00f6stlichen Angebot [&hellip;]<\/p>\n","protected":false},"author":1,"featured_media":0,"parent":682,"menu_order":0,"comment_status":"closed","ping_status":"closed","template":"","meta":{"site-sidebar-layout":"no-sidebar","site-content-layout":"plain-container","ast-site-content-layout":"default","site-content-style":"default","site-sidebar-style":"default","ast-global-header-display":"","ast-banner-title-visibility":"","ast-main-header-display":"","ast-hfb-above-header-display":"","ast-hfb-below-header-display":"","ast-hfb-mobile-header-display":"","site-post-title":"disabled","ast-breadcrumbs-content":"","ast-featured-img":"disabled","footer-sml-layout":"","ast-disable-related-posts":"","theme-transparent-header-meta":"default","adv-header-id-meta":"","stick-header-meta":"","header-above-stick-meta":"","header-main-stick-meta":"","header-below-stick-meta":"","astra-migrate-meta-layouts":"default","ast-page-background-enabled":"default","ast-page-background-meta":{"desktop":{"background-color":"var(--ast-global-color-4)","background-image":"","background-repeat":"repeat","background-position":"center center","background-size":"auto","background-attachment":"scroll","background-type":"","background-media":"","overlay-type":"","overlay-color":"","overlay-opacity":"","overlay-gradient":""},"tablet":{"background-color":"","background-image":"","background-repeat":"repeat","background-position":"center center","background-size":"auto","background-attachment":"scroll","background-type":"","background-media":"","overlay-type":"","overlay-color":"","overlay-opacity":"","overlay-gradient":""},"mobile":{"background-color":"","background-image":"","background-repeat":"repeat","background-position":"center center","background-size":"auto","background-attachment":"scroll","background-type":"","background-media":"","overlay-type":"","overlay-color":"","overlay-opacity":"","overlay-gradient":""}},"ast-content-background-meta":{"desktop":{"background-color":"var(--ast-global-color-5)","background-image":"","background-repeat":"repeat","background-position":"center center","background-size":"auto","background-attachment":"scroll","background-type":"","background-media":"","overlay-type":"","overlay-color":"","overlay-opacity":"","overlay-gradient":""},"tablet":{"background-color":"var(--ast-global-color-5)","background-image":"","background-repeat":"repeat","background-position":"center center","background-size":"auto","background-attachment":"scroll","background-type":"","background-media":"","overlay-type":"","overlay-color":"","overlay-opacity":"","overlay-gradient":""},"mobile":{"background-color":"var(--ast-global-color-5)","background-image":"","background-repeat":"repeat","background-position":"center center","background-size":"auto","background-attachment":"scroll","background-type":"","background-media":"","overlay-type":"","overlay-color":"","overlay-opacity":"","overlay-gradient":""}},"footnotes":""},"class_list":["post-715","page","type-page","status-publish","hentry"],"aioseo_notices":[],"_links":{"self":[{"href":"https:\/\/berlinwanderlust.com\/de\/wp-json\/wp\/v2\/pages\/715","targetHints":{"allow":["GET"]}}],"collection":[{"href":"https:\/\/berlinwanderlust.com\/de\/wp-json\/wp\/v2\/pages"}],"about":[{"href":"https:\/\/berlinwanderlust.com\/de\/wp-json\/wp\/v2\/types\/page"}],"author":[{"embeddable":true,"href":"https:\/\/berlinwanderlust.com\/de\/wp-json\/wp\/v2\/users\/1"}],"replies":[{"embeddable":true,"href":"https:\/\/berlinwanderlust.com\/de\/wp-json\/wp\/v2\/comments?post=715"}],"version-history":[{"count":0,"href":"https:\/\/berlinwanderlust.com\/de\/wp-json\/wp\/v2\/pages\/715\/revisions"}],"up":[{"embeddable":true,"href":"https:\/\/berlinwanderlust.com\/de\/wp-json\/wp\/v2\/pages\/682"}],"wp:attachment":[{"href":"https:\/\/berlinwanderlust.com\/de\/wp-json\/wp\/v2\/media?parent=715"}],"curies":[{"name":"wp","href":"https:\/\/api.w.org\/{rel}","templated":true}]}}