{"id":703,"date":"2023-07-31T13:34:46","date_gmt":"2023-07-31T11:34:46","guid":{"rendered":"https:\/\/berlinwanderlust.com\/?page_id=703"},"modified":"2023-09-19T22:27:42","modified_gmt":"2023-09-19T20:27:42","slug":"cafe-liebling","status":"publish","type":"page","link":"https:\/\/berlinwanderlust.com\/de\/cafes-und-fruehstueck\/cafe-liebling\/","title":{"rendered":"Caf\u00e9 Liebling"},"content":{"rendered":"<p>[vc_row][vc_column width=&#8220;2\/3&#8243;][vc_column_text].<\/p>\n<p>.[\/vc_column_text][vc_custom_heading text=&#8220;Caf\u00e9 Liebling Berlin: Ein gem\u00fctlicher R\u00fcckzugsort&#8220; font_container=&#8220;tag:h1|font_size:30|text_align:left|color:%23d3065b&#8220;][vc_column_text]Das Caf\u00e9 Liebling in der Raumerstr. 36a liegt im Herzen von Berlins pulsierendem Stadtteil Prenzlauer Berg. 36a ist ein beliebter Ort, der die Essenz von Berlins hipper und einladender Atmosph\u00e4re einf\u00e4ngt. Das charmante Caf\u00e9 hat sich zu einem beliebten R\u00fcckzugsort f\u00fcr Einheimische und Besucher gleicherma\u00dfen entwickelt und bietet eine k\u00f6stliche Mischung aus handwerklichen Leckereien, warmem Ambiente und einem Gef\u00fchl der Gemeinschaft. Ganz gleich, ob Du einen ruhigen Platz zum Arbeiten, einen freundlichen Treffpunkt oder einfach eine gem\u00fctliche Ecke zum Entspannen suchst, das Caf\u00e9 Liebling hat f\u00fcr jeden etwas zu bieten.<\/p>\n<p><strong>Ein Paradies f\u00fcr handwerkliche K\u00f6stlichkeiten:<\/strong><\/p>\n<p>Im Caf\u00e9 Liebling liegt der Schwerpunkt auf Qualit\u00e4t und Kreativit\u00e4t, und die Speisekarte ist voll von k\u00f6stlichen handwerklichen Leckereien. Von frisch gebackenem Geb\u00e4ck und aromatischem Kaffee bis hin zu leckeren Sandwiches und Gourmetsalaten wird jedes Gericht mit Sorgfalt und aus Zutaten aus der Region zubereitet.<\/p>\n<p>Das Caf\u00e9 ist auch f\u00fcr seine k\u00f6stlichen Kuchen und Desserts bekannt, die den Gaumen mit ihren verlockenden Aromen und ihrer kunstvollen Pr\u00e4sentation verf\u00fchren. Vegane und glutenfreie Optionen sind erh\u00e4ltlich, so dass alle G\u00e4ste in den Genuss der k\u00f6stlichen Kreationen kommen k\u00f6nnen.<\/p>\n<p><strong>Warmes und einladendes Ambiente:<\/strong><\/p>\n<p>Wenn man das Caf\u00e9 Liebling betritt, f\u00fchlt man sich wie in einem gem\u00fctlichen Heim fern von zu Hause. Das Interieur bietet eine Mischung aus rustikalen und modernen Elementen, mit freiliegenden Ziegelw\u00e4nden, Holzm\u00f6beln und viel Gr\u00fcn, die eine einladende und entspannte Atmosph\u00e4re schaffen. Das freundliche Personal tr\u00e4gt zu diesem Charme bei und bietet einen aufmerksamen Service, bei dem sich die G\u00e4ste sofort wie zu Hause f\u00fchlen.<\/p>\n<p>An sonnigen Tagen ist der Au\u00dfenbereich des Caf\u00e9s ein beliebter Ort, an dem die G\u00e4ste ihre Leckereien genie\u00dfen k\u00f6nnen, w\u00e4hrend sie die entspannte Atmosph\u00e4re des Prenzlauer Bergs auf sich wirken lassen.<\/p>\n<p><strong>Ein Gef\u00fchl von Gemeinschaft:<\/strong><\/p>\n<p>Das Caf\u00e9 Liebling ist mehr als nur ein Ort, an dem man ein gutes Essen genie\u00dfen kann, es hat sich zu einem Treffpunkt der Gemeinschaft entwickelt. Im Caf\u00e9 finden regelm\u00e4\u00dfig Veranstaltungen statt, darunter Live-Musik, Dichterlesungen und Kunstausstellungen, die das Gemeinschaftsgef\u00fchl von Einheimischen und K\u00fcnstlern gleicherma\u00dfen f\u00f6rdern.<\/p>\n<p>Von digitalen Nomaden, die an ihren Laptops arbeiten, bis hin zu Familien, die eine sch\u00f6ne Zeit verbringen, zieht das Caf\u00e9 Liebling ein bunt gemischtes Publikum an und schafft ein warmes und integratives Umfeld, das den lebendigen Geist Berlins widerspiegelt.<\/p>\n<p>Das Caf\u00e9 Liebling ist ein verstecktes \u00d6rtchen m Herzen des Berliner Bezirks Prenzlauer Berg und bietet einen gem\u00fctlichen R\u00fcckzugsort, der die Herzen seiner G\u00e4ste erobert. Mit seinen k\u00f6stlichen, handwerklich hergestellten Leckereien, dem warmen Ambiente und dem Sinn f\u00fcr Gemeinschaft bietet das Caf\u00e9 ein unvergessliches Erlebnis f\u00fcr alle, die die lebendige kulinarische und kulturelle Szene Berlins kennen lernen m\u00f6chten.<\/p>\n<p>Ganz gleich, ob Du \u00a0als Einheimischer einen gesch\u00e4tzten Ort zum Entspannen suchen oder als Reisender in den kreativen Geist Berlins eintauchen m\u00f6chtest, das Caf\u00e9 Liebling erwartet Dich mit offenen Armen und l\u00e4dt Dich ein, einen Moment des Genusses und der Kameradschaft in dieser gem\u00fctlichen Ecke der Stadt zu genie\u00dfen.[\/vc_column_text][vc_column_text]Mon: closed; Tue, Wed: 09:00-23h; Thu: 09:00-00:00h<\/p>\n<p>Fri: 09:00-01:00h; Sat: 10:00-01:00; Sun: 10:00-01:30h<\/p>\n<p>Raumerstr. 36a; 10437 Berlin<\/p>\n<p>Tel:(030)-263-188-61<\/p>\n<p><a href=\"https:\/\/www.cafeliebling.berlin\/\">https:\/\/www.cafeliebling.berlin\/<\/a>[\/vc_column_text][vc_zigzag][vc_column_text]Auch spa\u00dfig: <a href=\"https:\/\/www.getyourguide.de\/berlin-l17\/radtour-berlin-kreuzberg-und-spreeufer-t29274\/?partner_id=OKFS1TT&amp;utm_medium=online_publisher\"><strong>Radtour durch Friedrichshain<\/strong><\/a>[\/vc_column_text][vc_column_text]Hier findest Du noch weitere sch\u00f6ne <a href=\"https:\/\/berlinwanderlust.com\/de\/cafes-und-fruehstueck\/\">Caf\u00e9s<\/a>[\/vc_column_text][\/vc_column][vc_column width=&#8220;1\/3&#8243;][vc_column_text].<\/p>\n<p>[\/vc_column_text][vc_column_text]<\/p>\n<p>&nbsp;<\/p>\n<p>[\/vc_column_text][vc_column_text]<\/p>\n<div data-gyg-href=\"https:\/\/widget.getyourguide.com\/default\/activities.frame\" data-gyg-locale-code=\"de-DE\" data-gyg-widget=\"activities\" data-gyg-number-of-items=\"3\" data-gyg-partner-id=\"OKFS1TT\" data-gyg-tour-ids=\"186354,12500,401088\"><\/div>\n<p>[\/vc_column_text][vc_gmaps link=&#8220;#E-8_JTNDaWZyYW1lJTIwc3JjJTNEJTIyaHR0cHMlM0ElMkYlMkZ3d3cuZ29vZ2xlLmNvbSUyRm1hcHMlMkZlbWJlZCUzRnBiJTNEJTIxMW0xNCUyMTFtOCUyMTFtMyUyMTFkOTcwNi4wODE0MDg0NjM4MzklMjEyZDEzLjQyMDY2OTUlMjEzZDUyLjU0MjExMTklMjEzbTIlMjExaTEwMjQlMjEyaTc2OCUyMTRmMTMuMSUyMTNtMyUyMTFtMiUyMTFzMHg0N2E4NGRmZmNjNWFhZjY3JTI1M0EweDVlMzAzNWQxMjJjZDA4MzMlMjEyc0xpZWJsaW5nJTI1MjAtJTI1MjBDYWYlMjVDMyUyNUE5JTI1MjAlMjUyNiUyNTIwQmFyJTIxNWUwJTIxM20yJTIxMXNkZSUyMTJzZGUlMjE0djE2OTA4MDMwNzMxNTUlMjE1bTIlMjExc2RlJTIxMnNkZSUyMiUyMHdpZHRoJTNEJTIyNjAwJTIyJTIwaGVpZ2h0JTNEJTIyNDUwJTIyJTIwc3R5bGUlM0QlMjJib3JkZXIlM0EwJTNCJTIyJTIwYWxsb3dmdWxsc2NyZWVuJTNEJTIyJTIyJTIwbG9hZGluZyUzRCUyMmxhenklMjIlMjByZWZlcnJlcnBvbGljeSUzRCUyMm5vLXJlZmVycmVyLXdoZW4tZG93bmdyYWRlJTIyJTNFJTNDJTJGaWZyYW1lJTNF&#8220; title=&#8220;Caf\u00e9 Liebling&#8220;][\/vc_column][\/vc_row][vc_row][vc_column][\/vc_column][\/vc_row]<\/p>\n","protected":false},"excerpt":{"rendered":"<p>[vc_row][vc_column width=&#8220;2\/3&#8243;][vc_column_text]. .[\/vc_column_text][vc_custom_heading text=&#8220;Caf\u00e9 Liebling Berlin: Ein gem\u00fctlicher R\u00fcckzugsort&#8220; font_container=&#8220;tag:h1|font_size:30|text_align:left|color:%23d3065b&#8220;][vc_column_text]Das Caf\u00e9 Liebling in der Raumerstr. 36a liegt im Herzen von Berlins pulsierendem Stadtteil Prenzlauer Berg. 36a ist ein beliebter Ort, der die Essenz von Berlins hipper und einladender Atmosph\u00e4re einf\u00e4ngt. Das charmante Caf\u00e9 hat sich zu einem beliebten R\u00fcckzugsort f\u00fcr Einheimische und Besucher gleicherma\u00dfen entwickelt [&hellip;]<\/p>\n","protected":false},"author":1,"featured_media":0,"parent":682,"menu_order":0,"comment_status":"closed","ping_status":"closed","template":"","meta":{"site-sidebar-layout":"no-sidebar","site-content-layout":"plain-container","ast-site-content-layout":"default","site-content-style":"default","site-sidebar-style":"default","ast-global-header-display":"","ast-banner-title-visibility":"","ast-main-header-display":"","ast-hfb-above-header-display":"","ast-hfb-below-header-display":"","ast-hfb-mobile-header-display":"","site-post-title":"disabled","ast-breadcrumbs-content":"","ast-featured-img":"disabled","footer-sml-layout":"","ast-disable-related-posts":"","theme-transparent-header-meta":"default","adv-header-id-meta":"","stick-header-meta":"","header-above-stick-meta":"","header-main-stick-meta":"","header-below-stick-meta":"","astra-migrate-meta-layouts":"default","ast-page-background-enabled":"default","ast-page-background-meta":{"desktop":{"background-color":"var(--ast-global-color-4)","background-image":"","background-repeat":"repeat","background-position":"center center","background-size":"auto","background-attachment":"scroll","background-type":"","background-media":"","overlay-type":"","overlay-color":"","overlay-opacity":"","overlay-gradient":""},"tablet":{"background-color":"","background-image":"","background-repeat":"repeat","background-position":"center center","background-size":"auto","background-attachment":"scroll","background-type":"","background-media":"","overlay-type":"","overlay-color":"","overlay-opacity":"","overlay-gradient":""},"mobile":{"background-color":"","background-image":"","background-repeat":"repeat","background-position":"center center","background-size":"auto","background-attachment":"scroll","background-type":"","background-media":"","overlay-type":"","overlay-color":"","overlay-opacity":"","overlay-gradient":""}},"ast-content-background-meta":{"desktop":{"background-color":"var(--ast-global-color-5)","background-image":"","background-repeat":"repeat","background-position":"center center","background-size":"auto","background-attachment":"scroll","background-type":"","background-media":"","overlay-type":"","overlay-color":"","overlay-opacity":"","overlay-gradient":""},"tablet":{"background-color":"var(--ast-global-color-5)","background-image":"","background-repeat":"repeat","background-position":"center center","background-size":"auto","background-attachment":"scroll","background-type":"","background-media":"","overlay-type":"","overlay-color":"","overlay-opacity":"","overlay-gradient":""},"mobile":{"background-color":"var(--ast-global-color-5)","background-image":"","background-repeat":"repeat","background-position":"center center","background-size":"auto","background-attachment":"scroll","background-type":"","background-media":"","overlay-type":"","overlay-color":"","overlay-opacity":"","overlay-gradient":""}},"footnotes":""},"class_list":["post-703","page","type-page","status-publish","hentry"],"aioseo_notices":[],"_links":{"self":[{"href":"https:\/\/berlinwanderlust.com\/de\/wp-json\/wp\/v2\/pages\/703","targetHints":{"allow":["GET"]}}],"collection":[{"href":"https:\/\/berlinwanderlust.com\/de\/wp-json\/wp\/v2\/pages"}],"about":[{"href":"https:\/\/berlinwanderlust.com\/de\/wp-json\/wp\/v2\/types\/page"}],"author":[{"embeddable":true,"href":"https:\/\/berlinwanderlust.com\/de\/wp-json\/wp\/v2\/users\/1"}],"replies":[{"embeddable":true,"href":"https:\/\/berlinwanderlust.com\/de\/wp-json\/wp\/v2\/comments?post=703"}],"version-history":[{"count":0,"href":"https:\/\/berlinwanderlust.com\/de\/wp-json\/wp\/v2\/pages\/703\/revisions"}],"up":[{"embeddable":true,"href":"https:\/\/berlinwanderlust.com\/de\/wp-json\/wp\/v2\/pages\/682"}],"wp:attachment":[{"href":"https:\/\/berlinwanderlust.com\/de\/wp-json\/wp\/v2\/media?parent=703"}],"curies":[{"name":"wp","href":"https:\/\/api.w.org\/{rel}","templated":true}]}}