{"id":699,"date":"2023-07-31T11:31:52","date_gmt":"2023-07-31T09:31:52","guid":{"rendered":"https:\/\/berlinwanderlust.com\/?page_id=699"},"modified":"2023-09-10T16:36:46","modified_gmt":"2023-09-10T14:36:46","slug":"cafe-einstein","status":"publish","type":"page","link":"https:\/\/berlinwanderlust.com\/de\/cafes-und-fruehstueck\/cafe-einstein\/","title":{"rendered":"Caf\u00e9 Einstein"},"content":{"rendered":"<p>[vc_row][vc_column width=&#8220;2\/3&#8243;][vc_column_text]<\/p>\n<p>&nbsp;<\/p>\n<p>&nbsp;<\/p>\n<p>[\/vc_column_text][vc_custom_heading text=&#8220;Caf\u00e9 Einstein: Ein kulinarisches Kleinod im Herzen Berlins&#8220; font_container=&#8220;tag:h1|font_size:30|text_align:left|color:%23d3065b&#8220;][vc_column_text]Das Caf\u00e9 Einstein im Herzen Berlins, Unter den Linden 42, ist ein echtes kulinarisches Erbe, das den Test der Zeit \u00fcberstanden hat. Mit seiner reichen Geschichte, dem raffinierten Ambiente und dem k\u00f6stlichen Angebot ist das Caf\u00e9 zu einem beliebten Ziel f\u00fcr Einheimische und Besucher gleicherma\u00dfen geworden. Seit seiner Gr\u00fcndung im Jahr 1978 ist das Caf\u00e9 Einstein ein Zufluchtsort f\u00fcr Intellektuelle, Kreative und Feinschmecker und damit ein wertvoller Teil der Berliner Kulturlandschaft.<\/p>\n<p><strong>Anspruchsvolles Ambiente:<\/strong><\/p>\n<p>Wenn man das Caf\u00e9 Einstein (Unter den Linden 42) betritt, f\u00fchlt man sich in eine vergangene \u00c4ra europ\u00e4ischer Eleganz versetzt. Das Interieur ist klassisch eingerichtet mit kunstvollen M\u00f6beln, dunklen Holzvert\u00e4felungen und alten Kunstwerken, die eine Atmosph\u00e4re schaffen, die Eleganz und Raffinesse ausstrahlt. Ganz gleich, ob man drinnen in den pl\u00fcschigen Ledersesseln oder auf der ruhigen Au\u00dfenterrasse Platz nimmt, das Ambiente l\u00e4dt zum Entspannen und Genie\u00dfen in einer unvergleichlichen Umgebung ein.<\/p>\n<p><strong>K\u00f6stliche kulinarische Angebote:<\/strong><\/p>\n<p>Die kulinarischen K\u00f6stlichkeiten des Caf\u00e9 Einstein sind eine Verschmelzung traditioneller \u00f6sterreichischer und deutscher Geschmacksrichtungen mit einem modernen Touch. Die Fr\u00fchst\u00fcckskarte bietet eine reizvolle Auswahl, von delikaten Mehlspeisen und frisch gebr\u00fchtem Kaffee bis hin zu herzhaften Omeletts und bayerischen W\u00fcrstchen.<\/p>\n<p>Zum Mittag- und Abendessen k\u00f6nnen sich die G\u00e4ste mit einer verlockenden Auswahl an Gerichten verw\u00f6hnen lassen, darunter Wiener Schnitzel, \u00f6sterreichisches Gulasch und hausgemachte Pasta. Die Konditorei des Caf\u00e9s ist f\u00fcr ihre k\u00f6stlichen Kuchen, Strudel und Torten bekannt und damit ein Paradies f\u00fcr alle Naschkatzen.<\/p>\n<p>Das Caf\u00e9 Einstein legt gro\u00dfen Wert auf die Beschaffung qualitativ hochwertiger Zutaten und stellt sicher, dass jedes Gericht mit Pr\u00e4zision und Liebe zubereitet wird.<\/p>\n<p><strong>Historische Bedeutung:<\/strong><\/p>\n<p>Das Caf\u00e9 Einstein ist nicht nur ein kulinarisches Ausflugsziel, sondern auch von gro\u00dfer historischer Bedeutung. Im Laufe der Jahre war das Caf\u00e9 ein beliebter Treffpunkt f\u00fcr K\u00fcnstler, Schriftsteller und Intellektuelle und beherbergte bekannte Pers\u00f6nlichkeiten wie Thomas Mann und Rainer Maria Rilke.<\/p>\n<p>Diese reiche Geschichte hat zu der einzigartigen Anziehungskraft des Caf\u00e9s beigetragen und es zu einem Ort gemacht, an dem sich Tradition und Kreativit\u00e4t vereinen und an dem die G\u00e4ste in das intellektuelle Erbe Berlins eintauchen k\u00f6nnen.<\/p>\n<p>Das Caf\u00e9 Einstein bleibt ein zeitloses Kleinod \u00a0im Herzen Berlins, das das kulturelle Erbe der Stadt bewahrt und gleichzeitig ein kulinarisches Erlebnis bietet, das seinesgleichen sucht. Mit seinem kultivierten Ambiente, seinem k\u00f6stlichen Angebot und seiner historischen Bedeutung erobert das Caf\u00e9 weiterhin die Herzen und Gaumen von Einheimischen und Reisenden gleicherma\u00dfen.<\/p>\n<p>F\u00fcr alle, die in der gesch\u00e4ftigen Stadt einen Moment der Raffinesse und des Genusses suchen, bietet das Caf\u00e9 Einstein einen Einblick in eine Welt voller Eleganz und Tradition. Ob ein gem\u00fctliches Fr\u00fchst\u00fcck, ein k\u00f6stliches Mittagessen oder ein Abend mit kulinarischen K\u00f6stlichkeiten &#8211; das Caf\u00e9 Einstein verspricht ein unvergessliches Erlebnis, das das k\u00fcnstlerische und kulturelle Erbe Berlins w\u00fcrdigt.[\/vc_column_text][vc_column_text]Mon-Fri: 08:00-22:00h; Sun: 10:00-18:00h<\/p>\n<p>Unter den Linden 42; 10117 Berlin<\/p>\n<p>Tel:(030)-204-36-32<\/p>\n<p><a href=\"https:\/\/www.einstein-udl.com\/\">https:\/\/www.einstein-udl.com\/<\/a>[\/vc_column_text][vc_zigzag][vc_column_text]Wenn Du Lust hast, kannst Du auch das <a href=\"https:\/\/www.getyourguide.de\/berlin-l17\/sofort-einlass-tour-hard-rock-cafe-berlin-t12500\/?partner_id=OKFS1TT&amp;utm_medium=online_publisher\"><strong>Hard-Rock-Caf\u00e9<\/strong> <\/a>besuchen[\/vc_column_text][vc_column_text]Hier gibt es noch andere <a href=\"https:\/\/berlinwanderlust.com\/de\/cafes-und-fruehstueck\/\">Caf\u00e9s<\/a>, die Du kennenlernen solltest[\/vc_column_text][\/vc_column][vc_column width=&#8220;1\/3&#8243;][vc_column_text]<\/p>\n<p>&nbsp;<\/p>\n<p>[\/vc_column_text][vc_column_text]<\/p>\n<div data-gyg-href=\"https:\/\/widget.getyourguide.com\/default\/activities.frame\" data-gyg-locale-code=\"de-DE\" data-gyg-widget=\"activities\" data-gyg-number-of-items=\"3\" data-gyg-partner-id=\"OKFS1TT\" data-gyg-tour-ids=\"408418,186354,469536\"><\/div>\n<p>[\/vc_column_text][vc_gmaps link=&#8220;#E-8_JTNDaWZyYW1lJTIwc3JjJTNEJTIyaHR0cHMlM0ElMkYlMkZ3d3cuZ29vZ2xlLmNvbSUyRm1hcHMlMkZlbWJlZCUzRnBiJTNEJTIxMW0xNCUyMTFtOCUyMTFtMyUyMTFkOTcxMS41Nzc2MjY4OTkyNzIlMjEyZDEzLjM4NjA2MjglMjEzZDUyLjUxNzI1JTIxM20yJTIxMWkxMDI0JTIxMmk3NjglMjE0ZjEzLjElMjEzbTMlMjExbTIlMjExczB4NDdhODUxYzQ4ZWU1YjA4NSUyNTNBMHhmZTY1NzVkNWIyNTQ5YjE1JTIxMnNFSU5TVEVJTiUyNTIwVW50ZXIlMjUyMGRlbiUyNTIwTGluZGVuJTIxNWUwJTIxM20yJTIxMXNkZSUyMTJzZGUlMjE0djE2OTA3OTU2MTEzNTElMjE1bTIlMjExc2RlJTIxMnNkZSUyMiUyMHdpZHRoJTNEJTIyNjAwJTIyJTIwaGVpZ2h0JTNEJTIyNDUwJTIyJTIwc3R5bGUlM0QlMjJib3JkZXIlM0EwJTNCJTIyJTIwYWxsb3dmdWxsc2NyZWVuJTNEJTIyJTIyJTIwbG9hZGluZyUzRCUyMmxhenklMjIlMjByZWZlcnJlcnBvbGljeSUzRCUyMm5vLXJlZmVycmVyLXdoZW4tZG93bmdyYWRlJTIyJTNFJTNDJTJGaWZyYW1lJTNF&#8220; title=&#8220;Caf\u00e9 Einstein&#8220;][\/vc_column][\/vc_row][vc_row][vc_column][\/vc_column][\/vc_row]<\/p>\n","protected":false},"excerpt":{"rendered":"<p>[vc_row][vc_column width=&#8220;2\/3&#8243;][vc_column_text] &nbsp; &nbsp; [\/vc_column_text][vc_custom_heading text=&#8220;Caf\u00e9 Einstein: Ein kulinarisches Kleinod im Herzen Berlins&#8220; font_container=&#8220;tag:h1|font_size:30|text_align:left|color:%23d3065b&#8220;][vc_column_text]Das Caf\u00e9 Einstein im Herzen Berlins, Unter den Linden 42, ist ein echtes kulinarisches Erbe, das den Test der Zeit \u00fcberstanden hat. Mit seiner reichen Geschichte, dem raffinierten Ambiente und dem k\u00f6stlichen Angebot ist das Caf\u00e9 zu einem beliebten Ziel f\u00fcr Einheimische [&hellip;]<\/p>\n","protected":false},"author":1,"featured_media":0,"parent":682,"menu_order":0,"comment_status":"closed","ping_status":"closed","template":"","meta":{"site-sidebar-layout":"no-sidebar","site-content-layout":"plain-container","ast-site-content-layout":"default","site-content-style":"default","site-sidebar-style":"default","ast-global-header-display":"","ast-banner-title-visibility":"","ast-main-header-display":"","ast-hfb-above-header-display":"","ast-hfb-below-header-display":"","ast-hfb-mobile-header-display":"","site-post-title":"disabled","ast-breadcrumbs-content":"","ast-featured-img":"disabled","footer-sml-layout":"","ast-disable-related-posts":"","theme-transparent-header-meta":"default","adv-header-id-meta":"","stick-header-meta":"","header-above-stick-meta":"","header-main-stick-meta":"","header-below-stick-meta":"","astra-migrate-meta-layouts":"default","ast-page-background-enabled":"default","ast-page-background-meta":{"desktop":{"background-color":"var(--ast-global-color-4)","background-image":"","background-repeat":"repeat","background-position":"center center","background-size":"auto","background-attachment":"scroll","background-type":"","background-media":"","overlay-type":"","overlay-color":"","overlay-opacity":"","overlay-gradient":""},"tablet":{"background-color":"","background-image":"","background-repeat":"repeat","background-position":"center center","background-size":"auto","background-attachment":"scroll","background-type":"","background-media":"","overlay-type":"","overlay-color":"","overlay-opacity":"","overlay-gradient":""},"mobile":{"background-color":"","background-image":"","background-repeat":"repeat","background-position":"center center","background-size":"auto","background-attachment":"scroll","background-type":"","background-media":"","overlay-type":"","overlay-color":"","overlay-opacity":"","overlay-gradient":""}},"ast-content-background-meta":{"desktop":{"background-color":"var(--ast-global-color-5)","background-image":"","background-repeat":"repeat","background-position":"center center","background-size":"auto","background-attachment":"scroll","background-type":"","background-media":"","overlay-type":"","overlay-color":"","overlay-opacity":"","overlay-gradient":""},"tablet":{"background-color":"var(--ast-global-color-5)","background-image":"","background-repeat":"repeat","background-position":"center center","background-size":"auto","background-attachment":"scroll","background-type":"","background-media":"","overlay-type":"","overlay-color":"","overlay-opacity":"","overlay-gradient":""},"mobile":{"background-color":"var(--ast-global-color-5)","background-image":"","background-repeat":"repeat","background-position":"center center","background-size":"auto","background-attachment":"scroll","background-type":"","background-media":"","overlay-type":"","overlay-color":"","overlay-opacity":"","overlay-gradient":""}},"footnotes":""},"class_list":["post-699","page","type-page","status-publish","hentry"],"aioseo_notices":[],"_links":{"self":[{"href":"https:\/\/berlinwanderlust.com\/de\/wp-json\/wp\/v2\/pages\/699","targetHints":{"allow":["GET"]}}],"collection":[{"href":"https:\/\/berlinwanderlust.com\/de\/wp-json\/wp\/v2\/pages"}],"about":[{"href":"https:\/\/berlinwanderlust.com\/de\/wp-json\/wp\/v2\/types\/page"}],"author":[{"embeddable":true,"href":"https:\/\/berlinwanderlust.com\/de\/wp-json\/wp\/v2\/users\/1"}],"replies":[{"embeddable":true,"href":"https:\/\/berlinwanderlust.com\/de\/wp-json\/wp\/v2\/comments?post=699"}],"version-history":[{"count":0,"href":"https:\/\/berlinwanderlust.com\/de\/wp-json\/wp\/v2\/pages\/699\/revisions"}],"up":[{"embeddable":true,"href":"https:\/\/berlinwanderlust.com\/de\/wp-json\/wp\/v2\/pages\/682"}],"wp:attachment":[{"href":"https:\/\/berlinwanderlust.com\/de\/wp-json\/wp\/v2\/media?parent=699"}],"curies":[{"name":"wp","href":"https:\/\/api.w.org\/{rel}","templated":true}]}}