{"id":690,"date":"2023-07-31T10:57:27","date_gmt":"2023-07-31T08:57:27","guid":{"rendered":"https:\/\/berlinwanderlust.com\/?page_id=690"},"modified":"2023-09-19T22:26:53","modified_gmt":"2023-09-19T20:26:53","slug":"benedict-berlin","status":"publish","type":"page","link":"https:\/\/berlinwanderlust.com\/de\/cafes-und-fruehstueck\/benedict-berlin\/","title":{"rendered":"Benedict Berlin"},"content":{"rendered":"<p>[vc_row][vc_column width=&#8220;2\/3&#8243;][vc_column_text]<\/p>\n<p>&nbsp;<\/p>\n<p>&nbsp;<\/p>\n<p>[\/vc_column_text][vc_custom_heading text=&#8220;Benedict Berlin Restaurant: Ein kulinarischer Zufluchtsort f\u00fcr Fr\u00fchst\u00fccksliebhaber&#8220; font_container=&#8220;tag:h1|font_size:30|text_align:left|color:%23d3065b&#8220;][vc_column_text]Inmitten der Hauptstadt \u00a0von Berlin liegt das Restaurant Benedict, ein beliebtes kulinarisches Ziel, das f\u00fcr sein au\u00dfergew\u00f6hnliches Fr\u00fchst\u00fccksangebot bekannt ist. Diese beliebte Gastst\u00e4tte hat eine treue Anh\u00e4ngerschaft f\u00fcr ihre k\u00f6stliche Speisekarte, ihr warmes Ambiente und ihr Engagement f\u00fcr ein unvergessliches kulinarisches Erlebnis gewonnen. Ob Du ein Einheimischer bist, der einen charmanten Fr\u00fchst\u00fccksort sucht, oder ein Reisender, der einen Geschmack von Berlins kulinarischer Szene sucht, Benedict wird sicherlich deine Erwartungen \u00fcbertreffen.<\/p>\n<p><strong>Verlockende Fr\u00fchst\u00fccksauswahl:<\/strong><\/p>\n<p>Benedict ist stolz darauf, eine vielf\u00e4ltige und k\u00f6stliche Auswahl an Fr\u00fchst\u00fccksgerichten anzubieten, die allen Geschm\u00e4ckern und Vorlieben gerecht wird. Ihre Signature Eggs Benedict-Variationen bleiben ein Publikumsliebling, mit perfekt pochierten Eiern auf einem Bett aus getoasteten englischen Muffins, \u00fcbergossen mit einer reichhaltigen Hollandaise-Sauce und begleitet von einer Vielzahl k\u00f6stlicher Bel\u00e4ge.<\/p>\n<p>Das Restaurant bietet auch eine Reihe von herzhaften und s\u00fc\u00dfen K\u00f6stlichkeiten, darunter fluffige Pfannkuchen, knusprige Waffeln und verlockende Omeletts. F\u00fcr diejenigen, die ges\u00fcndere Optionen suchen, bietet Benedict frische Obstschalen, griechische Joghurt-Parfaits und n\u00e4hrstoffreiche Avocado-Toasts. Jedes Gericht ist sorgf\u00e4ltig mit hochwertigen Zutaten zubereitet, um ein k\u00f6stliches Fr\u00fchst\u00fcckserlebnis zu gew\u00e4hrleisten, das die G\u00e4ste immer wiederkehren l\u00e4sst.<\/p>\n<p><strong>Gem\u00fctliches und einladendes Ambiente:<\/strong><\/p>\n<p>Trete ein ins Benedict Berlin, und Du wirst von einer einladenden und warmen Atmosph\u00e4re begr\u00fc\u00dft, die den Charme eines europ\u00e4ischen Caf\u00e9s vermittelt. Mit seinem eleganten, aber gem\u00fctlichen Interieur bietet das Restaurant die perfekte Umgebung f\u00fcr ein entspanntes Fr\u00fchst\u00fcck oder Brunch. Das freundliche und aufmerksame Personal tr\u00e4gt zur gastfreundlichen Atmosph\u00e4re bei und schafft ein Erlebnis, das sich anf\u00fchlt, als w\u00fcrde man mit Freunden essen.<\/p>\n<p>Benedict ist der ideale Ort f\u00fcr ein entspanntes Fr\u00fchst\u00fcck mit seinen Lieben oder f\u00fcr einen ruhigen Moment der Einsamkeit bei einer Tasse frisch gebr\u00fchtem Kaffee. Das Engagement des Restaurants, eine komfortable und angenehme Umgebung zu schaffen, hat ihm den Ruf eines beliebten Ziels f\u00fcr ein unvergessliches Fr\u00fchst\u00fcckserlebnis eingebracht.<\/p>\n<p>F\u00fcr ein au\u00dfergew\u00f6hnliches Fr\u00fchst\u00fccksabenteuer in Berlin steht das Restaurant Benedict als kulinarischer Zufluchtsort f\u00fcr Fr\u00fchst\u00fccksbegeisterte. Mit seiner k\u00f6stlichen Speisekarte, dem warmen Ambiente und dem freundlichen Service bietet Benedict ein unvergessliches kulinarisches Erlebnis, das die Essenz der lebendigen Berliner Restaurantszene einf\u00e4ngt. Ob Du ihre ber\u00fchmten Eggs Benedict genie\u00dft oder die Vielfalt der Fr\u00fchst\u00fccksoptionen erkundest, jeder Besuch bei Benedict verspricht eine k\u00f6stliche und zufriedenstellende Reise. Begebe Dich zu diesem kulinarischen Juwel in Berlin und g\u00f6nne Dir ein Fr\u00fchst\u00fcckserlebnis, das sicherlich einen bleibenden Eindruck hinterlassen wird.[\/vc_column_text][vc_column_text]Mon-Fri: 08:30-17:30h<\/p>\n<p>Uhlandstr. 48; 10719 Berlin<\/p>\n<p>Tel:(030)-994-04-09-97<\/p>\n<p><a href=\"http:\/\/benedict-breakfast.de\">benedict-breakfast.de<\/a>[\/vc_column_text][vc_zigzag][vc_column_text]Hier bekommst Du <a href=\"https:\/\/www.getyourguide.de\/berliner-fernsehturm-l4285\/berlin-fernsehturm-ticket-fruhstuck-im-revolving-restaurant-t401088\/?partner_id=OKFS1TT&amp;utm_medium=online_publisher\"><strong>Fr\u00fchst\u00fcck im Fernsehturm<\/strong><\/a>[\/vc_column_text][vc_column_text]Lern auch noch andere <a href=\"https:\/\/berlinwanderlust.com\/de\/cafes-und-fruehstueck\/\">Caf\u00e9s<\/a> kennen[\/vc_column_text][\/vc_column][vc_column width=&#8220;1\/3&#8243;][vc_column_text]<\/p>\n<p>&nbsp;<\/p>\n<p>[\/vc_column_text][vc_column_text]<\/p>\n<div data-gyg-href=\"https:\/\/widget.getyourguide.com\/default\/activities.frame\" data-gyg-locale-code=\"de-DE\" data-gyg-widget=\"activities\" data-gyg-number-of-items=\"3\" data-gyg-partner-id=\"OKFS1TT\" data-gyg-tour-ids=\"408418,186354,469536\"><\/div>\n<p>[\/vc_column_text][vc_gmaps link=&#8220;#E-8_JTNDaWZyYW1lJTIwc3JjJTNEJTIyaHR0cHMlM0ElMkYlMkZ3d3cuZ29vZ2xlLmNvbSUyRm1hcHMlMkZlbWJlZCUzRnBiJTNEJTIxMW0xNCUyMTFtOCUyMTFtMyUyMTFkOTcxNi4wNjc5MDE2Mjk3MDIlMjEyZDEzLjMyMzg5MTIlMjEzZDUyLjQ5NjkzMjMlMjEzbTIlMjExaTEwMjQlMjEyaTc2OCUyMTRmMTMuMSUyMTNtMyUyMTFtMiUyMTFzMHg0N2E4NTBmMGJlZDg1MDhkJTI1M0EweDc5Y2JkMjQyMjc1Njc5N2IlMjEyc0JlbmVkaWN0JTIxNWUwJTIxM20yJTIxMXNkZSUyMTJzZGUlMjE0djE2OTA3OTQxNzY5ODIlMjE1bTIlMjExc2RlJTIxMnNkZSUyMiUyMHdpZHRoJTNEJTIyNjAwJTIyJTIwaGVpZ2h0JTNEJTIyNDUwJTIyJTIwc3R5bGUlM0QlMjJib3JkZXIlM0EwJTNCJTIyJTIwYWxsb3dmdWxsc2NyZWVuJTNEJTIyJTIyJTIwbG9hZGluZyUzRCUyMmxhenklMjIlMjByZWZlcnJlcnBvbGljeSUzRCUyMm5vLXJlZmVycmVyLXdoZW4tZG93bmdyYWRlJTIyJTNFJTNDJTJGaWZyYW1lJTNF&#8220; title=&#8220;Benedict Berlin&#8220;][\/vc_column][\/vc_row][vc_row][vc_column][\/vc_column][\/vc_row]<\/p>\n","protected":false},"excerpt":{"rendered":"<p>[vc_row][vc_column width=&#8220;2\/3&#8243;][vc_column_text] &nbsp; &nbsp; [\/vc_column_text][vc_custom_heading text=&#8220;Benedict Berlin Restaurant: Ein kulinarischer Zufluchtsort f\u00fcr Fr\u00fchst\u00fccksliebhaber&#8220; font_container=&#8220;tag:h1|font_size:30|text_align:left|color:%23d3065b&#8220;][vc_column_text]Inmitten der Hauptstadt \u00a0von Berlin liegt das Restaurant Benedict, ein beliebtes kulinarisches Ziel, das f\u00fcr sein au\u00dfergew\u00f6hnliches Fr\u00fchst\u00fccksangebot bekannt ist. Diese beliebte Gastst\u00e4tte hat eine treue Anh\u00e4ngerschaft f\u00fcr ihre k\u00f6stliche Speisekarte, ihr warmes Ambiente und ihr Engagement f\u00fcr ein unvergessliches kulinarisches Erlebnis [&hellip;]<\/p>\n","protected":false},"author":1,"featured_media":0,"parent":682,"menu_order":0,"comment_status":"closed","ping_status":"closed","template":"","meta":{"site-sidebar-layout":"no-sidebar","site-content-layout":"plain-container","ast-site-content-layout":"default","site-content-style":"default","site-sidebar-style":"default","ast-global-header-display":"","ast-banner-title-visibility":"","ast-main-header-display":"","ast-hfb-above-header-display":"","ast-hfb-below-header-display":"","ast-hfb-mobile-header-display":"","site-post-title":"disabled","ast-breadcrumbs-content":"","ast-featured-img":"disabled","footer-sml-layout":"","ast-disable-related-posts":"","theme-transparent-header-meta":"default","adv-header-id-meta":"","stick-header-meta":"","header-above-stick-meta":"","header-main-stick-meta":"","header-below-stick-meta":"","astra-migrate-meta-layouts":"default","ast-page-background-enabled":"default","ast-page-background-meta":{"desktop":{"background-color":"var(--ast-global-color-4)","background-image":"","background-repeat":"repeat","background-position":"center center","background-size":"auto","background-attachment":"scroll","background-type":"","background-media":"","overlay-type":"","overlay-color":"","overlay-opacity":"","overlay-gradient":""},"tablet":{"background-color":"","background-image":"","background-repeat":"repeat","background-position":"center center","background-size":"auto","background-attachment":"scroll","background-type":"","background-media":"","overlay-type":"","overlay-color":"","overlay-opacity":"","overlay-gradient":""},"mobile":{"background-color":"","background-image":"","background-repeat":"repeat","background-position":"center center","background-size":"auto","background-attachment":"scroll","background-type":"","background-media":"","overlay-type":"","overlay-color":"","overlay-opacity":"","overlay-gradient":""}},"ast-content-background-meta":{"desktop":{"background-color":"var(--ast-global-color-5)","background-image":"","background-repeat":"repeat","background-position":"center center","background-size":"auto","background-attachment":"scroll","background-type":"","background-media":"","overlay-type":"","overlay-color":"","overlay-opacity":"","overlay-gradient":""},"tablet":{"background-color":"var(--ast-global-color-5)","background-image":"","background-repeat":"repeat","background-position":"center center","background-size":"auto","background-attachment":"scroll","background-type":"","background-media":"","overlay-type":"","overlay-color":"","overlay-opacity":"","overlay-gradient":""},"mobile":{"background-color":"var(--ast-global-color-5)","background-image":"","background-repeat":"repeat","background-position":"center center","background-size":"auto","background-attachment":"scroll","background-type":"","background-media":"","overlay-type":"","overlay-color":"","overlay-opacity":"","overlay-gradient":""}},"footnotes":""},"class_list":["post-690","page","type-page","status-publish","hentry"],"aioseo_notices":[],"_links":{"self":[{"href":"https:\/\/berlinwanderlust.com\/de\/wp-json\/wp\/v2\/pages\/690","targetHints":{"allow":["GET"]}}],"collection":[{"href":"https:\/\/berlinwanderlust.com\/de\/wp-json\/wp\/v2\/pages"}],"about":[{"href":"https:\/\/berlinwanderlust.com\/de\/wp-json\/wp\/v2\/types\/page"}],"author":[{"embeddable":true,"href":"https:\/\/berlinwanderlust.com\/de\/wp-json\/wp\/v2\/users\/1"}],"replies":[{"embeddable":true,"href":"https:\/\/berlinwanderlust.com\/de\/wp-json\/wp\/v2\/comments?post=690"}],"version-history":[{"count":0,"href":"https:\/\/berlinwanderlust.com\/de\/wp-json\/wp\/v2\/pages\/690\/revisions"}],"up":[{"embeddable":true,"href":"https:\/\/berlinwanderlust.com\/de\/wp-json\/wp\/v2\/pages\/682"}],"wp:attachment":[{"href":"https:\/\/berlinwanderlust.com\/de\/wp-json\/wp\/v2\/media?parent=690"}],"curies":[{"name":"wp","href":"https:\/\/api.w.org\/{rel}","templated":true}]}}