{"id":658,"date":"2023-07-26T15:53:06","date_gmt":"2023-07-26T13:53:06","guid":{"rendered":"https:\/\/berlinwanderlust.com\/?page_id=658"},"modified":"2023-09-19T21:07:21","modified_gmt":"2023-09-19T19:07:21","slug":"itb-berlin","status":"publish","type":"page","link":"https:\/\/berlinwanderlust.com\/de\/aktivitaeten\/events\/itb-berlin\/","title":{"rendered":"ITB Berlin"},"content":{"rendered":"<p>[vc_row][vc_column width=&#8220;2\/3&#8243;][vc_column_text]<\/p>\n<p>&nbsp;<\/p>\n<p>&nbsp;<\/p>\n<p>[\/vc_column_text][vc_custom_heading text=&#8220;ITB Berlin: Die weltweit f\u00fchrende Reisemesse&#8220; font_container=&#8220;tag:h1|font_size:30|text_align:left|color:%23d3065b&#8220;][vc_column_text]<\/p>\n<div class=\"group w-full text-gray-800 dark:text-gray-100 border-b border-black\/10 dark:border-gray-900\/50 bg-gray-50 dark:bg-[#444654]\">\n<div class=\"flex p-4 gap-4 text-base md:gap-6 md:max-w-2xl lg:max-w-[38rem] xl:max-w-3xl md:py-6 lg:px-0 m-auto\">\n<div class=\"relative flex w-[calc(100%-50px)] flex-col gap-1 md:gap-3 lg:w-[calc(100%-115px)]\">\n<div class=\"flex flex-grow flex-col gap-3\">\n<div class=\"min-h-[20px] flex items-start overflow-x-auto whitespace-pre-wrap break-words flex-col gap-4\">\n<div class=\"markdown prose w-full break-words dark:prose-invert light\">\n<p>Die ITB Berlin, kurz f\u00fcr Internationale Tourismus-B\u00f6rse Berlin, ist die gr\u00f6\u00dfte und renommierteste Reisemesse der Welt. Sie findet j\u00e4hrlich in der Hauptstadt Berlin statt und dient als globaler Treffpunkt f\u00fcr Fachleute der Reisebranche, Aussteller und Enthusiasten aus allen Teilen der Welt. Die ITB Berlin bietet eine umfassende Plattform, um die neuesten Trends, Innovationen und Reiseziele in der Reise- und Tourismusbranche vorzustellen.<\/p>\n<p><strong>Termin und Veranstaltungsort:<\/strong><\/p>\n<p>Die ITB Berlin findet jedes Jahr im M\u00e4rz statt. Die Veranstaltung erstreckt sich \u00fcber mehrere Tage und bietet Ausstellern und Besuchern reichlich Zeit f\u00fcr Networking, Konferenzen, Workshops und Gesch\u00e4ftstreffen. Die Messe Berlin, einer der weltweit f\u00fchrenden Ausstellungsorte, ist Gastgeber dieser gro\u00dfartigen Veranstaltung und bietet den Teilnehmern ein gro\u00dfz\u00fcgiges und dynamisches Umfeld, um die vielf\u00e4ltigen Angebote der Reisebranche zu erkunden.<\/p>\n<p><strong>Aussteller:<\/strong><\/p>\n<p>Die ITB Berlin zieht ein breites Spektrum an Ausstellern an, darunter:<\/p>\n<ol>\n<li>Nationale und regionale Fremdenverkehrs\u00e4mter: L\u00e4nder und Regionen aus der ganzen Welt stellen ihre einzigartigen Attraktionen, ihr kulturelles Erbe und ihre touristischen Angebote vor, um internationale Reisende anzuziehen.<\/li>\n<li>Reiseb\u00fcros: Renommierte Reiseb\u00fcros und Reiseveranstalter pr\u00e4sentieren ihre neuesten Urlaubspakete, Abenteuerreisen und ma\u00dfgeschneiderten Reiseangebote f\u00fcr verschiedene Vorlieben und Budgets.<\/li>\n<li>Gastgewerbe und Unterkunftsanbieter: F\u00fchrende Hotels, Resorts und Beherbergungsbetriebe stellen ihre Angebote vor, die von Luxusunterk\u00fcnften bis hin zu preisg\u00fcnstigen Aufenthalten reichen und den Bed\u00fcrfnissen verschiedener Reisetypen gerecht werden.<\/li>\n<li>Fluggesellschaften und Transportunternehmen: Gro\u00dfe Fluggesellschaften, Kreuzfahrtunternehmen und Transportdienste stellen ihre Routen, Fahrpl\u00e4ne und Reisepakete vor und erleichtern den Besuchern eine reibungslose Reiseplanung.<br \/>\nZielpublikum:<\/li>\n<\/ol>\n<p>Die ITB Berlin richtet sich in erster Linie an Fachleute aus der Reise- und Tourismusbranche sowie an Reiseliebhaber und Endverbraucher. Zu den wichtigsten Zielgruppen geh\u00f6ren:<\/p>\n<ol>\n<li>Fachleute der Reisebranche: Vertreter von Reiseb\u00fcros, Reiseveranstaltern, Fluggesellschaften und anderen reisebezogenen Unternehmen besuchen die Messe, um Kontakte zu kn\u00fcpfen, Partnerschaften aufzubauen und sich \u00fcber die neuesten Branchentrends zu informieren.<\/li>\n<li>Reiseziel-Management-Unternehmen: Unternehmen, die sich auf die Organisation von Reiseerlebnissen und Dienstleistungen f\u00fcr Touristen spezialisiert haben, sind auf der Messe vertreten, um mit internationalen Partnern zusammenzuarbeiten und ihr Fachwissen zu pr\u00e4sentieren.<\/li>\n<li>Fremdenverkehrs\u00e4mter und Beh\u00f6rden: Nationale und regionale Fremdenverkehrs\u00e4mter sind bestrebt, internationale Besucher anzuziehen, f\u00fcr ihre Reiseziele zu werben und nachhaltige Tourismuspraktiken zu f\u00f6rdern.<\/li>\n<li>Reiseinteressierte und Verbraucher: Die ITB Berlin hei\u00dft auch Individualreisende willkommen, die auf der Suche nach Inspirationen f\u00fcr ihr n\u00e4chstes Abenteuer sind und sich \u00fcber verschiedene Reiseziele, Urlaubsm\u00f6glichkeiten und kulturelle Erfahrungen informieren m\u00f6chten.<\/li>\n<\/ol>\n<p>Die ITB Berlin ist nach wie vor eine einzigartige Veranstaltung in der Reisebranche, die eine Vielzahl von Ausstellern und Reisefachleuten aus der ganzen Welt zusammenbringt. Mit ihrer umfassenden Pr\u00e4sentation von Reisezielen, Dienstleistungen und Innovationen spielt die Messe weiterhin eine entscheidende Rolle bei der Gestaltung der globalen Reiselandschaft. Sowohl f\u00fcr Brancheninsider als auch f\u00fcr Reiseliebhaber bietet die ITB Berlin ein fesselndes Erlebnis und unsch\u00e4tzbare M\u00f6glichkeiten zur Zusammenarbeit und zur Erforschung der sich st\u00e4ndig weiterentwickelnden Welt des Tourismus.<\/p>\n<\/div>\n<\/div>\n<\/div>\n<\/div>\n<\/div>\n<\/div>\n<p>[\/vc_column_text][vc_zigzag][vc_column_text]F\u00fcr Interessierte: <strong><a href=\"https:\/\/www.getyourguide.de\/berlin-l17\/ohne-anstehen-madame-tussauds-in-berlin-t4569\/?partner_id=OKFS1TT&amp;utm_medium=online_publisher\">Eintrittskare f\u00fcr Madame Tussauds<\/a><\/strong>[\/vc_column_text][vc_column_text]Hier findest Du weitere Infos \u00fcber <a href=\"https:\/\/berlinwanderlust.com\/de\/aktivitaeten\/events\/\">Events in Berlin<\/a>[\/vc_column_text][vc_column_text]Messedamm 22, 14055 Berlin<\/p>\n<p>Tel: (030) 303-80<\/p>\n<p>Web: <a href=\"https:\/\/www.itb.com\/\">itb.com<\/a>[\/vc_column_text][\/vc_column][vc_column width=&#8220;1\/3&#8243;][vc_column_text]<\/p>\n<p>&nbsp;<\/p>\n<p>[\/vc_column_text][vc_column_text]<\/p>\n<div data-gyg-href=\"https:\/\/widget.getyourguide.com\/default\/activities.frame\" data-gyg-locale-code=\"de-DE\" data-gyg-widget=\"activities\" data-gyg-number-of-items=\"3\" data-gyg-partner-id=\"OKFS1TT\" data-gyg-q=\"Berlin%20Show\"><\/div>\n<p>[\/vc_column_text][vc_gmaps link=&#8220;#E-8_JTNDaWZyYW1lJTIwc3JjJTNEJTIyaHR0cHMlM0ElMkYlMkZ3d3cuZ29vZ2xlLmNvbSUyRm1hcHMlMkZlbWJlZCUzRnBiJTNEJTIxMW0xOCUyMTFtMTIlMjExbTMlMjExZDI0MjguNjAwMTM0MDE3MDIxJTIxMmQxMy4yNzgzNzczMTU4MDY4ODIlMjEzZDUyLjUwNDQ3NzQ3OTgxMTI2JTIxMm0zJTIxMWYwJTIxMmYwJTIxM2YwJTIxM20yJTIxMWkxMDI0JTIxMmk3NjglMjE0ZjEzLjElMjEzbTMlMjExbTIlMjExczB4NDdhODU3MzMyNWZjZDVkZCUyNTNBMHg2YTI2ZjU1ZTQwMzFmODhkJTIxMnNNZXNzZSUyNTIwQmVybGluJTIxNWUwJTIxM20yJTIxMXNkZSUyMTJzZGUlMjE0djE2OTA4NzkxNDE2NDUlMjE1bTIlMjExc2RlJTIxMnNkZSUyMiUyMHdpZHRoJTNEJTIyNjAwJTIyJTIwaGVpZ2h0JTNEJTIyNDUwJTIyJTIwc3R5bGUlM0QlMjJib3JkZXIlM0EwJTNCJTIyJTIwYWxsb3dmdWxsc2NyZWVuJTNEJTIyJTIyJTIwbG9hZGluZyUzRCUyMmxhenklMjIlMjByZWZlcnJlcnBvbGljeSUzRCUyMm5vLXJlZmVycmVyLXdoZW4tZG93bmdyYWRlJTIyJTNFJTNDJTJGaWZyYW1lJTNF&#8220; title=&#8220;ITB Berlin&#8220;][\/vc_column][\/vc_row][vc_row][vc_column][\/vc_column][\/vc_row]<\/p>\n","protected":false},"excerpt":{"rendered":"<p>[vc_row][vc_column width=&#8220;2\/3&#8243;][vc_column_text] &nbsp; &nbsp; [\/vc_column_text][vc_custom_heading text=&#8220;ITB Berlin: Die weltweit f\u00fchrende Reisemesse&#8220; font_container=&#8220;tag:h1|font_size:30|text_align:left|color:%23d3065b&#8220;][vc_column_text] Die ITB Berlin, kurz f\u00fcr Internationale Tourismus-B\u00f6rse Berlin, ist die gr\u00f6\u00dfte und renommierteste Reisemesse der Welt. Sie findet j\u00e4hrlich in der Hauptstadt Berlin statt und dient als globaler Treffpunkt f\u00fcr Fachleute der Reisebranche, Aussteller und Enthusiasten aus allen Teilen der Welt. Die ITB [&hellip;]<\/p>\n","protected":false},"author":1,"featured_media":0,"parent":255,"menu_order":0,"comment_status":"closed","ping_status":"closed","template":"","meta":{"site-sidebar-layout":"no-sidebar","site-content-layout":"plain-container","ast-site-content-layout":"default","site-content-style":"default","site-sidebar-style":"default","ast-global-header-display":"","ast-banner-title-visibility":"","ast-main-header-display":"","ast-hfb-above-header-display":"","ast-hfb-below-header-display":"","ast-hfb-mobile-header-display":"","site-post-title":"disabled","ast-breadcrumbs-content":"","ast-featured-img":"disabled","footer-sml-layout":"","ast-disable-related-posts":"","theme-transparent-header-meta":"default","adv-header-id-meta":"","stick-header-meta":"","header-above-stick-meta":"","header-main-stick-meta":"","header-below-stick-meta":"","astra-migrate-meta-layouts":"default","ast-page-background-enabled":"default","ast-page-background-meta":{"desktop":{"background-color":"var(--ast-global-color-4)","background-image":"","background-repeat":"repeat","background-position":"center center","background-size":"auto","background-attachment":"scroll","background-type":"","background-media":"","overlay-type":"","overlay-color":"","overlay-opacity":"","overlay-gradient":""},"tablet":{"background-color":"","background-image":"","background-repeat":"repeat","background-position":"center center","background-size":"auto","background-attachment":"scroll","background-type":"","background-media":"","overlay-type":"","overlay-color":"","overlay-opacity":"","overlay-gradient":""},"mobile":{"background-color":"","background-image":"","background-repeat":"repeat","background-position":"center center","background-size":"auto","background-attachment":"scroll","background-type":"","background-media":"","overlay-type":"","overlay-color":"","overlay-opacity":"","overlay-gradient":""}},"ast-content-background-meta":{"desktop":{"background-color":"var(--ast-global-color-5)","background-image":"","background-repeat":"repeat","background-position":"center center","background-size":"auto","background-attachment":"scroll","background-type":"","background-media":"","overlay-type":"","overlay-color":"","overlay-opacity":"","overlay-gradient":""},"tablet":{"background-color":"var(--ast-global-color-5)","background-image":"","background-repeat":"repeat","background-position":"center center","background-size":"auto","background-attachment":"scroll","background-type":"","background-media":"","overlay-type":"","overlay-color":"","overlay-opacity":"","overlay-gradient":""},"mobile":{"background-color":"var(--ast-global-color-5)","background-image":"","background-repeat":"repeat","background-position":"center center","background-size":"auto","background-attachment":"scroll","background-type":"","background-media":"","overlay-type":"","overlay-color":"","overlay-opacity":"","overlay-gradient":""}},"footnotes":""},"class_list":["post-658","page","type-page","status-publish","hentry"],"aioseo_notices":[],"_links":{"self":[{"href":"https:\/\/berlinwanderlust.com\/de\/wp-json\/wp\/v2\/pages\/658","targetHints":{"allow":["GET"]}}],"collection":[{"href":"https:\/\/berlinwanderlust.com\/de\/wp-json\/wp\/v2\/pages"}],"about":[{"href":"https:\/\/berlinwanderlust.com\/de\/wp-json\/wp\/v2\/types\/page"}],"author":[{"embeddable":true,"href":"https:\/\/berlinwanderlust.com\/de\/wp-json\/wp\/v2\/users\/1"}],"replies":[{"embeddable":true,"href":"https:\/\/berlinwanderlust.com\/de\/wp-json\/wp\/v2\/comments?post=658"}],"version-history":[{"count":0,"href":"https:\/\/berlinwanderlust.com\/de\/wp-json\/wp\/v2\/pages\/658\/revisions"}],"up":[{"embeddable":true,"href":"https:\/\/berlinwanderlust.com\/de\/wp-json\/wp\/v2\/pages\/255"}],"wp:attachment":[{"href":"https:\/\/berlinwanderlust.com\/de\/wp-json\/wp\/v2\/media?parent=658"}],"curies":[{"name":"wp","href":"https:\/\/api.w.org\/{rel}","templated":true}]}}