{"id":654,"date":"2023-07-26T15:41:40","date_gmt":"2023-07-26T13:41:40","guid":{"rendered":"https:\/\/berlinwanderlust.com\/?page_id=654"},"modified":"2023-09-19T21:11:22","modified_gmt":"2023-09-19T19:11:22","slug":"transmediale","status":"publish","type":"page","link":"https:\/\/berlinwanderlust.com\/de\/aktivitaeten\/events\/transmediale\/","title":{"rendered":"Transmediale"},"content":{"rendered":"<p>[vc_row][vc_column width=&#8220;2\/3&#8243;][vc_column_text]<\/p>\n<p>&nbsp;<\/p>\n<p>&nbsp;<\/p>\n<p>[\/vc_column_text][vc_custom_heading text=&#8220;Transmediale Berlin: Die Schnittstelle von Kunst und digitaler Kultur&#8220; font_container=&#8220;tag:h1|font_size:30|text_align:left|color:%23d3065b&#8220;][vc_column_text]Die Transmediale Berlin ist ein dynamisches und innovatives Festival, das als Plattform f\u00fcr die Erforschung der sich st\u00e4ndig weiterentwickelnden Beziehung zwischen Kunst und digitaler Kultur dient. Die j\u00e4hrlich stattfindende Veranstaltung in der Hauptstadt Berlin bringt K\u00fcnstler, Technologen und Kreative mit unterschiedlichem Hintergrund zusammen, um innovative Arbeiten zu pr\u00e4sentieren, die traditionelle Grenzen in Frage stellen und die M\u00f6glichkeiten der digitalen Medien nutzen.<\/p>\n<p><strong>Datum und Veranstaltungsort:<\/strong><\/p>\n<p>Die Transmediale Berlin findet jedes Jahr im Februar statt und erstreckt sich in der Regel \u00fcber mehrere Tage. Das Festival bietet eine Reihe von Ausstellungen, Workshops, Podiumsdiskussionen und Performances, die sich mit der zeitgen\u00f6ssischen Kunst und ihrer symbiotischen Beziehung zu digitalen Technologien auseinandersetzen. Hauptveranstaltungsort ist das Haus der Kulturen der Welt, das den Besuchern eine gro\u00dfz\u00fcgige und eindringliche Umgebung bietet, in der sie sich mit den gezeigten Kunstwerken und Ideen auseinandersetzen k\u00f6nnen.<\/p>\n<p><strong>Aussteller:<\/strong><\/p>\n<p>Das Festival zieht ein breites Spektrum von Ausstellern an, die digitale Tools und Plattformen nutzen, um anregende und eindringliche Kunstinstallationen zu schaffen. Unter den Teilnehmern sind:<\/p>\n<ol>\n<li>Digitale K\u00fcnstler: Pionierk\u00fcnstler, die in verschiedenen digitalen Medien arbeiten, darunter virtuelle Realit\u00e4t, interaktive Installationen, generative Kunst und digitale Animationen, stellen ihre bahnbrechenden Kreationen vor.<\/li>\n<li>Medientheoretiker: Renommierte Medientheoretiker und -forscher teilen in spannenden Vortr\u00e4gen und Podiumsdiskussionen ihre Erkenntnisse \u00fcber die transformativen Auswirkungen digitaler Technologien auf Kunst, Kultur und Gesellschaft.<\/li>\n<li>Technologen: Innovatoren und Technologen stellen ihre neuesten Experimente, Projekte und Prototypen vor, die das kreative Potenzial neuer Technologien wie k\u00fcnstliche Intelligenz, Augmented Reality und Blockchain erkunden.<\/li>\n<li>Elektronik-Musiker: Das Festivalprogramm umfasst h\u00e4ufig Auftritte von elektronischen Musikern, die Technologie und Klang zu faszinierenden audiovisuellen Erlebnissen verbinden.<\/li>\n<\/ol>\n<p>Zielpublikum:<\/p>\n<p>Die Transmediale Berlin richtet sich an ein vielf\u00e4ltiges Publikum, das sich f\u00fcr die Schnittmenge von Kunst und digitaler Kultur interessiert. Dazu geh\u00f6ren:<\/p>\n<ol>\n<li>Kunstenthusiasten: Diejenigen, die neugierig auf zeitgen\u00f6ssische Kunst sind und neue Formen des k\u00fcnstlerischen Ausdrucks mit Hilfe digitaler Technologie erforschen wollen, werden das Festival als fesselnde und augen\u00f6ffnende Erfahrung empfinden.<\/li>\n<li>Technophile: Menschen, die von Spitzentechnologie und ihren kreativen Anwendungen fasziniert sind, werden von der Transmediale Berlin angezogen, wo sie erleben k\u00f6nnen, wie die Kunst digitale Werkzeuge nutzt, um neue Erz\u00e4hlungen zu entwickeln.<\/li>\n<li>Akademiker und Forscher: Wissenschaftler und Forscher aus den Bereichen Medienwissenschaft, digitale Kultur und Kunst finden hier reichlich Gelegenheit, sich mit anregenden Ideen auseinanderzusetzen und neue Einblicke in die sich entwickelnde Kunst im digitalen Zeitalter zu gewinnen.<\/li>\n<li>Kreative und K\u00fcnstler: Das Festival dient als Inspirationsquelle f\u00fcr K\u00fcnstlerinnen und K\u00fcnstler, die digitale Elemente in ihre eigenen Arbeiten einbeziehen wollen, und regt zu neuen Ideen und Kooperationen an.<\/li>\n<\/ol>\n<p>Die Transmediale Berlin ist ein anregendes und zukunftsweisendes Festival, das die dynamische Beziehung zwischen Kunst und digitaler Kultur zelebriert. Durch das Zusammenbringen von K\u00fcnstlern, Technologen, Akademikern und Kunstliebhabern f\u00f6rdert die Veranstaltung einen reichen Austausch von Ideen und Erfahrungen, die die Grenzen des zeitgen\u00f6ssischen k\u00fcnstlerischen Ausdrucks erweitern. Angesichts der fortschreitenden technologischen Entwicklung steht die Transmediale Berlin an vorderster Front, wenn es darum geht, die sich wandelnde Landschaft der Kunst im digitalen Zeitalter zu erforschen.[\/vc_column_text][vc_zigzag][vc_column_text]<strong><a href=\"https:\/\/www.getyourguide.de\/berlin-dungeon-l4691\/berlin-dungeon-eintritt-ohne-anstehen-t33395\/?partner_id=OKFS1TT&amp;utm_medium=online_publisher\" target=\"_blank\" rel=\"noopener\">Eintrittskarte f\u00fcr das Dungeon<\/a><\/strong>[\/vc_column_text][vc_column_text]Weitere <a href=\"https:\/\/berlinwanderlust.com\/de\/aktivitaeten\/events\/\">Events in Berlin<\/a>[\/vc_column_text][vc_column_text]<strong>Transmediale<\/strong><\/p>\n<p>Gerichtstra\u00dfe 35, 13347 Berlin<\/p>\n<p>Tel: (030) 959-994-231<\/p>\n<p><a href=\"https:\/\/transmediale.de\/\" target=\"_blank\" rel=\"noopener\">transmediale.de<\/a>[\/vc_column_text][\/vc_column][vc_column width=&#8220;1\/3&#8243;][vc_column_text]<\/p>\n<p>&nbsp;<\/p>\n<p>[\/vc_column_text][vc_column_text]<\/p>\n<div data-gyg-href=\"https:\/\/widget.getyourguide.com\/default\/activities.frame\" data-gyg-locale-code=\"de-DE\" data-gyg-widget=\"activities\" data-gyg-number-of-items=\"3\" data-gyg-partner-id=\"OKFS1TT\" data-gyg-tour-ids=\"472073,438060,26574\"><\/div>\n<p>[\/vc_column_text][vc_gmaps link=&#8220;#E-8_JTNDaWZyYW1lJTIwc3JjJTNEJTIyaHR0cHMlM0ElMkYlMkZ3d3cuZ29vZ2xlLmNvbSUyRm1hcHMlMkZlbWJlZCUzRnBiJTNEJTIxMW0xNCUyMTFtOCUyMTFtMyUyMTFkOTcwNS4yODkzODUzMzgyMjclMjEyZDEzLjM2NjM5NjIlMjEzZDUyLjU0NTY5MzklMjEzbTIlMjExaTEwMjQlMjEyaTc2OCUyMTRmMTMuMSUyMTNtMyUyMTFtMiUyMTFzMHg0N2E4NGUyMTdmNWFkMGMxJTI1M0EweDE2MmE3ZjczMTFiZTQ3MDclMjEyc3RyYW5zbWVkaWFsZSUyNTIwZS5WLiUyNTIwLSUyNTIwZmVzdGl2YWwlMjUyMGZvciUyNTIwYXJ0JTI1MjAlMjUyNiUyNTIwZGlnaXRhbCUyNTIwY3VsdHVyZSUyNTIwYmVybGluJTIxNWUwJTIxM20yJTIxMXNkZSUyMTJzZGUlMjE0djE2OTA4ODE0OTgzNzElMjE1bTIlMjExc2RlJTIxMnNkZSUyMiUyMHdpZHRoJTNEJTIyNjAwJTIyJTIwaGVpZ2h0JTNEJTIyNDUwJTIyJTIwc3R5bGUlM0QlMjJib3JkZXIlM0EwJTNCJTIyJTIwYWxsb3dmdWxsc2NyZWVuJTNEJTIyJTIyJTIwbG9hZGluZyUzRCUyMmxhenklMjIlMjByZWZlcnJlcnBvbGljeSUzRCUyMm5vLXJlZmVycmVyLXdoZW4tZG93bmdyYWRlJTIyJTNFJTNDJTJGaWZyYW1lJTNF&#8220; title=&#8220;Transmediale&#8220;][\/vc_column][\/vc_row][vc_row][vc_column][\/vc_column][\/vc_row]<\/p>\n","protected":false},"excerpt":{"rendered":"<p>[vc_row][vc_column width=&#8220;2\/3&#8243;][vc_column_text] &nbsp; &nbsp; [\/vc_column_text][vc_custom_heading text=&#8220;Transmediale Berlin: Die Schnittstelle von Kunst und digitaler Kultur&#8220; font_container=&#8220;tag:h1|font_size:30|text_align:left|color:%23d3065b&#8220;][vc_column_text]Die Transmediale Berlin ist ein dynamisches und innovatives Festival, das als Plattform f\u00fcr die Erforschung der sich st\u00e4ndig weiterentwickelnden Beziehung zwischen Kunst und digitaler Kultur dient. Die j\u00e4hrlich stattfindende Veranstaltung in der Hauptstadt Berlin bringt K\u00fcnstler, Technologen und Kreative mit unterschiedlichem [&hellip;]<\/p>\n","protected":false},"author":1,"featured_media":0,"parent":255,"menu_order":0,"comment_status":"closed","ping_status":"closed","template":"","meta":{"_sitemap_exclude":false,"_sitemap_priority":"","_sitemap_frequency":"","site-sidebar-layout":"no-sidebar","site-content-layout":"plain-container","ast-site-content-layout":"default","site-content-style":"default","site-sidebar-style":"default","ast-global-header-display":"","ast-banner-title-visibility":"","ast-main-header-display":"","ast-hfb-above-header-display":"","ast-hfb-below-header-display":"","ast-hfb-mobile-header-display":"","site-post-title":"disabled","ast-breadcrumbs-content":"","ast-featured-img":"disabled","footer-sml-layout":"","ast-disable-related-posts":"","theme-transparent-header-meta":"default","adv-header-id-meta":"","stick-header-meta":"","header-above-stick-meta":"","header-main-stick-meta":"","header-below-stick-meta":"","astra-migrate-meta-layouts":"default","ast-page-background-enabled":"default","ast-page-background-meta":{"desktop":{"background-color":"var(--ast-global-color-4)","background-image":"","background-repeat":"repeat","background-position":"center center","background-size":"auto","background-attachment":"scroll","background-type":"","background-media":"","overlay-type":"","overlay-color":"","overlay-opacity":"","overlay-gradient":""},"tablet":{"background-color":"","background-image":"","background-repeat":"repeat","background-position":"center center","background-size":"auto","background-attachment":"scroll","background-type":"","background-media":"","overlay-type":"","overlay-color":"","overlay-opacity":"","overlay-gradient":""},"mobile":{"background-color":"","background-image":"","background-repeat":"repeat","background-position":"center center","background-size":"auto","background-attachment":"scroll","background-type":"","background-media":"","overlay-type":"","overlay-color":"","overlay-opacity":"","overlay-gradient":""}},"ast-content-background-meta":{"desktop":{"background-color":"var(--ast-global-color-5)","background-image":"","background-repeat":"repeat","background-position":"center center","background-size":"auto","background-attachment":"scroll","background-type":"","background-media":"","overlay-type":"","overlay-color":"","overlay-opacity":"","overlay-gradient":""},"tablet":{"background-color":"var(--ast-global-color-5)","background-image":"","background-repeat":"repeat","background-position":"center center","background-size":"auto","background-attachment":"scroll","background-type":"","background-media":"","overlay-type":"","overlay-color":"","overlay-opacity":"","overlay-gradient":""},"mobile":{"background-color":"var(--ast-global-color-5)","background-image":"","background-repeat":"repeat","background-position":"center center","background-size":"auto","background-attachment":"scroll","background-type":"","background-media":"","overlay-type":"","overlay-color":"","overlay-opacity":"","overlay-gradient":""}},"footnotes":""},"class_list":["post-654","page","type-page","status-publish","hentry"],"_links":{"self":[{"href":"https:\/\/berlinwanderlust.com\/de\/wp-json\/wp\/v2\/pages\/654","targetHints":{"allow":["GET"]}}],"collection":[{"href":"https:\/\/berlinwanderlust.com\/de\/wp-json\/wp\/v2\/pages"}],"about":[{"href":"https:\/\/berlinwanderlust.com\/de\/wp-json\/wp\/v2\/types\/page"}],"author":[{"embeddable":true,"href":"https:\/\/berlinwanderlust.com\/de\/wp-json\/wp\/v2\/users\/1"}],"replies":[{"embeddable":true,"href":"https:\/\/berlinwanderlust.com\/de\/wp-json\/wp\/v2\/comments?post=654"}],"version-history":[{"count":0,"href":"https:\/\/berlinwanderlust.com\/de\/wp-json\/wp\/v2\/pages\/654\/revisions"}],"up":[{"embeddable":true,"href":"https:\/\/berlinwanderlust.com\/de\/wp-json\/wp\/v2\/pages\/255"}],"wp:attachment":[{"href":"https:\/\/berlinwanderlust.com\/de\/wp-json\/wp\/v2\/media?parent=654"}],"curies":[{"name":"wp","href":"https:\/\/api.w.org\/{rel}","templated":true}]}}