{"id":650,"date":"2023-07-26T14:47:15","date_gmt":"2023-07-26T12:47:15","guid":{"rendered":"https:\/\/berlinwanderlust.com\/?page_id=650"},"modified":"2023-09-19T21:02:33","modified_gmt":"2023-09-19T19:02:33","slug":"fashion-week-berlin","status":"publish","type":"page","link":"https:\/\/berlinwanderlust.com\/de\/aktivitaeten\/events\/fashion-week-berlin\/","title":{"rendered":"Fashion Week Berlin"},"content":{"rendered":"<p>[vc_row][vc_column width=&#8220;2\/3&#8243;][vc_column_text]<\/p>\n<p>&nbsp;<\/p>\n<p>&nbsp;<\/p>\n<p>[\/vc_column_text][vc_custom_heading text=&#8220;Fashion Week Berlin: Stil und Talent aus aller Welt&#8220; font_container=&#8220;tag:h1|font_size:30|text_align:left|color:%23d3065b&#8220;][vc_column_text]<\/p>\n<div class=\"group w-full text-gray-800 dark:text-gray-100 border-b border-black\/10 dark:border-gray-900\/50 bg-gray-50 dark:bg-[#444654]\">\n<div class=\"flex p-4 gap-4 text-base md:gap-6 md:max-w-2xl lg:max-w-[38rem] xl:max-w-3xl md:py-6 lg:px-0 m-auto\">\n<div class=\"relative flex w-[calc(100%-50px)] flex-col gap-1 md:gap-3 lg:w-[calc(100%-115px)]\">\n<div class=\"flex flex-grow flex-col gap-3\">\n<div class=\"min-h-[20px] flex items-start overflow-x-auto whitespace-pre-wrap break-words flex-col gap-4\">\n<div class=\"markdown prose w-full break-words dark:prose-invert light\">\n<p>Die Fashion Week Berlin ist eine mit Spannung erwartete Veranstaltung, die die topaktuelle Welt der Mode verk\u00f6rpert und Designer, Modekenner und gesch\u00e4tzte G\u00e4ste aus aller Welt anzieht. Die einw\u00f6chige Veranstaltung findet in der pulsierenden und stilvollen Stadt Berlin statt und pr\u00e4sentiert die neuesten Trends, Innovationen und Designs von bekannten Modeh\u00e4usern und aufstrebenden Talenten.<\/p>\n<p><strong>Datum und Veranstaltungsort:<\/strong><\/p>\n<p>Die Fashion Week Berlin findet in der Regel zweimal im Jahr statt, im Januar und im Juli. Bei diesen beiden Ausgaben, die als Herbst\/Winter- bzw. Fr\u00fchjahr\/Sommer-Kollektionen bekannt sind, werden die neuesten Angebote der Modebranche f\u00fcr die kommenden Saisons vorgestellt. Die Veranstaltung findet in erster Linie an den bekannten Schaupl\u00e4tzen der Berlin Fashion Week wie dem Berlin ExpoCenter City statt und zieht Tausende von Modebegeisterten und -profis an.<\/p>\n<p><strong>Designer:<\/strong><\/p>\n<p>Die Fashion Week Berlin dient sowohl etablierten als auch aufstrebenden Designern als Plattform, um ihr kreatives K\u00f6nnen zu pr\u00e4sentieren. Renommierte internationale Designer aus den Modemetropolen der ganzen Welt treten h\u00e4ufig auf und verleihen der Veranstaltung einen Hauch von globaler Vielfalt. Dar\u00fcber hinaus stellen lokale deutsche Designer stolz ihre Kollektionen aus und unterstreichen damit die einzigartige Modesensibilit\u00e4t der Stadt.<\/p>\n<p><strong>Bemerkenswerte Modeh\u00e4user und Marken:<\/strong><\/p>\n<ul>\n<li>Hugo Boss: Die renommierte deutsche Luxusmodemarke Hugo Boss pr\u00e4sentiert ihre neuesten Kollektionen h\u00e4ufig w\u00e4hrend der Fashion Week Berlin und stellt dabei ihre charakteristische Eleganz und Raffinesse unter Beweis.<\/li>\n<li>Michael Michalsky: Als prominenter deutscher Designer bringt Michael Michalsky zeitgen\u00f6ssische Streetwear und urbanen Chic an die Spitze der Modeszene und fasziniert das Publikum mit seinen innovativen Designs.<\/li>\n<li>Guido Maria Kretschmer: Guido Maria Kretschmer ist bekannt f\u00fcr seine zeitlosen und glamour\u00f6sen Kreationen. Seine Laufstegshows werden w\u00e4hrend der Fashion Week mit Spannung erwartet und hinterlassen beim Publikum einen bleibenden Eindruck.<br \/>\nAufstrebende Talente:<\/li>\n<\/ul>\n<p>Die Fashion Week Berlin bietet auch aufstrebenden Talenten eine wichtige Plattform, um sich zu pr\u00e4sentieren und Anerkennung zu finden.<\/p>\n<ul>\n<li>Die Initiative &#8222;Designer for Tomorrow&#8220; beispielsweise erm\u00f6glicht es jungen Designern, ihre Kollektionen zu pr\u00e4sentieren und von etablierten<\/li>\n<li>Branchenprofis betreut zu werden, um ihre Karriere voranzutreiben.<\/li>\n<\/ul>\n<p><strong>Modeexperten und G\u00e4ste:<\/strong><\/p>\n<p>Die Fashion Week Berlin zieht ein breites Spektrum an G\u00e4sten an, darunter:<\/p>\n<ul>\n<li>Ber\u00fchmtheiten: Eine Vielzahl von Prominenten, darunter Schauspieler, Musiker und Influencer, zieren die ersten Reihen der Laufstegshows und verleihen der Veranstaltung Glamour und Aufregung.<\/li>\n<li>Modeblogger und Influencer: Pers\u00f6nlichkeiten aus den sozialen Medien und Mode-Influencer spielen eine entscheidende Rolle bei der Verbreitung der Highlights der Fashion Week an ein weltweites Publikum und verst\u00e4rken die Wirkung der gezeigten Designs.<\/li>\n<li>Eink\u00e4ufer und Einzelh\u00e4ndler: Die Fashion Week Berlin begr\u00fc\u00dft Eink\u00e4ufer und Einzelh\u00e4ndler aus hochwertigen Boutiquen und Kaufh\u00e4usern, die nach den neuesten Trends und Designs f\u00fcr ihre Kollektionen Ausschau halten.<\/li>\n<\/ul>\n<p>Die Fashion Week Berlin ist ein herausragendes Ereignis, das die Welt der Mode und des Designs feiert und renommierte Designer, aufstrebende Talente, Fachleute aus der Branche und Modebegeisterte aus der ganzen Welt willkommen hei\u00dft. Mit ihrer Pr\u00e4sentation innovativer Kollektionen und Stile pr\u00e4gt diese alle zwei Jahre stattfindende Veranstaltung die globale Modelandschaft und hinterl\u00e4sst einen bleibenden Eindruck in der Branche und bei ihren Anh\u00e4ngern.<\/p>\n<\/div>\n<\/div>\n<\/div>\n<\/div>\n<\/div>\n<\/div>\n<p>[\/vc_column_text][vc_zigzag][vc_column_text]Hier bekommst Du eine <a href=\"https:\/\/www.getyourguide.de\/berlin-l17\/ohne-anstehen-madame-tussauds-in-berlin-t4569\/?partner_id=OKFS1TT&amp;utm_medium=online_publisher\" target=\"_blank\" rel=\"noopener\"><strong>Eintrittskarte f\u00fcr Madame Tussauds<\/strong><\/a>[\/vc_column_text][vc_column_text]Hier findest Du weitere <a href=\"https:\/\/berlinwanderlust.com\/de\/aktivitaeten\/events\/\">Events in Berlin<\/a>[\/vc_column_text][vc_column_text]Web: <a href=\"https:\/\/fashionweek.berlin\/\" target=\"_blank\" rel=\"noopener\">fashionweek.berlin<\/a>[\/vc_column_text][vc_column_text]<\/p>\n<p>&nbsp;<\/p>\n<p>[\/vc_column_text][\/vc_column][vc_column width=&#8220;1\/3&#8243;][vc_column_text]<\/p>\n<p>[\/vc_column_text][vc_column_text]<\/p>\n<div data-gyg-href=\"https:\/\/widget.getyourguide.com\/default\/activities.frame\" data-gyg-locale-code=\"de-DE\" data-gyg-widget=\"activities\" data-gyg-number-of-items=\"4\" data-gyg-partner-id=\"OKFS1TT\" data-gyg-q=\"Fashion%20Berlin\"><\/div>\n<p>[\/vc_column_text][\/vc_column][\/vc_row][vc_row][vc_column][vc_column_text]<\/p>\n<p>[\/vc_column_text][\/vc_column][\/vc_row]<\/p>\n","protected":false},"excerpt":{"rendered":"<p>[vc_row][vc_column width=&#8220;2\/3&#8243;][vc_column_text] &nbsp; &nbsp; [\/vc_column_text][vc_custom_heading text=&#8220;Fashion Week Berlin: Stil und Talent aus aller Welt&#8220; font_container=&#8220;tag:h1|font_size:30|text_align:left|color:%23d3065b&#8220;][vc_column_text] Die Fashion Week Berlin ist eine mit Spannung erwartete Veranstaltung, die die topaktuelle Welt der Mode verk\u00f6rpert und Designer, Modekenner und gesch\u00e4tzte G\u00e4ste aus aller Welt anzieht. Die einw\u00f6chige Veranstaltung findet in der pulsierenden und stilvollen Stadt Berlin statt und [&hellip;]<\/p>\n","protected":false},"author":1,"featured_media":0,"parent":255,"menu_order":0,"comment_status":"closed","ping_status":"closed","template":"","meta":{"_sitemap_exclude":false,"_sitemap_priority":"","_sitemap_frequency":"","site-sidebar-layout":"no-sidebar","site-content-layout":"plain-container","ast-site-content-layout":"default","site-content-style":"default","site-sidebar-style":"default","ast-global-header-display":"","ast-banner-title-visibility":"","ast-main-header-display":"","ast-hfb-above-header-display":"","ast-hfb-below-header-display":"","ast-hfb-mobile-header-display":"","site-post-title":"disabled","ast-breadcrumbs-content":"","ast-featured-img":"disabled","footer-sml-layout":"","ast-disable-related-posts":"","theme-transparent-header-meta":"default","adv-header-id-meta":"","stick-header-meta":"","header-above-stick-meta":"","header-main-stick-meta":"","header-below-stick-meta":"","astra-migrate-meta-layouts":"default","ast-page-background-enabled":"default","ast-page-background-meta":{"desktop":{"background-color":"var(--ast-global-color-4)","background-image":"","background-repeat":"repeat","background-position":"center center","background-size":"auto","background-attachment":"scroll","background-type":"","background-media":"","overlay-type":"","overlay-color":"","overlay-opacity":"","overlay-gradient":""},"tablet":{"background-color":"","background-image":"","background-repeat":"repeat","background-position":"center center","background-size":"auto","background-attachment":"scroll","background-type":"","background-media":"","overlay-type":"","overlay-color":"","overlay-opacity":"","overlay-gradient":""},"mobile":{"background-color":"","background-image":"","background-repeat":"repeat","background-position":"center center","background-size":"auto","background-attachment":"scroll","background-type":"","background-media":"","overlay-type":"","overlay-color":"","overlay-opacity":"","overlay-gradient":""}},"ast-content-background-meta":{"desktop":{"background-color":"var(--ast-global-color-5)","background-image":"","background-repeat":"repeat","background-position":"center center","background-size":"auto","background-attachment":"scroll","background-type":"","background-media":"","overlay-type":"","overlay-color":"","overlay-opacity":"","overlay-gradient":""},"tablet":{"background-color":"var(--ast-global-color-5)","background-image":"","background-repeat":"repeat","background-position":"center center","background-size":"auto","background-attachment":"scroll","background-type":"","background-media":"","overlay-type":"","overlay-color":"","overlay-opacity":"","overlay-gradient":""},"mobile":{"background-color":"var(--ast-global-color-5)","background-image":"","background-repeat":"repeat","background-position":"center center","background-size":"auto","background-attachment":"scroll","background-type":"","background-media":"","overlay-type":"","overlay-color":"","overlay-opacity":"","overlay-gradient":""}},"footnotes":""},"class_list":["post-650","page","type-page","status-publish","hentry"],"_links":{"self":[{"href":"https:\/\/berlinwanderlust.com\/de\/wp-json\/wp\/v2\/pages\/650","targetHints":{"allow":["GET"]}}],"collection":[{"href":"https:\/\/berlinwanderlust.com\/de\/wp-json\/wp\/v2\/pages"}],"about":[{"href":"https:\/\/berlinwanderlust.com\/de\/wp-json\/wp\/v2\/types\/page"}],"author":[{"embeddable":true,"href":"https:\/\/berlinwanderlust.com\/de\/wp-json\/wp\/v2\/users\/1"}],"replies":[{"embeddable":true,"href":"https:\/\/berlinwanderlust.com\/de\/wp-json\/wp\/v2\/comments?post=650"}],"version-history":[{"count":0,"href":"https:\/\/berlinwanderlust.com\/de\/wp-json\/wp\/v2\/pages\/650\/revisions"}],"up":[{"embeddable":true,"href":"https:\/\/berlinwanderlust.com\/de\/wp-json\/wp\/v2\/pages\/255"}],"wp:attachment":[{"href":"https:\/\/berlinwanderlust.com\/de\/wp-json\/wp\/v2\/media?parent=650"}],"curies":[{"name":"wp","href":"https:\/\/api.w.org\/{rel}","templated":true}]}}