{"id":564,"date":"2023-07-21T11:05:37","date_gmt":"2023-07-21T09:05:37","guid":{"rendered":"https:\/\/berlinwanderlust.com\/?page_id=564"},"modified":"2024-09-22T21:59:58","modified_gmt":"2024-09-22T19:59:58","slug":"neues-museum","status":"publish","type":"page","link":"https:\/\/berlinwanderlust.com\/de\/aktivitaeten\/museen\/neues-museum\/","title":{"rendered":"Neues Museum"},"content":{"rendered":"<p>[vc_row][vc_column][vc_column_text]<\/p>\n<p>&nbsp;<\/p>\n<p>&nbsp;<\/p>\n<p>[\/vc_column_text][vc_single_image image=&#8220;1298&#8243; img_size=&#8220;large&#8220; alignment=&#8220;center&#8220;][vc_column_text]<\/p>\n<h1>Neues Museum Berlin: Eintrittskarten und Besucherinformationen<\/h1>\n<h2>Inhaltsverzeichnis<\/h2>\n<ul>\n<li><a href=\"https:\/\/berlinwanderlust.com\/de\/aktivitaeten\/museen\/neues-museum\/#einfuehrung\">Einf\u00fchrung<\/a><\/li>\n<li><a href=\"https:\/\/berlinwanderlust.com\/de\/aktivitaeten\/museen\/neues-museum\/#agyptisches-museum\">\u00c4gyptisches Museum und die B\u00fcste der Nofretete<\/a><\/li>\n<li><a href=\"https:\/\/berlinwanderlust.com\/de\/aktivitaeten\/museen\/neues-museum\/#archaologie\">Arch\u00e4ologische Funde und antike Zivilisationen<\/a><\/li>\n<li><a href=\"https:\/\/berlinwanderlust.com\/de\/aktivitaeten\/museen\/neues-museum\/#architektur\">Die Architektur des Neuen Museums<\/a><\/li>\n<li><a href=\"https:\/\/berlinwanderlust.com\/de\/aktivitaeten\/museen\/neues-museum\/#berliner-geschichte\">Verbindungen zur Berliner Geschichte<\/a><\/li>\n<li><a href=\"https:\/\/berlinwanderlust.com\/de\/aktivitaeten\/museen\/neues-museum\/#sonderausstellungen\">Sonderausstellungen und Bildungsprogramme<\/a><\/li>\n<li><a href=\"https:\/\/berlinwanderlust.com\/de\/aktivitaeten\/museen\/neues-museum\/#anfahrt\">Anfahrt &amp; Google Maps<\/a><\/li>\n<li><a href=\"https:\/\/berlinwanderlust.com\/de\/aktivitaeten\/museen\/neues-museum\/#faq\">FAQ<\/a><\/li>\n<\/ul>\n<h2 id=\"einfuehrung\">Einf\u00fchrung<\/h2>\n<p>Das <strong>Neues Museum<\/strong> in Berlin ist eines der wichtigsten Museen auf der Museumsinsel. Es beherbergt das ber\u00fchmte \u00c4gyptische Museum mit der weltbekannten B\u00fcste der Nofretete sowie arch\u00e4ologische Funde aus verschiedenen antiken Zivilisationen.<\/p>\n<h2 id=\"agyptisches-museum\">\u00c4gyptisches Museum und die B\u00fcste der Nofretete<\/h2>\n<p>Das Highlight des Neuen Museums ist die B\u00fcste der K\u00f6nigin Nofretete, eines der bekanntesten Kunstwerke der Antike. Neben der B\u00fcste zeigt das \u00c4gyptische Museum eine beeindruckende Sammlung von Artefakten aus dem alten \u00c4gypten, darunter Statuen, Schmuck und Grabbeigaben.<\/p>\n<h2 id=\"archaologie\">Arch\u00e4ologische Funde und antike Zivilisationen<\/h2>\n<p>Das Museum pr\u00e4sentiert zudem arch\u00e4ologische Sch\u00e4tze aus der Fr\u00fchgeschichte, wie pr\u00e4historische Werkzeuge, antike Skulpturen und Kunstwerke aus der Bronzezeit. Es bietet einen faszinierenden Einblick in die Entwicklung der Zivilisationen von der Steinzeit bis zur klassischen Antike.<\/p>\n<h2 id=\"architektur\">Die Architektur des Neuen Museums<\/h2>\n<p>Das Neue Museum wurde Mitte des 19. Jahrhunderts von Friedrich August St\u00fcler entworfen. Nach schweren Sch\u00e4den im Zweiten Weltkrieg wurde es in den 2000er Jahren wieder aufgebaut. Heute beeindruckt die gelungene Kombination aus historischer und moderner Architektur die Besucher.<\/p>\n<h2 id=\"berliner-geschichte\">Verbindungen zur Berliner Geschichte<\/h2>\n<p>Das Museum ist nicht nur eine Sammlung von Kunst und Geschichte, sondern auch ein Symbol f\u00fcr die Widerstandsf\u00e4higkeit und Erneuerung Berlins. Der Wiederaufbau des Neuen Museums ist ein Zeugnis f\u00fcr die Rekonstruktion der Stadt nach dem Zweiten Weltkrieg.<\/p>\n<h2 id=\"sonderausstellungen\">Sonderausstellungen und Bildungsprogramme<\/h2>\n<p>Das Neue Museum bietet regelm\u00e4\u00dfig Sonderausstellungen, die Themen aus verschiedenen Epochen und Regionen behandeln. Es gibt auch Bildungsprogramme, die speziell f\u00fcr Sch\u00fcler, Familien und interessierte Erwachsene entwickelt wurden.<\/p>\n<h2 id=\"anfahrt\">Anfahrt &amp; Google Maps<\/h2>\n<p>Das Neue Museum liegt auf der Museumsinsel im Herzen Berlins und ist leicht mit \u00f6ffentlichen Verkehrsmitteln zu erreichen. Der Treffpunkt f\u00fcr F\u00fchrungen ist am Haupteingang.<\/p>\n<p><iframe style=\"border: 0;\" src=\"https:\/\/www.google.com\/maps\/embed?pb=!1m18!1m12!1m3!1d2429.6975151210433!2d13.395097715981895!3d52.52070347981679!2m3!1f0!2f0!3f0!3m2!1i1024!2i768!4f13.1!3m3!1m2!1s0x47a851d7fc38081b%3A0xcba832dc93b80be1!2sNeues%20Museum!5e0!3m2!1sen!2sde!4v1695789034567!5m2!1sen!2sde\" width=\"600\" height=\"450\" allowfullscreen=\"allowfullscreen\"><\/iframe><\/p>\n<h2 id=\"faq\">FAQ<\/h2>\n<p><strong>1. Braucht man eine Eintrittskarte f\u00fcr das Neue Museum?<\/strong><br \/>\nJa, der Eintritt ist kostenpflichtig. Du kannst deine <a href=\"https:\/\/gyg.me\/kB6sxT0a\" target=\"_blank\" rel=\"nofollow noopener\">Eintrittskarte hier online kaufen<\/a>.<\/p>\n<p><strong>2. Wie lange dauert der Besuch des Neuen Museums?<\/strong><br \/>\nEin durchschnittlicher Besuch dauert etwa 2 bis 3 Stunden, abh\u00e4ngig vom Interesse an den Ausstellungen.<\/p>\n<p><strong>3. Gibt es F\u00fchrungen und Audioguides?<\/strong><br \/>\nJa, es gibt regelm\u00e4\u00dfige F\u00fchrungen und Audioguides, die in der Eintrittskarte inbegriffen sind.<\/p>\n<p><strong>4. Ist das Neue Museum barrierefrei?<\/strong><br \/>\nJa, das Museum ist vollst\u00e4ndig barrierefrei und verf\u00fcgt \u00fcber entsprechende Einrichtungen.<br \/>\n[\/vc_column_text][vc_zigzag][vc_column_text]Hier bekommst Du die <a href=\"https:\/\/www.getyourguide.de\/neues-museum-l3099\/berlin-neues-museum-eintrittskarte-t70850\/?partner_id=OKFS1TT&amp;utm_medium=online_publisher\" target=\"_blank\" rel=\"noopener\"><strong>Eintrittskarten f\u00fcr das Neue Museum<\/strong><\/a>[\/vc_column_text][vc_column_text]<\/p>\n<div data-gyg-href=\"https:\/\/widget.getyourguide.com\/default\/activities.frame\" data-gyg-locale-code=\"de-DE\" data-gyg-widget=\"activities\" data-gyg-number-of-items=\"3\" data-gyg-partner-id=\"OKFS1TT\" data-gyg-q=\"neues museum eintrittskarte\">Powered by <a href=\"https:\/\/www.getyourguide.com\/-t70850\" target=\"_blank\" rel=\"noopener sponsored\">GetYourGuide<\/a><\/div>\n<p>[\/vc_column_text][\/vc_column][\/vc_row][vc_row][vc_column][vc_column_text]<\/p>\n<h3>Museumsbesuche in Berlin bei Regenwetter \u2013 Tipps f\u00fcr Aktivit\u00e4ten in Berlins Museen bei schlechtem Wetter<\/h3>\n<p>Berlin bietet eine F\u00fclle an spannenden Aktivit\u00e4ten, die sich perfekt f\u00fcr regnerische Tage eignen. Ein Besuch in einem der zahlreichen Museen der Stadt ist eine gro\u00dfartige M\u00f6glichkeit, um schlechtem Wetter zu entkommen und gleichzeitig in die Geschichte, Kunst und Kultur Berlins einzutauchen. Besonders die <strong>Museumsinsel<\/strong>, ein UNESCO-Weltkulturerbe, ist ein idealer Ort, um mehrere faszinierende Museen an einem Tag zu entdecken. Die beeindruckende Sammlung an antiken Artefakten und Kunstwerken macht den Besuch unvergesslich.<\/p>\n<p>Besonders empfehlenswert sind:<\/p>\n<ul>\n<li><strong>Neues Museum<\/strong>: Mit seiner weltber\u00fchmten Sammlung antiker Kunst, darunter die B\u00fcste der Nofretete, bietet das Neue Museum einen spannenden Einblick in die Zivilisationen der Vergangenheit. Perfekt, um einen verregneten Tag auf der Museumsinsel zu verbringen.<\/li>\n<li><a href=\"https:\/\/berlinwanderlust.com\/de\/aktivitaeten\/museen\/pergamon-museum\/\"><strong>Pergamonmuseum<\/strong><\/a>: Eines der meistbesuchten Museen Berlins, das den Pergamonaltar und das Ischtar-Tor beherbergt \u2013 beeindruckende Monumente antiker Architektur.<\/li>\n<li><a href=\"https:\/\/berlinwanderlust.com\/de\/aktivitaeten\/museen\/altes-museum\/\"><strong>Altes Museum<\/strong><\/a>: Das erste Museum auf der Museumsinsel, das mit seinen griechischen und r\u00f6mischen Skulpturen beeindruckt.<\/li>\n<\/ul>\n<p>Zus\u00e4tzlich bieten die Berliner Museen oft Sonderausstellungen und interaktive Programme an, die sowohl f\u00fcr Erwachsene als auch f\u00fcr Kinder spannend sind. Hier kannst du stundenlang die Vergangenheit Berlins und der Weltgeschichte erkunden, ohne das ungem\u00fctliche Wetter drau\u00dfen zu sp\u00fcren.<\/p>\n<p>F\u00fcr bequeme und uneingeschr\u00e4nkte Besuche mehrerer Museen lohnt sich die <strong>Berlin Welcome Card<\/strong>, mit der du nicht nur Zugang zu vielen Attraktionen bekommst, sondern auch den \u00f6ffentlichen Nahverkehr in Berlin nutzen kannst.<\/p>\n<hr \/>\n<h3><strong>Tipp<\/strong>: Buche deine <strong>Berlin Welcome Card<\/strong> <a href=\"https:\/\/gyg.me\/GFPs36SI\" target=\"_new\" rel=\"noopener\">hier online<\/a>, um unbegrenzt die Berliner Museen zu besuchen und gleichzeitig den Nahverkehr zu nutzen \u2013 perfekt f\u00fcr Regentage!<\/h3>\n<p>[\/vc_column_text][\/vc_column][\/vc_row]<\/p>\n","protected":false},"excerpt":{"rendered":"<p>[vc_row][vc_column][vc_column_text] &nbsp; &nbsp; [\/vc_column_text][vc_single_image image=&#8220;1298&#8243; img_size=&#8220;large&#8220; alignment=&#8220;center&#8220;][vc_column_text] Neues Museum Berlin: Eintrittskarten und Besucherinformationen Inhaltsverzeichnis Einf\u00fchrung \u00c4gyptisches Museum und die B\u00fcste der Nofretete Arch\u00e4ologische Funde und antike Zivilisationen Die Architektur des Neuen Museums Verbindungen zur Berliner Geschichte Sonderausstellungen und Bildungsprogramme Anfahrt &amp; Google Maps FAQ Einf\u00fchrung Das Neues Museum in Berlin ist eines der wichtigsten Museen [&hellip;]<\/p>\n","protected":false},"author":1,"featured_media":0,"parent":207,"menu_order":0,"comment_status":"closed","ping_status":"closed","template":"","meta":{"_sitemap_exclude":false,"_sitemap_priority":"","_sitemap_frequency":"","site-sidebar-layout":"no-sidebar","site-content-layout":"plain-container","ast-site-content-layout":"normal-width-container","site-content-style":"unboxed","site-sidebar-style":"unboxed","ast-global-header-display":"","ast-banner-title-visibility":"","ast-main-header-display":"","ast-hfb-above-header-display":"","ast-hfb-below-header-display":"","ast-hfb-mobile-header-display":"","site-post-title":"disabled","ast-breadcrumbs-content":"","ast-featured-img":"disabled","footer-sml-layout":"","ast-disable-related-posts":"","theme-transparent-header-meta":"default","adv-header-id-meta":"","stick-header-meta":"","header-above-stick-meta":"","header-main-stick-meta":"","header-below-stick-meta":"","astra-migrate-meta-layouts":"set","ast-page-background-enabled":"default","ast-page-background-meta":{"desktop":{"background-color":"var(--ast-global-color-4)","background-image":"","background-repeat":"repeat","background-position":"center center","background-size":"auto","background-attachment":"scroll","background-type":"","background-media":"","overlay-type":"","overlay-color":"","overlay-opacity":"","overlay-gradient":""},"tablet":{"background-color":"","background-image":"","background-repeat":"repeat","background-position":"center center","background-size":"auto","background-attachment":"scroll","background-type":"","background-media":"","overlay-type":"","overlay-color":"","overlay-opacity":"","overlay-gradient":""},"mobile":{"background-color":"","background-image":"","background-repeat":"repeat","background-position":"center center","background-size":"auto","background-attachment":"scroll","background-type":"","background-media":"","overlay-type":"","overlay-color":"","overlay-opacity":"","overlay-gradient":""}},"ast-content-background-meta":{"desktop":{"background-color":"var(--ast-global-color-5)","background-image":"","background-repeat":"repeat","background-position":"center center","background-size":"auto","background-attachment":"scroll","background-type":"","background-media":"","overlay-type":"","overlay-color":"","overlay-opacity":"","overlay-gradient":""},"tablet":{"background-color":"var(--ast-global-color-5)","background-image":"","background-repeat":"repeat","background-position":"center center","background-size":"auto","background-attachment":"scroll","background-type":"","background-media":"","overlay-type":"","overlay-color":"","overlay-opacity":"","overlay-gradient":""},"mobile":{"background-color":"var(--ast-global-color-5)","background-image":"","background-repeat":"repeat","background-position":"center center","background-size":"auto","background-attachment":"scroll","background-type":"","background-media":"","overlay-type":"","overlay-color":"","overlay-opacity":"","overlay-gradient":""}},"footnotes":""},"class_list":["post-564","page","type-page","status-publish","hentry"],"_links":{"self":[{"href":"https:\/\/berlinwanderlust.com\/de\/wp-json\/wp\/v2\/pages\/564","targetHints":{"allow":["GET"]}}],"collection":[{"href":"https:\/\/berlinwanderlust.com\/de\/wp-json\/wp\/v2\/pages"}],"about":[{"href":"https:\/\/berlinwanderlust.com\/de\/wp-json\/wp\/v2\/types\/page"}],"author":[{"embeddable":true,"href":"https:\/\/berlinwanderlust.com\/de\/wp-json\/wp\/v2\/users\/1"}],"replies":[{"embeddable":true,"href":"https:\/\/berlinwanderlust.com\/de\/wp-json\/wp\/v2\/comments?post=564"}],"version-history":[{"count":0,"href":"https:\/\/berlinwanderlust.com\/de\/wp-json\/wp\/v2\/pages\/564\/revisions"}],"up":[{"embeddable":true,"href":"https:\/\/berlinwanderlust.com\/de\/wp-json\/wp\/v2\/pages\/207"}],"wp:attachment":[{"href":"https:\/\/berlinwanderlust.com\/de\/wp-json\/wp\/v2\/media?parent=564"}],"curies":[{"name":"wp","href":"https:\/\/api.w.org\/{rel}","templated":true}]}}