{"id":555,"date":"2023-07-21T10:48:31","date_gmt":"2023-07-21T08:48:31","guid":{"rendered":"https:\/\/berlinwanderlust.com\/?page_id=555"},"modified":"2023-09-10T15:20:32","modified_gmt":"2023-09-10T13:20:32","slug":"topographie-des-terrors","status":"publish","type":"page","link":"https:\/\/berlinwanderlust.com\/de\/aktivitaeten\/museen\/topographie-des-terrors\/","title":{"rendered":"Topographie des Terrors"},"content":{"rendered":"<p>[vc_row][vc_column width=&#8220;2\/3&#8243;][vc_column_text]<\/p>\n<p>&nbsp;<\/p>\n<p>&nbsp;<\/p>\n<p>[\/vc_column_text][vc_custom_heading text=&#8220;Topographie des Terrors: Die dunkle Geschichte Nazideutschlands entr\u00e4tseln&#8220; font_container=&#8220;tag:h1|font_size:30|text_align:left|color:%23d3065b&#8220;][vc_column_text]<\/p>\n<div class=\"group w-full text-gray-800 dark:text-gray-100 border-b border-black\/10 dark:border-gray-900\/50 bg-gray-50 dark:bg-[#444654]\">\n<div class=\"flex p-4 gap-4 text-base md:gap-6 md:max-w-2xl lg:max-w-[38rem] xl:max-w-3xl md:py-6 lg:px-0 m-auto\">\n<div class=\"relative flex w-[calc(100%-50px)] flex-col gap-1 md:gap-3 lg:w-[calc(100%-115px)]\">\n<div class=\"flex flex-grow flex-col gap-3\">\n<div class=\"min-h-[20px] flex items-start overflow-x-auto whitespace-pre-wrap break-words flex-col gap-4\">\n<div class=\"markdown prose w-full break-words dark:prose-invert light\">\n<p>Die Berliner Topographie des Terrors ist eine d\u00fcstere Erinnerung an eines der dunkelsten Kapitel der Menschheitsgeschichte. Auf dem Gel\u00e4nde des ehemaligen Gestapo- und SS-Hauptquartiers gelegen, bietet dieses Museum und die Gedenkst\u00e4tte eine ergreifende und ersch\u00fctternde Auseinandersetzung mit den Verbrechen, die w\u00e4hrend des Nazi-Regimes begangen wurden.<\/p>\n<p><strong>Ein Ort der Infamie: <\/strong><\/p>\n<p>Die Topographie des Terrors steht auf dem Gel\u00e4nde, auf dem die Maschinerie des Terrors einst inszeniert wurde. Beim Gang durch die erhaltenen Keller und \u00dcberreste der Geb\u00e4ude werden die Besucher in die Vergangenheit zur\u00fcckversetzt und werden Zeuge der Schrecken, die sich in diesen Mauern abspielten.<\/p>\n<p><strong>Enth\u00fcllung der Nazi-Gr\u00e4ueltaten:<\/strong><\/p>\n<p>Anhand von Fotografien, Dokumenten und historischen Exponaten deckt das Museum die Schichten der Propaganda auf und enth\u00fcllt die Wahrheit \u00fcber die Gr\u00e4ueltaten der Nazis. Die Besucher werden mit der grausamen Realit\u00e4t der Verfolgung, des Massenmords und der systematischen Unterdr\u00fcckung von Juden, politisch Andersdenkenden und anderen Zielgruppen konfrontiert.<\/p>\n<p><strong>Stimmen der Opfer: <\/strong><\/p>\n<p>Pers\u00f6nliche Zeugnisse und Geschichten von \u00dcberlebenden bieten eine zutiefst bewegende und menschliche Perspektive auf die tiefgreifenden Auswirkungen des Nazi-Regimes. Diese Berichte erinnern eindringlich an die Widerstandsf\u00e4higkeit und den Mut derjenigen, die unvorstellbares Leid ertragen mussten.<\/p>\n<p><strong>Die Mechanismen der Gewaltherrschaft verstehen:<\/strong><\/p>\n<p>Die Topographie des Terrors befasst sich mit den Mechanismen, die Gestapo und SS zur Kontrolle und Unterdr\u00fcckung der Gesellschaft einsetzten. Es wird aufgezeigt, wie \u00dcberwachung, Propaganda und die Unterdr\u00fcckung abweichender Meinungen zur Machterhaltung des totalit\u00e4ren Regimes beitrugen.<\/p>\n<p><strong>Nachdenken \u00fcber die Gegenwart und Zukunft: <\/strong><\/p>\n<p>W\u00e4hrend sich die Besucher mit der schmerzhaften Geschichte auseinandersetzen, die in der Topographie des Terrors erz\u00e4hlt wird, werden sie aufgefordert, \u00fcber die Gegenwart und die Zukunft nachzudenken. Das Museum regt zum Reflektieren dar\u00fcber an, wie wichtig es ist, die Menschenrechte zu sch\u00fctzen, Toleranz zu f\u00f6rdern und zu verhindern, dass sich solche Gr\u00e4ueltaten wiederholen.<\/p>\n<p><strong>Ehrung der Opfer:<\/strong><\/p>\n<p>Die Gedenkst\u00e4tte w\u00fcrdigt die unz\u00e4hligen Opfer der nationalsozialistischen Verfolgung. Das Dokumentationszentrum und die Mauer des Gedenkens erinnern auf eindringliche Weise an die menschlichen Kosten des Totalitarismus.<\/p>\n<p><strong>Bildung f\u00fcr k\u00fcnftige Generationen: <\/strong><\/p>\n<p>Die Topographie des Terrors ist nicht nur ein Ort des Gedenkens, sondern auch ein Ort der Bildung. Durch F\u00fchrungen, Workshops und Vortr\u00e4ge arbeitet das Museum aktiv mit Schulen und Sch\u00fclern zusammen, um das Verst\u00e4ndnis f\u00fcr die Vergangenheit zu f\u00f6rdern und eine gerechtere und integrativere Zukunft zu gestalten.<\/p>\n<p><strong>Ein Symbol der Erinnerung und der Warnung:<\/strong><\/p>\n<p>Das Museum \u00a0ist ein Symbol der Erinnerung und der Warnung, das daf\u00fcr sorgt, dass die w\u00e4hrend der NS-Zeit begangenen Gr\u00e4ueltaten niemals vergessen werden. Sie ruft den Einzelnen und die Gesellschaft auf, wachsam zu bleiben gegen\u00fcber den Gefahren von Intoleranz und Hass.<\/p>\n<p><strong>Eine Reise durch die Geschichte: <\/strong><\/p>\n<p>Ein Besuch des Museums ist eine eindringliche und transformative Reise durch die Geschichte. Sie zwingt uns, uns mit den dunkelsten Seiten der Menschheit zu konfrontieren, und regt gleichzeitig dazu an, sich f\u00fcr den Aufbau einer Welt einzusetzen, die auf Respekt, W\u00fcrde und Empathie beruht.<\/p>\n<p>Die Berliner Topographie des Terrors ist ein Zeugnis f\u00fcr die Reslienz der Menschheit gegen die Tyrannei. Es ist ein Ort, an dem wir das Andenken an die Opfer ehren, aus der Vergangenheit lernen und unsere Entschlossenheit erneuern, uns gegen Ungerechtigkeit, Hass und Gewalt in all ihren Formen zu stellen. Wenn wir durch diese Gedenkst\u00e4tte gehen, werden wir daran erinnert, dass es unsere gemeinsame Verantwortung ist, daf\u00fcr zu sorgen, dass sich die Schrecken der Vergangenheit niemals wiederholen.<\/p>\n<\/div>\n<\/div>\n<\/div>\n<\/div>\n<\/div>\n<\/div>\n<p>[\/vc_column_text][vc_zigzag][vc_column_text]Hier bekommst Du <a href=\"https:\/\/www.getyourguide.de\/judisches-museum-berlin-l4297\/berlin-eintrittskarte-fur-das-judisches-museum-t390845\/?partner_id=OKFS1TT&amp;utm_medium=online_publisher\"><strong>Eintrittskarten f\u00fcr das J\u00fcdische Museum<\/strong><\/a>[\/vc_column_text][vc_column_text]Ebenfalls interessant: <a href=\"https:\/\/berlinwanderlust.com\/de\/akitvititaeten\/museen\/juedisches-museum\/\">J\u00fcdisches Museum<\/a>[\/vc_column_text][\/vc_column][vc_column width=&#8220;1\/3&#8243;][vc_column_text]<\/p>\n<p>&nbsp;<\/p>\n<p>[\/vc_column_text][vc_column_text]<\/p>\n<div data-gyg-href=\"https:\/\/widget.getyourguide.com\/default\/activities.frame\" data-gyg-locale-code=\"de-DE\" data-gyg-widget=\"activities\" data-gyg-number-of-items=\"3\" data-gyg-partner-id=\"OKFS1TT\" data-gyg-tour-ids=\"171918,408441,390845\"><\/div>\n<p>[\/vc_column_text][\/vc_column][\/vc_row]<\/p>\n","protected":false},"excerpt":{"rendered":"<p>[vc_row][vc_column width=&#8220;2\/3&#8243;][vc_column_text] &nbsp; &nbsp; [\/vc_column_text][vc_custom_heading text=&#8220;Topographie des Terrors: Die dunkle Geschichte Nazideutschlands entr\u00e4tseln&#8220; font_container=&#8220;tag:h1|font_size:30|text_align:left|color:%23d3065b&#8220;][vc_column_text] Die Berliner Topographie des Terrors ist eine d\u00fcstere Erinnerung an eines der dunkelsten Kapitel der Menschheitsgeschichte. Auf dem Gel\u00e4nde des ehemaligen Gestapo- und SS-Hauptquartiers gelegen, bietet dieses Museum und die Gedenkst\u00e4tte eine ergreifende und ersch\u00fctternde Auseinandersetzung mit den Verbrechen, die w\u00e4hrend [&hellip;]<\/p>\n","protected":false},"author":1,"featured_media":0,"parent":207,"menu_order":0,"comment_status":"closed","ping_status":"closed","template":"","meta":{"site-sidebar-layout":"no-sidebar","site-content-layout":"plain-container","ast-site-content-layout":"","site-content-style":"default","site-sidebar-style":"default","ast-global-header-display":"","ast-banner-title-visibility":"","ast-main-header-display":"","ast-hfb-above-header-display":"","ast-hfb-below-header-display":"","ast-hfb-mobile-header-display":"","site-post-title":"disabled","ast-breadcrumbs-content":"","ast-featured-img":"disabled","footer-sml-layout":"","theme-transparent-header-meta":"default","adv-header-id-meta":"","stick-header-meta":"","header-above-stick-meta":"","header-main-stick-meta":"","header-below-stick-meta":"","astra-migrate-meta-layouts":"default","ast-page-background-enabled":"default","ast-page-background-meta":{"desktop":{"background-color":"var(--ast-global-color-4)","background-image":"","background-repeat":"repeat","background-position":"center center","background-size":"auto","background-attachment":"scroll","background-type":"","background-media":"","overlay-type":"","overlay-color":"","overlay-opacity":"","overlay-gradient":""},"tablet":{"background-color":"","background-image":"","background-repeat":"repeat","background-position":"center center","background-size":"auto","background-attachment":"scroll","background-type":"","background-media":"","overlay-type":"","overlay-color":"","overlay-opacity":"","overlay-gradient":""},"mobile":{"background-color":"","background-image":"","background-repeat":"repeat","background-position":"center center","background-size":"auto","background-attachment":"scroll","background-type":"","background-media":"","overlay-type":"","overlay-color":"","overlay-opacity":"","overlay-gradient":""}},"ast-content-background-meta":{"desktop":{"background-color":"var(--ast-global-color-5)","background-image":"","background-repeat":"repeat","background-position":"center center","background-size":"auto","background-attachment":"scroll","background-type":"","background-media":"","overlay-type":"","overlay-color":"","overlay-opacity":"","overlay-gradient":""},"tablet":{"background-color":"var(--ast-global-color-5)","background-image":"","background-repeat":"repeat","background-position":"center center","background-size":"auto","background-attachment":"scroll","background-type":"","background-media":"","overlay-type":"","overlay-color":"","overlay-opacity":"","overlay-gradient":""},"mobile":{"background-color":"var(--ast-global-color-5)","background-image":"","background-repeat":"repeat","background-position":"center center","background-size":"auto","background-attachment":"scroll","background-type":"","background-media":"","overlay-type":"","overlay-color":"","overlay-opacity":"","overlay-gradient":""}},"footnotes":""},"class_list":["post-555","page","type-page","status-publish","hentry"],"aioseo_notices":[],"_links":{"self":[{"href":"https:\/\/berlinwanderlust.com\/de\/wp-json\/wp\/v2\/pages\/555","targetHints":{"allow":["GET"]}}],"collection":[{"href":"https:\/\/berlinwanderlust.com\/de\/wp-json\/wp\/v2\/pages"}],"about":[{"href":"https:\/\/berlinwanderlust.com\/de\/wp-json\/wp\/v2\/types\/page"}],"author":[{"embeddable":true,"href":"https:\/\/berlinwanderlust.com\/de\/wp-json\/wp\/v2\/users\/1"}],"replies":[{"embeddable":true,"href":"https:\/\/berlinwanderlust.com\/de\/wp-json\/wp\/v2\/comments?post=555"}],"version-history":[{"count":0,"href":"https:\/\/berlinwanderlust.com\/de\/wp-json\/wp\/v2\/pages\/555\/revisions"}],"up":[{"embeddable":true,"href":"https:\/\/berlinwanderlust.com\/de\/wp-json\/wp\/v2\/pages\/207"}],"wp:attachment":[{"href":"https:\/\/berlinwanderlust.com\/de\/wp-json\/wp\/v2\/media?parent=555"}],"curies":[{"name":"wp","href":"https:\/\/api.w.org\/{rel}","templated":true}]}}