{"id":486,"date":"2023-07-19T10:29:26","date_gmt":"2023-07-19T08:29:26","guid":{"rendered":"https:\/\/berlinwanderlust.com\/?page_id=486"},"modified":"2023-09-11T23:45:13","modified_gmt":"2023-09-11T21:45:13","slug":"u-bahnplan","status":"publish","type":"page","link":"https:\/\/berlinwanderlust.com\/de\/verkehrsmittel\/u-bahnplan\/","title":{"rendered":"U-Bahnplan"},"content":{"rendered":"<p>[vc_row][vc_column width=&#8220;2\/3&#8243;][vc_column_text]<\/p>\n<p>&nbsp;<\/p>\n<p>&nbsp;<\/p>\n<p>[\/vc_column_text][vc_custom_heading text=&#8220;Berlins U-Bahn-Plan erkunden: Navigiere durch das Ringbahn-, U-Bahn- und S-Bahn-Netz&#8220; font_container=&#8220;tag:h1|font_size:30|text_align:left|color:%23d3065b&#8220;][vc_column_text]Der Berliner U-Bahn-Plan ist ein umfassender Leitfaden f\u00fcr die Navigation im effizienten und vernetzten \u00f6ffentlichen Verkehrssystem der Stadt. Lass uns die Details der einzelnen Netze und ihren Beitrag zu Berlins nahtloser Mobilit\u00e4t n\u00e4her betrachten.<\/p>\n<p><strong>Ringbahn:<\/strong> Die Ringbahn ist eine kreisf\u00f6rmige Bahnlinie, die die zentralen Bezirke Berlins umrundet. Sie besteht aus den Linien S41 und S42, die eine durchgehende Schleife um die Stadt bilden. Die Ringbahn bietet eine bequeme M\u00f6glichkeit, das Herz Berlins zu erkunden, indem sie an wichtigen Knotenpunkten wie dem Alexanderplatz, dem Hauptbahnhof und dem Ostbahnhof vorbeif\u00e4hrt. Egal, ob Du als Tourist die Wahrzeichen der Stadt erkundest oder als Einheimischer zur Arbeit f\u00e4hrst, die Ringbahn bietet eine landschaftlich reizvolle Reise mit zahlreichen Verbindungen zu anderen Verkehrslinien.<\/p>\n<p><strong>U-Bahn:<\/strong> Die Berliner <a href=\"https:\/\/berlinwanderlust.com\/de\/verkehrsmittel\/u-bahn\/\">U-Bahn<\/a>, dargestellt durch den Buchstaben U, ist ein unterirdisches U-Bahn-Netz, das sich \u00fcber die ganze Stadt erstreckt. Es besteht aus mehreren Linien, die durch Nummern und Farben auf dem U-Bahn-Plan gekennzeichnet sind. Die U-Bahn ist ein schnelles und effizientes Verkehrsmittel, das verschiedene Bezirke und Stadtteile miteinander verbindet. Mit ihrem ausgedehnten Streckennetz kannst Du mit der U-Bahn beliebte Ziele wie das <a href=\"https:\/\/berlinwanderlust.com\/de\/akitvititaeten\/locations\/brandenburger-tor\/\">Brandenburger Tor<\/a>, den Kurf\u00fcrstendamm und die Warschauer Stra\u00dfe leicht erreichen. Unabh\u00e4ngig davon, ob Du Sehensw\u00fcrdigkeiten besuchst, einkaufst oder das pulsierende Nachtleben der Stadt genie\u00dft, die U-Bahn ist eine bequeme Wahl, um sich in Berlin zu bewegen.<\/p>\n<p><strong>S-Bahn:<\/strong> Die Berliner <a href=\"https:\/\/berlinwanderlust.com\/de\/verkehrsmittel\/s-bahn\/\">S-Bahn<\/a>, dargestellt durch den Buchstaben S, ist ein oberirdisches S-Bahn-Netz, das sich \u00fcber das Stadtzentrum hinaus erstreckt. Es verbindet Berlin mit den umliegenden Vororten und den angrenzenden Regionen. Das S-Bahn-Netz besteht aus mehreren Linien, die ein nahtloses Reisen innerhalb und au\u00dferhalb Berlins erm\u00f6glichen. Auf dem Weg zur Arbeit oder bei der Erkundung der Au\u00dfenbezirke bietet die S-Bahn einen zuverl\u00e4ssigen Service und h\u00e4ufige Verbindungen zu wichtigen Verkehrsknotenpunkten. Auf der Fahrt durch die Stadt bieten sich reizvolle Ausblicke, man kommt durch verschiedene Stadtteile und kann die urbane Landschaft in sich aufnehmen.<\/p>\n<p>Der Berliner U-Bahn-Plan bietet einen klaren \u00dcberblick \u00fcber das U-Bahn- und S-Bahn-Netz, so dass die Planung Ihrer Fahrten und die Navigation durch das \u00f6ffentliche Verkehrssystem der Stadt einfach ist. Die Fahrscheine sind sowohl f\u00fcr die U-Bahn als auch f\u00fcr die S-Bahn g\u00fcltig, was ein bequemes Umsteigen und einen reibungslosen Ablauf erm\u00f6glicht.<\/p>\n<p>Wenn Du Berlin mit dem U-Bahn-Plan erkundest, entdeckst Du die reiche Geschichte der Stadt, die verschiedenen Stadtteile und die Wahrzeichen der Stadt. Jede Linie und jede Station hat ihren eigenen Charakter und ihre eigenen Attraktionen. Der Berliner U-Bahn-Plan ist der ideale Wegweiser, um die lebendige Atmosph\u00e4re des Alexanderplatzes zu erleben, durch die historischen Stra\u00dfen der Friedrichstra\u00dfe zu schlendern oder die Gr\u00fcnanlagen am Tierpark zu genie\u00dfen.<\/p>\n<p>Steige also in die U- oder S-Bahn, folge dem U-Bahn-Plan und lass dich von Berlins effizientem und vernetztem Verkehrssystem auf eine aufregende Reise durch diese dynamische Stadt mitnehmen.[\/vc_column_text][vc_column_text]Hier bekommst Du ein <a href=\"https:\/\/www.getyourguide.de\/berlin-l17\/entdecke-berlin-mit-den-offentlichen-verkehrsmitteln-der-bvg-t507828\/?partner_id=OKFS1TT&amp;utm_medium=online_publisher\" target=\"_blank\" rel=\"noopener\"><strong>BVG-Ticket<\/strong><\/a>[\/vc_column_text][\/vc_column][vc_column width=&#8220;1\/3&#8243;][vc_column_text]<\/p>\n<p>&nbsp;<\/p>\n<p>[\/vc_column_text][vc_column_text]<\/p>\n<div data-gyg-href=\"https:\/\/widget.getyourguide.com\/default\/activities.frame\" data-gyg-locale-code=\"de-DE\" data-gyg-widget=\"activities\" data-gyg-number-of-items=\"3\" data-gyg-partner-id=\"OKFS1TT\" data-gyg-tour-ids=\"507828,6045,88868\"><\/div>\n<p>[\/vc_column_text][\/vc_column][\/vc_row][vc_row][vc_column][vc_single_image image=&#8220;485&#8243; img_size=&#8220;1400&#215;1000&#8243; alignment=&#8220;center&#8220; style=&#8220;vc_box_shadow&#8220; onclick=&#8220;link_image&#8220;][\/vc_column][\/vc_row]<\/p>\n","protected":false},"excerpt":{"rendered":"<p>[vc_row][vc_column width=&#8220;2\/3&#8243;][vc_column_text] &nbsp; &nbsp; [\/vc_column_text][vc_custom_heading text=&#8220;Berlins U-Bahn-Plan erkunden: Navigiere durch das Ringbahn-, U-Bahn- und S-Bahn-Netz&#8220; font_container=&#8220;tag:h1|font_size:30|text_align:left|color:%23d3065b&#8220;][vc_column_text]Der Berliner U-Bahn-Plan ist ein umfassender Leitfaden f\u00fcr die Navigation im effizienten und vernetzten \u00f6ffentlichen Verkehrssystem der Stadt. Lass uns die Details der einzelnen Netze und ihren Beitrag zu Berlins nahtloser Mobilit\u00e4t n\u00e4her betrachten. Ringbahn: Die Ringbahn ist eine kreisf\u00f6rmige [&hellip;]<\/p>\n","protected":false},"author":1,"featured_media":0,"parent":150,"menu_order":0,"comment_status":"closed","ping_status":"closed","template":"","meta":{"_sitemap_exclude":false,"_sitemap_priority":"","_sitemap_frequency":"","site-sidebar-layout":"no-sidebar","site-content-layout":"plain-container","ast-site-content-layout":"default","site-content-style":"default","site-sidebar-style":"default","ast-global-header-display":"","ast-banner-title-visibility":"","ast-main-header-display":"","ast-hfb-above-header-display":"","ast-hfb-below-header-display":"","ast-hfb-mobile-header-display":"","site-post-title":"disabled","ast-breadcrumbs-content":"","ast-featured-img":"disabled","footer-sml-layout":"","ast-disable-related-posts":"","theme-transparent-header-meta":"default","adv-header-id-meta":"","stick-header-meta":"","header-above-stick-meta":"","header-main-stick-meta":"","header-below-stick-meta":"","astra-migrate-meta-layouts":"default","ast-page-background-enabled":"default","ast-page-background-meta":{"desktop":{"background-color":"var(--ast-global-color-4)","background-image":"","background-repeat":"repeat","background-position":"center center","background-size":"auto","background-attachment":"scroll","background-type":"","background-media":"","overlay-type":"","overlay-color":"","overlay-opacity":"","overlay-gradient":""},"tablet":{"background-color":"","background-image":"","background-repeat":"repeat","background-position":"center center","background-size":"auto","background-attachment":"scroll","background-type":"","background-media":"","overlay-type":"","overlay-color":"","overlay-opacity":"","overlay-gradient":""},"mobile":{"background-color":"","background-image":"","background-repeat":"repeat","background-position":"center center","background-size":"auto","background-attachment":"scroll","background-type":"","background-media":"","overlay-type":"","overlay-color":"","overlay-opacity":"","overlay-gradient":""}},"ast-content-background-meta":{"desktop":{"background-color":"var(--ast-global-color-5)","background-image":"","background-repeat":"repeat","background-position":"center center","background-size":"auto","background-attachment":"scroll","background-type":"","background-media":"","overlay-type":"","overlay-color":"","overlay-opacity":"","overlay-gradient":""},"tablet":{"background-color":"var(--ast-global-color-5)","background-image":"","background-repeat":"repeat","background-position":"center center","background-size":"auto","background-attachment":"scroll","background-type":"","background-media":"","overlay-type":"","overlay-color":"","overlay-opacity":"","overlay-gradient":""},"mobile":{"background-color":"var(--ast-global-color-5)","background-image":"","background-repeat":"repeat","background-position":"center center","background-size":"auto","background-attachment":"scroll","background-type":"","background-media":"","overlay-type":"","overlay-color":"","overlay-opacity":"","overlay-gradient":""}},"footnotes":""},"class_list":["post-486","page","type-page","status-publish","hentry"],"_links":{"self":[{"href":"https:\/\/berlinwanderlust.com\/de\/wp-json\/wp\/v2\/pages\/486","targetHints":{"allow":["GET"]}}],"collection":[{"href":"https:\/\/berlinwanderlust.com\/de\/wp-json\/wp\/v2\/pages"}],"about":[{"href":"https:\/\/berlinwanderlust.com\/de\/wp-json\/wp\/v2\/types\/page"}],"author":[{"embeddable":true,"href":"https:\/\/berlinwanderlust.com\/de\/wp-json\/wp\/v2\/users\/1"}],"replies":[{"embeddable":true,"href":"https:\/\/berlinwanderlust.com\/de\/wp-json\/wp\/v2\/comments?post=486"}],"version-history":[{"count":0,"href":"https:\/\/berlinwanderlust.com\/de\/wp-json\/wp\/v2\/pages\/486\/revisions"}],"up":[{"embeddable":true,"href":"https:\/\/berlinwanderlust.com\/de\/wp-json\/wp\/v2\/pages\/150"}],"wp:attachment":[{"href":"https:\/\/berlinwanderlust.com\/de\/wp-json\/wp\/v2\/media?parent=486"}],"curies":[{"name":"wp","href":"https:\/\/api.w.org\/{rel}","templated":true}]}}