{"id":480,"date":"2023-07-19T10:03:12","date_gmt":"2023-07-19T08:03:12","guid":{"rendered":"https:\/\/berlinwanderlust.com\/?page_id=480"},"modified":"2023-09-19T23:02:14","modified_gmt":"2023-09-19T21:02:14","slug":"tram","status":"publish","type":"page","link":"https:\/\/berlinwanderlust.com\/de\/verkehrsmittel\/tram\/","title":{"rendered":"Tram"},"content":{"rendered":"<p>[vc_row][vc_column width=&#8220;2\/3&#8243;][vc_column_text]<\/p>\n<p>&nbsp;<\/p>\n<p>&nbsp;<\/p>\n<p>[\/vc_column_text][vc_custom_heading text=&#8220;Berlins Stra\u00dfenbahn erkunden: Eine nostalgische Reise durch die Zeit und die Bezirke&#8220; font_container=&#8220;tag:h1|font_size:30|text_align:left|color:%23d3065b&#8220;][vc_column_text]Die Berliner Stra\u00dfenbahn ist nicht nur ein Verkehrsmittel, sondern auch ein charmantes Symbol f\u00fcr die reiche Geschichte und das urbane Gef\u00fcge der Stadt. An Bord einer dieser symboltr\u00e4chtigen gelben Stra\u00dfenbahnen kannst Du Dich auf eine nostalgische Fahrt durch die Zeit begeben, verschiedene Stadtteile durchqueren und in den pulsierenden Rhythmus von Berlin eintauchen.<\/p>\n<p>Das Stra\u00dfenbahnnetz in Berlin erstreckt sich \u00fcber mehrere Bezirke und verbindet sowohl das belebte Stadtzentrum als auch die ruhigeren Wohngebiete. Lass uns einige der Bezirke erkunden, durch die die Stra\u00dfenbahn anmutig gleitet:<\/p>\n<p>Mitte: Im Herzen Berlins schl\u00e4ngelt sich die Tram durch Mitte, vorbei an historischen Sehensw\u00fcrdigkeiten wie dem <a href=\"https:\/\/berlinwanderlust.com\/de\/akitvititaeten\/locations\/brandenburger-tor\/\">Brandenburger Tor<\/a> und dem Alexanderplatz. Es ist der perfekte Ausgangspunkt f\u00fcr Ihr Tram-Abenteuer.<br \/>\nPrenzlauer Berg: Steig in die Tram und begib dich in den Prenzlauer Berg, einen hippen und trendigen Bezirk, der f\u00fcr seine lebendige <a href=\"https:\/\/berlinwanderlust.com\/de\/cafes-und-fruehstueck\/\">Caf\u00e9-Kultur<\/a>, seine lebendige Kunstszene und seine malerischen Stra\u00dfen bekannt ist. Genie\u00dfe die Fahrt mit der Tram durch die gr\u00fcnen Alleen und erhasche Einblicke in die wundersch\u00f6ne Altbauarchitektur.<br \/>\nFriedrichshain: Die Tram bringt dich nach Friedrichshain, einem Bezirk, der vor Energie und Kreativit\u00e4t nur so strotzt. Mach einen Abstecher auf das pulsierende RAW-Gel\u00e4nde, st\u00f6bere auf den belebten Lebensmittelm\u00e4rkten und genie\u00dfe die lebendige Atmosph\u00e4re dieses pulsierenden Viertels.<br \/>\nCharlottenburg: Fahr in Richtung Westen nach Charlottenburg, einem eleganten Bezirk, der f\u00fcr seine Schl\u00f6sser, G\u00e4rten und luxuri\u00f6sen Einkaufsm\u00f6glichkeiten bekannt ist. Hier kann man die Pracht des Schlosses Charlottenburg bestaunen und \u00fcber den ber\u00fchmten Kurf\u00fcrstendamm schlendern, w\u00e4hrend die Stra\u00dfenbahn anmutig durch diesen charmanten Teil der Stadt gleitet.<br \/>\nUnd nun ein Blick in die spannende Geschichte der Berliner Stra\u00dfenbahn. Die ersten pferdegezogenen Stra\u00dfenbahnen kamen Ende des 19. Jahrhunderts in Berlin auf und wurden nach und nach durch elektrische Stra\u00dfenbahnen ersetzt. Zu ihrer Bl\u00fctezeit bedeckte das Stra\u00dfenbahnnetz ein riesiges Gebiet in der Stadt und bef\u00f6rderte Berliner aus allen Gesellschaftsschichten.<\/p>\n<p>W\u00e4hrend des Zweiten Weltkriegs und der anschlie\u00dfenden Teilung Berlins wurde das Stra\u00dfenbahnnetz stark beeintr\u00e4chtigt. Nach der Wiedervereinigung wurden jedoch Anstrengungen unternommen, das Stra\u00dfenbahnnetz wiederzubeleben und auszubauen. Heute ist die Stra\u00dfenbahn ein fester Bestandteil des \u00f6ffentlichen Verkehrsnetzes von Berlin und wird von Einheimischen und Besuchern wegen ihres Charmes und ihrer Effizienz gesch\u00e4tzt.<\/p>\n<p>Wenn Du mit der Tram f\u00e4hrst, wirst du das vertraute Rattern der R\u00e4der auf den Schienen, das sanfte Schaukeln und die nostalgische Atmosph\u00e4re in den Stra\u00dfenbahnwagen wahrnehmen.<\/p>\n<p>Warum also nicht in die Berliner Stra\u00dfenbahn einsteigen und sich auf eine Reise begeben, die Geschichte, Stadtteile und den charmanten Rhythmus der Stadt miteinander verkn\u00fcpft? Lass dich von der Stra\u00dfenbahn durch die Stra\u00dfen f\u00fchren, die dir eine einzigartige Perspektive und die M\u00f6glichkeit bietet, in das bunte Geflecht der verschiedenen Berliner Bezirke einzutauchen. Genie\u00dfe die Fahrt![\/vc_column_text][vc_column_text]Hier kannst Du das <a href=\"https:\/\/berlinwanderlust.com\/de\/verkehrsmittel\/u-bahnplan\/\">Berliner BVG-Netz herunterladen<\/a><\/p>\n<p>Hier bekommst Du ein <a href=\"https:\/\/www.getyourguide.de\/berlin-l17\/entdecke-berlin-mit-den-offentlichen-verkehrsmitteln-der-bvg-t507828\/?partner_id=OKFS1TT&amp;utm_medium=online_publisher\" target=\"_blank\" rel=\"noopener\"><strong>BVG-Ticket<\/strong><\/a>[\/vc_column_text][\/vc_column][vc_column width=&#8220;1\/3&#8243;][vc_column_text]<\/p>\n<p>&nbsp;<\/p>\n<p>[\/vc_column_text][vc_column_text]<\/p>\n<div data-gyg-href=\"https:\/\/widget.getyourguide.com\/default\/activities.frame\" data-gyg-locale-code=\"de-DE\" data-gyg-widget=\"activities\" data-gyg-number-of-items=\"3\" data-gyg-partner-id=\"OKFS1TT\" data-gyg-tour-ids=\"507828,6045,88868\"><\/div>\n<p>[\/vc_column_text][\/vc_column][\/vc_row]<\/p>\n","protected":false},"excerpt":{"rendered":"<p>[vc_row][vc_column width=&#8220;2\/3&#8243;][vc_column_text] &nbsp; &nbsp; [\/vc_column_text][vc_custom_heading text=&#8220;Berlins Stra\u00dfenbahn erkunden: Eine nostalgische Reise durch die Zeit und die Bezirke&#8220; font_container=&#8220;tag:h1|font_size:30|text_align:left|color:%23d3065b&#8220;][vc_column_text]Die Berliner Stra\u00dfenbahn ist nicht nur ein Verkehrsmittel, sondern auch ein charmantes Symbol f\u00fcr die reiche Geschichte und das urbane Gef\u00fcge der Stadt. An Bord einer dieser symboltr\u00e4chtigen gelben Stra\u00dfenbahnen kannst Du Dich auf eine nostalgische Fahrt durch [&hellip;]<\/p>\n","protected":false},"author":1,"featured_media":0,"parent":150,"menu_order":0,"comment_status":"closed","ping_status":"closed","template":"","meta":{"_sitemap_exclude":false,"_sitemap_priority":"","_sitemap_frequency":"","site-sidebar-layout":"no-sidebar","site-content-layout":"plain-container","ast-site-content-layout":"default","site-content-style":"default","site-sidebar-style":"default","ast-global-header-display":"","ast-banner-title-visibility":"","ast-main-header-display":"","ast-hfb-above-header-display":"","ast-hfb-below-header-display":"","ast-hfb-mobile-header-display":"","site-post-title":"disabled","ast-breadcrumbs-content":"","ast-featured-img":"disabled","footer-sml-layout":"","ast-disable-related-posts":"","theme-transparent-header-meta":"default","adv-header-id-meta":"","stick-header-meta":"","header-above-stick-meta":"","header-main-stick-meta":"","header-below-stick-meta":"","astra-migrate-meta-layouts":"default","ast-page-background-enabled":"default","ast-page-background-meta":{"desktop":{"background-color":"var(--ast-global-color-4)","background-image":"","background-repeat":"repeat","background-position":"center center","background-size":"auto","background-attachment":"scroll","background-type":"","background-media":"","overlay-type":"","overlay-color":"","overlay-opacity":"","overlay-gradient":""},"tablet":{"background-color":"","background-image":"","background-repeat":"repeat","background-position":"center center","background-size":"auto","background-attachment":"scroll","background-type":"","background-media":"","overlay-type":"","overlay-color":"","overlay-opacity":"","overlay-gradient":""},"mobile":{"background-color":"","background-image":"","background-repeat":"repeat","background-position":"center center","background-size":"auto","background-attachment":"scroll","background-type":"","background-media":"","overlay-type":"","overlay-color":"","overlay-opacity":"","overlay-gradient":""}},"ast-content-background-meta":{"desktop":{"background-color":"var(--ast-global-color-5)","background-image":"","background-repeat":"repeat","background-position":"center center","background-size":"auto","background-attachment":"scroll","background-type":"","background-media":"","overlay-type":"","overlay-color":"","overlay-opacity":"","overlay-gradient":""},"tablet":{"background-color":"var(--ast-global-color-5)","background-image":"","background-repeat":"repeat","background-position":"center center","background-size":"auto","background-attachment":"scroll","background-type":"","background-media":"","overlay-type":"","overlay-color":"","overlay-opacity":"","overlay-gradient":""},"mobile":{"background-color":"var(--ast-global-color-5)","background-image":"","background-repeat":"repeat","background-position":"center center","background-size":"auto","background-attachment":"scroll","background-type":"","background-media":"","overlay-type":"","overlay-color":"","overlay-opacity":"","overlay-gradient":""}},"footnotes":""},"class_list":["post-480","page","type-page","status-publish","hentry"],"_links":{"self":[{"href":"https:\/\/berlinwanderlust.com\/de\/wp-json\/wp\/v2\/pages\/480","targetHints":{"allow":["GET"]}}],"collection":[{"href":"https:\/\/berlinwanderlust.com\/de\/wp-json\/wp\/v2\/pages"}],"about":[{"href":"https:\/\/berlinwanderlust.com\/de\/wp-json\/wp\/v2\/types\/page"}],"author":[{"embeddable":true,"href":"https:\/\/berlinwanderlust.com\/de\/wp-json\/wp\/v2\/users\/1"}],"replies":[{"embeddable":true,"href":"https:\/\/berlinwanderlust.com\/de\/wp-json\/wp\/v2\/comments?post=480"}],"version-history":[{"count":0,"href":"https:\/\/berlinwanderlust.com\/de\/wp-json\/wp\/v2\/pages\/480\/revisions"}],"up":[{"embeddable":true,"href":"https:\/\/berlinwanderlust.com\/de\/wp-json\/wp\/v2\/pages\/150"}],"wp:attachment":[{"href":"https:\/\/berlinwanderlust.com\/de\/wp-json\/wp\/v2\/media?parent=480"}],"curies":[{"name":"wp","href":"https:\/\/api.w.org\/{rel}","templated":true}]}}