{"id":458,"date":"2023-07-17T11:00:58","date_gmt":"2023-07-17T09:00:58","guid":{"rendered":"https:\/\/berlinwanderlust.com\/?page_id=458"},"modified":"2023-09-08T19:57:16","modified_gmt":"2023-09-08T17:57:16","slug":"karneval-der-kulturen","status":"publish","type":"page","link":"https:\/\/berlinwanderlust.com\/de\/aktivitaeten\/events\/karneval-der-kulturen\/","title":{"rendered":"Karneval der Kulturen"},"content":{"rendered":"<p>[vc_row][vc_column width=&#8220;2\/3&#8243;][vc_column_text]<\/p>\n<p>&nbsp;<\/p>\n<p>&nbsp;<\/p>\n<p>[\/vc_column_text][vc_custom_heading text=&#8220;Karneval der Kulturen Berlin: Ein Fest der Vielfalt und der Lebensfreude&#8220; font_container=&#8220;tag:h1|font_size:30|text_align:left|color:%23d3065b&#8220;][vc_column_text]Berlin, bekannt f\u00fcr seine lebendige Kulturszene, erwacht jedes Jahr mit dem ausgelassenen Karneval der Kulturen zum Leben. Bei diesem viert\u00e4gigen Spektakel wird die Multikulturalit\u00e4t der Stadt mit einem farbenfrohen Umzug, Musik, Tanz und einer Vielzahl von kulturellen Veranstaltungen pr\u00e4sentiert.<\/p>\n<p>Der Karneval der Kulturen ist ein Fest der Vielfalt, der Einheit und des Zusammengeh\u00f6rigkeitsgef\u00fchls. Er bringt Menschen mit unterschiedlichem Hintergrund, aus verschiedenen Kulturen und Gemeinschaften zusammen, um ihre Traditionen, ihr Erbe und ihre k\u00fcnstlerischen Ausdrucksformen zu teilen.[\/vc_column_text][vc_custom_heading text=&#8220;Highlight des Karnevals&#8220; font_container=&#8220;tag:h2|font_size:30|text_align:left|color:%23d3065b&#8220;][vc_column_text]<\/p>\n<div class=\"group w-full text-gray-800 dark:text-gray-100 border-b border-black\/10 dark:border-gray-900\/50 bg-gray-50 dark:bg-[#444654]\">\n<div class=\"flex p-4 gap-4 text-base md:gap-6 md:max-w-2xl lg:max-w-[38rem] xl:max-w-3xl md:py-6 lg:px-0 m-auto\">\n<div class=\"relative flex w-[calc(100%-50px)] flex-col gap-1 md:gap-3 lg:w-[calc(100%-115px)]\">\n<div class=\"flex flex-grow flex-col gap-3\">\n<div class=\"min-h-[20px] flex items-start overflow-x-auto whitespace-pre-wrap break-words flex-col gap-4\">\n<div class=\"markdown prose w-full break-words dark:prose-invert light\">\n<div class=\"markdown prose w-full break-words dark:prose-invert light\">\n<p>Der H\u00f6hepunkt des Karnevals ist die gro\u00dfe Parade, bei der die Teilnehmer in farbenfrohen Kost\u00fcmen zu mitrei\u00dfenden Rhythmen tanzen und ein Kaleidoskop der Kulturen darstellen. Die Parade schl\u00e4ngelt sich durch die Stra\u00dfen Berlins und sorgt f\u00fcr eine ausgelassene Atmosph\u00e4re, die die Zuschauer mit ihrer schieren Energie und Kreativit\u00e4t in ihren Bann zieht.<\/p>\n<p>W\u00e4hrend des gesamten Festivals werden \u00fcberall in der Stadt B\u00fchnen aufgebaut, auf denen Live-Auftritte stattfinden, die von traditioneller Musik und Tanz bis hin zu zeitgen\u00f6ssischen Darbietungen reichen. Die Besucher haben die M\u00f6glichkeit, den Reichtum und die Dynamik verschiedener kultureller Traditionen aus aller Welt zu erleben.<\/p>\n<p>Einer der verlockendsten Aspekte des Karnevals der Kulturen ist das reichhaltige Angebot an kulinarischen K\u00f6stlichkeiten. An den St\u00e4nden, die die Stra\u00dfen s\u00e4umen, werden k\u00f6stliche Gerichte aus verschiedenen Regionen serviert, so dass die Besucher eine verlockende Mischung aus verschiedenen Geschmacksrichtungen genie\u00dfen k\u00f6nnen.<\/p>\n<p>Der Karneval bietet auch eine Reihe von Aktivit\u00e4ten und Workshops, bei denen man die Kultur hautnah erleben kann. Von traditionellen Handwerksvorf\u00fchrungen bis hin zu Tanzkursen und interaktiven Ausstellungen k\u00f6nnen die Besucher in die verschiedenen Kulturen, die auf dem Festival vertreten sind, eintauchen.<\/p>\n<p>Der Karneval der Kulturen ist nicht nur ein Fest, sondern auch eine Plattform f\u00fcr den Dialog, das Verst\u00e4ndnis und die F\u00f6rderung des Zusammengeh\u00f6rigkeitsgef\u00fchls. Er f\u00f6rdert Toleranz, Wertsch\u00e4tzung und Respekt f\u00fcr alle Kulturen und schafft eine integrative Atmosph\u00e4re, die das Mosaik der multikulturellen Gesellschaft Berlins feiert.<\/p>\n<p>F\u00fcr Einheimische und Touristen ist der Karneval der Kulturen eine Gelegenheit, an den fr\u00f6hlichen Feierlichkeiten teilzunehmen und den lebendigen Teppich der Kulturen zu erleben, der diese kosmopolitische Stadt ausmacht.<\/p>\n<p>Wenn die Stra\u00dfen Berlins mit Musik, Tanz und der ansteckenden Energie des Karnevals der Kulturen zum Leben erwachen, solltest Du einfach hingehen und mitmachen.<\/p>\n<p>Mehr \u00fcber Berlin<a href=\"https:\/\/berlinwanderlust.com\/de\/akitvititaeten\/locations\/kreuzberg\/\"> Kreuzberg<\/a> erfahren<\/p>\n<\/div>\n<p>&nbsp;<\/p>\n<\/div>\n<\/div>\n<\/div>\n<\/div>\n<\/div>\n<\/div>\n<p>[\/vc_column_text][vc_zigzag][vc_column_text]<strong><a href=\"https:\/\/www.getyourguide.de\/berlin-l17\/radtour-berlin-kreuzberg-und-spreeufer-t29274\/?partner_id=OKFS1TT&amp;utm_medium=online_publisher\">Radtour durch Kreuzberg und Friedrichshain<\/a><\/strong>[\/vc_column_text][\/vc_column][vc_column width=&#8220;1\/3&#8243;][vc_column_text]<\/p>\n<p>&nbsp;<\/p>\n<p>[\/vc_column_text][vc_column_text]<\/p>\n<div data-gyg-href=\"https:\/\/widget.getyourguide.com\/default\/activities.frame\" data-gyg-locale-code=\"de-DE\" data-gyg-widget=\"activities\" data-gyg-number-of-items=\"3\" data-gyg-partner-id=\"OKFS1TT\" data-gyg-q=\"Kreuzberg\"><\/div>\n<p>[\/vc_column_text][vc_gmaps link=&#8220;#E-8_JTNDaWZyYW1lJTIwc3JjJTNEJTIyaHR0cHMlM0ElMkYlMkZ3d3cuZ29vZ2xlLmNvbSUyRm1hcHMlMkZkJTJGZW1iZWQlM0ZtaWQlM0QxOG9WdE1hX09QNzZlNXphSVIzY0FvQzAwWnRJJTI2ZWhiYyUzRDJFMzEyRiUyMiUyMHdpZHRoJTNEJTIyNjQwJTIyJTIwaGVpZ2h0JTNEJTIyNDgwJTIyJTNFJTNDJTJGaWZyYW1lJTNF&#8220; title=&#8220;Carnival of Cultures&#8220;][\/vc_column][\/vc_row]<\/p>\n","protected":false},"excerpt":{"rendered":"<p>[vc_row][vc_column width=&#8220;2\/3&#8243;][vc_column_text] &nbsp; &nbsp; [\/vc_column_text][vc_custom_heading text=&#8220;Karneval der Kulturen Berlin: Ein Fest der Vielfalt und der Lebensfreude&#8220; font_container=&#8220;tag:h1|font_size:30|text_align:left|color:%23d3065b&#8220;][vc_column_text]Berlin, bekannt f\u00fcr seine lebendige Kulturszene, erwacht jedes Jahr mit dem ausgelassenen Karneval der Kulturen zum Leben. Bei diesem viert\u00e4gigen Spektakel wird die Multikulturalit\u00e4t der Stadt mit einem farbenfrohen Umzug, Musik, Tanz und einer Vielzahl von kulturellen Veranstaltungen pr\u00e4sentiert. [&hellip;]<\/p>\n","protected":false},"author":1,"featured_media":0,"parent":255,"menu_order":0,"comment_status":"closed","ping_status":"closed","template":"","meta":{"site-sidebar-layout":"no-sidebar","site-content-layout":"plain-container","ast-site-content-layout":"default","site-content-style":"default","site-sidebar-style":"default","ast-global-header-display":"","ast-banner-title-visibility":"","ast-main-header-display":"","ast-hfb-above-header-display":"","ast-hfb-below-header-display":"","ast-hfb-mobile-header-display":"","site-post-title":"disabled","ast-breadcrumbs-content":"","ast-featured-img":"disabled","footer-sml-layout":"","ast-disable-related-posts":"","theme-transparent-header-meta":"default","adv-header-id-meta":"","stick-header-meta":"","header-above-stick-meta":"","header-main-stick-meta":"","header-below-stick-meta":"","astra-migrate-meta-layouts":"default","ast-page-background-enabled":"default","ast-page-background-meta":{"desktop":{"background-color":"var(--ast-global-color-4)","background-image":"","background-repeat":"repeat","background-position":"center center","background-size":"auto","background-attachment":"scroll","background-type":"","background-media":"","overlay-type":"","overlay-color":"","overlay-opacity":"","overlay-gradient":""},"tablet":{"background-color":"","background-image":"","background-repeat":"repeat","background-position":"center center","background-size":"auto","background-attachment":"scroll","background-type":"","background-media":"","overlay-type":"","overlay-color":"","overlay-opacity":"","overlay-gradient":""},"mobile":{"background-color":"","background-image":"","background-repeat":"repeat","background-position":"center center","background-size":"auto","background-attachment":"scroll","background-type":"","background-media":"","overlay-type":"","overlay-color":"","overlay-opacity":"","overlay-gradient":""}},"ast-content-background-meta":{"desktop":{"background-color":"var(--ast-global-color-5)","background-image":"","background-repeat":"repeat","background-position":"center center","background-size":"auto","background-attachment":"scroll","background-type":"","background-media":"","overlay-type":"","overlay-color":"","overlay-opacity":"","overlay-gradient":""},"tablet":{"background-color":"var(--ast-global-color-5)","background-image":"","background-repeat":"repeat","background-position":"center center","background-size":"auto","background-attachment":"scroll","background-type":"","background-media":"","overlay-type":"","overlay-color":"","overlay-opacity":"","overlay-gradient":""},"mobile":{"background-color":"var(--ast-global-color-5)","background-image":"","background-repeat":"repeat","background-position":"center center","background-size":"auto","background-attachment":"scroll","background-type":"","background-media":"","overlay-type":"","overlay-color":"","overlay-opacity":"","overlay-gradient":""}},"footnotes":""},"class_list":["post-458","page","type-page","status-publish","hentry"],"aioseo_notices":[],"_links":{"self":[{"href":"https:\/\/berlinwanderlust.com\/de\/wp-json\/wp\/v2\/pages\/458","targetHints":{"allow":["GET"]}}],"collection":[{"href":"https:\/\/berlinwanderlust.com\/de\/wp-json\/wp\/v2\/pages"}],"about":[{"href":"https:\/\/berlinwanderlust.com\/de\/wp-json\/wp\/v2\/types\/page"}],"author":[{"embeddable":true,"href":"https:\/\/berlinwanderlust.com\/de\/wp-json\/wp\/v2\/users\/1"}],"replies":[{"embeddable":true,"href":"https:\/\/berlinwanderlust.com\/de\/wp-json\/wp\/v2\/comments?post=458"}],"version-history":[{"count":0,"href":"https:\/\/berlinwanderlust.com\/de\/wp-json\/wp\/v2\/pages\/458\/revisions"}],"up":[{"embeddable":true,"href":"https:\/\/berlinwanderlust.com\/de\/wp-json\/wp\/v2\/pages\/255"}],"wp:attachment":[{"href":"https:\/\/berlinwanderlust.com\/de\/wp-json\/wp\/v2\/media?parent=458"}],"curies":[{"name":"wp","href":"https:\/\/api.w.org\/{rel}","templated":true}]}}