{"id":433,"date":"2023-07-16T16:46:23","date_gmt":"2023-07-16T14:46:23","guid":{"rendered":"https:\/\/berlinwanderlust.com\/?page_id=433"},"modified":"2023-09-19T20:50:18","modified_gmt":"2023-09-19T18:50:18","slug":"berlinale","status":"publish","type":"page","link":"https:\/\/berlinwanderlust.com\/de\/aktivitaeten\/events\/berlinale\/","title":{"rendered":"Berlinale"},"content":{"rendered":"<p>[vc_row][vc_column width=&#8220;2\/3&#8243;][vc_column_text]<\/p>\n<p>&nbsp;<\/p>\n<p>&nbsp;<\/p>\n<p>[\/vc_column_text][vc_custom_heading text=&#8220;Berlinale: Eine Feier von Film und Kultur im Herzen von Berlin&#8220; font_container=&#8220;tag:h1|font_size:30|text_align:left|color:%23d3065b&#8220;][vc_column_text]<\/p>\n<div class=\"group w-full text-gray-800 dark:text-gray-100 border-b border-black\/10 dark:border-gray-900\/50 bg-gray-50 dark:bg-[#444654]\">\n<div class=\"flex p-4 gap-4 text-base md:gap-6 md:max-w-2xl lg:max-w-[38rem] xl:max-w-3xl md:py-6 lg:px-0 m-auto\">\n<div class=\"relative flex w-[calc(100%-50px)] flex-col gap-1 md:gap-3 lg:w-[calc(100%-115px)]\">\n<div class=\"flex flex-grow flex-col gap-3\">\n<div class=\"min-h-[20px] flex items-start overflow-x-auto whitespace-pre-wrap break-words flex-col gap-4\">\n<div class=\"markdown prose w-full break-words dark:prose-invert light\">\n<p>Jedes Jahr erwacht die pulsierende Stadt Berlin mit einem der renommiertesten Filmfestivals der Welt zum Leben &#8211; den Internationalen Filmfestspielen Berlin, auch bekannt als Berlinale. Diese kultige Veranstaltung zeigt eine breite Palette internationaler Filme und zieht Filmemacher, Schauspieler und Filmfans aus aller Welt an.<\/p>\n<p>Die Berlinale bietet sowohl etablierten als auch aufstrebenden Filmemachern eine einzigartige Plattform, um ihre kreativen Visionen vorzustellen. Von nachdenklich stimmenden Dokumentarfilmen bis hin zu fesselnden Spielfilmen &#8211; das Programm des Festivals wird sorgf\u00e4ltig zusammengestellt, um eine fesselnde Auswahl an filmischen Meisterwerken zu pr\u00e4sentieren.<\/p>\n<p>Das Herzst\u00fcck der Berlinale ist der Berlinale Palast, ein gro\u00dfartiger Veranstaltungsort, in dem die mit Spannung erwarteten Premieren und Vorf\u00fchrungen stattfinden. Filmfans stehen Schlange, um einen Blick auf ihre Lieblingsstars auf dem roten Teppich zu erhaschen und die Magie des Kinos in diesem au\u00dfergew\u00f6hnlichen Rahmen zu erleben.<\/p>\n<p>Neben den Filmvorf\u00fchrungen bietet die Berlinale auch ein vielf\u00e4ltiges Veranstaltungsprogramm, darunter Podiumsdiskussionen, Workshops und Gelegenheiten zum Networking. Diese Aktivit\u00e4ten bieten unsch\u00e4tzbare Einblicke in die Welt des Filmemachens und f\u00f6rdern einen lebendigen Gedankenaustausch zwischen Fachleuten aus der Branche und passionierten Cineasten.<\/p>\n<p>Einer der besonderen Aspekte der Berlinale ist ihr Engagement, Filme zu zeigen, die wichtige soziale und politische Themen aufgreifen. Das Festival dient oft als Plattform f\u00fcr Stimmen, die unterrepr\u00e4sentiert sind, beleuchtet unterschiedliche Perspektiven und f\u00f6rdert den Dialog \u00fcber wichtige globale Themen.<\/p>\n<p>F\u00fcr Besucher, die w\u00e4hrend der Berlinale nach Berlin kommen, bietet das Festival eine einzigartige Gelegenheit, in die Welt des Kinos einzutauchen. Filmperlen aus aller Welt sind auf den Leinw\u00e4nden zu sehen, und in der Stadt herrscht eine elektrisierende Atmosph\u00e4re, wenn Filmliebhaber zusammenkommen, um die Kunst des Geschichtenerz\u00e4hlens zu feiern.<\/p>\n<p>Ein Besuch in Berlin w\u00e4hrend der Berlinale bietet die M\u00f6glichkeit, die aktuelle Kulturszene der Stadt zu erleben. \u00dcber die Festivalorte hinaus wird die Stadt selbst zur Kulisse f\u00fcr vom Film inspirierte Veranstaltungen, Partys und Sondervorf\u00fchrungen an verschiedenen Orten.<\/p>\n<p>Egal, ob Du ein Filmliebhaber bist oder einfach nur Teil eines aufregenden kulturellen Ereignisses sein willst, die Berlinale verspricht ein unvergessliches Erlebnis. Das Festival feiert die universelle Sprache des Kinos und die Kraft des Geschichtenerz\u00e4hlens &#8211; von starken Erz\u00e4hlungen, die einen bleibenden Eindruck hinterlassen, bis hin zur Freude, neue Talente zu entdecken.<\/p>\n<p>Die Berlinale verk\u00f6rpert den Geist Berlins selbst &#8211; dynamisch, integrativ und zukunftsorientiert. Sie zelebriert die Kunst des Filmemachens, f\u00f6rdert den kulturellen Austausch und tr\u00e4gt zum lebendigen Bild dieser kosmopolitischen Stadt bei. \u00a0Falls Dich die Kino, Filme und Festivals interessieren, bist Du auf der Berlinale genau richtig.<\/p>\n<\/div>\n<\/div>\n<\/div>\n<\/div>\n<\/div>\n<\/div>\n<p>[\/vc_column_text][vc_zigzag][vc_column_text]Berlinale Palast<br \/>\nMarlene Dietrich Platz 1<br \/>\n10787 Berlin<\/p>\n<p>Tel: (030) 259-200<\/p>\n<p>info: <a href=\"https:\/\/www.berlinale.de\/en\/home.html\">berlinale.de<\/a>[\/vc_column_text][vc_column_text]Get a <a href=\"https:\/\/www.getyourguide.com\/berlin-l17\/skip-the-line-madame-tussauds-in-berlin-t4569\/?partner_id=OKFS1TT&amp;utm_medium=online_publisher\"><strong>Madame Tussauds Admission Ticket<\/strong><\/a>[\/vc_column_text][vc_column_text]Get Information about other <a href=\"https:\/\/berlinwanderlust.com\/activities\/events\/\">Events in Berlin<\/a>[\/vc_column_text][\/vc_column][vc_column width=&#8220;1\/3&#8243;][vc_column_text]<\/p>\n<p>&nbsp;<\/p>\n<p>[\/vc_column_text][vc_column_text]<\/p>\n<div data-gyg-href=\"https:\/\/widget.getyourguide.com\/default\/activities.frame\" data-gyg-locale-code=\"de-DE\" data-gyg-widget=\"activities\" data-gyg-number-of-items=\"4\" data-gyg-partner-id=\"OKFS1TT\" data-gyg-q=\"Berlin%20Filme\"><\/div>\n<p>[\/vc_column_text][vc_gmaps link=&#8220;#E-8_JTNDaWZyYW1lJTIwc3JjJTNEJTIyaHR0cHMlM0ElMkYlMkZ3d3cuZ29vZ2xlLmNvbSUyRm1hcHMlMkZlbWJlZCUzRnBiJTNEJTIxMW0xOCUyMTFtMTIlMjExbTMlMjExZDEyMTQuMTg0ODQ2NjkzOTkzNyUyMTJkMTMuMzY5MzIxMjAzOTU5MzYzJTIxM2Q1Mi41MDg2NDgzMjE4NTY0MyUyMTJtMyUyMTFmMCUyMTJmMCUyMTNmMCUyMTNtMiUyMTFpMTAyNCUyMTJpNzY4JTIxNGYxMy4xJTIxM20zJTIxMW0yJTIxMXMweDQ3YTg1MTgzYTkwMGE2NTMlMjUzQTB4YzAzYmIyNmM1MTJkNmFkZiUyMTJzQmVybGluYWxlJTI1MjBQYWxhc3QlMjE1ZTAlMjEzbTIlMjExc2RlJTIxMnNkZSUyMTR2MTY5MDg3NzkzNTEwNSUyMTVtMiUyMTFzZGUlMjEyc2RlJTIyJTIwd2lkdGglM0QlMjI2MDAlMjIlMjBoZWlnaHQlM0QlMjI0NTAlMjIlMjBzdHlsZSUzRCUyMmJvcmRlciUzQTAlM0IlMjIlMjBhbGxvd2Z1bGxzY3JlZW4lM0QlMjIlMjIlMjBsb2FkaW5nJTNEJTIybGF6eSUyMiUyMHJlZmVycmVycG9saWN5JTNEJTIybm8tcmVmZXJyZXItd2hlbi1kb3duZ3JhZGUlMjIlM0UlM0MlMkZpZnJhbWUlM0U=&#8220; title=&#8220;Berlinale&#8220;][\/vc_column][\/vc_row][vc_row][vc_column][\/vc_column][\/vc_row]<\/p>\n","protected":false},"excerpt":{"rendered":"<p>[vc_row][vc_column width=&#8220;2\/3&#8243;][vc_column_text] &nbsp; &nbsp; [\/vc_column_text][vc_custom_heading text=&#8220;Berlinale: Eine Feier von Film und Kultur im Herzen von Berlin&#8220; font_container=&#8220;tag:h1|font_size:30|text_align:left|color:%23d3065b&#8220;][vc_column_text] Jedes Jahr erwacht die pulsierende Stadt Berlin mit einem der renommiertesten Filmfestivals der Welt zum Leben &#8211; den Internationalen Filmfestspielen Berlin, auch bekannt als Berlinale. Diese kultige Veranstaltung zeigt eine breite Palette internationaler Filme und zieht Filmemacher, Schauspieler [&hellip;]<\/p>\n","protected":false},"author":1,"featured_media":0,"parent":255,"menu_order":0,"comment_status":"closed","ping_status":"closed","template":"","meta":{"site-sidebar-layout":"no-sidebar","site-content-layout":"plain-container","ast-site-content-layout":"","site-content-style":"default","site-sidebar-style":"default","ast-global-header-display":"","ast-banner-title-visibility":"","ast-main-header-display":"","ast-hfb-above-header-display":"","ast-hfb-below-header-display":"","ast-hfb-mobile-header-display":"","site-post-title":"disabled","ast-breadcrumbs-content":"","ast-featured-img":"disabled","footer-sml-layout":"","theme-transparent-header-meta":"default","adv-header-id-meta":"","stick-header-meta":"","header-above-stick-meta":"","header-main-stick-meta":"","header-below-stick-meta":"","astra-migrate-meta-layouts":"default","ast-page-background-enabled":"default","ast-page-background-meta":{"desktop":{"background-color":"var(--ast-global-color-4)","background-image":"","background-repeat":"repeat","background-position":"center center","background-size":"auto","background-attachment":"scroll","background-type":"","background-media":"","overlay-type":"","overlay-color":"","overlay-opacity":"","overlay-gradient":""},"tablet":{"background-color":"","background-image":"","background-repeat":"repeat","background-position":"center center","background-size":"auto","background-attachment":"scroll","background-type":"","background-media":"","overlay-type":"","overlay-color":"","overlay-opacity":"","overlay-gradient":""},"mobile":{"background-color":"","background-image":"","background-repeat":"repeat","background-position":"center center","background-size":"auto","background-attachment":"scroll","background-type":"","background-media":"","overlay-type":"","overlay-color":"","overlay-opacity":"","overlay-gradient":""}},"ast-content-background-meta":{"desktop":{"background-color":"var(--ast-global-color-5)","background-image":"","background-repeat":"repeat","background-position":"center center","background-size":"auto","background-attachment":"scroll","background-type":"","background-media":"","overlay-type":"","overlay-color":"","overlay-opacity":"","overlay-gradient":""},"tablet":{"background-color":"var(--ast-global-color-5)","background-image":"","background-repeat":"repeat","background-position":"center center","background-size":"auto","background-attachment":"scroll","background-type":"","background-media":"","overlay-type":"","overlay-color":"","overlay-opacity":"","overlay-gradient":""},"mobile":{"background-color":"var(--ast-global-color-5)","background-image":"","background-repeat":"repeat","background-position":"center center","background-size":"auto","background-attachment":"scroll","background-type":"","background-media":"","overlay-type":"","overlay-color":"","overlay-opacity":"","overlay-gradient":""}},"footnotes":""},"class_list":["post-433","page","type-page","status-publish","hentry"],"aioseo_notices":[],"_links":{"self":[{"href":"https:\/\/berlinwanderlust.com\/de\/wp-json\/wp\/v2\/pages\/433","targetHints":{"allow":["GET"]}}],"collection":[{"href":"https:\/\/berlinwanderlust.com\/de\/wp-json\/wp\/v2\/pages"}],"about":[{"href":"https:\/\/berlinwanderlust.com\/de\/wp-json\/wp\/v2\/types\/page"}],"author":[{"embeddable":true,"href":"https:\/\/berlinwanderlust.com\/de\/wp-json\/wp\/v2\/users\/1"}],"replies":[{"embeddable":true,"href":"https:\/\/berlinwanderlust.com\/de\/wp-json\/wp\/v2\/comments?post=433"}],"version-history":[{"count":0,"href":"https:\/\/berlinwanderlust.com\/de\/wp-json\/wp\/v2\/pages\/433\/revisions"}],"up":[{"embeddable":true,"href":"https:\/\/berlinwanderlust.com\/de\/wp-json\/wp\/v2\/pages\/255"}],"wp:attachment":[{"href":"https:\/\/berlinwanderlust.com\/de\/wp-json\/wp\/v2\/media?parent=433"}],"curies":[{"name":"wp","href":"https:\/\/api.w.org\/{rel}","templated":true}]}}