{"id":429,"date":"2023-07-16T16:31:21","date_gmt":"2023-07-16T14:31:21","guid":{"rendered":"https:\/\/berlinwanderlust.com\/?page_id=429"},"modified":"2023-09-19T21:18:03","modified_gmt":"2023-09-19T19:18:03","slug":"checkpoint-charlie","status":"publish","type":"page","link":"https:\/\/berlinwanderlust.com\/de\/aktivitaeten\/locations\/checkpoint-charlie\/","title":{"rendered":"Checkpoint Charlie"},"content":{"rendered":"<p>[vc_row][vc_column width=&#8220;2\/3&#8243;][vc_column_text]<\/p>\n<p>&nbsp;<\/p>\n<p>&nbsp;<\/p>\n<p>[\/vc_column_text][vc_custom_heading text=&#8220;Checkpoint Charlie: Ein Blick auf die Geschichte Berlins im Kalten Krieg&#8220; font_container=&#8220;tag:h1|font_size:30|text_align:left|color:%23d3065b&#8220;][vc_column_text]Der Checkpoint Charlie im Herzen Berlins nimmt einen bedeutenden Platz in der Geschichte des Kalten Krieges ein. Dieser ikonische Kontrollpunkt diente als symbolischer Grenz\u00fcbergang zwischen Ost- und West-Berlin w\u00e4hrend der turbulenten Teilung der Stadt.<\/p>\n<p>Ein Besuch am Checkpoint Charlie bietet heute die einmalige Gelegenheit, in die spannende Geschichte der geteilten Vergangenheit Berlins einzutauchen. Der Checkpoint war einst Schauplatz heftiger geopolitischer Spannungen, mit milit\u00e4rischem Personal und diplomatischem Austausch vor der Kulisse der Berliner Mauer.<\/p>\n<p>Wenn man sich dem Checkpoint Charlie n\u00e4hert, st\u00f6\u00dft man auf eine Nachbildung des ber\u00fchmten Wachh\u00e4uschens und des Kontrollpunktschildes. Der Anblick dieser ikonischen Symbole weckt Emotionen und erinnert die Besucher an den Mut und die Beharrlichkeit derer, die in dieser schwierigen Zeit nach Freiheit strebten.<\/p>\n<p>Das nahe gelegene Mauermuseum am Checkpoint Charlie bietet eine umfassende Erkundung der Geschichte der Berliner Mauer und der Geschichten derer, die von ihr betroffen waren. Anhand von Exponaten, Fotos und pers\u00f6nlichen Berichten erhalten die Besucher ein tieferes Verst\u00e4ndnis f\u00fcr die menschlichen Erfahrungen und den Kampf um die Einheit.<\/p>\n<p>Bei einem Spaziergang entlang der Friedrichstra\u00dfe, der belebten Stra\u00dfe, an der sich der Checkpoint Charlie befindet, k\u00f6nnen Sie in die lebhafte Atmosph\u00e4re eintauchen und die nahe gelegenen Sehensw\u00fcrdigkeiten erkunden. Die Gegend ist voll von interessanten Museen, trendigen Gesch\u00e4ften und einem vielf\u00e4ltigen kulinarischen Angebot.<\/p>\n<p>Ein Besuch am Checkpoint Charlie ist eine eindrucksvolle Erinnerung an die Bedeutung der Freiheit und die Unverw\u00fcstlichkeit des menschlichen Geistes. Er dient als feierlicher Tribut an diejenigen, die sich nach einer Welt ohne Teilung sehnten, und bietet wertvolle Einblicke in die Folgen ideologischer Konflikte.<\/p>\n<p>Nimm Dir die Zeit, \u00fcber die historische Bedeutung des Checkpoint Charlie nachzudenken und \u00fcber die Lektionen, die er uns \u00fcber das Streben nach Frieden, Verst\u00e4ndnis und Einheit lehrt. Er ist ein Symbol der Hoffnung, das k\u00fcnftige Generationen dazu inspiriert, sich f\u00fcr eine Welt einzusetzen, in der Barrieren niedergerissen und Br\u00fccken gebaut werden.<\/p>\n<p>Der Checkpoint Charlie in Berlin ist mehr als nur eine Touristenattraktion, er ist ein Tor zur Geschichte. Er l\u00e4dt dazu ein, die Komplexit\u00e4t der \u00c4ra des Kalten Krieges zu erkunden, die Emotionen zu erleben, die mit der Teilung einer Stadt verbunden sind, und \u00fcber die Bedeutung von Dialog und Diplomatie bei der L\u00f6sung von Konflikten nachzudenken.[\/vc_column_text][vc_zigzag][vc_column_text]Erfahre mehr \u00fcber die <a href=\"https:\/\/berlinwanderlust.com\/de\/aktivitaeten\/locations\/east-side-gallery\/\">Eastside Gallery<\/a>[\/vc_column_text][vc_column_text]Besuche das<a href=\"https:\/\/www.getyourguide.de\/berlin-l17\/berlin-mauermuseum-am-checkpoint-charlie-ohne-anstehen-t158612\/?partner_id=OKFS1TT&amp;utm_medium=online_publisher\"><strong> Berliner Mauermuseum ohne anstehen zu m\u00fcssen<\/strong><\/a>[\/vc_column_text][\/vc_column][vc_column width=&#8220;1\/3&#8243;][vc_column_text]<\/p>\n<p>&nbsp;<\/p>\n<p>[\/vc_column_text][vc_column_text]<\/p>\n<div data-gyg-href=\"https:\/\/widget.getyourguide.com\/default\/activities.frame\" data-gyg-locale-code=\"de-DE\" data-gyg-widget=\"activities\" data-gyg-number-of-items=\"3\" data-gyg-partner-id=\"OKFS1TT\" data-gyg-tour-ids=\"158612,67993,245677\"><\/div>\n<p>[\/vc_column_text][vc_video link=&#8220;https:\/\/www.youtube.com\/watch?v=k9BMfWwuxVs&amp;t=15s&#8220; align=&#8220;center&#8220; title=&#8220;Berlin MItte Highlights&#8220;][\/vc_column][\/vc_row]<\/p>\n","protected":false},"excerpt":{"rendered":"<p>[vc_row][vc_column width=&#8220;2\/3&#8243;][vc_column_text] &nbsp; &nbsp; [\/vc_column_text][vc_custom_heading text=&#8220;Checkpoint Charlie: Ein Blick auf die Geschichte Berlins im Kalten Krieg&#8220; font_container=&#8220;tag:h1|font_size:30|text_align:left|color:%23d3065b&#8220;][vc_column_text]Der Checkpoint Charlie im Herzen Berlins nimmt einen bedeutenden Platz in der Geschichte des Kalten Krieges ein. Dieser ikonische Kontrollpunkt diente als symbolischer Grenz\u00fcbergang zwischen Ost- und West-Berlin w\u00e4hrend der turbulenten Teilung der Stadt. Ein Besuch am Checkpoint Charlie [&hellip;]<\/p>\n","protected":false},"author":1,"featured_media":0,"parent":243,"menu_order":0,"comment_status":"closed","ping_status":"closed","template":"","meta":{"site-sidebar-layout":"no-sidebar","site-content-layout":"plain-container","ast-site-content-layout":"","site-content-style":"default","site-sidebar-style":"default","ast-global-header-display":"","ast-banner-title-visibility":"","ast-main-header-display":"","ast-hfb-above-header-display":"","ast-hfb-below-header-display":"","ast-hfb-mobile-header-display":"","site-post-title":"disabled","ast-breadcrumbs-content":"","ast-featured-img":"disabled","footer-sml-layout":"","theme-transparent-header-meta":"default","adv-header-id-meta":"","stick-header-meta":"","header-above-stick-meta":"","header-main-stick-meta":"","header-below-stick-meta":"","astra-migrate-meta-layouts":"default","ast-page-background-enabled":"default","ast-page-background-meta":{"desktop":{"background-color":"var(--ast-global-color-4)","background-image":"","background-repeat":"repeat","background-position":"center center","background-size":"auto","background-attachment":"scroll","background-type":"","background-media":"","overlay-type":"","overlay-color":"","overlay-opacity":"","overlay-gradient":""},"tablet":{"background-color":"","background-image":"","background-repeat":"repeat","background-position":"center center","background-size":"auto","background-attachment":"scroll","background-type":"","background-media":"","overlay-type":"","overlay-color":"","overlay-opacity":"","overlay-gradient":""},"mobile":{"background-color":"","background-image":"","background-repeat":"repeat","background-position":"center center","background-size":"auto","background-attachment":"scroll","background-type":"","background-media":"","overlay-type":"","overlay-color":"","overlay-opacity":"","overlay-gradient":""}},"ast-content-background-meta":{"desktop":{"background-color":"var(--ast-global-color-5)","background-image":"","background-repeat":"repeat","background-position":"center center","background-size":"auto","background-attachment":"scroll","background-type":"","background-media":"","overlay-type":"","overlay-color":"","overlay-opacity":"","overlay-gradient":""},"tablet":{"background-color":"var(--ast-global-color-5)","background-image":"","background-repeat":"repeat","background-position":"center center","background-size":"auto","background-attachment":"scroll","background-type":"","background-media":"","overlay-type":"","overlay-color":"","overlay-opacity":"","overlay-gradient":""},"mobile":{"background-color":"var(--ast-global-color-5)","background-image":"","background-repeat":"repeat","background-position":"center center","background-size":"auto","background-attachment":"scroll","background-type":"","background-media":"","overlay-type":"","overlay-color":"","overlay-opacity":"","overlay-gradient":""}},"footnotes":""},"class_list":["post-429","page","type-page","status-publish","hentry"],"aioseo_notices":[],"_links":{"self":[{"href":"https:\/\/berlinwanderlust.com\/de\/wp-json\/wp\/v2\/pages\/429","targetHints":{"allow":["GET"]}}],"collection":[{"href":"https:\/\/berlinwanderlust.com\/de\/wp-json\/wp\/v2\/pages"}],"about":[{"href":"https:\/\/berlinwanderlust.com\/de\/wp-json\/wp\/v2\/types\/page"}],"author":[{"embeddable":true,"href":"https:\/\/berlinwanderlust.com\/de\/wp-json\/wp\/v2\/users\/1"}],"replies":[{"embeddable":true,"href":"https:\/\/berlinwanderlust.com\/de\/wp-json\/wp\/v2\/comments?post=429"}],"version-history":[{"count":0,"href":"https:\/\/berlinwanderlust.com\/de\/wp-json\/wp\/v2\/pages\/429\/revisions"}],"up":[{"embeddable":true,"href":"https:\/\/berlinwanderlust.com\/de\/wp-json\/wp\/v2\/pages\/243"}],"wp:attachment":[{"href":"https:\/\/berlinwanderlust.com\/de\/wp-json\/wp\/v2\/media?parent=429"}],"curies":[{"name":"wp","href":"https:\/\/api.w.org\/{rel}","templated":true}]}}