{"id":425,"date":"2023-07-16T16:20:11","date_gmt":"2023-07-16T14:20:11","guid":{"rendered":"https:\/\/berlinwanderlust.com\/?page_id=425"},"modified":"2023-09-10T12:25:13","modified_gmt":"2023-09-10T10:25:13","slug":"neue-synagoge","status":"publish","type":"page","link":"https:\/\/berlinwanderlust.com\/de\/aktivitaeten\/locations\/neue-synagoge\/","title":{"rendered":"Neue Synagoge"},"content":{"rendered":"<p>[vc_row][vc_column width=&#8220;2\/3&#8243;][vc_column_text]<\/p>\n<p>&nbsp;<\/p>\n<p>&nbsp;<\/p>\n<p>[\/vc_column_text][vc_custom_heading text=&#8220;Die Neue Synagoge Berlin: Ein Testament f\u00fcr Widerstandsf\u00e4higkeit und j\u00fcdisches Erbe&#8220; font_container=&#8220;tag:h1|font_size:30|text_align:left|color:%23d3065b&#8220;][vc_column_text]<\/p>\n<div class=\"group w-full text-gray-800 dark:text-gray-100 border-b border-black\/10 dark:border-gray-900\/50 bg-gray-50 dark:bg-[#444654]\">\n<div class=\"flex p-4 gap-4 text-base md:gap-6 md:max-w-2xl lg:max-w-[38rem] xl:max-w-3xl md:py-6 lg:px-0 m-auto\">\n<div class=\"relative flex w-[calc(100%-50px)] flex-col gap-1 md:gap-3 lg:w-[calc(100%-115px)]\">\n<div class=\"flex flex-grow flex-col gap-3\">\n<div class=\"min-h-[20px] flex items-start overflow-x-auto whitespace-pre-wrap break-words flex-col gap-4\">\n<div class=\"markdown prose w-full break-words dark:prose-invert light\">\n<p>Im Herzen Berlins steht die pr\u00e4chtige Neue Synagoge, ein Symbol der Resilienz und ein wichtiges Zeugnis des j\u00fcdischen Erbes. Erbaut im 19. Jahrhundert, hat dieses architektonische Wunderwerk die Triumphe und Trag\u00f6dien der Geschichte miterlebt.<\/p>\n<p>Die Neue Synagoge, auch bekannt als Synagoge Oranienburger Stra\u00dfe, war einst ein wichtiges Zentrum des j\u00fcdischen Lebens in Berlin. Sie besticht durch ihre Pracht und den komplizierten maurischen Revival-Stil, der eine Mischung aus \u00f6stlichen und westlichen architektonischen Einfl\u00fcssen darstellt.<\/p>\n<p>Tragischerweise wurde die Synagoge w\u00e4hrend des Zweiten Weltkriegs in der ber\u00fcchtigten Kristallnacht schwer besch\u00e4digt. Sie wurde zwar nicht vollst\u00e4ndig restauriert, aber man bem\u00fchte sich, das verbliebene Geb\u00e4ude als Mahnmal und Erinnerung an die turbulente Vergangenheit der Stadt zu erhalten.<\/p>\n<p>Heute dient die Neue Synagoge als Kultur- und Bildungszentrum, das Besuchern einen Einblick in die j\u00fcdische Geschichte, Kultur und Religion bietet. Das Centrum Judaicum, das in der Synagoge untergebracht ist, bietet wertvolle Einblicke durch Ausstellungen, Vortr\u00e4ge und Veranstaltungen.<\/p>\n<p>Wenn man die Neue Synagoge betritt, wird man von einem tiefen Gef\u00fchl der Geschichte und Erinnerung erf\u00fcllt. Der atemberaubende Innenraum mit seiner reich verzierten Kuppel und den beeindruckenden Buntglasfenstern weckt ein Gef\u00fchl der Ehrfurcht und des Staunens.<\/p>\n<p>\u00dcber ihre architektonische Sch\u00f6nheit hinaus hat die Neue Synagoge eine tiefere Bedeutung als Symbol f\u00fcr Hoffnung, Resilienz und die Bedeutung des interkulturellen Dialogs. Sie erinnert an die lebendige j\u00fcdische Gemeinde, die einst in Berlin florierte, und ist ein Zeugnis f\u00fcr das anhaltende Engagement der Stadt f\u00fcr Vielfalt und Inklusion.<\/p>\n<p>Ein Besuch der Neuen Synagoge ist nicht nur eine Gelegenheit, ihre architektonische Pracht zu bewundern, sondern auch eine Chance, die von den Gr\u00e4ueltaten der Vergangenheit betroffenen Menschen zu ehren und ihrer zu gedenken. Sie erinnert an die gemeinsame Verantwortung, eine Zukunft aufzubauen, die auf Verst\u00e4ndnis, Respekt und Frieden beruht.<\/p>\n<p>Die Besichtigung der Neuen Synagoge in Berlin ist eine dem\u00fctige und erhellende Erfahrung. Sie l\u00e4dt uns ein, \u00fcber die Kraft der Resilienz, die Bedeutung des kulturellen Erbes und die Notwendigkeit nachzudenken, die Vielfalt, die unsere Welt bereichert, zu bewahren und zu w\u00fcrdigen.<\/p>\n<\/div>\n<\/div>\n<\/div>\n<\/div>\n<\/div>\n<\/div>\n<p>[\/vc_column_text][vc_zigzag][vc_column_text]Hier bekommst Du Eintrittskarten f\u00fcr das <a href=\"https:\/\/www.getyourguide.de\/judisches-museum-berlin-l4297\/berlin-eintrittskarte-fur-das-judisches-museum-t390845\/?partner_id=OKFS1TT&amp;utm_medium=online_publisher\" target=\"_blank\" rel=\"noopener\"><strong>J\u00fcdische Museum Berlin<\/strong><\/a>[\/vc_column_text][vc_column_text]Hier findest Du Infos \u00fcber die <a href=\"https:\/\/berlinwanderlust.com\/de\/akitvititaeten\/stolpersteine\/\">Stolpersteine in Berlin<\/a>[\/vc_column_text][\/vc_column][vc_column width=&#8220;1\/3&#8243;][vc_column_text]<\/p>\n<p>&nbsp;<\/p>\n<p>[\/vc_column_text][vc_column_text]<\/p>\n<div data-gyg-href=\"https:\/\/widget.getyourguide.com\/default\/activities.frame\" data-gyg-locale-code=\"de-DE\" data-gyg-widget=\"activities\" data-gyg-number-of-items=\"3\" data-gyg-partner-id=\"OKFS1TT\" data-gyg-tour-ids=\"280242,388531,360405\"><\/div>\n<p>[\/vc_column_text][\/vc_column][\/vc_row]<\/p>\n","protected":false},"excerpt":{"rendered":"<p>[vc_row][vc_column width=&#8220;2\/3&#8243;][vc_column_text] &nbsp; &nbsp; [\/vc_column_text][vc_custom_heading text=&#8220;Die Neue Synagoge Berlin: Ein Testament f\u00fcr Widerstandsf\u00e4higkeit und j\u00fcdisches Erbe&#8220; font_container=&#8220;tag:h1|font_size:30|text_align:left|color:%23d3065b&#8220;][vc_column_text] Im Herzen Berlins steht die pr\u00e4chtige Neue Synagoge, ein Symbol der Resilienz und ein wichtiges Zeugnis des j\u00fcdischen Erbes. Erbaut im 19. Jahrhundert, hat dieses architektonische Wunderwerk die Triumphe und Trag\u00f6dien der Geschichte miterlebt. Die Neue Synagoge, auch [&hellip;]<\/p>\n","protected":false},"author":1,"featured_media":0,"parent":243,"menu_order":0,"comment_status":"closed","ping_status":"closed","template":"","meta":{"_sitemap_exclude":false,"_sitemap_priority":"","_sitemap_frequency":"","site-sidebar-layout":"no-sidebar","site-content-layout":"plain-container","ast-site-content-layout":"default","site-content-style":"default","site-sidebar-style":"default","ast-global-header-display":"","ast-banner-title-visibility":"","ast-main-header-display":"","ast-hfb-above-header-display":"","ast-hfb-below-header-display":"","ast-hfb-mobile-header-display":"","site-post-title":"disabled","ast-breadcrumbs-content":"","ast-featured-img":"disabled","footer-sml-layout":"","ast-disable-related-posts":"","theme-transparent-header-meta":"default","adv-header-id-meta":"","stick-header-meta":"","header-above-stick-meta":"","header-main-stick-meta":"","header-below-stick-meta":"","astra-migrate-meta-layouts":"default","ast-page-background-enabled":"default","ast-page-background-meta":{"desktop":{"background-color":"var(--ast-global-color-4)","background-image":"","background-repeat":"repeat","background-position":"center center","background-size":"auto","background-attachment":"scroll","background-type":"","background-media":"","overlay-type":"","overlay-color":"","overlay-opacity":"","overlay-gradient":""},"tablet":{"background-color":"","background-image":"","background-repeat":"repeat","background-position":"center center","background-size":"auto","background-attachment":"scroll","background-type":"","background-media":"","overlay-type":"","overlay-color":"","overlay-opacity":"","overlay-gradient":""},"mobile":{"background-color":"","background-image":"","background-repeat":"repeat","background-position":"center center","background-size":"auto","background-attachment":"scroll","background-type":"","background-media":"","overlay-type":"","overlay-color":"","overlay-opacity":"","overlay-gradient":""}},"ast-content-background-meta":{"desktop":{"background-color":"var(--ast-global-color-5)","background-image":"","background-repeat":"repeat","background-position":"center center","background-size":"auto","background-attachment":"scroll","background-type":"","background-media":"","overlay-type":"","overlay-color":"","overlay-opacity":"","overlay-gradient":""},"tablet":{"background-color":"var(--ast-global-color-5)","background-image":"","background-repeat":"repeat","background-position":"center center","background-size":"auto","background-attachment":"scroll","background-type":"","background-media":"","overlay-type":"","overlay-color":"","overlay-opacity":"","overlay-gradient":""},"mobile":{"background-color":"var(--ast-global-color-5)","background-image":"","background-repeat":"repeat","background-position":"center center","background-size":"auto","background-attachment":"scroll","background-type":"","background-media":"","overlay-type":"","overlay-color":"","overlay-opacity":"","overlay-gradient":""}},"footnotes":""},"class_list":["post-425","page","type-page","status-publish","hentry"],"_links":{"self":[{"href":"https:\/\/berlinwanderlust.com\/de\/wp-json\/wp\/v2\/pages\/425","targetHints":{"allow":["GET"]}}],"collection":[{"href":"https:\/\/berlinwanderlust.com\/de\/wp-json\/wp\/v2\/pages"}],"about":[{"href":"https:\/\/berlinwanderlust.com\/de\/wp-json\/wp\/v2\/types\/page"}],"author":[{"embeddable":true,"href":"https:\/\/berlinwanderlust.com\/de\/wp-json\/wp\/v2\/users\/1"}],"replies":[{"embeddable":true,"href":"https:\/\/berlinwanderlust.com\/de\/wp-json\/wp\/v2\/comments?post=425"}],"version-history":[{"count":0,"href":"https:\/\/berlinwanderlust.com\/de\/wp-json\/wp\/v2\/pages\/425\/revisions"}],"up":[{"embeddable":true,"href":"https:\/\/berlinwanderlust.com\/de\/wp-json\/wp\/v2\/pages\/243"}],"wp:attachment":[{"href":"https:\/\/berlinwanderlust.com\/de\/wp-json\/wp\/v2\/media?parent=425"}],"curies":[{"name":"wp","href":"https:\/\/api.w.org\/{rel}","templated":true}]}}