{"id":416,"date":"2023-07-16T14:27:04","date_gmt":"2023-07-16T12:27:04","guid":{"rendered":"https:\/\/berlinwanderlust.com\/?page_id=416"},"modified":"2023-09-19T21:21:38","modified_gmt":"2023-09-19T19:21:38","slug":"gendarmenmarkt","status":"publish","type":"page","link":"https:\/\/berlinwanderlust.com\/de\/aktivitaeten\/locations\/gendarmenmarkt\/","title":{"rendered":"Gendarmenmarkt"},"content":{"rendered":"<p>[vc_row][vc_column width=&#8220;2\/3&#8243;][vc_column_text]<\/p>\n<p>&nbsp;<\/p>\n<p>&nbsp;<\/p>\n<p>[\/vc_column_text][vc_custom_heading text=&#8220;Der Berliner Gendarmenmarkt: Ein historischer Platz von Sch\u00f6nheit und Bedeutung&#8220; font_container=&#8220;tag:h1|font_size:30|text_align:left|color:%23d3065b&#8220;][vc_column_text]<\/p>\n<div class=\"group w-full text-gray-800 dark:text-gray-100 border-b border-black\/10 dark:border-gray-900\/50 bg-gray-50 dark:bg-[#444654]\">\n<div class=\"flex p-4 gap-4 text-base md:gap-6 md:max-w-2xl lg:max-w-[38rem] xl:max-w-3xl md:py-6 lg:px-0 m-auto\">\n<div class=\"relative flex w-[calc(100%-50px)] flex-col gap-1 md:gap-3 lg:w-[calc(100%-115px)]\">\n<div class=\"flex flex-grow flex-col gap-3\">\n<div class=\"min-h-[20px] flex items-start overflow-x-auto whitespace-pre-wrap break-words flex-col gap-4\">\n<div class=\"markdown prose w-full break-words dark:prose-invert light\">\n<p>Der Berliner Gendarmenmarkt ist eines der faszinierendsten Wahrzeichen der Stadt, wenn es um architektonische Sch\u00f6nheit und historische Bedeutung geht. Dieser Platz im Herzen Berlins ist von drei pr\u00e4chtigen Geb\u00e4uden umgeben: dem Deutschen Dom, dem Franz\u00f6sischen Dom und dem Konzerthaus.<\/p>\n<p>Der Gendarmenmarkt hat eine faszinierende Geschichte, die bis ins 17. Jahrhundert zur\u00fcckreicht. Urspr\u00fcnglich ein Markt- und Exerzierplatz, hat er den Wandel Berlins im Laufe der Jahrhunderte miterlebt. Der Name &#8222;Gendarmenmarkt&#8220; leitet sich vom franz\u00f6sischen Wort &#8222;gendarmerie&#8220; ab, da der Platz einst Standort des franz\u00f6sischen Gendarmerie-Regiments war.<\/p>\n<p>Heute bietet der Gendarmenmarkt eine reizvolle Mischung aus Geschichte, Kultur und Unterhaltung. Die Besucher k\u00f6nnen die architektonischen Wunderwerke des Deutschen und des Franz\u00f6sischen Doms erkunden, die sich jeweils durch einen einzigartigen Stil und exquisite Details auszeichnen. Das Konzerthaus, ein renommierter Konzertsaal, bietet Auff\u00fchrungen von Weltrang und verleiht dem Platz einen Hauch von k\u00fcnstlerischer Eleganz.<\/p>\n<p>Der Gendarmenmarkt ist das ganze Jahr \u00fcber ein wichtiges Zentrum f\u00fcr Veranstaltungen und Feste. Vom Weihnachtsmarkt, der die Luft mit festlicher Stimmung erf\u00fcllt, bis hin zu Open-Air-Konzerten und kulturellen Feiern &#8211; der Platz vibriert vor Energie und Spannung.<\/p>\n<p>Neben seiner historischen und kulturellen Bedeutung hat sich der Gendarmenmarkt zu einem zentralen Treffpunkt f\u00fcr Einheimische und Touristen gleicherma\u00dfen entwickelt. Seine charmanten Caf\u00e9s, Restaurants und Gesch\u00e4fte laden zum Verweilen ein, um sich kulinarisch verw\u00f6hnen zu lassen und die pulsierende Atmosph\u00e4re auf sich wirken zu lassen.<\/p>\n<p>Wenn man \u00fcber den Gendarmenmarkt schlendert, kann man nicht anders, als von seiner Gr\u00f6\u00dfe und den Geschichten, die er in seinen Mauern birgt, \u00fcberw\u00e4ltigt zu sein. Der Gendarmenmarkt ist ein Symbol f\u00fcr die Unverw\u00fcstlichkeit Berlins und seinen unverw\u00fcstlichen Geist. Er ist ein Zeugnis f\u00fcr das reiche Erbe der Stadt und nach wie vor ein beliebter Treffpunkt f\u00fcr Menschen aus allen Gesellschaftsschichten.<\/p>\n<p>Egal, ob Du dich f\u00fcr Geschichte interessierst, Kulturliebhaber bist oder einfach nur einen malerischen Ort zum Erkunden suchst, der Berliner Gendarmenmarkt bietet dir ein fesselndes und unvergessliches Erlebnis. Nimm Dir Zeit, in seine Sch\u00f6nheit einzutauchen, dich an seinen Attraktionen zu erfreuen und seine aktuelle Bedeutung als lebendiger und gesch\u00e4tzter Teil des Berliner Kulturlebens zu w\u00fcrdigen.<\/p>\n<\/div>\n<\/div>\n<\/div>\n<\/div>\n<\/div>\n<\/div>\n<p>[\/vc_column_text][vc_zigzag][vc_column_text]Hier geht es zur <a href=\"https:\/\/www.getyourguide.de\/berlin-l17\/berlin-3-stundige-geheime-food-tour-t67796\/?partner_id=OKFS1TT&amp;utm_medium=online_publisher\" target=\"_blank\" rel=\"noopener\"><strong>Geheimen Food Tour Berlin<\/strong><\/a>[\/vc_column_text][vc_video link=&#8220;https:\/\/www.youtube.com\/watch?v=k9BMfWwuxVs&amp;t=15s&#8220; align=&#8220;center&#8220; title=&#8220;Berlin Mitte Highlights&#8220;][\/vc_column][vc_column width=&#8220;1\/3&#8243;][vc_column_text]<\/p>\n<p>&nbsp;<\/p>\n<p>[\/vc_column_text][vc_column_text]<\/p>\n<div data-gyg-href=\"https:\/\/widget.getyourguide.com\/default\/activities.frame\" data-gyg-locale-code=\"en-US\" data-gyg-widget=\"activities\" data-gyg-number-of-items=\"3\" data-gyg-partner-id=\"OKFS1TT\" data-gyg-q=\"Gendarmenmarkt\"><\/div>\n<p>[\/vc_column_text][\/vc_column][\/vc_row]<\/p>\n","protected":false},"excerpt":{"rendered":"<p>[vc_row][vc_column width=&#8220;2\/3&#8243;][vc_column_text] &nbsp; &nbsp; [\/vc_column_text][vc_custom_heading text=&#8220;Der Berliner Gendarmenmarkt: Ein historischer Platz von Sch\u00f6nheit und Bedeutung&#8220; font_container=&#8220;tag:h1|font_size:30|text_align:left|color:%23d3065b&#8220;][vc_column_text] Der Berliner Gendarmenmarkt ist eines der faszinierendsten Wahrzeichen der Stadt, wenn es um architektonische Sch\u00f6nheit und historische Bedeutung geht. Dieser Platz im Herzen Berlins ist von drei pr\u00e4chtigen Geb\u00e4uden umgeben: dem Deutschen Dom, dem Franz\u00f6sischen Dom und dem Konzerthaus. [&hellip;]<\/p>\n","protected":false},"author":1,"featured_media":0,"parent":243,"menu_order":0,"comment_status":"closed","ping_status":"closed","template":"","meta":{"_sitemap_exclude":false,"_sitemap_priority":"","_sitemap_frequency":"","site-sidebar-layout":"no-sidebar","site-content-layout":"plain-container","ast-site-content-layout":"default","site-content-style":"default","site-sidebar-style":"default","ast-global-header-display":"","ast-banner-title-visibility":"","ast-main-header-display":"","ast-hfb-above-header-display":"","ast-hfb-below-header-display":"","ast-hfb-mobile-header-display":"","site-post-title":"disabled","ast-breadcrumbs-content":"","ast-featured-img":"disabled","footer-sml-layout":"","ast-disable-related-posts":"","theme-transparent-header-meta":"default","adv-header-id-meta":"","stick-header-meta":"","header-above-stick-meta":"","header-main-stick-meta":"","header-below-stick-meta":"","astra-migrate-meta-layouts":"default","ast-page-background-enabled":"default","ast-page-background-meta":{"desktop":{"background-color":"var(--ast-global-color-4)","background-image":"","background-repeat":"repeat","background-position":"center center","background-size":"auto","background-attachment":"scroll","background-type":"","background-media":"","overlay-type":"","overlay-color":"","overlay-opacity":"","overlay-gradient":""},"tablet":{"background-color":"","background-image":"","background-repeat":"repeat","background-position":"center center","background-size":"auto","background-attachment":"scroll","background-type":"","background-media":"","overlay-type":"","overlay-color":"","overlay-opacity":"","overlay-gradient":""},"mobile":{"background-color":"","background-image":"","background-repeat":"repeat","background-position":"center center","background-size":"auto","background-attachment":"scroll","background-type":"","background-media":"","overlay-type":"","overlay-color":"","overlay-opacity":"","overlay-gradient":""}},"ast-content-background-meta":{"desktop":{"background-color":"var(--ast-global-color-5)","background-image":"","background-repeat":"repeat","background-position":"center center","background-size":"auto","background-attachment":"scroll","background-type":"","background-media":"","overlay-type":"","overlay-color":"","overlay-opacity":"","overlay-gradient":""},"tablet":{"background-color":"var(--ast-global-color-5)","background-image":"","background-repeat":"repeat","background-position":"center center","background-size":"auto","background-attachment":"scroll","background-type":"","background-media":"","overlay-type":"","overlay-color":"","overlay-opacity":"","overlay-gradient":""},"mobile":{"background-color":"var(--ast-global-color-5)","background-image":"","background-repeat":"repeat","background-position":"center center","background-size":"auto","background-attachment":"scroll","background-type":"","background-media":"","overlay-type":"","overlay-color":"","overlay-opacity":"","overlay-gradient":""}},"footnotes":""},"class_list":["post-416","page","type-page","status-publish","hentry"],"_links":{"self":[{"href":"https:\/\/berlinwanderlust.com\/de\/wp-json\/wp\/v2\/pages\/416","targetHints":{"allow":["GET"]}}],"collection":[{"href":"https:\/\/berlinwanderlust.com\/de\/wp-json\/wp\/v2\/pages"}],"about":[{"href":"https:\/\/berlinwanderlust.com\/de\/wp-json\/wp\/v2\/types\/page"}],"author":[{"embeddable":true,"href":"https:\/\/berlinwanderlust.com\/de\/wp-json\/wp\/v2\/users\/1"}],"replies":[{"embeddable":true,"href":"https:\/\/berlinwanderlust.com\/de\/wp-json\/wp\/v2\/comments?post=416"}],"version-history":[{"count":0,"href":"https:\/\/berlinwanderlust.com\/de\/wp-json\/wp\/v2\/pages\/416\/revisions"}],"up":[{"embeddable":true,"href":"https:\/\/berlinwanderlust.com\/de\/wp-json\/wp\/v2\/pages\/243"}],"wp:attachment":[{"href":"https:\/\/berlinwanderlust.com\/de\/wp-json\/wp\/v2\/media?parent=416"}],"curies":[{"name":"wp","href":"https:\/\/api.w.org\/{rel}","templated":true}]}}