{"id":329,"date":"2023-07-12T09:27:06","date_gmt":"2023-07-12T07:27:06","guid":{"rendered":"https:\/\/berlinwanderlust.com\/?page_id=329"},"modified":"2024-05-21T17:36:22","modified_gmt":"2024-05-21T15:36:22","slug":"kreuzberg","status":"publish","type":"page","link":"https:\/\/berlinwanderlust.com\/de\/aktivitaeten\/locations\/kreuzberg\/","title":{"rendered":"Kreuzberg"},"content":{"rendered":"<p>[vc_row][vc_column width=&#8220;2\/3&#8243;][vc_column_text]<\/p>\n<p>&nbsp;<\/p>\n<p>&nbsp;<\/p>\n<p>[\/vc_column_text][vc_column_text]<\/p>\n<h1 class=\"text-lg font-bold font-600\">Kreuzbergs Sehensw\u00fcrdigkeiten: Ein Schmelztiegel der Kulturen und Lebensstile<\/h1>\n<ol class=\"list-decimal pl-8 space-y-2 -mt-1\">\n<li class=\"whitespace-normal break-words\"><a href=\"#einfuehrung\" target=\"_blank\" rel=\"noopener\">Einf\u00fchrung<\/a><\/li>\n<li class=\"whitespace-normal break-words\"><a href=\"#viktoriapark\" target=\"_blank\" rel=\"noopener\">Viktoriapark<\/a><\/li>\n<li class=\"whitespace-normal break-words\"><a href=\"#bergmannkiez\" target=\"_blank\" rel=\"noopener\">Bergmannkiez<\/a><\/li>\n<li class=\"whitespace-normal break-words\"><a href=\"#east-side-gallery\" target=\"_blank\" rel=\"noopener\">East Side Gallery<\/a><\/li>\n<li class=\"whitespace-normal break-words\"><a href=\"#chamissokiez\" target=\"_blank\" rel=\"noopener\">Chamissokiez<\/a><\/li>\n<li class=\"whitespace-normal break-words\"><a href=\"#kreuzberg-museum\" target=\"_blank\" rel=\"noopener\">Kreuzberg-Museum<\/a><\/li>\n<li class=\"whitespace-normal break-words\"><a href=\"#goerlitzer-park\" target=\"_blank\" rel=\"noopener\">G\u00f6rlitzer Park<\/a><\/li>\n<li class=\"whitespace-normal break-words\"><a href=\"#kreuzberg-pavillon\" target=\"_blank\" rel=\"noopener\">Kreuzberg-Pavillon<\/a><\/li>\n<li class=\"whitespace-normal break-words\"><a href=\"#tempelhofer-feld\" target=\"_blank\" rel=\"noopener\">Tempelhofer Feld<\/a><\/li>\n<li class=\"whitespace-normal break-words\"><a href=\"#markthalle-neun\" target=\"_blank\" rel=\"noopener\">Markthalle Neun<\/a><\/li>\n<li class=\"whitespace-normal break-words\"><a href=\"#street-art-clubszene\" target=\"_blank\" rel=\"noopener\">Street Art &amp; Clubszene<\/a><\/li>\n<li class=\"whitespace-normal break-words\"><a href=\"#fazit\" target=\"_blank\" rel=\"noopener\">Fazit<\/a><\/li>\n<\/ol>\n<h3 id=\"einfuehrung\" class=\"font-bold\">Einf\u00fchrung<\/h3>\n<p class=\"whitespace-pre-wrap break-words\">Kreuzberg, einer der wohl bekanntesten und lebendigsten Bezirke Berlins, ist ein einzigartiger Ort f\u00fcr Kulturliebhaber und Entdecker. Dieses facettenreiche Viertel ist gepr\u00e4gt von einer faszinierenden Mischung aus Kunst, Geschichte, <a href=\"https:\/\/berlinwanderlust.com\/de\/stadttouren\/food-tours\/\"><strong>Streetfood <\/strong><\/a>und alternativer Lebenskultur. Von Parks und Galerien bis hin zu Stra\u00dfenkunst und Klubbens &#8211; Kreuzberg bietet f\u00fcr jeden Geschmack etwas Besonderes. In diesem Artikel nehmen wir dich mit auf eine Entdeckungsreise durch die vielf\u00e4ltigen Sehensw\u00fcrdigkeiten dieses einzigartigen Bezirks.<\/p>\n<h3 id=\"viktoriapark\" class=\"font-bold\">Viktoriapark<\/h3>\n<p class=\"whitespace-pre-wrap break-words\">Der idyllische Viktoriapark ist eine gr\u00fcne Oase inmitten der urbanen Betriebsamkeit Kreuzbergs. Die weitl\u00e4ufige Parkanlage mit ihren sanften H\u00fcgeln, Teichen und der ber\u00fchmten Berliner Wasserfallbahn l\u00e4dt zu entspannten Spazierg\u00e4ngen und Picknicks ein. Vom Kreuzberg, dem ehemaligen Weinberg nach dem der Bezirk benannt ist, genie\u00dft du einen atemberaubenden Blick \u00fcber die Skyline Berlins.<\/p>\n<h3 id=\"bergmannkiez\" class=\"font-bold\">Bergmannkiez<\/h3>\n<p class=\"whitespace-pre-wrap break-words\">Das Herz Kreuzbergs schl\u00e4gt im Bergmannkiez, einem trendigen und multikulturellen Szeneviertel. Die belebten Stra\u00dfen sind ges\u00e4umt von <a href=\"https:\/\/berlinwanderlust.com\/de\/cafes-und-fruehstueck\/\">gem\u00fctlichen Caf\u00e9s<\/a>, originellen Boutiquen und angesagten Restaurants, die Einfl\u00fcsse aus aller Welt vereinen. Hier findest du eine bunte Mischung aus Biol\u00e4den, Vintage-Shops und Ateliers junger K\u00fcnstler. Oft finden auf den Stra\u00dfen und Pl\u00e4tzen auch Stra\u00dfenfeste und Flohm\u00e4rkte statt, die den einzigartigen Charme dieses Viertels widerspiegeln.<\/p>\n<h3 id=\"east-side-gallery\" class=\"font-bold\">East Side Gallery<\/h3>\n<p class=\"whitespace-pre-wrap break-words\">Die East Side Gallery ist ein beeindruckendes Open-Air-Kunstwerk und bleibendes Zeugnis der friedlichen Revolution 1989. Auf einer L\u00e4nge von 1,3 Kilometern wurden die letzten \u00dcberreste der Berliner Mauer von internationalen K\u00fcnstlern kunstvoll bemalt und mit Motiven und Botschaften der Freiheit und Einheit versehen. Ein Spaziergang an der East Side Gallery ist nicht nur f\u00fcr Geschichtsinteressierte ein absolutes Muss, sondern auch f\u00fcr alle Kunstliebhaber ein beeindruckendes Erlebnis.<\/p>\n<h3 id=\"chamissokiez\" class=\"font-bold\">Chamissokiez<\/h3>\n<p class=\"whitespace-pre-wrap break-words\">Der Chamissokiez ist ein weiteres zentral gelegenes Viertel in Kreuzberg, das insbesondere f\u00fcr seine einladenden Kneipen, gem\u00fctlichen Bierg\u00e4rten und urbane Street-Art-Szene bekannt ist. Hier treffen sich Anwohner, K\u00fcnstler und Studenten zum geselligen Beisammensein. Undergroundclubs, Second-Hand-L\u00e4den und Galerien pr\u00e4gen das Stra\u00dfenbild. Lasse dich vom ungezwungenen Flair verzaubern und entdecke bemalte Hausfassaden und versteckte Kunstwerke entlang der kopfsteingepflasterten Gassen.<\/p>\n<h3 id=\"kreuzberg-museum\" class=\"font-bold\">Kreuzberg-Museum<\/h3>\n<p class=\"whitespace-pre-wrap break-words\">Um tiefer in die Geschichte und Identit\u00e4t Kreuzbergs einzutauchen, bietet sich ein Besuch des Kreuzberg-Museums an. In dieser ehemaligen Fabrik im schmucken Geb\u00e4ude-Ensemble an der Schlesischen Stra\u00dfe werden anhand vielf\u00e4ltiger Exponate die wechselvolle Entwicklung des Bezirks von der Industrialisierung bis heute beleuchtet. Besonders spannend sind die Ausstellungen zur Berliner Subkultur, den sozialen Bewegungen der 70er und 80er Jahre sowie dem Leben der Migranten in Kreuzberg.<\/p>\n<h3 id=\"goerlitzer-park\" class=\"font-bold\">G\u00f6rlitzer Park<\/h3>\n<p class=\"whitespace-pre-wrap break-words\">Der weitl\u00e4ufige G\u00f6rlitzer Park ist bei Anwohnern als entspannte gr\u00fcne Lunge von Kreuzberg beliebt. Die idyllischen Wiesen, Teichanlagen und alten Baumbest\u00e4nde schaffen eine Oase der Ruhe und Entspannung mitten im urbanen Treiben. An sch\u00f6nen Sommertagen finden hier Freiluftfeste und Flohm\u00e4rkte statt und an den Wochenenden treffen sich viele Berliner zum Picknicken, Grillen und Feiern. Kreativ-Kunsthandwerker aus aller Welt bieten ihre Waren an. Eine spannende Mischung aus Erholung und alternativem Lebensstil.<\/p>\n<h3 id=\"kreuzberg-pavillon\" class=\"font-bold\">Kreuzberg-Pavillon<\/h3>\n<p class=\"whitespace-pre-wrap break-words\">Der Kreuzberg-Pavillon im Viktoriapark ist ein Ausstellungsraum und kulturelles Zentrum, das sich ganz dem K\u00fcnstlerviertel Kreuzberg und seinen Bewohnern widmet. Hier werden regelm\u00e4\u00dfig Ausstellungen, Performances und Workshops veranstaltet, die die vielf\u00e4ltige Lebensrealit\u00e4t und das kreative Schaffen des Bezirks widerspiegeln. Ob Foto-Ausstellungen, Poetry Slams oder Theater-Auff\u00fchrungen &#8211; der Kreuzberg-Pavillon bietet immer wieder neue Einblicke in die pulsierende Szene und ist ein wichtiger Ort des Austauschs.<\/p>\n<h3 id=\"tempelhofer-feld\" class=\"font-bold\">Tempelhofer Feld<\/h3>\n<p class=\"whitespace-pre-wrap break-words\">Das ehemalige Flugfeld Tempelhof grenzt direkt an Kreuzberg und ist bei Berlinern als Freizeitsparadies sehr beliebt. Auf den riesigen Freifl\u00e4chen k\u00f6nnen Besucher skaten, radeln, spielen oder einfach die Seele baumeln lassen. Regelm\u00e4\u00dfig finden hier auch Festivals und Outdoor-M\u00e4rkte statt. Mit seinen einzigartigen Dimensionen und Ausblicken ist das Tempelhofer Feld ein ganz besonderer Kontrastpunkt zum quirligen Stadtleben in Kreuzberg.<\/p>\n<h3 id=\"markthalle-neun\" class=\"font-bold\">Markthalle Neun<\/h3>\n<p class=\"whitespace-pre-wrap break-words\">Die wundersch\u00f6ne denkmalgesch\u00fctzte Markthalle Neun ist ein tolles Ausflugsziel f\u00fcr Foodies aus aller Welt. In dieser ehemaligen Markthalle aus der Gr\u00fcnderzeit findet mehrmals w\u00f6chentlich ein gro\u00dfer Streetfood-Markt mit internationalem Flair statt. Hier kannst du von Snacks bis Spezialit\u00e4ten von St\u00e4nden aus aller Herren L\u00e4nder probieren und gleichzeitig regionale Produkte einkaufen. Ein einzigartiges kulinarisches Erlebnis mitten in Kreuzberg.<\/p>\n<h3 id=\"street-art-clubszene\" class=\"font-bold\">Street Art &amp; Clubszene<\/h3>\n<p class=\"whitespace-pre-wrap break-words\">Neben all den tollen Sehensw\u00fcrdigkeiten ist Kreuzberg aber vor allem f\u00fcr seine lebendige Street-Art-Szene und aufstrebendes Nachtleben bekannt. Wo man auch hinschaut, entdeckt man in den Stra\u00dfen und Gassen farbenpr\u00e4chtige Graffiti-Kunstwerke, die oft gesellschaftskritische Botschaften transportieren. Das alternative Viertel hat sich zur internationalen Hochburg f\u00fcr Street Art entwickelt.<\/p>\n<p class=\"whitespace-pre-wrap break-words\">Um die Street-Art-Highlights zu entdecken, lohnt sich eine gef\u00fchrte Tour, bei der ein lokaler Experte die Hintergr\u00fcnde und Bedeutungen der Werke erkl\u00e4rt. Viele Galerien und Ateliers in Kreuzberg zeigen zudem regelm\u00e4\u00dfig Ausstellungen von angesagten Urban Art K\u00fcnstlern.<\/p>\n<p class=\"whitespace-pre-wrap break-words\">Die pulsierende Clubkultur tr\u00e4gt ebenfalls zur einzigartigen Atmosph\u00e4re des Bezirks bei. Von untergroundigen Techno-Clubs in umgenutzten Bunkern bis zu schicken Bars und Lounges, in denen man den Abend ausklingen lassen kann \u2013 Kreuzberg hat f\u00fcr jeden Musikgeschmack und Partytypen etwas zu bieten. Manche der angesagtesten Clubs wie das ber\u00fchmte Watergate oder das :\/\/about blank gelten als Pioniere der Berliner Clubszene.<\/p>\n<p class=\"whitespace-pre-wrap break-words\">Tages\u00fcber l\u00e4sst sich die alternative Seite des Viertels wunderbar bei einem Streifzug durch die Stra\u00dfen erleben. Findige Kreuzberger haben in vielen Hinterh\u00f6fen, Leerst\u00e4nden und auf Brachfl\u00e4chen tempor\u00e4re Kunst-Projekte, Pop-up-Gesch\u00e4fte und Outdoor-Clubs ins Leben gerufen, die dem Bezirk seinen unverwechselbaren, kreativen Charme verleihen.<\/p>\n<h3 id=\"fazit\" class=\"font-bold\">Fazit<\/h3>\n<p class=\"whitespace-pre-wrap break-words\">Kreuzberg ist ein lebendiger, bunter und vibrierender Bezirk, der jeden Besucher mit seiner einzigartigen Mischung aus multikulturellen Einfl\u00fcssen, lebendiger Kunstszene und urbanem Lebensgef\u00fchl verzaubern wird. Ob angesagte Szenekieze wie der Bergmannkiez, historische St\u00e4tten wie die East Side Gallery, gr\u00fcne Erholungsinseln wie der Viktoriapark und Tempelhofer Feld oder kreative Kultur-Hotspots wie das Kreuzberg-Museum und die Street Art &#8211; hier findet sich f\u00fcr jeden Geschmack etwas.<\/p>\n<p class=\"whitespace-pre-wrap break-words\">Das Besondere an Kreuzberg ist die spannende Kombination aus verschiedenen kulturellen Einfl\u00fcssen, hipster Szenen und Traditionen. Neben all den trendigen Lokalit\u00e4ten und Underground-Projekten finden sich in den Kiezen aber auch noch viele &#8222;Ur-Berliner&#8220; Kneipen und Ausflugsziele. Diese bunte Vielfalt macht den ganz eigenen Charme des Bezirks aus.<\/p>\n<p class=\"whitespace-pre-wrap break-words\">Lass dich bei deinem Besuch in Kreuzberg einfach treiben und tauche tief ein in diese faszinierende Welt. Sei offen f\u00fcr Entdeckungen, genie\u00dfe das Lebensgef\u00fchl und lass dich von der pulsierenden Energie und Kreativit\u00e4t anstecken, die diesen Teil Berlins so einzigartig macht.<\/p>\n<p>Hier gehts zum<a href=\"https:\/\/gyg.me\/Snjp4081\"><strong> 2,5 Std. langen Rundgang durch Kreuzberg<\/strong><\/a>[\/vc_column_text][vc_zigzag][vc_column_text]Du genie\u00dft gerne ein reichhaltiges Fr\u00fchst\u00fcck? Dann probier doch mal die <a href=\"https:\/\/www.getyourguide.de\/wilde-mathilde-l169449\/berlin-gourmet-fruhstuck-fur-2-in-der-wilden-matilde-t413345\/?partner_id=OKFS1TT&amp;utm_medium=online_publisher\"><strong>Wilde Mathilde<\/strong><\/a>[\/vc_column_text][\/vc_column][vc_column width=&#8220;1\/3&#8243;][vc_column_text]<\/p>\n<p>&nbsp;<\/p>\n<p>[\/vc_column_text][vc_column_text]<\/p>\n<div data-gyg-href=\"https:\/\/widget.getyourguide.com\/default\/activities.frame\" data-gyg-locale-code=\"de-DE\" data-gyg-widget=\"activities\" data-gyg-number-of-items=\"6\" data-gyg-partner-id=\"OKFS1TT\" data-gyg-q=\"Kreuzbergtour\">Powered by <a href=\"https:\/\/www.getyourguide.com\/berlin-kreuzberg-l3120\/\" target=\"_blank\" rel=\"noopener sponsored\">GetYourGuide<\/a><\/div>\n<p>[\/vc_column_text][vc_video link=&#8220;https:\/\/www.youtube.com\/watch?v=B1t0wXWSQXo&amp;t=184s&#8220; align=&#8220;center&#8220; title=&#8220;Bergmannstr.&#8220;][\/vc_column][\/vc_row]<\/p>\n","protected":false},"excerpt":{"rendered":"<p>[vc_row][vc_column width=&#8220;2\/3&#8243;][vc_column_text] &nbsp; &nbsp; [\/vc_column_text][vc_column_text] Kreuzbergs Sehensw\u00fcrdigkeiten: Ein Schmelztiegel der Kulturen und Lebensstile Einf\u00fchrung Viktoriapark Bergmannkiez East Side Gallery Chamissokiez Kreuzberg-Museum G\u00f6rlitzer Park Kreuzberg-Pavillon Tempelhofer Feld Markthalle Neun Street Art &amp; Clubszene Fazit Einf\u00fchrung Kreuzberg, einer der wohl bekanntesten und lebendigsten Bezirke Berlins, ist ein einzigartiger Ort f\u00fcr Kulturliebhaber und Entdecker. Dieses facettenreiche Viertel ist [&hellip;]<\/p>\n","protected":false},"author":1,"featured_media":0,"parent":243,"menu_order":0,"comment_status":"closed","ping_status":"closed","template":"","meta":{"site-sidebar-layout":"no-sidebar","site-content-layout":"plain-container","ast-site-content-layout":"normal-width-container","site-content-style":"unboxed","site-sidebar-style":"unboxed","ast-global-header-display":"","ast-banner-title-visibility":"","ast-main-header-display":"","ast-hfb-above-header-display":"","ast-hfb-below-header-display":"","ast-hfb-mobile-header-display":"","site-post-title":"disabled","ast-breadcrumbs-content":"","ast-featured-img":"disabled","footer-sml-layout":"","theme-transparent-header-meta":"default","adv-header-id-meta":"","stick-header-meta":"","header-above-stick-meta":"","header-main-stick-meta":"","header-below-stick-meta":"","astra-migrate-meta-layouts":"set","ast-page-background-enabled":"default","ast-page-background-meta":{"desktop":{"background-color":"var(--ast-global-color-4)","background-image":"","background-repeat":"repeat","background-position":"center center","background-size":"auto","background-attachment":"scroll","background-type":"","background-media":"","overlay-type":"","overlay-color":"","overlay-opacity":"","overlay-gradient":""},"tablet":{"background-color":"","background-image":"","background-repeat":"repeat","background-position":"center center","background-size":"auto","background-attachment":"scroll","background-type":"","background-media":"","overlay-type":"","overlay-color":"","overlay-opacity":"","overlay-gradient":""},"mobile":{"background-color":"","background-image":"","background-repeat":"repeat","background-position":"center center","background-size":"auto","background-attachment":"scroll","background-type":"","background-media":"","overlay-type":"","overlay-color":"","overlay-opacity":"","overlay-gradient":""}},"ast-content-background-meta":{"desktop":{"background-color":"var(--ast-global-color-5)","background-image":"","background-repeat":"repeat","background-position":"center center","background-size":"auto","background-attachment":"scroll","background-type":"","background-media":"","overlay-type":"","overlay-color":"","overlay-opacity":"","overlay-gradient":""},"tablet":{"background-color":"var(--ast-global-color-5)","background-image":"","background-repeat":"repeat","background-position":"center center","background-size":"auto","background-attachment":"scroll","background-type":"","background-media":"","overlay-type":"","overlay-color":"","overlay-opacity":"","overlay-gradient":""},"mobile":{"background-color":"var(--ast-global-color-5)","background-image":"","background-repeat":"repeat","background-position":"center center","background-size":"auto","background-attachment":"scroll","background-type":"","background-media":"","overlay-type":"","overlay-color":"","overlay-opacity":"","overlay-gradient":""}},"footnotes":""},"class_list":["post-329","page","type-page","status-publish","hentry"],"aioseo_notices":[],"_links":{"self":[{"href":"https:\/\/berlinwanderlust.com\/de\/wp-json\/wp\/v2\/pages\/329","targetHints":{"allow":["GET"]}}],"collection":[{"href":"https:\/\/berlinwanderlust.com\/de\/wp-json\/wp\/v2\/pages"}],"about":[{"href":"https:\/\/berlinwanderlust.com\/de\/wp-json\/wp\/v2\/types\/page"}],"author":[{"embeddable":true,"href":"https:\/\/berlinwanderlust.com\/de\/wp-json\/wp\/v2\/users\/1"}],"replies":[{"embeddable":true,"href":"https:\/\/berlinwanderlust.com\/de\/wp-json\/wp\/v2\/comments?post=329"}],"version-history":[{"count":0,"href":"https:\/\/berlinwanderlust.com\/de\/wp-json\/wp\/v2\/pages\/329\/revisions"}],"up":[{"embeddable":true,"href":"https:\/\/berlinwanderlust.com\/de\/wp-json\/wp\/v2\/pages\/243"}],"wp:attachment":[{"href":"https:\/\/berlinwanderlust.com\/de\/wp-json\/wp\/v2\/media?parent=329"}],"curies":[{"name":"wp","href":"https:\/\/api.w.org\/{rel}","templated":true}]}}