{"id":321,"date":"2023-07-12T08:58:32","date_gmt":"2023-07-12T06:58:32","guid":{"rendered":"https:\/\/berlinwanderlust.com\/?page_id=321"},"modified":"2023-09-19T22:12:35","modified_gmt":"2023-09-19T20:12:35","slug":"sowjetisches-ehrenmal","status":"publish","type":"page","link":"https:\/\/berlinwanderlust.com\/de\/aktivitaeten\/locations\/sowjetisches-ehrenmal\/","title":{"rendered":"Sowjetisches Ehrenmal"},"content":{"rendered":"<p>[vc_row][vc_column width=&#8220;2\/3&#8243;][vc_column_text]<\/p>\n<p>&nbsp;<\/p>\n<p>&nbsp;<\/p>\n<p>[\/vc_column_text][vc_custom_heading text=&#8220;Das sowjetische Kriegerdenkmal im Tiergarten: Eine Hommage an die Opfer und ein Symbol der Einheit&#8220; font_container=&#8220;tag:h1|font_size:30|text_align:left|color:%23d3065b&#8220;][vc_column_text]<\/p>\n<div class=\"group w-full text-gray-800 dark:text-gray-100 border-b border-black\/10 dark:border-gray-900\/50 bg-gray-50 dark:bg-[#444654]\">\n<div class=\"flex p-4 gap-4 text-base md:gap-6 md:max-w-2xl lg:max-w-[38rem] xl:max-w-3xl md:py-6 lg:px-0 m-auto\">\n<div class=\"relative flex w-[calc(100%-50px)] flex-col gap-1 md:gap-3 lg:w-[calc(100%-115px)]\">\n<div class=\"flex flex-grow flex-col gap-3\">\n<div class=\"min-h-[20px] flex items-start overflow-x-auto whitespace-pre-wrap break-words flex-col gap-4\">\n<div class=\"markdown prose w-full break-words dark:prose-invert light\">\n<p>Im Herzen des Berliner Tiergartens steht ein feierlicher und monumentaler Gedenkstein als Symbol f\u00fcr die bleibende Erinnerung an diejenigen, die im Zweiten Weltkrieg ihr Leben geopfert haben &#8211; das Sowjetische Ehrenmal. Dieses eindrucksvolle und historisch bedeutsame Denkmal erinnert an die tiefgreifenden Auswirkungen des Krieges und an die Notwendigkeit von Einheit und Gedenken. Entdecke mit mir die Geschichte und die gro\u00dfe Bedeutung des Sowjetischen Ehrenmals im Tiergarten und erfahre hier mehr \u00fcber sein bleibendes Verm\u00e4chtnis und die Lehren, die es k\u00fcnftigen Generationen vermittelt.<\/p>\n<p><strong>Zu Ehren der Gefallenen <\/strong><\/p>\n<p>Das Sowjetische Ehrenmal im Tiergarten erinnert an die Tausenden von sowjetischen Soldaten, die in der Schlacht um Berlin, einem entscheidenden Wendepunkt des Zweiten Weltkriegs, ihr Leben verloren. Das kurz nach Kriegsende errichtete Denkmal erinnert an ihren Mut, ihre Aufopferung und die entscheidende Rolle, die sie bei der Niederlage Nazideutschlands gespielt haben. Es dient als feierliche Erinnerung an die immensen menschlichen Kosten des Krieges und an die kollektive Verantwortung, diejenigen zu ehren und ihrer zu gedenken, die f\u00fcr Freiheit und Gerechtigkeit gek\u00e4mpft haben.<\/p>\n<p><strong>Architektonische Pracht <\/strong><\/p>\n<p>Die architektonische Gestaltung der Gedenkst\u00e4tte ist eine beeindruckende Mischung aus Feierlichkeit und Erhabenheit. In der Mitte steht die hoch aufragende Statue eines sowjetischen Soldaten, der ein Schwert schwingt und ein Kind besch\u00fctzt. Der Ausdruck des Soldaten strahlt St\u00e4rke, Entschlossenheit und Schutz aus. Die Statue ist von wundersch\u00f6n angelegten G\u00e4rten mit B\u00e4umen und Blumenbeeten umgeben, die die ruhige und kontemplative Atmosph\u00e4re der Gedenkst\u00e4tte noch verst\u00e4rken. Die Gesamtgestaltung spiegelt die Ehrfurcht und den Respekt wider, der den gefallenen Soldaten entgegengebracht wird, und schafft einen Raum des Gedenkens und der Reflexion.<\/p>\n<p><strong>Historische Bedeutung und Symbolik <\/strong><\/p>\n<p>Das Sowjetische Ehrenmal im Tiergarten ist von gro\u00dfer historischer Bedeutung und steht f\u00fcr die kollektive Erinnerung der Menschen und ihre anhaltende Dankbarkeit. Es ist ein starkes Symbol der Einheit und spiegelt die gemeinsame Entschlossenheit der alliierten Streitkr\u00e4fte wider, den Faschismus zu \u00fcberwinden und den Frieden wiederherzustellen. Das Mahnmal erinnert auch an die engen Beziehungen zwischen Deutschland und der Sowjetunion w\u00e4hrend und nach dem Krieg. Es ist ein Zeugnis f\u00fcr die Bedeutung der Vers\u00f6hnung und die Verpflichtung, daf\u00fcr zu sorgen, dass sich solche Gr\u00e4ueltaten nie wiederholen.<\/p>\n<p><strong>Ein Ort des Gedenkens und der Besinnung <\/strong><\/p>\n<p>Das Ehrenmal ist nicht nur ein physisches Denkmal, sondern auch ein Ort der Besinnung, des Gedenkens und der Bildung. Die Besucher k\u00f6nnen auf den Wegen spazieren gehen, die Inschriften lesen und den gefallenen Soldaten die letzte Ehre erweisen. Die ruhige Atmosph\u00e4re der Gedenkst\u00e4tte l\u00e4dt die Besucher dazu ein, \u00fcber die Vergangenheit, die erbrachten Opfer und die Verantwortung zur F\u00f6rderung von Frieden und Einheit in der Gegenwart und Zukunft nachzudenken. Es ist ein Ort, an dem Menschen aus allen Gesellschaftsschichten zusammenkommen, um Dialog und Verst\u00e4ndnis zu f\u00f6rdern.<\/p>\n<p>Das Sowjetische Ehrenmal im ist ein zeitloses Symbol des Gedenkens, der Einheit und der kollektiven Verantwortung f\u00fcr die Opfer des Zweiten Weltkriegs. Diese tiefgr\u00fcndige Gedenkst\u00e4tte erinnert uns daran, wie wichtig es ist, den Frieden zu bewahren, die Verst\u00e4ndigung zu f\u00f6rdern und Br\u00fccken zwischen den Nationen zu bauen. W\u00e4hrend wir den gefallenen Soldaten gedenken und \u00fcber die Vergangenheit nachdenken, werden wir an den unbezwingbaren menschlichen Geist und die Kraft der Einheit im Angesicht der Not erinnert. Deshalb ist das Ehrenmal eine eindringliche Mahnung, den Frieden zu sch\u00e4tzen, die Vielfalt zu f\u00f6rdern und eine Welt zu schaffen, in der Konflikte durch Dialog und Verst\u00e4ndnis gel\u00f6st werden.<\/p>\n<\/div>\n<\/div>\n<\/div>\n<\/div>\n<\/div>\n<\/div>\n<p>[\/vc_column_text][vc_zigzag][vc_column_text]Mach doch eine <a href=\"https:\/\/www.getyourguide.de\/berlin-l17\/berlin-kalter-krieg-drittes-reich-kleingruppen-rundgang-t280242\/?partner_id=OKFS1TT&amp;utm_medium=online_publisher\"><strong>Tour und erfahre auch interessante Infos \u00fcber den Kalten Krieg\u00a0<\/strong><\/a>[\/vc_column_text][vc_column_text]Hier findest Du Infos \u00fcber die <a href=\"https:\/\/berlinwanderlust.com\/de\/akitvititaeten\/locations\/east-side-gallery\/\">Berliner Mauer und die East Side Gallery<\/a>[\/vc_column_text][\/vc_column][vc_column width=&#8220;1\/3&#8243;][vc_column_text]<\/p>\n<p>&nbsp;<\/p>\n<p>[\/vc_column_text][vc_column_text]<\/p>\n<div data-gyg-href=\"https:\/\/widget.getyourguide.com\/default\/activities.frame\" data-gyg-locale-code=\"de-DE\" data-gyg-widget=\"activities\" data-gyg-number-of-items=\"3\" data-gyg-partner-id=\"OKFS1TT\" data-gyg-tour-ids=\"16079,49448,280242\"><\/div>\n<p>[\/vc_column_text][\/vc_column][\/vc_row]<\/p>\n","protected":false},"excerpt":{"rendered":"<p>[vc_row][vc_column width=&#8220;2\/3&#8243;][vc_column_text] &nbsp; &nbsp; [\/vc_column_text][vc_custom_heading text=&#8220;Das sowjetische Kriegerdenkmal im Tiergarten: Eine Hommage an die Opfer und ein Symbol der Einheit&#8220; font_container=&#8220;tag:h1|font_size:30|text_align:left|color:%23d3065b&#8220;][vc_column_text] Im Herzen des Berliner Tiergartens steht ein feierlicher und monumentaler Gedenkstein als Symbol f\u00fcr die bleibende Erinnerung an diejenigen, die im Zweiten Weltkrieg ihr Leben geopfert haben &#8211; das Sowjetische Ehrenmal. Dieses eindrucksvolle und [&hellip;]<\/p>\n","protected":false},"author":1,"featured_media":0,"parent":243,"menu_order":0,"comment_status":"closed","ping_status":"closed","template":"","meta":{"site-sidebar-layout":"no-sidebar","site-content-layout":"plain-container","ast-site-content-layout":"","site-content-style":"default","site-sidebar-style":"default","ast-global-header-display":"","ast-banner-title-visibility":"","ast-main-header-display":"","ast-hfb-above-header-display":"","ast-hfb-below-header-display":"","ast-hfb-mobile-header-display":"","site-post-title":"disabled","ast-breadcrumbs-content":"","ast-featured-img":"disabled","footer-sml-layout":"","theme-transparent-header-meta":"default","adv-header-id-meta":"","stick-header-meta":"","header-above-stick-meta":"","header-main-stick-meta":"","header-below-stick-meta":"","astra-migrate-meta-layouts":"default","ast-page-background-enabled":"default","ast-page-background-meta":{"desktop":{"background-color":"var(--ast-global-color-4)","background-image":"","background-repeat":"repeat","background-position":"center center","background-size":"auto","background-attachment":"scroll","background-type":"","background-media":"","overlay-type":"","overlay-color":"","overlay-opacity":"","overlay-gradient":""},"tablet":{"background-color":"","background-image":"","background-repeat":"repeat","background-position":"center center","background-size":"auto","background-attachment":"scroll","background-type":"","background-media":"","overlay-type":"","overlay-color":"","overlay-opacity":"","overlay-gradient":""},"mobile":{"background-color":"","background-image":"","background-repeat":"repeat","background-position":"center center","background-size":"auto","background-attachment":"scroll","background-type":"","background-media":"","overlay-type":"","overlay-color":"","overlay-opacity":"","overlay-gradient":""}},"ast-content-background-meta":{"desktop":{"background-color":"var(--ast-global-color-5)","background-image":"","background-repeat":"repeat","background-position":"center center","background-size":"auto","background-attachment":"scroll","background-type":"","background-media":"","overlay-type":"","overlay-color":"","overlay-opacity":"","overlay-gradient":""},"tablet":{"background-color":"var(--ast-global-color-5)","background-image":"","background-repeat":"repeat","background-position":"center center","background-size":"auto","background-attachment":"scroll","background-type":"","background-media":"","overlay-type":"","overlay-color":"","overlay-opacity":"","overlay-gradient":""},"mobile":{"background-color":"var(--ast-global-color-5)","background-image":"","background-repeat":"repeat","background-position":"center center","background-size":"auto","background-attachment":"scroll","background-type":"","background-media":"","overlay-type":"","overlay-color":"","overlay-opacity":"","overlay-gradient":""}},"footnotes":""},"class_list":["post-321","page","type-page","status-publish","hentry"],"aioseo_notices":[],"_links":{"self":[{"href":"https:\/\/berlinwanderlust.com\/de\/wp-json\/wp\/v2\/pages\/321","targetHints":{"allow":["GET"]}}],"collection":[{"href":"https:\/\/berlinwanderlust.com\/de\/wp-json\/wp\/v2\/pages"}],"about":[{"href":"https:\/\/berlinwanderlust.com\/de\/wp-json\/wp\/v2\/types\/page"}],"author":[{"embeddable":true,"href":"https:\/\/berlinwanderlust.com\/de\/wp-json\/wp\/v2\/users\/1"}],"replies":[{"embeddable":true,"href":"https:\/\/berlinwanderlust.com\/de\/wp-json\/wp\/v2\/comments?post=321"}],"version-history":[{"count":0,"href":"https:\/\/berlinwanderlust.com\/de\/wp-json\/wp\/v2\/pages\/321\/revisions"}],"up":[{"embeddable":true,"href":"https:\/\/berlinwanderlust.com\/de\/wp-json\/wp\/v2\/pages\/243"}],"wp:attachment":[{"href":"https:\/\/berlinwanderlust.com\/de\/wp-json\/wp\/v2\/media?parent=321"}],"curies":[{"name":"wp","href":"https:\/\/api.w.org\/{rel}","templated":true}]}}