{"id":299,"date":"2023-07-12T08:24:12","date_gmt":"2023-07-12T06:24:12","guid":{"rendered":"https:\/\/berlinwanderlust.com\/?page_id=299"},"modified":"2024-05-21T11:10:01","modified_gmt":"2024-05-21T09:10:01","slug":"potsdam","status":"publish","type":"page","link":"https:\/\/berlinwanderlust.com\/de\/umgebung\/potsdam\/","title":{"rendered":"Potsdam"},"content":{"rendered":"<p>[vc_row][vc_column width=&#8220;2\/3&#8243;][vc_column_text]<\/p>\n<p>&nbsp;<\/p>\n<p>&nbsp;<\/p>\n<p>[\/vc_column_text][vc_column_text]<\/p>\n<h1 class=\"text-lg font-bold font-600\">Potsdam Sehensw\u00fcrdigkeiten: Ein Muss f\u00fcr Kulturliebhaber<\/h1>\n<ol class=\"list-decimal pl-8 space-y-2 -mt-1\">\n<li class=\"whitespace-normal break-words\"><a href=\"#einfuehrung\" target=\"_blank\" rel=\"noopener\">Einf\u00fchrung<\/a><\/li>\n<li class=\"whitespace-normal break-words\"><a href=\"#park-sanssouci\" target=\"_blank\" rel=\"noopener\">Park Sanssouci<\/a><\/li>\n<li class=\"whitespace-normal break-words\"><a href=\"#hollaendisches-viertel\" target=\"_blank\" rel=\"noopener\">Holl\u00e4ndisches Viertel<\/a><\/li>\n<li class=\"whitespace-normal break-words\"><a href=\"#biosphaere\" target=\"_blank\" rel=\"noopener\">Biosph\u00e4re Potsdam<\/a><\/li>\n<li class=\"whitespace-normal break-words\"><a href=\"#schloss-cecilienhof\" target=\"_blank\" rel=\"noopener\">Schloss Cecilienhof<\/a><\/li>\n<li class=\"whitespace-normal break-words\"><a href=\"#historische-innenstadt\" target=\"_blank\" rel=\"noopener\">Historische Innenstadt<\/a><\/li>\n<li class=\"whitespace-normal break-words\"><a href=\"#sacrow\" target=\"_blank\" rel=\"noopener\">Sacrow<\/a><\/li>\n<li class=\"whitespace-normal break-words\"><a href=\"#filmindustrie-in-potsdam\" target=\"_blank\" rel=\"noopener\">Filmindustrie in Potsdam<\/a><\/li>\n<li class=\"whitespace-normal break-words\"><a href=\"#fazit\" target=\"_blank\" rel=\"noopener\">Fazit<\/a><\/li>\n<\/ol>\n<h3 id=\"einfuehrung\" class=\"font-bold\">Einf\u00fchrung<\/h3>\n<p class=\"whitespace-pre-wrap break-words\">Die brandenburgische Landeshauptstadt Potsdam ist wahrlich ein Paradies mit Sehensw\u00fcrdigkeiten f\u00fcr Kulturliebhaber und Geschichtsinteressierte. Mit ihrer einzigartigen Mischung aus prachtvollen Schl\u00f6ssern, weitl\u00e4ufigen Parkanlagen und geschichtstr\u00e4chtigen St\u00e4tten hat die Stadt jedes Jahr zahlreiche Besucher zu bieten. In diesem Artikel erkunden wir die absoluten Highlights und Muss-Sehensw\u00fcrdigkeiten in Potsdam.<\/p>\n<h3 id=\"park-sansouci\" class=\"font-bold\">Park Sanssouci<\/h3>\n<p class=\"whitespace-pre-wrap break-words\">Der <a href=\"https:\/\/gyg.me\/LVsU19MC\" target=\"_blank\" rel=\"noopener\"><strong>Park Sanssouci<\/strong><\/a> z\u00e4hlt zweifelsohne zu den ber\u00fchmtesten G\u00e4rten Europas. Die \u00fcber 300 Hektar gro\u00dfe Anlage im Stil des Rokoko und Barock erstreckt sich malerisch \u00fcber sanfte H\u00fcgel und Seen.<\/p>\n<h4>Schloss Sanssouci<\/h4>\n<p class=\"whitespace-pre-wrap break-words\">Das <a href=\"https:\/\/gyg.me\/7kTM4lYe\" target=\"_blank\" rel=\"noopener\"><strong>pr\u00e4chtige Schloss Sanssouci<\/strong> <\/a>(&#8222;Ohne Sorgen&#8220; aus dem Franz\u00f6sischen) war der geliebte Sommersitz des Preu\u00dfenk\u00f6nigs Friedrich II. Nach dem Vorbild der Sommerresidenzen in Italien erbaut, beeindruckt es mit seiner einzigartigen Rokokokunst und prunkvollen Innenr\u00e4umen. Das Schloss, das Kulisse f\u00fcr zahlreiche Feste und Empf\u00e4nge war, ist heute eine der Hauptattraktionen im Park.<\/p>\n<h4>Neues Palais<\/h4>\n<p class=\"whitespace-pre-wrap break-words\">Das Neue Palais war einst Schauplatz rauschender Feste und diente sp\u00e4ter als Sommersitz der preu\u00dfischen K\u00f6nigsfamilie. Die pr\u00e4chtige Barockresidenz mit ihrer prunkvollen Innenausstattung lockt j\u00e4hrlich zahlreiche Besucher an. Besonders beeindruckend sind die \u00fcberaus dekorativen S\u00e4le wie die Grotte, der Marmorsaal und der Theatersaal.<\/p>\n<h4>Orangerie<\/h4>\n<p class=\"whitespace-pre-wrap break-words\">Die Orangerie imPark Sanssouci beherbergt heute ein Museum mit Exponaten zur h\u00f6fischen Kultur und Architektur der Schl\u00f6sser in Potsdam. Besonders sehenswert sind die originalgetreu nachempfundenen R\u00e4ume wie das Rokokozimmer und der Blumensaal. Im Sommer finden hier regelm\u00e4\u00dfig Konzerte statt.<\/p>\n<h3 class=\"font-bold\">Holl\u00e4ndisches Viertel<\/h3>\n<p class=\"whitespace-pre-wrap break-words\">Einen Hauch von Amsterdam verspr\u00fcht das bezaubernde Holl\u00e4ndische Viertel in der Potsdamer Innenstadt. Die roten Ziegelgeb\u00e4ude mit ihren typischen Ziergiebeln s\u00e4umen die Grachten und kleinen Kan\u00e4le. Besonders sehenswert sind hier das Jan-Bouman-Haus sowie die Freundschaftsinsel mit dem Fortunaportal. Gem\u00fctliche Caf\u00e9s und Restaurants laden zu einer Pause ein.<\/p>\n<h3 id=\"biosphaere\" class=\"font-bold\">Biosph\u00e4re Potsdam<\/h3>\n<p class=\"whitespace-pre-wrap break-words\">Die <a href=\"https:\/\/gyg.me\/S23kX8ia\" target=\"_blank\" rel=\"noopener\"><strong>markante Biosph\u00e4re<\/strong><\/a> ist eines der Wahrzeichen der modernen Stadt Potsdam. Die riesige Tropenhalle aus Stahl und Glas beherbergt auf einer Fl\u00e4che von 20.000 Quadratmetern ein beeindruckendes Tropenparadies. Neben exotischen Pflanzen und Baumarten k\u00f6nnen hier zahlreiche Schmetterlingsarten und andere Tiere aus n\u00e4chster N\u00e4he beobachtet werden.<\/p>\n<h3 id=\"schloss-cevilienhof\" class=\"font-bold\">Schloss Cecilienhof<\/h3>\n<p class=\"whitespace-pre-wrap break-words\">Das <a href=\"https:\/\/gyg.me\/vfWdkPWD\" target=\"_blank\" rel=\"noopener\"><strong>Schloss Cecilienhof<\/strong> <\/a>erlangte 1945 als &#8222;Schloss der Einheit&#8220; traurige Ber\u00fchmtheit, als hier die Potsdamer Konferenz der Alliierten Siegerm\u00e4chte stattfand. In dem prachtvollen Schloss aus der Zeit des Historismus wurde die Teilung Deutschlands und Nachkriegsordnung besiegelt. Heute kann die eindrucksvolle Schlossanlage mit ihren weitl\u00e4ufigen Parkanlagen und dem englischen Landschaftsgarten besichtigt werden.<\/p>\n<h3 id=\"historische-innenstadt\" class=\"font-bold\">Historische Innenstadt<\/h3>\n<h4>Holl\u00e4ndisches Viertel<\/h4>\n<p class=\"whitespace-pre-wrap break-words\">Neben den bekannten Sehensw\u00fcrdigkeiten lohnt sich auch ein Besuch der <a href=\"https:\/\/gyg.me\/GGAYr2z4\" target=\"_blank\" rel=\"noopener\"><strong>malerischen Potsdamer Altstadt<\/strong> <\/a>mit ihren zahlreichen denkmalgesch\u00fctzten Geb\u00e4uden aus verschiedenen Epochen. Das bezaubernde Holl\u00e4ndische Viertel ist mit seinen Grachten und Ziegelfassaden ein absolutes Highlight.<\/p>\n<h4>Brandenburger Tor<\/h4>\n<p class=\"whitespace-pre-wrap break-words\">Am Luisenplatz befindet sich das schmucke Potsdamer Brandenburger Tor, das dem gro\u00dfen Vorbild in Berlin nachempfunden ist. Es wurde 1770 im Stil des Friderizianischen Rokoko erbaut und war einst Teil der Stadtbefestigung.<\/p>\n<h4>Alte Fahrt<\/h4>\n<p class=\"whitespace-pre-wrap break-words\">Die direkt am Kanal gelegene Alte Fahrt ist eine der \u00e4ltesten und sch\u00f6nsten Stra\u00dfen in der Potsdamer Innenstadt. Die historischen Geb\u00e4ude aus verschiedenen Epochen laden zu einem gem\u00fctlichen Bummel ein.<\/p>\n<h3 id=\"sacrow\" class=\"font-bold\">Sacrow<\/h3>\n<h4>Schloss &amp; Park Sacrow<\/h4>\n<p class=\"whitespace-pre-wrap break-words\">Rund acht Kilometer au\u00dferhalb des Stadtzentrums befindet sich das idyllische Dorf Sacrow direkt am Wasser. Das Highlight ist die Schloss- und Parkanlage Sacrow mit ihrem einzigartigen barocken Lustsschloss und der kunstvoll angelegten Gartenlandschaft. Das kleine Rokoko-Schloss wurde 1840 im Auftrag von Friedrich Wilhelm IV. erbaut und diente als Sommersitz.<\/p>\n<h3 id=\"filmindustrie\" class=\"font-bold\">Filmindustrie in Potsdam<\/h3>\n<p class=\"whitespace-pre-wrap break-words\">Neben der kulturellen Vielfalt hat Potsdam in den vergangenen Jahren auch als Filmstadt zunehmend an Bedeutung gewonnen. Zahlreiche nationale und internationale Produktionen wie &#8222;Der Untergang&#8220;, &#8222;Operation Walk\u00fcre&#8220; oder &#8222;Deutschstunde&#8220; wurden hier gedreht. Die Potsdamer Produktionsfirmen und Dienstleister haben sich auf die Realisierung historischer Stoffe spezialisiert. Filminteressierte k\u00f6nnen auf Motivtour gehen und viele Drehorte besuchen.<\/p>\n<h3 id=\"fazit\" class=\"font-bold\">Fazit<\/h3>\n<p class=\"whitespace-pre-wrap break-words\">Potsdam hat f\u00fcr jeden Geschmack einiges zu bieten &#8211; Von prunkvollen Schl\u00f6ssern \u00fcber herrschaftliche Parkanlagen bis hin zu malerischen Renaissance-Bauten ist die Vielfalt der Sehensw\u00fcrdigkeiten enorm. Mit seiner geschichtstr\u00e4chtigen Vergangenheit als ehemalige Residenzstadt der Preu\u00dfenk\u00f6nige und dem einzigartigen Charme ist ein Besuch in der brandenburgischen Hauptstadt f\u00fcr Kulturinteressierte von nah und fern ein bereicherndes Erlebnis.<\/p>\n<p class=\"whitespace-pre-wrap break-words\">Lassen Sie sich von der barocken Pracht und den weitl\u00e4ufigen Gartenanlagen verzaubern und tauchen Sie ein in die faszinierende Historie Preu\u00dfens. Ob Schl\u00f6sserbesichtigung, Parkspaziergang oder gem\u00fctliches Flanieren durch die Altstadtgassen &#8211; Potsdam hat f\u00fcr jeden etwas zu bieten. Planen Sie ausreichend Zeit ein, um die zahlreichen Highlights in vollen Z\u00fcgen genie\u00dfen zu k\u00f6nnen. Die einzigartige Mischung aus kultureller Vielfalt und bezaubernder Natur macht Potsdam zu einem wahren Kleinod und lohnenswerten Ausflugsziel.<\/p>\n<p>[\/vc_column_text][vc_column_text]Nimm an der <a href=\"https:\/\/www.getyourguide.de\/potsdam-l467\/potsdam-stadt-und-schlosserrundfahrt-alter-fritz--t70776\/?partner_id=OKFS1TT&amp;utm_medium=online_publisher\" target=\"_blank\" rel=\"noopener\"><strong>Potsdam-Stadt und Schl\u00f6sser-Tour<\/strong><\/a> teil<\/p>\n<p>Informiere Dich auch \u00fcber andere Orte in der <a href=\"https:\/\/berlinwanderlust.com\/de\/umgebung\/\">Umgebung von Berlin\u00a0<\/a>[\/vc_column_text][\/vc_column][vc_column width=&#8220;1\/3&#8243;][vc_column_text]<\/p>\n<p>&nbsp;<\/p>\n<p>[\/vc_column_text][vc_video link=&#8220;https:\/\/www.youtube.com\/watch?v=mJWtWnl3HkE&#8220; el_aspect=&#8220;34&#8243; align=&#8220;center&#8220;][vc_column_text]<\/p>\n<div data-gyg-href=\"https:\/\/widget.getyourguide.com\/default\/activities.frame\" data-gyg-locale-code=\"de-DE\" data-gyg-widget=\"activities\" data-gyg-number-of-items=\"3\" data-gyg-partner-id=\"OKFS1TT\" data-gyg-tour-ids=\"70255,70776,93420\"><\/div>\n<p>[\/vc_column_text][\/vc_column][\/vc_row]<\/p>\n","protected":false},"excerpt":{"rendered":"<p>[vc_row][vc_column width=&#8220;2\/3&#8243;][vc_column_text] &nbsp; &nbsp; [\/vc_column_text][vc_column_text] Potsdam Sehensw\u00fcrdigkeiten: Ein Muss f\u00fcr Kulturliebhaber Einf\u00fchrung Park Sanssouci Holl\u00e4ndisches Viertel Biosph\u00e4re Potsdam Schloss Cecilienhof Historische Innenstadt Sacrow Filmindustrie in Potsdam Fazit Einf\u00fchrung Die brandenburgische Landeshauptstadt Potsdam ist wahrlich ein Paradies mit Sehensw\u00fcrdigkeiten f\u00fcr Kulturliebhaber und Geschichtsinteressierte. Mit ihrer einzigartigen Mischung aus prachtvollen Schl\u00f6ssern, weitl\u00e4ufigen Parkanlagen und geschichtstr\u00e4chtigen St\u00e4tten hat [&hellip;]<\/p>\n","protected":false},"author":1,"featured_media":0,"parent":145,"menu_order":0,"comment_status":"closed","ping_status":"closed","template":"","meta":{"_sitemap_exclude":false,"_sitemap_priority":"","_sitemap_frequency":"","site-sidebar-layout":"no-sidebar","site-content-layout":"plain-container","ast-site-content-layout":"normal-width-container","site-content-style":"unboxed","site-sidebar-style":"unboxed","ast-global-header-display":"","ast-banner-title-visibility":"","ast-main-header-display":"","ast-hfb-above-header-display":"","ast-hfb-below-header-display":"","ast-hfb-mobile-header-display":"","site-post-title":"disabled","ast-breadcrumbs-content":"","ast-featured-img":"disabled","footer-sml-layout":"","ast-disable-related-posts":"","theme-transparent-header-meta":"default","adv-header-id-meta":"","stick-header-meta":"","header-above-stick-meta":"","header-main-stick-meta":"","header-below-stick-meta":"","astra-migrate-meta-layouts":"set","ast-page-background-enabled":"default","ast-page-background-meta":{"desktop":{"background-color":"var(--ast-global-color-4)","background-image":"","background-repeat":"repeat","background-position":"center center","background-size":"auto","background-attachment":"scroll","background-type":"","background-media":"","overlay-type":"","overlay-color":"","overlay-opacity":"","overlay-gradient":""},"tablet":{"background-color":"","background-image":"","background-repeat":"repeat","background-position":"center center","background-size":"auto","background-attachment":"scroll","background-type":"","background-media":"","overlay-type":"","overlay-color":"","overlay-opacity":"","overlay-gradient":""},"mobile":{"background-color":"","background-image":"","background-repeat":"repeat","background-position":"center center","background-size":"auto","background-attachment":"scroll","background-type":"","background-media":"","overlay-type":"","overlay-color":"","overlay-opacity":"","overlay-gradient":""}},"ast-content-background-meta":{"desktop":{"background-color":"var(--ast-global-color-5)","background-image":"","background-repeat":"repeat","background-position":"center center","background-size":"auto","background-attachment":"scroll","background-type":"","background-media":"","overlay-type":"","overlay-color":"","overlay-opacity":"","overlay-gradient":""},"tablet":{"background-color":"var(--ast-global-color-5)","background-image":"","background-repeat":"repeat","background-position":"center center","background-size":"auto","background-attachment":"scroll","background-type":"","background-media":"","overlay-type":"","overlay-color":"","overlay-opacity":"","overlay-gradient":""},"mobile":{"background-color":"var(--ast-global-color-5)","background-image":"","background-repeat":"repeat","background-position":"center center","background-size":"auto","background-attachment":"scroll","background-type":"","background-media":"","overlay-type":"","overlay-color":"","overlay-opacity":"","overlay-gradient":""}},"footnotes":""},"class_list":["post-299","page","type-page","status-publish","hentry"],"_links":{"self":[{"href":"https:\/\/berlinwanderlust.com\/de\/wp-json\/wp\/v2\/pages\/299","targetHints":{"allow":["GET"]}}],"collection":[{"href":"https:\/\/berlinwanderlust.com\/de\/wp-json\/wp\/v2\/pages"}],"about":[{"href":"https:\/\/berlinwanderlust.com\/de\/wp-json\/wp\/v2\/types\/page"}],"author":[{"embeddable":true,"href":"https:\/\/berlinwanderlust.com\/de\/wp-json\/wp\/v2\/users\/1"}],"replies":[{"embeddable":true,"href":"https:\/\/berlinwanderlust.com\/de\/wp-json\/wp\/v2\/comments?post=299"}],"version-history":[{"count":0,"href":"https:\/\/berlinwanderlust.com\/de\/wp-json\/wp\/v2\/pages\/299\/revisions"}],"up":[{"embeddable":true,"href":"https:\/\/berlinwanderlust.com\/de\/wp-json\/wp\/v2\/pages\/145"}],"wp:attachment":[{"href":"https:\/\/berlinwanderlust.com\/de\/wp-json\/wp\/v2\/media?parent=299"}],"curies":[{"name":"wp","href":"https:\/\/api.w.org\/{rel}","templated":true}]}}