{"id":284,"date":"2023-07-11T19:56:05","date_gmt":"2023-07-11T17:56:05","guid":{"rendered":"https:\/\/berlinwanderlust.com\/?page_id=284"},"modified":"2023-09-19T22:12:01","modified_gmt":"2023-09-19T20:12:01","slug":"siegessaeule","status":"publish","type":"page","link":"https:\/\/berlinwanderlust.com\/de\/aktivitaeten\/locations\/siegessaeule\/","title":{"rendered":"Siegess\u00e4ule"},"content":{"rendered":"<p>[vc_row][vc_column width=&#8220;2\/3&#8243;][vc_column_text]<\/p>\n<p>&nbsp;<\/p>\n<p>&nbsp;<\/p>\n<p>[\/vc_column_text][vc_custom_heading text=&#8220;Die Siegess\u00e4ule: Ein Monument von Geschichte und gro\u00dfer Bedeutung&#8220; font_container=&#8220;tag:h1|font_size:30|text_align:left|color:%23d3065b&#8220;][vc_column_text]<\/p>\n<div class=\"group w-full text-gray-800 dark:text-gray-100 border-b border-black\/10 dark:border-gray-900\/50 bg-gray-50 dark:bg-[#444654]\">\n<div class=\"flex p-4 gap-4 text-base md:gap-6 md:max-w-2xl lg:max-w-[38rem] xl:max-w-3xl md:py-6 lg:px-0 m-auto\">\n<div class=\"relative flex w-[calc(100%-50px)] flex-col gap-1 md:gap-3 lg:w-[calc(100%-115px)]\">\n<div class=\"flex flex-grow flex-col gap-3\">\n<div class=\"min-h-[20px] flex items-start overflow-x-auto whitespace-pre-wrap break-words flex-col gap-4\">\n<div class=\"markdown prose w-full break-words dark:prose-invert light\">\n<p>Bei der Erkundung der beeindruckenden Stadt Berlin sticht ein Denkmal hervor, das ein Gef\u00fchl von Gr\u00f6\u00dfe und historischer Bedeutung ausstrahlt: die Siegess\u00e4ule. Dieses ikonische Bauwerk war Zeuge entscheidender Momente der deutschen Geschichte und ist f\u00fcr Einheimische und Touristen gleicherma\u00dfen von gro\u00dfer Bedeutung. Begleite mich, \u00a0und erfahre mehr. \u00fcber die. fesselnde Geschichte und die tiefe Bedeutung der Siegess\u00e4ule.<\/p>\n<p><strong>Ein Testament des Triumphs<\/strong><\/p>\n<p>Die Siegess\u00e4ule wurde errichtet, um an die milit\u00e4rischen Erfolge Preu\u00dfens im sp\u00e4ten 19. Jahrhundert zu erinnern. Sie wurde von Heinrich Strack entworfen und befand sich zun\u00e4chst vor dem Reichstagsgeb\u00e4ude, wurde aber sp\u00e4ter an ihren heutigen prominenten Platz im Herzen des Tiergartens versetzt. Die S\u00e4ule steht als stolzes Zeugnis f\u00fcr die Siege des preu\u00dfischen Reiches und dient als dauerhaftes Symbol der St\u00e4rke und des Triumphs.<\/p>\n<p><strong>Architektonisches Wunderwerk<\/strong><\/p>\n<p>Das architektonische Wunderwerk der Siegess\u00e4ule ist eine Augenweide. Die 67 Meter in den Himmel ragende S\u00e4ule ist mit kunstvollen Reliefs verziert und wird von einer goldenen Statue gekr\u00f6nt, die als &#8222;Victoria&#8220; bekannt ist. Die Statue stellt die Siegesg\u00f6ttin dar, die mit ausgebreiteten Fl\u00fcgeln und einem Lorbeerkranz in der Hand k\u00f6niglich auf der S\u00e4ule steht. Das Design der S\u00e4ule verbindet nahtlos klassische und neugotische Elemente und macht sie zu einem exquisiten Beispiel deutscher Architektur des 19. Jahrhunderts.<\/p>\n<p><strong>Historische Bedeutung<\/strong><\/p>\n<p>Neben ihrer architektonischen Pracht hat die Siegess\u00e4ule auch eine immense historische Bedeutung. Sie war Zeuge bedeutender Momente der deutschen Geschichte, darunter die Einigung des Landes unter der F\u00fchrung Otto von Bismarcks. Dar\u00fcber hinaus spielte sie w\u00e4hrend des Zweiten Weltkriegs eine herausragende Rolle, als sie in den dunkelsten Tagen der Stadt zu einem Symbol f\u00fcr Reslienz und Widerstand wurde. Heute dient die S\u00e4ule als ergreifende Erinnerung an die Geschichte der Nation und ihre F\u00e4higkeit, Widrigkeiten zu \u00fcberwinden.<\/p>\n<p><strong>Ansichten und Reflexionen<\/strong><\/p>\n<p>Ein Besuch der Siegess\u00e4ule bietet nicht nur die M\u00f6glichkeit, ihre historische und architektonische Bedeutung zu w\u00fcrdigen, sondern auch einen atemberaubenden Blick auf Berlin zu genie\u00dfen. Wenn Du die Wendeltreppe im Inneren der S\u00e4ule hinaufsteigst, wirst Du mit einem Panoramablick auf die beeindruckende Skyline der Stadt belohnt. Von diesem Aussichtspunkt aus kannst Du nahe gelegene Wahrzeichen wie das Brandenburger Tor und das Reichstagsgeb\u00e4ude bewundern und so das reiche Erbe der Stadt besser verstehen.<\/p>\n<p>Die Siegess\u00e4ule ist ein au\u00dfergew\u00f6hnliches Zeugnis der Geschichte und ein Symbol des Triumphs in Berlin. Ihre \u00fcberragende Pr\u00e4senz, ihre architektonische Sch\u00f6nheit und ihre historische Bedeutung machen sie zu einem unverzichtbaren Anlaufpunkt f\u00fcr jeden Besucher, der die Vergangenheit und Gegenwart der Stadt verstehen m\u00f6chte. Von ihren Urspr\u00fcngen als Feier milit\u00e4rischer Siege bis hin zu ihrer Rolle als Symbol f\u00fcr Resilienz und Wiedervereinigung bietet die Siegess\u00e4ule wertvolle Einblicke in die reiche deutsche Geschichte. Nimm Dir also einen Moment Zeit, um dieses majest\u00e4tische Denkmal zu bewundern, seine Wendeltreppe hinaufzusteigen und \u00fcber die Reisen nachzudenken, die es erlebt hat. .<\/p>\n<\/div>\n<\/div>\n<\/div>\n<\/div>\n<\/div>\n<\/div>\n<p>[\/vc_column_text][vc_zigzag][vc_column_text]Lust auf Panorama? Fahr doch hoch auf den <a href=\"https:\/\/www.getyourguide.de\/berlin-l17\/ohne-anstehen-ticket-fur-den-fernsehturm-berlin-t141648\/?partner_id=OKFS1TT&amp;utm_medium=online_publisher\"><strong>Berliner Fernsehturm ohne anstehen zu m\u00fcssen<\/strong><\/a>[\/vc_column_text][vc_column_text]Hier findest Du Infos \u00fcber die<a href=\"https:\/\/berlinwanderlust.com\/de\/akitvititaeten\/locations\/kaiser-wilhelm-gedaechtniskirche\/\"> Kaiser-Wilhelm-Ged\u00e4chtniskirche<\/a>[\/vc_column_text][\/vc_column][vc_column width=&#8220;1\/3&#8243;][vc_column_text]<\/p>\n<p>&nbsp;<\/p>\n<p>[\/vc_column_text][vc_column_text]<\/p>\n<div data-gyg-href=\"https:\/\/widget.getyourguide.com\/default\/activities.frame\" data-gyg-locale-code=\"de-DE\" data-gyg-widget=\"activities\" data-gyg-number-of-items=\"3\" data-gyg-partner-id=\"OKFS1TT\" data-gyg-tour-ids=\"16079,49448,408418\"><\/div>\n<p>[\/vc_column_text][\/vc_column][\/vc_row]<\/p>\n","protected":false},"excerpt":{"rendered":"<p>[vc_row][vc_column width=&#8220;2\/3&#8243;][vc_column_text] &nbsp; &nbsp; [\/vc_column_text][vc_custom_heading text=&#8220;Die Siegess\u00e4ule: Ein Monument von Geschichte und gro\u00dfer Bedeutung&#8220; font_container=&#8220;tag:h1|font_size:30|text_align:left|color:%23d3065b&#8220;][vc_column_text] Bei der Erkundung der beeindruckenden Stadt Berlin sticht ein Denkmal hervor, das ein Gef\u00fchl von Gr\u00f6\u00dfe und historischer Bedeutung ausstrahlt: die Siegess\u00e4ule. Dieses ikonische Bauwerk war Zeuge entscheidender Momente der deutschen Geschichte und ist f\u00fcr Einheimische und Touristen gleicherma\u00dfen von [&hellip;]<\/p>\n","protected":false},"author":1,"featured_media":0,"parent":243,"menu_order":0,"comment_status":"closed","ping_status":"closed","template":"","meta":{"site-sidebar-layout":"no-sidebar","site-content-layout":"plain-container","ast-site-content-layout":"default","site-content-style":"default","site-sidebar-style":"default","ast-global-header-display":"","ast-banner-title-visibility":"","ast-main-header-display":"","ast-hfb-above-header-display":"","ast-hfb-below-header-display":"","ast-hfb-mobile-header-display":"","site-post-title":"disabled","ast-breadcrumbs-content":"","ast-featured-img":"disabled","footer-sml-layout":"","ast-disable-related-posts":"","theme-transparent-header-meta":"default","adv-header-id-meta":"","stick-header-meta":"","header-above-stick-meta":"","header-main-stick-meta":"","header-below-stick-meta":"","astra-migrate-meta-layouts":"default","ast-page-background-enabled":"default","ast-page-background-meta":{"desktop":{"background-color":"var(--ast-global-color-4)","background-image":"","background-repeat":"repeat","background-position":"center center","background-size":"auto","background-attachment":"scroll","background-type":"","background-media":"","overlay-type":"","overlay-color":"","overlay-opacity":"","overlay-gradient":""},"tablet":{"background-color":"","background-image":"","background-repeat":"repeat","background-position":"center center","background-size":"auto","background-attachment":"scroll","background-type":"","background-media":"","overlay-type":"","overlay-color":"","overlay-opacity":"","overlay-gradient":""},"mobile":{"background-color":"","background-image":"","background-repeat":"repeat","background-position":"center center","background-size":"auto","background-attachment":"scroll","background-type":"","background-media":"","overlay-type":"","overlay-color":"","overlay-opacity":"","overlay-gradient":""}},"ast-content-background-meta":{"desktop":{"background-color":"var(--ast-global-color-5)","background-image":"","background-repeat":"repeat","background-position":"center center","background-size":"auto","background-attachment":"scroll","background-type":"","background-media":"","overlay-type":"","overlay-color":"","overlay-opacity":"","overlay-gradient":""},"tablet":{"background-color":"var(--ast-global-color-5)","background-image":"","background-repeat":"repeat","background-position":"center center","background-size":"auto","background-attachment":"scroll","background-type":"","background-media":"","overlay-type":"","overlay-color":"","overlay-opacity":"","overlay-gradient":""},"mobile":{"background-color":"var(--ast-global-color-5)","background-image":"","background-repeat":"repeat","background-position":"center center","background-size":"auto","background-attachment":"scroll","background-type":"","background-media":"","overlay-type":"","overlay-color":"","overlay-opacity":"","overlay-gradient":""}},"footnotes":""},"class_list":["post-284","page","type-page","status-publish","hentry"],"aioseo_notices":[],"_links":{"self":[{"href":"https:\/\/berlinwanderlust.com\/de\/wp-json\/wp\/v2\/pages\/284","targetHints":{"allow":["GET"]}}],"collection":[{"href":"https:\/\/berlinwanderlust.com\/de\/wp-json\/wp\/v2\/pages"}],"about":[{"href":"https:\/\/berlinwanderlust.com\/de\/wp-json\/wp\/v2\/types\/page"}],"author":[{"embeddable":true,"href":"https:\/\/berlinwanderlust.com\/de\/wp-json\/wp\/v2\/users\/1"}],"replies":[{"embeddable":true,"href":"https:\/\/berlinwanderlust.com\/de\/wp-json\/wp\/v2\/comments?post=284"}],"version-history":[{"count":0,"href":"https:\/\/berlinwanderlust.com\/de\/wp-json\/wp\/v2\/pages\/284\/revisions"}],"up":[{"embeddable":true,"href":"https:\/\/berlinwanderlust.com\/de\/wp-json\/wp\/v2\/pages\/243"}],"wp:attachment":[{"href":"https:\/\/berlinwanderlust.com\/de\/wp-json\/wp\/v2\/media?parent=284"}],"curies":[{"name":"wp","href":"https:\/\/api.w.org\/{rel}","templated":true}]}}