{"id":271,"date":"2023-07-11T19:17:48","date_gmt":"2023-07-11T17:17:48","guid":{"rendered":"https:\/\/berlinwanderlust.com\/?page_id=271"},"modified":"2024-05-23T14:28:41","modified_gmt":"2024-05-23T12:28:41","slug":"brandenburger-tor","status":"publish","type":"page","link":"https:\/\/berlinwanderlust.com\/de\/aktivitaeten\/locations\/brandenburger-tor\/","title":{"rendered":"Brandenburger Tor"},"content":{"rendered":"<p>[vc_row][vc_column width=&#8220;2\/3&#8243;][vc_column_text]<\/p>\n<p>&nbsp;<\/p>\n<p>&nbsp;<\/p>\n<p>[\/vc_column_text][vc_column_text]<\/p>\n<div class=\"group w-full text-gray-800 dark:text-gray-100 border-b border-black\/10 dark:border-gray-900\/50 bg-gray-50 dark:bg-[#444654]\">\n<div class=\"flex p-4 gap-4 text-base md:gap-6 md:max-w-2xl lg:max-w-[38rem] xl:max-w-3xl md:py-6 lg:px-0 m-auto\">\n<div class=\"relative flex w-[calc(100%-50px)] flex-col gap-1 md:gap-3 lg:w-[calc(100%-115px)]\">\n<div class=\"flex flex-grow flex-col gap-3\">\n<div class=\"min-h-[20px] flex items-start overflow-x-auto whitespace-pre-wrap break-words flex-col gap-4\">\n<div class=\"markdown prose w-full break-words dark:prose-invert light\">\n<h1 class=\"text-lg font-bold font-600\">Das Brandenburger Tor &#8211; Imposantes Wahrzeichen und Zeuge der deutschen Geschichte<\/h1>\n<p class=\"whitespace-pre-wrap break-words\">Wenn man an Berlin denkt, ist das Brandenburger Tor eines der ersten Bilder, das den meisten Menschen in den Sinn kommt. Diese kolossale Toranlage aus Sandstein erhebt sich majest\u00e4tisch inmitten der Hauptstadt und ist l\u00e4ngst zu einem der bedeutendsten Symbole Deutschlands geworden. Mehr als nur ein architektonisches Meisterwerk verk\u00f6rpert das Brandenburger Tor die wechselhafte Geschichte Berlins und des ganzen Landes. In diesem Artikel beleuchten wir die reiche Historie, die k\u00fcnstlerischen Besonderheiten und die Symbolkraft dieses Wahrzeichens.<\/p>\n<ol class=\"list-decimal pl-8 space-y-2 -mt-1\">\n<li class=\"whitespace-normal break-words\"><a href=\"#die-geschichte-des-brandenburger-tors\" target=\"_blank\" rel=\"noopener\">Die Geschichte des Brandenburger Tors<\/a><\/li>\n<li class=\"whitespace-normal break-words\"><a href=\"#architektonische-highlights\" target=\"_blank\" rel=\"noopener\">Architektonische Highlights<\/a><\/li>\n<li class=\"whitespace-normal break-words\"><a href=\"#sehenswertes-am-brandenburger-tor\" target=\"_blank\" rel=\"noopener\">Sehenswertes am Brandenburger Tor<\/a><\/li>\n<li class=\"whitespace-normal break-words\"><a href=\"#symbolische-bedeutung-und-attraktivitaet\" target=\"_blank\" rel=\"noopener\">Symbolische Bedeutung und Attraktivit\u00e4t<\/a><\/li>\n<li class=\"whitespace-normal break-words\"><a href=\"#praktische-tipps-f%C3%BCr-ihren-besuch\" target=\"_blank\" rel=\"noopener\">Praktische Tipps <\/a><\/li>\n<\/ol>\n<h2 id=\"die-geschichte-des-brandenburger-tors\" class=\"font-bold\">Die Geschichte des Brandenburger Tors<\/h2>\n<h3 class=\"font-bold\">Urspr\u00fcnge als Repr\u00e4sentationsbau<\/h3>\n<p class=\"whitespace-pre-wrap break-words\">Das Brandenburger Tor wurde zwischen 1788 und 1791 nach Pl\u00e4nen des Architekten Carl Gotthard Langhans erbaut. Es sollte als neues Stadttor der preu\u00dfischen Residenzstadt Berlin Einzug und Auszug der Herrscher repr\u00e4sentativ rahmen. Errichtet im Auftrag des K\u00f6nigs Friedrich Wilhelm II., spiegelten die strenge Formensprache und die antiken Motive den damals vorherrschenden klassizistischen Baustil wider.<\/p>\n<h3 class=\"font-bold\">Zeuge von Krieg und Teilung<\/h3>\n<p class=\"whitespace-pre-wrap break-words\">In seiner langen Geschichte wurde das Brandenburger Tor gleich mehrfach zum Zeitzeugen bewegter und schwieriger Epochen. 1806 hielt Napoleon nach seinem Sieg \u00fcber die Preu\u00dfen einen Triumphzug durch das Tor. W\u00e4hrend der Luftangriffe des Zweiten Weltkriegs erlitt es schwere Sch\u00e4den. In der Nachkriegszeit geriet das Bauwerk direkt an die Grenze zwischen Ost- und West-Berlin und wurde jahrzehntelang durch die Berliner Mauer vom Westteil der Stadt abgeschnitten.<\/p>\n<h3 class=\"font-bold\">Symbol der Wiedervereinigung<\/h3>\n<p class=\"whitespace-pre-wrap break-words\">In den historischen Umbr\u00fcchen des Jahres 1989 erlangte das Brandenburger Tor seine heutige, \u00fcberragende Symbolkraft. Beim Fall der Berliner Mauer am 9. November 1989 feierten Hunderttausende Menschen auf beiden Seiten des Tors die \u00d6ffnung der deutsch-deutschen Grenze. Die zuvor getrennten Bereiche der Stra\u00dfe Unter den Linden wurden wiedervereint. Das Brandenburger Tor wurde so zur Ikone der friedlichen Revolution und der Wiedervereinigung Deutschlands.<\/p>\n<h2 id=\"architektonische-highlights\" class=\"font-bold\">Architektonische Highlights<\/h2>\n<h3 class=\"font-bold\">Das Bauwerk im klassizistischen Stil<\/h3>\n<p class=\"whitespace-pre-wrap break-words\">Das Brandenburger Tor besticht durch seine klassizistische Architektur mit strengen Formen und Motiven aus der Antike. Die monumentale Toranlage aus behauenen Sandsteinquadern folgt exakt den strengen Regeln des Klassizismus und der dorischen Ordnung. Die f\u00fcnf Durchg\u00e4nge repr\u00e4sentieren St\u00e4rke und Erhabenheit, w\u00e4hrend zahlreiche skulpturale Elemente und dekorativen Reliefs einen k\u00fcnstlerischen Akzent setzen.<\/p>\n<h3 class=\"font-bold\">Die Quadriga als Kr\u00f6nung<\/h3>\n<p class=\"whitespace-pre-wrap break-words\">Die bekannteste k\u00fcnstlerische Komponente des Brandenburger Tors ist jedoch die tonnenschwere <a href=\"https:\/\/berlinwanderlust.com\/de\/aktivitaeten\/locations\/quadriga-brandenburger-tor\/\">Quadriga auf dem Tor<\/a>. Die 6 Meter hohe Skulptur von vier anmutigen Pferdchen, die von der Siegesg\u00f6ttin Victoria gelenkt werden, war urspr\u00fcnglich als Reiterstandbild des K\u00f6nigs geplant. Erst sp\u00e4ter entschied sich der Bildhauer daf\u00fcr, mit der Quadriga den Geist des antiken Griechenland aufzugreifen und den milit\u00e4rischen Ruhm Preu\u00dfens zu feiern.<\/p>\n<h2 id=\"sehenswertes-am-brandenburger-tor\" class=\"font-bold\">Sehenswertes am Brandenburger Tor<\/h2>\n<h3 class=\"font-bold\">Der Pariser Platz<\/h3>\n<p class=\"whitespace-pre-wrap break-words\">Das Brandenburger Tor bildet das Zentrum des weitl\u00e4ufigen Pariser Platzes, einer repr\u00e4sentativen Freifl\u00e4che zwischen Unter den Linden und Ebertstra\u00dfe. An sonnigen Tagen herrscht hier reger Betrieb mit Stra\u00dfenk\u00fcnstlern, Stra\u00dfenh\u00e4ndlern und flanierenden Touristen.<\/p>\n<h3 class=\"font-bold\">Die umgebenden Bauwerke<\/h3>\n<p class=\"whitespace-pre-wrap break-words\">Die Umgebung des Brandenburger Tors bietet weitere architektonische und historische Highlights. Direkt neben dem Tor befinden sich die rekonstruierte Bauakademie und das Amerikanische\u9662und Britische Botschaftsgeb\u00e4ude. Gegen\u00fcber, am Boulevard Unter den Linden, erstreckt sich die Humboldt-Universit\u00e4t, die Deutsche Staatsoper und weitere Sehensw\u00fcrdigkeiten.<\/p>\n<h3 class=\"font-bold\">Ausstellungen und F\u00fchrungen<\/h3>\n<p class=\"whitespace-pre-wrap break-words\">Um das Geb\u00e4ude, seine Geschichte und symbolische Bedeutung besser zu verstehen, bieten sich gef\u00fchrte Touren oder Ausstellungen vor Ort an. So gibt es eine multimediale &#8222;Torbau&#8220; genannte Ausstellung direkt unterhalb der Toranlage. Stadtf\u00fchrungen vertiefen die historischen und architektonischen Details rund um das Brandenburger Tor.<\/p>\n<h2 id=\"symbolische-bedeutung-und-attraktivitaet\" class=\"font-bold\">Symbolische Bedeutung und Attraktivit\u00e4t<\/h2>\n<h3 class=\"font-bold\">Nationales Identit\u00e4tssymbol<\/h3>\n<p class=\"whitespace-pre-wrap break-words\">In seiner \u00fcber 230-j\u00e4hrigen Geschichte ist das Brandenburger Tor weit mehr als nur eine Toranlage geworden. Es fungiert als offizielles Nationalsymbol f\u00fcr Frieden, Demokratie und die Einheit Deutschlands. Aus diesem Grund ist es der Ort staatlicher Feierlichkeiten und das bei weitem meistfotografierte Motiv f\u00fcr Berlintouristen.<\/p>\n<h3 class=\"font-bold\">Touristen-Hotspot<\/h3>\n<p class=\"whitespace-pre-wrap break-words\">Das Brandenburger Tor geh\u00f6rt zweifelsohne zu den beliebtesten Sehensw\u00fcrdigkeiten und Fotokulissen Deutschlands. Gerade bei sch\u00f6nem Wetter herrscht reger Betrieb rings um das Wahrzeichen. Souvenirverk\u00e4ufer, Fotoverk\u00e4ufer und Stra\u00dfenk\u00fcnstler pr\u00e4gen dann das Bild. Unz\u00e4hlige Menschen aus aller Welt halten die imposante Toranlage f\u00fcr die Ewigkeit auf Fotos und Videos fest.<\/p>\n<h2 id=\"praktische-tipps\" class=\"font-bold\">Praktische Tipps<\/h2>\n<p class=\"whitespace-pre-wrap break-words\">\u00d6ffnungszeiten: Das Brandenburger Tor selbst ist als freistehende Anlage rund um die Uhr zug\u00e4nglich. Die unterirdische Ausstellung &#8222;Torbau&#8220; hat t\u00e4glich von 10 bis 18 Uhr ge\u00f6ffnet.<\/p>\n<p class=\"whitespace-pre-wrap break-words\"><strong>Anreise:<\/strong> Die beste Anreise erfolgt mit \u00f6ffentlichen Verkehrsmitteln zur Haltestelle Brandenburger Tor (S+U Bahnen). Es gibt auch zahlreiche Parkm\u00f6glichkeiten in der Umgebung f\u00fcr Besucher mit Auto.<\/p>\n<p class=\"whitespace-pre-wrap break-words\"><strong>F\u00fchrungen:<\/strong> Gef\u00fchrte Touren geben viele Hintergrundinformationen und sind sehr zu empfehlen. Verschiedene Anbieter bieten F\u00fchrungen zu unterschiedlichen Zeiten an, eine Vorabreservierung ist ratsam.<\/p>\n<p class=\"whitespace-pre-wrap break-words\"><strong>Fotokulisse:<\/strong> Das Tor ist eine der ber\u00fchmtesten Fotokulissen Berlins. F\u00fcr die besten Aufnahmen sollte man fr\u00fch morgens oder abends f\u00fcr Sonnenauf- bzw. Untergangsstimmungen kommen.<\/p>\n<p class=\"whitespace-pre-wrap break-words\"><strong>Sicherheitskontrollen:<\/strong> Aufgrund der Bedeutung als Nationalsymbol kann es zu Sicherheitskontrollen und Absperrungen bei Veranstaltungen kommen &#8211; informieren Sie sich vorab.<\/p>\n<p class=\"whitespace-pre-wrap break-words\"><strong>Essen &amp; Trinken:<\/strong> Es gibt zahlreiche Caf\u00e9s, Restaurants und Stra\u00dfenverkaufsst\u00e4nde rings um den Pariser Platz f\u00fcr eine Pause w\u00e4hrend des Besuchs.<\/p>\n<\/div>\n<\/div>\n<\/div>\n<\/div>\n<\/div>\n<\/div>\n<p>[\/vc_column_text][vc_zigzag][vc_column_text]Finde mehr interessante \u00a0<a href=\"https:\/\/berlinwanderlust.com\/de\/activitiaeten\/locations\/\">Locations in Berlin<\/a>[\/vc_column_text][vc_column_text]Entdecke <a href=\"https:\/\/youtu.be\/k9BMfWwuxVs\">Berlin Mitte in diesem Video<\/a>[\/vc_column_text][vc_video link=&#8220;https:\/\/www.youtube.com\/watch?v=848zTNHsBnI&amp;t=738s&#8220; align=&#8220;center&#8220; title=&#8220;Berlin Walking Tour&#8220; css=&#8220;.vc_custom_1690879582759{border-radius: 5px !important;}&#8220;][\/vc_column][vc_column width=&#8220;1\/3&#8243;][vc_column_text]<\/p>\n<p>&nbsp;<\/p>\n<p>[\/vc_column_text][vc_column_text]<\/p>\n<div data-gyg-href=\"https:\/\/widget.getyourguide.com\/default\/activities.frame\" data-gyg-locale-code=\"de-DE\" data-gyg-widget=\"activities\" data-gyg-number-of-items=\"3\" data-gyg-partner-id=\"OKFS1TT\" data-gyg-tour-ids=\"45967,245677,280242\"><\/div>\n<p>[\/vc_column_text][vc_gmaps link=&#8220;#E-8_JTNDaWZyYW1lJTIwc3JjJTNEJTIyaHR0cHMlM0ElMkYlMkZ3d3cuZ29vZ2xlLmNvbSUyRm1hcHMlMkZlbWJlZCUzRnBiJTNEJTIxMW0xOCUyMTFtMTIlMjExbTMlMjExZDI0MjcuOTQxMDg0MjUzOTc3JTIxMmQxMy4zNzc1MTQ5NjU4MDczMjUlMjEzZDUyLjUxNjQwNTI3OTgxMzUyNiUyMTJtMyUyMTFmMCUyMTJmMCUyMTNmMCUyMTNtMiUyMTFpMTAyNCUyMTJpNzY4JTIxNGYxMy4xJTIxM20zJTIxMW0yJTIxMXMweDQ3YTg1MWM0MjhhOTJhNDMlMjUzQTB4Nzg0Y2ZkNzI0MTk4ZmI0NyUyMTJzQnJhbmRlbmJ1cmdlciUyNTIwVG9yJTIxNWUwJTIxM20yJTIxMXNkZSUyMTJzZGUlMjE0djE2OTA4Nzk0OTkxOTQlMjE1bTIlMjExc2RlJTIxMnNkZSUyMiUyMHdpZHRoJTNEJTIyNjAwJTIyJTIwaGVpZ2h0JTNEJTIyNDUwJTIyJTIwc3R5bGUlM0QlMjJib3JkZXIlM0EwJTNCJTIyJTIwYWxsb3dmdWxsc2NyZWVuJTNEJTIyJTIyJTIwbG9hZGluZyUzRCUyMmxhenklMjIlMjByZWZlcnJlcnBvbGljeSUzRCUyMm5vLXJlZmVycmVyLXdoZW4tZG93bmdyYWRlJTIyJTNFJTNDJTJGaWZyYW1lJTNF&#8220; title=&#8220;Brandenburg Gate&#8220;][\/vc_column][\/vc_row]<\/p>\n","protected":false},"excerpt":{"rendered":"<p>[vc_row][vc_column width=&#8220;2\/3&#8243;][vc_column_text] &nbsp; &nbsp; [\/vc_column_text][vc_column_text] Das Brandenburger Tor &#8211; Imposantes Wahrzeichen und Zeuge der deutschen Geschichte Wenn man an Berlin denkt, ist das Brandenburger Tor eines der ersten Bilder, das den meisten Menschen in den Sinn kommt. Diese kolossale Toranlage aus Sandstein erhebt sich majest\u00e4tisch inmitten der Hauptstadt und ist l\u00e4ngst zu einem der bedeutendsten [&hellip;]<\/p>\n","protected":false},"author":1,"featured_media":0,"parent":243,"menu_order":0,"comment_status":"closed","ping_status":"closed","template":"","meta":{"site-sidebar-layout":"no-sidebar","site-content-layout":"plain-container","ast-site-content-layout":"normal-width-container","site-content-style":"unboxed","site-sidebar-style":"unboxed","ast-global-header-display":"","ast-banner-title-visibility":"","ast-main-header-display":"","ast-hfb-above-header-display":"","ast-hfb-below-header-display":"","ast-hfb-mobile-header-display":"","site-post-title":"disabled","ast-breadcrumbs-content":"","ast-featured-img":"disabled","footer-sml-layout":"","theme-transparent-header-meta":"default","adv-header-id-meta":"","stick-header-meta":"","header-above-stick-meta":"","header-main-stick-meta":"","header-below-stick-meta":"","astra-migrate-meta-layouts":"set","ast-page-background-enabled":"default","ast-page-background-meta":{"desktop":{"background-color":"var(--ast-global-color-4)","background-image":"","background-repeat":"repeat","background-position":"center center","background-size":"auto","background-attachment":"scroll","background-type":"","background-media":"","overlay-type":"","overlay-color":"","overlay-opacity":"","overlay-gradient":""},"tablet":{"background-color":"","background-image":"","background-repeat":"repeat","background-position":"center center","background-size":"auto","background-attachment":"scroll","background-type":"","background-media":"","overlay-type":"","overlay-color":"","overlay-opacity":"","overlay-gradient":""},"mobile":{"background-color":"","background-image":"","background-repeat":"repeat","background-position":"center center","background-size":"auto","background-attachment":"scroll","background-type":"","background-media":"","overlay-type":"","overlay-color":"","overlay-opacity":"","overlay-gradient":""}},"ast-content-background-meta":{"desktop":{"background-color":"var(--ast-global-color-5)","background-image":"","background-repeat":"repeat","background-position":"center center","background-size":"auto","background-attachment":"scroll","background-type":"","background-media":"","overlay-type":"","overlay-color":"","overlay-opacity":"","overlay-gradient":""},"tablet":{"background-color":"var(--ast-global-color-5)","background-image":"","background-repeat":"repeat","background-position":"center center","background-size":"auto","background-attachment":"scroll","background-type":"","background-media":"","overlay-type":"","overlay-color":"","overlay-opacity":"","overlay-gradient":""},"mobile":{"background-color":"var(--ast-global-color-5)","background-image":"","background-repeat":"repeat","background-position":"center center","background-size":"auto","background-attachment":"scroll","background-type":"","background-media":"","overlay-type":"","overlay-color":"","overlay-opacity":"","overlay-gradient":""}},"footnotes":""},"class_list":["post-271","page","type-page","status-publish","hentry"],"aioseo_notices":[],"_links":{"self":[{"href":"https:\/\/berlinwanderlust.com\/de\/wp-json\/wp\/v2\/pages\/271","targetHints":{"allow":["GET"]}}],"collection":[{"href":"https:\/\/berlinwanderlust.com\/de\/wp-json\/wp\/v2\/pages"}],"about":[{"href":"https:\/\/berlinwanderlust.com\/de\/wp-json\/wp\/v2\/types\/page"}],"author":[{"embeddable":true,"href":"https:\/\/berlinwanderlust.com\/de\/wp-json\/wp\/v2\/users\/1"}],"replies":[{"embeddable":true,"href":"https:\/\/berlinwanderlust.com\/de\/wp-json\/wp\/v2\/comments?post=271"}],"version-history":[{"count":0,"href":"https:\/\/berlinwanderlust.com\/de\/wp-json\/wp\/v2\/pages\/271\/revisions"}],"up":[{"embeddable":true,"href":"https:\/\/berlinwanderlust.com\/de\/wp-json\/wp\/v2\/pages\/243"}],"wp:attachment":[{"href":"https:\/\/berlinwanderlust.com\/de\/wp-json\/wp\/v2\/media?parent=271"}],"curies":[{"name":"wp","href":"https:\/\/api.w.org\/{rel}","templated":true}]}}