{"id":261,"date":"2023-07-11T17:37:20","date_gmt":"2023-07-11T15:37:20","guid":{"rendered":"https:\/\/berlinwanderlust.com\/?page_id=261"},"modified":"2023-09-19T21:10:13","modified_gmt":"2023-09-19T19:10:13","slug":"loveparade","status":"publish","type":"page","link":"https:\/\/berlinwanderlust.com\/de\/aktivitaeten\/events\/loveparade\/","title":{"rendered":"Loveparade"},"content":{"rendered":"<p>[vc_row][vc_column width=&#8220;2\/3&#8243;][vc_column_text]<\/p>\n<p>&nbsp;<\/p>\n<p>&nbsp;<\/p>\n<p>[\/vc_column_text][vc_custom_heading text=&#8220;Loveparade: Ein elektronisches Musikspektakel, bei dem Berlin bebt!&#8220; font_container=&#8220;tag:h1|font_size:30|text_align:left|color:%23d3065b&#8220;][vc_column_text]<\/p>\n<div class=\"group w-full text-gray-800 dark:text-gray-100 border-b border-black\/10 dark:border-gray-900\/50 bg-gray-50 dark:bg-[#444654]\">\n<div class=\"flex p-4 gap-4 text-base md:gap-6 md:max-w-2xl lg:max-w-[38rem] xl:max-w-3xl md:py-6 lg:px-0 m-auto\">\n<div class=\"relative flex w-[calc(100%-50px)] flex-col gap-1 md:gap-3 lg:w-[calc(100%-115px)]\">\n<div class=\"flex flex-grow flex-col gap-3\">\n<div class=\"min-h-[20px] flex items-start overflow-x-auto whitespace-pre-wrap break-words flex-col gap-4\">\n<div class=\"markdown prose w-full break-words dark:prose-invert light\">\n<p>Nun schreibe ich Euch etwas \u00fcber die Berliner Loveparade &#8211; ein Ereignis, das die Stadt jedes Jahr in ein elektronisches Feuerwerk verwandelt. Falls Du elektronische Musik magst, wirst Du dort auf jeden Fall viel Spa\u00df haben.. Lass uns gemeinsam etwas n\u00e4her auf die Loveparade eingehen und herausfinden, warum sie zu einem epischen Ereignis geworden ist, das die Herzen der Berliner und Musikliebhaber auf der ganzen Welt h\u00f6her schlagen l\u00e4sst.<\/p>\n<p>In Berlin, der Hauptstadt der elektronischen Musik, findet jedes Jahr ein spektakul\u00e4res Ereignis statt, das vielen Electro-Musik-Fans den Adrenalinspiegel in die H\u00f6he treibt: die Loveparade. Dieses eint\u00e4gige Spektakel ist eine Hommage an die ekstatische Kraft elektronischer Kl\u00e4nge, die unsere Seelen zum Tanzen und unsere Herzen zum Klopfen bringen. Menschen aus allen Teilen der Welt kommen hier zusammen, um sich in den scheinbar endlosen Wellen der Musik zu verlieren.<\/p>\n<p>Die Loveparade ist wie ein gigantisches musikalisches Kaleidoskop, das die Stra\u00dfen Berlins mit pulsierenden Beats und hypnotisierenden Rhythmen f\u00fcllt. Renommierte DJs und aufstrebende Talente verwandeln die Umgebung in eine Klanglandschaft, die dich auf eine musikalische Reise mitnimmt. Von donnernden Basslines, die durch Deinen K\u00f6rper laufen, bis hin zu euphorischen Melodien, die Deine Seele ber\u00fchren, gibt es keinen Platz zum Stehenbleiben. Hier wirst Du eins mit der Musik, eins mit der Menge und eins mit dem grenzenlosen Rhythmus, der deinen Puls antreibt.<\/p>\n<p>Doch die Loveparade ist so viel mehr als nur Musik. Sie ist ein Ausdruck von Freiheit, Toleranz und Einheit. Wenn man durch die Stra\u00dfen tanzt, wird man Zeuge einer wunderbaren Zusammenkunft von Menschen aus allen Gesellschaftsschichten. Die Loveparade ist ein Ort, an dem Grenzen verschwimmen und Unterschiede verblassen. Hier gibt es nur Platz f\u00fcr Liebe, Akzeptanz und das Streben nach Gl\u00fcck. Es ist ein Ort, an dem man sich frei f\u00fchlen kann, umarmt von Gleichgesinnten, die das gleiche Verlangen nach musikalischer Ekstase teilen.<\/p>\n<p>Die Loveparade hinterl\u00e4sst nicht nur musikalische Erinnerungen, sondern auch visuelle Eindr\u00fccke. Farbenfrohe Kost\u00fcme, spektakul\u00e4re B\u00fchnenbilder und atemberaubende Lichtshows verwandeln die Stra\u00dfen in ein surreales Universum.<\/p>\n<p>An alle Liebhaber der elektronischen Musik, die Loveparade ist ein Ereignis, das man erlebt haben muss. Hier kann man Leidenschaft f\u00fcr Musik freien Lauf lassen, \u00a0mit Gleichgesinnten treffen und das pulsierende Herz Berlins sp\u00fcren. Berlin ist die Heimat der Loveparade, und diese Stadt wartet darauf, dass Du dich mit offenen Armen in ihre rhythmische Umarmung st\u00fcrzt.<\/p>\n<p>Entdecke die aufregende Welt der Berliner Clubkultur bei dieser einmaligen Stadtf\u00fchrung mit Augmented Reality Elementen! <a href=\"https:\/\/www.getyourguide.de\/berlin-l17\/die-geschichte-der-berliner-clubs-augmented-reality-guided-tour-t439383\/?partner_id=OKFS1TT&amp;utm_medium=online_publisher\"><strong>Hier geht&#8217;s zur Berlin Club Tour<\/strong><\/a><\/p>\n<p>&nbsp;<\/p>\n<\/div>\n<\/div>\n<\/div>\n<\/div>\n<\/div>\n<\/div>\n<p>[\/vc_column_text][vc_zigzag][\/vc_column][vc_column width=&#8220;1\/3&#8243;][vc_column_text]<\/p>\n<p>&nbsp;<\/p>\n<p>[\/vc_column_text][vc_video link=&#8220;https:\/\/www.youtube.com\/watch?v=F0eScEZsrE4&#8243; el_aspect=&#8220;34&#8243; align=&#8220;center&#8220;][vc_column_text]<\/p>\n<div data-gyg-href=\"https:\/\/widget.getyourguide.com\/default\/activities.frame\" data-gyg-locale-code=\"de-DE\" data-gyg-widget=\"activities\" data-gyg-number-of-items=\"4\" data-gyg-partner-id=\"OKFS1TT\" data-gyg-tour-ids=\"469536,17000,33395,456692\"><\/div>\n<p>[\/vc_column_text][\/vc_column][\/vc_row]<\/p>\n","protected":false},"excerpt":{"rendered":"<p>[vc_row][vc_column width=&#8220;2\/3&#8243;][vc_column_text] &nbsp; &nbsp; [\/vc_column_text][vc_custom_heading text=&#8220;Loveparade: Ein elektronisches Musikspektakel, bei dem Berlin bebt!&#8220; font_container=&#8220;tag:h1|font_size:30|text_align:left|color:%23d3065b&#8220;][vc_column_text] Nun schreibe ich Euch etwas \u00fcber die Berliner Loveparade &#8211; ein Ereignis, das die Stadt jedes Jahr in ein elektronisches Feuerwerk verwandelt. Falls Du elektronische Musik magst, wirst Du dort auf jeden Fall viel Spa\u00df haben.. Lass uns gemeinsam etwas n\u00e4her [&hellip;]<\/p>\n","protected":false},"author":1,"featured_media":0,"parent":255,"menu_order":0,"comment_status":"closed","ping_status":"closed","template":"","meta":{"site-sidebar-layout":"no-sidebar","site-content-layout":"plain-container","ast-site-content-layout":"default","site-content-style":"default","site-sidebar-style":"default","ast-global-header-display":"","ast-banner-title-visibility":"","ast-main-header-display":"","ast-hfb-above-header-display":"","ast-hfb-below-header-display":"","ast-hfb-mobile-header-display":"","site-post-title":"disabled","ast-breadcrumbs-content":"","ast-featured-img":"disabled","footer-sml-layout":"","ast-disable-related-posts":"","theme-transparent-header-meta":"default","adv-header-id-meta":"","stick-header-meta":"","header-above-stick-meta":"","header-main-stick-meta":"","header-below-stick-meta":"","astra-migrate-meta-layouts":"default","ast-page-background-enabled":"default","ast-page-background-meta":{"desktop":{"background-color":"var(--ast-global-color-4)","background-image":"","background-repeat":"repeat","background-position":"center center","background-size":"auto","background-attachment":"scroll","background-type":"","background-media":"","overlay-type":"","overlay-color":"","overlay-opacity":"","overlay-gradient":""},"tablet":{"background-color":"","background-image":"","background-repeat":"repeat","background-position":"center center","background-size":"auto","background-attachment":"scroll","background-type":"","background-media":"","overlay-type":"","overlay-color":"","overlay-opacity":"","overlay-gradient":""},"mobile":{"background-color":"","background-image":"","background-repeat":"repeat","background-position":"center center","background-size":"auto","background-attachment":"scroll","background-type":"","background-media":"","overlay-type":"","overlay-color":"","overlay-opacity":"","overlay-gradient":""}},"ast-content-background-meta":{"desktop":{"background-color":"var(--ast-global-color-5)","background-image":"","background-repeat":"repeat","background-position":"center center","background-size":"auto","background-attachment":"scroll","background-type":"","background-media":"","overlay-type":"","overlay-color":"","overlay-opacity":"","overlay-gradient":""},"tablet":{"background-color":"var(--ast-global-color-5)","background-image":"","background-repeat":"repeat","background-position":"center center","background-size":"auto","background-attachment":"scroll","background-type":"","background-media":"","overlay-type":"","overlay-color":"","overlay-opacity":"","overlay-gradient":""},"mobile":{"background-color":"var(--ast-global-color-5)","background-image":"","background-repeat":"repeat","background-position":"center center","background-size":"auto","background-attachment":"scroll","background-type":"","background-media":"","overlay-type":"","overlay-color":"","overlay-opacity":"","overlay-gradient":""}},"footnotes":""},"class_list":["post-261","page","type-page","status-publish","hentry"],"aioseo_notices":[],"_links":{"self":[{"href":"https:\/\/berlinwanderlust.com\/de\/wp-json\/wp\/v2\/pages\/261","targetHints":{"allow":["GET"]}}],"collection":[{"href":"https:\/\/berlinwanderlust.com\/de\/wp-json\/wp\/v2\/pages"}],"about":[{"href":"https:\/\/berlinwanderlust.com\/de\/wp-json\/wp\/v2\/types\/page"}],"author":[{"embeddable":true,"href":"https:\/\/berlinwanderlust.com\/de\/wp-json\/wp\/v2\/users\/1"}],"replies":[{"embeddable":true,"href":"https:\/\/berlinwanderlust.com\/de\/wp-json\/wp\/v2\/comments?post=261"}],"version-history":[{"count":0,"href":"https:\/\/berlinwanderlust.com\/de\/wp-json\/wp\/v2\/pages\/261\/revisions"}],"up":[{"embeddable":true,"href":"https:\/\/berlinwanderlust.com\/de\/wp-json\/wp\/v2\/pages\/255"}],"wp:attachment":[{"href":"https:\/\/berlinwanderlust.com\/de\/wp-json\/wp\/v2\/media?parent=261"}],"curies":[{"name":"wp","href":"https:\/\/api.w.org\/{rel}","templated":true}]}}