{"id":255,"date":"2023-07-11T17:26:28","date_gmt":"2023-07-11T15:26:28","guid":{"rendered":"https:\/\/berlinwanderlust.com\/?page_id=255"},"modified":"2024-05-30T17:14:08","modified_gmt":"2024-05-30T15:14:08","slug":"events","status":"publish","type":"page","link":"https:\/\/berlinwanderlust.com\/de\/aktivitaeten\/events\/","title":{"rendered":"Events"},"content":{"rendered":"<p>[vc_row][vc_column width=&#8220;2\/4&#8243;][vc_column_text]<\/p>\n<p>&nbsp;<\/p>\n<p>&nbsp;<\/p>\n<p>[\/vc_column_text][vc_custom_heading text=&#8220;Berlins Top 5 Events im Jahr: Es erwarten dich unverge\u00dfliche Erlebnisse!&#8220; font_container=&#8220;tag:h1|font_size:30|text_align:left|color:%23d3065b&#8220;][vc_column_text]Wenn du auf der Suche nach einer Stadt bist, die niemals schl\u00e4ft, und nach Events, die dir den Atem rauben, dann ist Berlin der richtige Ort f\u00fcr Dich. Mach Dich auf ein aufregendes Abenteuer gefasst, denn ich stelle Dir die Cr\u00e8me de la Cr\u00e8me der j\u00e4hrlichen Veranstaltungen in der Stadt vor. Von kulturellen Extravaganzen bis hin zu elektrisierenden Feiern &#8211; Diese f\u00fcnf Erlebnisse werden deine Sinne befl\u00fcgeln und Erinnerungen schaffen, die ein Leben lang halten. Also, schnall Dich an und mach Dich bereit f\u00fcr eine rasante Tour durch Berlins au\u00dfergew\u00f6hnlichste und mit Spannung erwartete j\u00e4hrliche Veranstaltungen!<\/p>\n<ol>\n<li><a href=\"https:\/\/berlinwanderlust.com\/de\/akitvititaeten\/events\/berlinale\/\">Internationale Filmfestspiele Berlin (Berlinale)<\/a>: Licht, Kamera, Action! Die Internationalen Filmfestspiele Berlin, auch bekannt als Berlinale, sind eines der renommiertesten und einflussreichsten Filmfestivals der Welt. Jedes Jahr im Februar str\u00f6men Filmfans, Branchenprofis und Prominente nach Berlin, um der Magie beizuwohnen, die sich dort entfaltet. Mit einem beeindruckenden Programm von Filmen, die zum Nachdenken anregen, Galas auf dem roten Teppich und fesselnden Diskussionen bietet die Berlinale eine einzigartige Gelegenheit, in die fesselnde Welt des Kinos einzutauchen. Lass Dich vom Glanz, dem Glamour und den au\u00dfergew\u00f6hnlichen Talenten auf den Leinw\u00e4nden Berlins verzaubern.<\/li>\n<li><a href=\"https:\/\/berlinwanderlust.com\/de\/akitvititaeten\/events\/karneval-der-kulturen\/\">Karneval der Kulturen<\/a>: Mach Dich bereit f\u00fcr eine lebhafte Explosion von Farben, Rhythmen und Geschm\u00e4ckern beim Karneval der Kulturen. Bei diesem multikulturellen Spektakel, das jedes Jahr im Mai stattfindet, wird die Vielfalt der Berliner Community gefeiert. Die Stadt erwacht mit berauschenden Paraden, internationaler Musik und k\u00f6stlichem Stra\u00dfenessen aus allen Teilen der Welt zum Leben. Von traditionellen T\u00e4nzen bis hin zu aufw\u00e4ndigen Kost\u00fcmen &#8211; der Karneval der Kulturen zeigt das reiche Erbe und den kollektiven Geist der Berliner Bev\u00f6lkerung. Lass Dich von der ansteckenden Energie mitrei\u00dfen, genie\u00dfe den Schmelztiegel der Kulturen und g\u00f6nne dir ein unvergessliches Fest f\u00fcr die Sinne.<\/li>\n<li>Festival der Lichter (Festival of Lights): Bereite dich darauf vor, Berlin w\u00e4hrend des bezaubernden Festival of Lights in einem ganz neuen Licht zu sehen. An zehn faszinierenden Tagen im Oktober verwandeln sich ikonische Wahrzeichen, historische Geb\u00e4ude und \u00f6ffentliche Pl\u00e4tze in faszinierende Kunstwerke. Durch atemberaubende Lichtprojektionen werden die sch\u00f6nsten Bauwerke der Stadt mit unterschiedlichsten Farben und Animationen geschm\u00fcckt und schaffen eine wahrhaft magische Atmosph\u00e4re. Schlendere durch die beleuchteten Stra\u00dfen, bestaune die kreativen Installationen und erlebe die Sch\u00f6nheit Berlins auf eine Weise, die dich in ihren Bann ziehen wird. Das Festival der Lichter ist ein Erlebnis, das Deine Fantasie befl\u00fcgelt und f\u00fcr einen Moment Deine Wahrnehmung der Stadt ver\u00e4ndert. Hier geht es zur <strong><a href=\"https:\/\/www.getyourguide.de\/berlin-l17\/berlin-festival-of-lights-lightseeing-tour-im-lightlinerbus-t26574\/?partner_id=OKFS1TT&amp;utm_medium=online_publisher\">Festival der Lichter Bus- und Schiffstour<\/a><\/strong><\/li>\n<li>Weihnachtsm\u00e4rkte: Wenn die Winterk\u00e4lte einsetzt, verwandeln die bezaubernden Berliner Weihnachtsm\u00e4rkte die Stadt in ein Winterwunderland. Von Ende November bis Ende Dezember tauchen diese festlichen M\u00e4rkte in ganz Berlin auf und strahlen W\u00e4rme, Freude und Weihnachtsstimmung aus. Erlebe die zauberhafte Atmosph\u00e4re, wenn Du durch die mit funkelnden Lichtern geschm\u00fcckten St\u00e4nde schlenderst und den Duft von Lebkuchen, Gl\u00fchwein und ger\u00f6steten Kastanien genie\u00dft. St\u00f6ber in traditionellem Kunsthandwerk, finde einzigartige Geschenke und genie\u00dfe den Zauber der Jahreszeit, w\u00e4hrend Weihnachtss\u00e4nger die Luft mit melodischer Fr\u00f6hlichkeit erf\u00fcllen. Die Berliner Weihnachtsm\u00e4rkte bieten ein herzerw\u00e4rmendes Erlebnis, das Dich \u00a0in festliche Stimmung versetzen wird. Lust auf das Berliner Weichnachtskonszert? Dann<strong><a href=\"https:\/\/www.getyourguide.de\/berlin-l17\/berlin-weihnachtskonzert-des-residenzorchesters-t333736\/?partner_id=OKFS1TT&amp;utm_medium=online_publisher\"> hier klicken<\/a><\/strong><\/li>\n<li><span style=\"font-size: 16px;\">Silvester am Brandenburger Tor: Beende das alte Jahr und feiere das neue: In der Silvesternacht verwandelt sich Berlin in ein pulsierendes Party-Mekka, das Feiernde aus aller Welt anlockt. Das Brandenburger Tor wird zum Epizentrum der Feierlichkeiten und ist Schauplatz einer riesigen Open-Air-Party mit Live-Musik, Feuerwerk und elektrischer Atmosph\u00e4re. Schlie\u00df Dich der jubelnden Menge an, erhebe dein Glas auf den Neubeginn und erlebe die berauschende Energie, wenn die Uhr Mitternacht schl\u00e4gt. Es ist eine Nacht, die den Geist Berlins verk\u00f6rpert und die B\u00fchne f\u00fcr ein Jahr voller Aufregung und M\u00f6glichkeiten bereitet. Sichere Dir ein Ticket f\u00fcr die <strong><a href=\"https:\/\/www.getyourguide.de\/berlin-l17\/silvestergala-berliner-residenz-konzerte-t361430\/?partner_id=OKFS1TT&amp;utm_medium=online_publisher\">Silvestergala im Schloss Charlottenburg<\/a><\/strong><\/span><\/li>\n<\/ol>\n<p>Die allj\u00e4hrlichen Veranstaltungen in Berlin sind legend\u00e4r und fesseln die Herzen und Gedanken von Einheimischen und Besuchern gleicherma\u00dfen. Ob Du \u00a0nun in den Glamour der Internationalen Filmfestspiele Berlin eintauchen oder beim Karneval der Kulturen mitmachen m\u00f6chtest, jede Veranstaltung bietet eine einzigartige Gelegenheit, den pulsierenden Geist der Stadt zu erleben. Von den schillernden Lichtern des Festival of Lights \u00fcber den Zauber der Weihnachtsm\u00e4rkte bis hin zu den elektrisierenden Silvesterfeiern &#8211; Berlin l\u00e4dt Dich ein, diese au\u00dfergew\u00f6hnlichen Erlebnisse zu erleben. Mach Dir also freie Termine, packe Deine Abenteuerlust ein und sei bereit, im quirligen Herzen Berlins sch\u00f6ne Erinnerungen zu schaffen.[\/vc_column_text][vc_zigzag][\/vc_column][vc_column width=&#8220;1\/4&#8243;][vc_column_text]<\/p>\n<p>&#8211;[\/vc_column_text][vc_column_text]<\/p>\n<p>&#8211;[\/vc_column_text][vc_custom_heading text=&#8220;CSD Berlin&#8220; font_container=&#8220;tag:h2|font_size:20|text_align:center&#8220; link=&#8220;url:https%3A%2F%2Fberlinwanderlust.com%2Fde%2Faktivitaeten%2Fevents%2Fcsd-berlin%2F&#8220;][vc_single_image image=&#8220;478&#8243; img_size=&#8220;150&#215;150&#8243; alignment=&#8220;center&#8220; onclick=&#8220;custom_link&#8220; link=&#8220;https:\/\/berlinwanderlust.com\/de\/aktivitaeten\/events\/csd-berlin\/&#8220;][vc_custom_heading text=&#8220;Karneval der Kulturen&#8220; font_container=&#8220;tag:h2|font_size:20|text_align:center&#8220; link=&#8220;url:https%3A%2F%2Fberlinwanderlust.com%2Factivities%2Fevents%2Fcarnival-of-cultures%2F&#8220;][vc_single_image image=&#8220;460&#8243; img_size=&#8220;150&#215;150&#8243; alignment=&#8220;center&#8220; onclick=&#8220;custom_link&#8220; link=&#8220;https:\/\/berlinwanderlust.com\/de\/aktivitaeten\/events\/karneval-der-kulturen\/&#8220;][vc_custom_heading text=&#8220;Loveparade&#8220; font_container=&#8220;tag:h2|font_size:20|text_align:center&#8220; link=&#8220;url:https%3A%2F%2Fberlinwanderlust.com%2Fde%2Faktivitaeten%2Fevents%2Floveparade%2F&#8220;][vc_single_image image=&#8220;265&#8243; img_size=&#8220;150&#215;150&#8243; alignment=&#8220;center&#8220; onclick=&#8220;custom_link&#8220; link=&#8220;https:\/\/berlinwanderlust.com\/de\/aktiviitaeten\/events\/loveparade\/&#8220;][vc_custom_heading text=&#8220;Berlinale&#8220; font_container=&#8220;tag:h2|font_size:20|text_align:center&#8220; link=&#8220;url:https%3A%2F%2Fberlinwanderlust.com%2Fde%2Faktivitaeten%2Fevents%2Fberlinale%2F&#8220;][vc_single_image image=&#8220;435&#8243; img_size=&#8220;150&#215;150&#8243; alignment=&#8220;center&#8220; onclick=&#8220;custom_link&#8220; link=&#8220;https:\/\/berlinwanderlust.com\/de\/aktivitaeten\/events\/berlinale\/&#8220;][\/vc_column][vc_column width=&#8220;1\/4&#8243;][vc_column_text]<\/p>\n<p>&#8211;[\/vc_column_text][vc_column_text]<\/p>\n<p>&#8211;[\/vc_column_text][vc_custom_heading text=&#8220;ITB Berlin&#8220; font_container=&#8220;tag:h2|font_size:20|text_align:center&#8220; link=&#8220;url:https%3A%2F%2Fberlinwanderlust.com%2Fde%2Faktivitaeten%2Fevents%2Fitb-berlin%2F&#8220;][vc_single_image image=&#8220;660&#8243; img_size=&#8220;150&#215;150&#8243; alignment=&#8220;center&#8220; onclick=&#8220;custom_link&#8220; link=&#8220;https:\/\/berlinwanderlust.com\/de\/aktivitaeten\/events\/itb-berlin&#8220;][vc_custom_heading text=&#8220;Transmediale&#8220; font_container=&#8220;tag:h2|font_size:20|text_align:center&#8220; link=&#8220;url:https%3A%2F%2Fberlinwanderlust.com%2Fde%2Faktivitaeten%2Fevents%2Ftransmediale%2F&#8220;][vc_single_image image=&#8220;656&#8243; img_size=&#8220;150&#215;150&#8243; alignment=&#8220;center&#8220; onclick=&#8220;custom_link&#8220; link=&#8220;https:\/\/berlinwanderlust.com\/de\/aktivitaeten\/events\/transmediale\/&#8220;][vc_custom_heading text=&#8220;Fashion Week&#8220; font_container=&#8220;tag:h2|font_size:20|text_align:center&#8220; link=&#8220;url:https%3A%2F%2Fberlinwanderlust.com%2Fde%2Faktivitaeten%2Fevents%2Ffashion-week-berlin%2F&#8220;][vc_single_image image=&#8220;652&#8243; img_size=&#8220;150&#215;150&#8243; alignment=&#8220;center&#8220; onclick=&#8220;custom_link&#8220; link=&#8220;https:\/\/berlinwanderlust.com\/de\/aktivitaeten\/events\/fashion-week-berlin\/&#8220;][vc_custom_heading text=&#8220;Internationale Gr\u00fcne Woche&#8220; font_container=&#8220;tag:h2|font_size:20|text_align:center&#8220; link=&#8220;url:https%3A%2F%2Fberlinwanderlust.com%2Fde%2Faktivitaeten%2Fevents%2Finternationale-gruene-woche%2F&#8220;][vc_single_image image=&#8220;645&#8243; img_size=&#8220;150&#215;150&#8243; alignment=&#8220;center&#8220; onclick=&#8220;custom_link&#8220; link=&#8220;https:\/\/berlinwanderlust.com\/de\/aktivitaeten\/events\/internationale-gruene-woche\/&#8220;][\/vc_column][\/vc_row][vc_row][vc_column][vc_column_text]<\/p>\n<div data-gyg-href=\"https:\/\/widget.getyourguide.com\/default\/activities.frame\" data-gyg-locale-code=\"de-DE\" data-gyg-widget=\"activities\" data-gyg-number-of-items=\"4\" data-gyg-partner-id=\"OKFS1TT\" data-gyg-q=\"Berlin%20Festival\">\n<p>[\/vc_column_text][vc_column_text]<!-- START ADVERTISER: Union Berlin Onlineshop DE from awin.com --><\/p>\n<p><a href=\"https:\/\/www.awin1.com\/cread.php?s=3325963&amp;v=41734&amp;q=457527&amp;r=1388705\" rel=\"sponsored\"><br \/>\n<img data-opt-id=376321515  fetchpriority=\"high\" decoding=\"async\" src=\"https:\/\/www.awin1.com\/cshow.php?s=3325963&amp;v=41734&amp;q=457527&amp;r=1388705\" border=\"0\" \/><br \/>\n<\/a><\/p>\n<p><!-- END ADVERTISER: Union Berlin Onlineshop DE from awin.com -->[\/vc_column_text][\/vc_column][\/vc_row]<\/p>\n<\/div>\n","protected":false},"excerpt":{"rendered":"<p>[vc_row][vc_column width=&#8220;2\/4&#8243;][vc_column_text] &nbsp; &nbsp; [\/vc_column_text][vc_custom_heading text=&#8220;Berlins Top 5 Events im Jahr: Es erwarten dich unverge\u00dfliche Erlebnisse!&#8220; font_container=&#8220;tag:h1|font_size:30|text_align:left|color:%23d3065b&#8220;][vc_column_text]Wenn du auf der Suche nach einer Stadt bist, die niemals schl\u00e4ft, und nach Events, die dir den Atem rauben, dann ist Berlin der richtige Ort f\u00fcr Dich. Mach Dich auf ein aufregendes Abenteuer gefasst, denn ich stelle Dir [&hellip;]<\/p>\n","protected":false},"author":1,"featured_media":0,"parent":95,"menu_order":0,"comment_status":"closed","ping_status":"closed","template":"","meta":{"site-sidebar-layout":"no-sidebar","site-content-layout":"plain-container","ast-site-content-layout":"normal-width-container","site-content-style":"unboxed","site-sidebar-style":"unboxed","ast-global-header-display":"","ast-banner-title-visibility":"","ast-main-header-display":"","ast-hfb-above-header-display":"","ast-hfb-below-header-display":"","ast-hfb-mobile-header-display":"","site-post-title":"disabled","ast-breadcrumbs-content":"","ast-featured-img":"disabled","footer-sml-layout":"","ast-disable-related-posts":"","theme-transparent-header-meta":"default","adv-header-id-meta":"","stick-header-meta":"","header-above-stick-meta":"","header-main-stick-meta":"","header-below-stick-meta":"","astra-migrate-meta-layouts":"set","ast-page-background-enabled":"default","ast-page-background-meta":{"desktop":{"background-color":"var(--ast-global-color-4)","background-image":"","background-repeat":"repeat","background-position":"center center","background-size":"auto","background-attachment":"scroll","background-type":"","background-media":"","overlay-type":"","overlay-color":"","overlay-opacity":"","overlay-gradient":""},"tablet":{"background-color":"","background-image":"","background-repeat":"repeat","background-position":"center center","background-size":"auto","background-attachment":"scroll","background-type":"","background-media":"","overlay-type":"","overlay-color":"","overlay-opacity":"","overlay-gradient":""},"mobile":{"background-color":"","background-image":"","background-repeat":"repeat","background-position":"center center","background-size":"auto","background-attachment":"scroll","background-type":"","background-media":"","overlay-type":"","overlay-color":"","overlay-opacity":"","overlay-gradient":""}},"ast-content-background-meta":{"desktop":{"background-color":"var(--ast-global-color-5)","background-image":"","background-repeat":"repeat","background-position":"center center","background-size":"auto","background-attachment":"scroll","background-type":"","background-media":"","overlay-type":"","overlay-color":"","overlay-opacity":"","overlay-gradient":""},"tablet":{"background-color":"var(--ast-global-color-5)","background-image":"","background-repeat":"repeat","background-position":"center center","background-size":"auto","background-attachment":"scroll","background-type":"","background-media":"","overlay-type":"","overlay-color":"","overlay-opacity":"","overlay-gradient":""},"mobile":{"background-color":"var(--ast-global-color-5)","background-image":"","background-repeat":"repeat","background-position":"center center","background-size":"auto","background-attachment":"scroll","background-type":"","background-media":"","overlay-type":"","overlay-color":"","overlay-opacity":"","overlay-gradient":""}},"footnotes":""},"class_list":["post-255","page","type-page","status-publish","hentry"],"aioseo_notices":[],"_links":{"self":[{"href":"https:\/\/berlinwanderlust.com\/de\/wp-json\/wp\/v2\/pages\/255","targetHints":{"allow":["GET"]}}],"collection":[{"href":"https:\/\/berlinwanderlust.com\/de\/wp-json\/wp\/v2\/pages"}],"about":[{"href":"https:\/\/berlinwanderlust.com\/de\/wp-json\/wp\/v2\/types\/page"}],"author":[{"embeddable":true,"href":"https:\/\/berlinwanderlust.com\/de\/wp-json\/wp\/v2\/users\/1"}],"replies":[{"embeddable":true,"href":"https:\/\/berlinwanderlust.com\/de\/wp-json\/wp\/v2\/comments?post=255"}],"version-history":[{"count":0,"href":"https:\/\/berlinwanderlust.com\/de\/wp-json\/wp\/v2\/pages\/255\/revisions"}],"up":[{"embeddable":true,"href":"https:\/\/berlinwanderlust.com\/de\/wp-json\/wp\/v2\/pages\/95"}],"wp:attachment":[{"href":"https:\/\/berlinwanderlust.com\/de\/wp-json\/wp\/v2\/media?parent=255"}],"curies":[{"name":"wp","href":"https:\/\/api.w.org\/{rel}","templated":true}]}}