{"id":243,"date":"2023-07-10T20:06:43","date_gmt":"2023-07-10T18:06:43","guid":{"rendered":"https:\/\/berlinwanderlust.com\/?page_id=243"},"modified":"2023-09-08T23:32:28","modified_gmt":"2023-09-08T21:32:28","slug":"locations","status":"publish","type":"page","link":"https:\/\/berlinwanderlust.com\/de\/aktivitaeten\/locations\/","title":{"rendered":"Locations"},"content":{"rendered":"<p>[vc_row][vc_column width=&#8220;2\/4&#8243;][vc_column_text]<\/p>\n<p>&nbsp;<\/p>\n<p>&nbsp;<\/p>\n<p>[\/vc_column_text][vc_custom_heading text=&#8220;Berlins unverge\u00dfliche Locations und Sehensw\u00fcrdigkeiten: Eine witzige Reise durch meine geliebte Stadt&#8220; font_container=&#8220;tag:h1|font_size:30|text_align:left|color:%23d3065b&#8220;][vc_column_text]Ah, Berlin! Eine Stadt, die mein Herz gestohlen und meine Lachmuskeln gekitzelt hat. Als selbsternannte Berlin-Experte freue ich mich darauf, Dich \u00a0auf ein witziges Abenteuer durch die Sehensw\u00fcrdigkeiten mitzunehmen, die diese Stadt so unglaublich einzigartig machen. Von ikonischen Wahrzeichen bis hin zu ausgefallenen Attraktionen &#8211; Berlin hat alles zu bieten. Also, schnall Dich an \u00a0und mach Dich \u00a0bereit f\u00fcr eine Tour zu den wundersamen und schrulligen Sehensw\u00fcrdigkeiten, die Berlin zu meiner ultimativen Liebesaff\u00e4re machen.<\/p>\n<ol>\n<li><a href=\"https:\/\/berlinwanderlust.com\/de\/akitvititaeten\/locations\/brandenburger-tor\/\">Brandenburger Tor<\/a>: Der Star unter den Wahrzeichen: Als Erstes haben wir das einzigartige Brandenburger Tor, Berlins Stern unter den Wahrzeichen. Diese Sch\u00f6nheit hat schon alles gesehen, von Napoleons gro\u00dfem Auftritt bis hin zu euphorischen Menschenmengen, die den Fall der Berliner Mauer feierten. Nimm dir einen Moment Zeit, um Ihre beste Pose neben diesem monumentalen Bauwerk einzunehmen und lass die Energie der Geschichte durch Deine Adern flie\u00dfen. Vergi\u00df nur nicht, dich vor Selfie-Sticks in Acht zu nehmen &#8211; die gibt es hier h\u00e4ufiger als M\u00fccken.<\/li>\n<li><a href=\"https:\/\/berlinwanderlust.com\/de\/akitvititaeten\/locations\/berliner-fernsehturm\/\">Fernsehturm<\/a>: Wo Geheimnisse in der Luft schweben: Seht den Fernsehturm, Berlins hoch aufragendes Unget\u00fcm, das in den Himmel ragt! Er ist nicht nur ein Fernsehturm, er ist ein allwissender Riese, der alle Ihre gefl\u00fcsterten Geheimnisse h\u00f6rt. Wenn Du mit dem Aufzug nach oben f\u00e4hrst, kann es schon passieren, dass kurz Dein Bauch kribbelt. Genie\u00dfe die atemberaubende Aussicht von der Aussichtsplattform, aber denke daran: Der Fernsehturm hat \u00fcberall Ohren. <a href=\"https:\/\/www.getyourguide.de\/berlin-l17\/ohne-anstehen-ticket-fur-den-fernsehturm-berlin-t141648\/?partner_id=OKFS1TT&amp;utm_medium=online_publisher\"><strong>Fernsehturm Einlass ohne Anstehen<\/strong><\/a><\/li>\n<li>Museumsinsel: Ein Paradies f\u00fcr Kulturinteressierte: F\u00fcr alle Kulturliebhaber da drau\u00dfen ist die Museumsinsel der heilige Gral. Sie ist wie ein Themenpark f\u00fcr Kunstliebhaber, mit f\u00fcnf unglaublichen Museen an einem Ort. Vom atemberaubenden <a href=\"https:\/\/berlinwanderlust.com\/de\/akitvititaeten\/museen\/pergamon-museum\/\">Pergamonmuseum<\/a> bis hin zu den verbl\u00fcffenden Kunstwerken im Hamburger Bahnhof wirst Du durch Jahrhunderte der Kreativit\u00e4t wandern und versuchen, alles zu verarbeiten, ohne dass Ihr Gehirn spontan in Flammen aufgeht. Pro-Tipp: Zieh Dir bequeme Schuhe an und bereite Dich darauf vor, ein &#8222;Kunstversteher&#8220;-Gesicht aufzusetzen.<a href=\"https:\/\/www.getyourguide.de\/berlin-l17\/berlin-pergamonmuseum-tickets-t388352\/?partner_id=OKFS1TT&amp;utm_medium=online_publisher\"><strong> Eintrittskarte Pergamonmusuem<\/strong><\/a><\/li>\n<li>East Side Galerie: Wo Kunst auf Wand trifft: Wer sagt, dass Kunst nicht gleichzeitig politisch und witzig sein kann? Die East Side Gallery ist eine lebendige Leinwand, auf der K\u00fcnstler aus aller Welt ein St\u00fcck der Berliner Mauer in ein buntes Treiben verwandelt haben, das zum Lachen anregt. Halte Ausschau nach ikonischen Wandbildern wie dem ber\u00fcchtigten &#8222;Bruderkuss&#8220; und dem fr\u00f6hlich-surrealen &#8222;Trabant, der die Mauer durchbricht&#8220;. Es ist, als w\u00fcrde man einen gigantischen Comic betreten &#8211; eine Open-Air-Galerie, die Sie gleichzeitig zum Lachen und zum Nachdenken \u00fcber den Sinn des Lebens bringen wird.<\/li>\n<li>Ampelmann: Der Ampelheld: Zu guter Letzt haben wir noch den Ampelmann, Berlins ganz pers\u00f6nlichen Ampelhelden. Mit seinem kecken Hut und seinem freundlichen Auftreten ist dieser kleine Kerl zu einem beliebten Symbol der Stadt geworden. Halte die Augen offen, wenn du durch die Stra\u00dfen l\u00e4ufst &#8211; und Du wirst einen Ampelmann schon finden.<\/li>\n<\/ol>\n<p>Berlin! Du bist eine Stadt der Wunder und des Lachens. Von der Pracht des Brandenburger Tors bis zu den Launen des Ampelmanns und allem, was dazwischen liegt, kannst du immer wieder \u00fcberraschen und begeistern. Als erfahrener Berlin-Liebhaber lade ich Dich ein, die lustige Seite dieser Stadt zu entdecken, bei jedem Schritt zu lachen und unvergessliche Erinnerungen zu schaffen.[\/vc_column_text][\/vc_column][vc_column width=&#8220;1\/4&#8243;][vc_column_text]<\/p>\n<p>[\/vc_column_text][vc_column_text]<\/p>\n<p>[\/vc_column_text][vc_column_text]<\/p>\n<p>&#8211;[\/vc_column_text][vc_column_text]<\/p>\n<p>&#8211;[\/vc_column_text][vc_custom_heading text=&#8220;Stolpersteine&#8220; font_container=&#8220;tag:h2|font_size:20|text_align:center&#8220; link=&#8220;url:https%3A%2F%2Fberlinwanderlust.com%2Fde%2Faktivitaeten%2Fstolpersteine&#8220;][vc_single_image image=&#8220;251&#8243; img_size=&#8220;150&#215;150&#8243; alignment=&#8220;center&#8220; style=&#8220;vc_box_shadow_3d&#8220; onclick=&#8220;custom_link&#8220; link=&#8220;https:\/\/berlinwanderlust.com\/de\/aktiviitaeten\/locations\/stolpersteine&#8220;][vc_custom_heading text=&#8220;Kreuzberg&#8220; font_container=&#8220;tag:h2|font_size:20|text_align:center&#8220; link=&#8220;url:https%3A%2F%2Fberlinwanderlust.com%2Fde%2Faktivitaeten%2Flocations%2Fkreuzberg&#8220;][vc_single_image image=&#8220;331&#8243; img_size=&#8220;150&#215;150&#8243; alignment=&#8220;center&#8220; style=&#8220;vc_box_shadow_3d&#8220; onclick=&#8220;custom_link&#8220; link=&#8220;https:\/\/berlinwanderlust.com\/de\/aktivitaeten\/locations\/kreuzberg&#8220;][vc_custom_heading text=&#8220;Neue Synagoge&#8220; font_container=&#8220;tag:h2|font_size:20|text_align:center&#8220; link=&#8220;url:https%3A%2F%2Fberlinwanderlust.com%2Fde%2Faktivitaeten%2Flocations%2Fneue-synagoe&#8220;][vc_single_image image=&#8220;427&#8243; img_size=&#8220;150&#215;150&#8243; alignment=&#8220;center&#8220; style=&#8220;vc_box_shadow_3d&#8220; onclick=&#8220;custom_link&#8220; link=&#8220;https:\/\/berlinwanderlust.com\/de\/aktviitaeten\/locations\/neue-synagoge&#8220;][vc_custom_heading text=&#8220;Sowjetisches Ehrenmal&#8220; font_container=&#8220;tag:h2|font_size:20|text_align:center&#8220; link=&#8220;url:https%3A%2F%2Fberlinwanderlust.com%2Fde%2Faktivitaeten%2Flocations%2Fsowjetisches-ehrenmal&#8220;][vc_single_image image=&#8220;323&#8243; img_size=&#8220;150&#215;150&#8243; alignment=&#8220;center&#8220; style=&#8220;vc_box_shadow_3d&#8220; onclick=&#8220;custom_link&#8220; link=&#8220;https:\/\/berlinwanderlust.com\/de\/aktvitaeten\/locations\/sowjetisches-ehrenmal&#8220;][vc_custom_heading text=&#8220;Neuk\u00f6lln&#8220; font_container=&#8220;tag:h2|font_size:20|text_align:center&#8220; link=&#8220;url:https%3A%2F%2Fberlinwanderlust.com%2Fde%2Faktivitaeten%2Flocations%2Fneukoelln&#8220;][vc_single_image image=&#8220;234&#8243; img_size=&#8220;150&#215;150&#8243; alignment=&#8220;center&#8220; style=&#8220;vc_box_shadow_3d&#8220; onclick=&#8220;custom_link&#8220; link=&#8220;https:\/\/berlinwanderlust.com\/de\/aktivitaeten\/locations\/neukoelln&#8220;][vc_custom_heading text=&#8220;Kaiser-Wilhelm-Ged\u00e4chtniskirche&#8220; font_container=&#8220;tag:h2|font_size:20|text_align:center&#8220; link=&#8220;url:https%3A%2F%2Fberlinwanderlust.com%2Fde%2Faktivitaeten%2Flocations%2Fkaiser-wilhelm-gedaechtniskirche&#8220;][vc_single_image image=&#8220;413&#8243; img_size=&#8220;150&#215;150&#8243; alignment=&#8220;center&#8220; style=&#8220;vc_box_shadow_3d&#8220; onclick=&#8220;custom_link&#8220; link=&#8220;https:\/\/berlinwanderlust.com\/de\/aktivitaeten\/locations\/kaiser-wilhelm-gedaechtniskirche&#8220;][vc_custom_heading text=&#8220;Checkpoint Charlie&#8220; font_container=&#8220;tag:h2|font_size:20|text_align:center&#8220; link=&#8220;url:https%3A%2F%2Fberlinwanderlust.com%2Fde%2Faktivitaeten%2Flocations%2Fcheckpoint-charlie&#8220;][vc_single_image image=&#8220;431&#8243; img_size=&#8220;150&#215;150&#8243; alignment=&#8220;center&#8220; style=&#8220;vc_box_shadow_3d&#8220; onclick=&#8220;custom_link&#8220; link=&#8220;https:\/\/berlinwanderlust.com\/de\/aktivitaeten\/locations\/checkpoint-charlie&#8220;][\/vc_column][vc_column width=&#8220;1\/4&#8243;][vc_column_text]<\/p>\n<p>[\/vc_column_text][vc_column_text]<\/p>\n<p>[\/vc_column_text][vc_column_text]<\/p>\n<p>&#8211;[\/vc_column_text][vc_column_text]<\/p>\n<p>&#8211;[\/vc_column_text][vc_custom_heading text=&#8220;Berliner Dom&#8220; font_container=&#8220;tag:h2|font_size:20|text_align:center&#8220; link=&#8220;url:https%3A%2F%2Fberlinwanderlust.com%2Fde%2Faktivitaeten%2Flocations%2Fberliner-dom&#8220;][vc_single_image image=&#8220;327&#8243; img_size=&#8220;150&#215;150&#8243; alignment=&#8220;center&#8220; style=&#8220;vc_box_shadow_3d&#8220; onclick=&#8220;custom_link&#8220; link=&#8220;https:\/\/berlinwanderlust.com\/de\/aktivitaeten\/locations\/berliner-dom&#8220;][vc_custom_heading text=&#8220;Brandenburger Tor&#8220; font_container=&#8220;tag:h2|font_size:20|text_align:center&#8220; link=&#8220;url:https%3A%2F%2Fberlinwanderlust.com%2Fde%2Faktivitaeten%2Flocations%2Fbrandenburger-tor&#8220;][vc_single_image image=&#8220;273&#8243; img_size=&#8220;150&#215;150&#8243; alignment=&#8220;center&#8220; style=&#8220;vc_box_shadow_3d&#8220; onclick=&#8220;custom_link&#8220; link=&#8220;https:\/\/berlinwanderlust.com\/de\/aktivitaeten\/locations\/brandenburger-tor&#8220;][vc_custom_heading text=&#8220;Fernsehturm&#8220; font_container=&#8220;tag:h2|font_size:20|text_align:center&#8220; link=&#8220;url:https%3A%2F%2Fberlinwanderlust.com%2Fde%2Faktivitaeten%2Flocations%2Fberliner-fernsehturm&#8220;][vc_single_image image=&#8220;241&#8243; img_size=&#8220;150&#215;150&#8243; alignment=&#8220;center&#8220; style=&#8220;vc_box_shadow_3d&#8220; onclick=&#8220;custom_link&#8220; link=&#8220;https:\/\/berlinwanderlust.com\/de\/aktivitaeten\/locations\/berliner-fernsehturm&#8220;][vc_custom_heading text=&#8220;Gendarmenmarkt&#8220; font_container=&#8220;tag:h2|font_size:20|text_align:center&#8220; link=&#8220;url:https%3A%2F%2Fberlinwanderlust.com%2Fde%2Faktivitaeten%2Flocations%2Fgendarmenmarkt&#8220;][vc_single_image image=&#8220;418&#8243; img_size=&#8220;150&#215;150&#8243; alignment=&#8220;center&#8220; style=&#8220;vc_box_shadow_3d&#8220; onclick=&#8220;custom_link&#8220; link=&#8220;https:\/\/berlinwanderlust.com\/de\/aktivitaeten\/locations\/gendarmenmarkt&#8220;][vc_custom_heading text=&#8220;Siegess\u00e4ule&#8220; font_container=&#8220;tag:h2|font_size:20|text_align:center&#8220; link=&#8220;url:https%3A%2F%2Fberlinwanderlust.comde%2Faktivitaeten%2Flocations%2Fsiegessaeule%2F&#8220;][vc_single_image image=&#8220;286&#8243; img_size=&#8220;150&#215;150&#8243; alignment=&#8220;center&#8220; style=&#8220;vc_box_shadow_3d&#8220; onclick=&#8220;custom_link&#8220; link=&#8220;https:\/\/berlinwanderlust.com\/de\/aktivitaeten\/locations\/siegessaeule&#8220;][vc_custom_heading text=&#8220;Sch\u00f6neberg&#8220; font_container=&#8220;tag:h2|font_size:20|text_align:center&#8220; link=&#8220;url:https%3A%2F%2Fberlinwanderlust.com%2Fde%2Faktivitaeten%2Flocations%2Fschoeneberg&#8220;][vc_single_image image=&#8220;766&#8243; img_size=&#8220;150&#215;150&#8243; alignment=&#8220;center&#8220; style=&#8220;vc_box_shadow_3d&#8220; onclick=&#8220;custom_link&#8220; link=&#8220;https:\/\/berlinwanderlust.com\/de\/aktivitaeten\/locations\/schoeneberg&#8220;][vc_custom_heading text=&#8220;East Side Gallery&#8220; font_container=&#8220;tag:h2|font_size:20|text_align:center&#8220; link=&#8220;url:https%3A%2F%2Fberlinwanderlust.com%2Fde%2Faktivitaeten%2Flocations%2Feast-side-gallery&#8220;][vc_single_image image=&#8220;121&#8243; img_size=&#8220;150&#215;150&#8243; alignment=&#8220;center&#8220; style=&#8220;vc_box_shadow_3d&#8220; onclick=&#8220;custom_link&#8220; link=&#8220;https:\/\/berlinwanderlust.com\/de\/aktivitaeten\/locations\/east-side-gallery&#8220;][\/vc_column][\/vc_row][vc_row][vc_column][vc_column_text]<\/p>\n<div data-gyg-href=\"https:\/\/widget.getyourguide.com\/default\/activities.frame\" data-gyg-locale-code=\"en-US\" data-gyg-widget=\"activities\" data-gyg-number-of-items=\"4\" data-gyg-partner-id=\"OKFS1TT\" data-gyg-tour-ids=\"49759,5085,48275,28522\"><\/div>\n<p>[\/vc_column_text][\/vc_column][\/vc_row]<\/p>\n","protected":false},"excerpt":{"rendered":"<p>[vc_row][vc_column width=&#8220;2\/4&#8243;][vc_column_text] &nbsp; &nbsp; [\/vc_column_text][vc_custom_heading text=&#8220;Berlins unverge\u00dfliche Locations und Sehensw\u00fcrdigkeiten: Eine witzige Reise durch meine geliebte Stadt&#8220; font_container=&#8220;tag:h1|font_size:30|text_align:left|color:%23d3065b&#8220;][vc_column_text]Ah, Berlin! Eine Stadt, die mein Herz gestohlen und meine Lachmuskeln gekitzelt hat. Als selbsternannte Berlin-Experte freue ich mich darauf, Dich \u00a0auf ein witziges Abenteuer durch die Sehensw\u00fcrdigkeiten mitzunehmen, die diese Stadt so unglaublich einzigartig machen. Von ikonischen [&hellip;]<\/p>\n","protected":false},"author":1,"featured_media":0,"parent":95,"menu_order":0,"comment_status":"closed","ping_status":"closed","template":"","meta":{"site-sidebar-layout":"no-sidebar","site-content-layout":"plain-container","ast-site-content-layout":"","site-content-style":"default","site-sidebar-style":"default","ast-global-header-display":"","ast-banner-title-visibility":"","ast-main-header-display":"","ast-hfb-above-header-display":"","ast-hfb-below-header-display":"","ast-hfb-mobile-header-display":"","site-post-title":"disabled","ast-breadcrumbs-content":"","ast-featured-img":"disabled","footer-sml-layout":"","theme-transparent-header-meta":"default","adv-header-id-meta":"","stick-header-meta":"","header-above-stick-meta":"","header-main-stick-meta":"","header-below-stick-meta":"","astra-migrate-meta-layouts":"default","ast-page-background-enabled":"default","ast-page-background-meta":{"desktop":{"background-color":"var(--ast-global-color-4)","background-image":"","background-repeat":"repeat","background-position":"center center","background-size":"auto","background-attachment":"scroll","background-type":"","background-media":"","overlay-type":"","overlay-color":"","overlay-opacity":"","overlay-gradient":""},"tablet":{"background-color":"","background-image":"","background-repeat":"repeat","background-position":"center center","background-size":"auto","background-attachment":"scroll","background-type":"","background-media":"","overlay-type":"","overlay-color":"","overlay-opacity":"","overlay-gradient":""},"mobile":{"background-color":"","background-image":"","background-repeat":"repeat","background-position":"center center","background-size":"auto","background-attachment":"scroll","background-type":"","background-media":"","overlay-type":"","overlay-color":"","overlay-opacity":"","overlay-gradient":""}},"ast-content-background-meta":{"desktop":{"background-color":"var(--ast-global-color-5)","background-image":"","background-repeat":"repeat","background-position":"center center","background-size":"auto","background-attachment":"scroll","background-type":"","background-media":"","overlay-type":"","overlay-color":"","overlay-opacity":"","overlay-gradient":""},"tablet":{"background-color":"var(--ast-global-color-5)","background-image":"","background-repeat":"repeat","background-position":"center center","background-size":"auto","background-attachment":"scroll","background-type":"","background-media":"","overlay-type":"","overlay-color":"","overlay-opacity":"","overlay-gradient":""},"mobile":{"background-color":"var(--ast-global-color-5)","background-image":"","background-repeat":"repeat","background-position":"center center","background-size":"auto","background-attachment":"scroll","background-type":"","background-media":"","overlay-type":"","overlay-color":"","overlay-opacity":"","overlay-gradient":""}},"footnotes":""},"class_list":["post-243","page","type-page","status-publish","hentry"],"aioseo_notices":[],"_links":{"self":[{"href":"https:\/\/berlinwanderlust.com\/de\/wp-json\/wp\/v2\/pages\/243","targetHints":{"allow":["GET"]}}],"collection":[{"href":"https:\/\/berlinwanderlust.com\/de\/wp-json\/wp\/v2\/pages"}],"about":[{"href":"https:\/\/berlinwanderlust.com\/de\/wp-json\/wp\/v2\/types\/page"}],"author":[{"embeddable":true,"href":"https:\/\/berlinwanderlust.com\/de\/wp-json\/wp\/v2\/users\/1"}],"replies":[{"embeddable":true,"href":"https:\/\/berlinwanderlust.com\/de\/wp-json\/wp\/v2\/comments?post=243"}],"version-history":[{"count":0,"href":"https:\/\/berlinwanderlust.com\/de\/wp-json\/wp\/v2\/pages\/243\/revisions"}],"up":[{"embeddable":true,"href":"https:\/\/berlinwanderlust.com\/de\/wp-json\/wp\/v2\/pages\/95"}],"wp:attachment":[{"href":"https:\/\/berlinwanderlust.com\/de\/wp-json\/wp\/v2\/media?parent=243"}],"curies":[{"name":"wp","href":"https:\/\/api.w.org\/{rel}","templated":true}]}}