{"id":207,"date":"2023-07-03T18:58:01","date_gmt":"2023-07-03T16:58:01","guid":{"rendered":"http:\/\/berlinwanderlust.com\/?page_id=207"},"modified":"2024-09-20T15:35:56","modified_gmt":"2024-09-20T13:35:56","slug":"museen","status":"publish","type":"page","link":"https:\/\/berlinwanderlust.com\/de\/aktivitaeten\/museen\/","title":{"rendered":"Museen"},"content":{"rendered":"<p>[vc_row][vc_column width=&#8220;2\/3&#8243;][vc_column_text]<\/p>\n<p>&nbsp;<\/p>\n<p>&nbsp;<\/p>\n<p>[\/vc_column_text][vc_custom_heading text=&#8220;Berlins Museen: Einzigartig, Vielf\u00e4ltig, Beeindruckend&#8220; font_container=&#8220;tag:h1|font_size:30|text_align:left|color:%23d3065b&#8220;][vc_column_text]Berlin hat eine der beeindruckendsten Museumslandschaften weltweit. Von historischen Sch\u00e4tzen \u00fcber moderne Kunst bis hin zu Wissenschaft und Technik \u2013 die Vielfalt der Museen in der Hauptstadt ist beispiellos. Lass dich von den kulturellen Highlights Berlins begeistern und entdecke die Museen, die dir einen tiefen Einblick in Geschichte, Kunst und Wissenschaft bieten.<\/p>\n<h2>Inhaltsverzeichnis<\/h2>\n<ul>\n<li><a href=\"#einf\u00fchrung\">Einf\u00fchrung<\/a><\/li>\n<li><a href=\"#top-museen\">Top Museen in Berlin<\/a><\/li>\n<li><a href=\"#einzigartige-museumslandschaft\">Was macht die Museumslandschaft in Berlin einzigartig?<\/a><\/li>\n<li><a href=\"#praktische-informationen\">Praktische Informationen<\/a><\/li>\n<li><a href=\"#besucher-tipps\">Besucher- und Insidertipps<\/a><\/li>\n<\/ul>\n<h2 id=\"einf\u00fchrung\">Einf\u00fchrung<\/h2>\n<p>Die Museumslandschaft in Berlin z\u00e4hlt zu den vielf\u00e4ltigsten und faszinierendsten der Welt. Ob Kunstliebhaber, Geschichtsinteressierte oder Technikbegeisterte \u2013 in den Berliner Museen ist f\u00fcr jeden etwas dabei. Die gro\u00dfe Bandbreite an Museen bietet die M\u00f6glichkeit, die Geschichte der Stadt und der Welt zu erkunden.<\/p>\n<h2 id=\"top-museen\">Top Museen in Berlin<\/h2>\n<ul>\n<li><strong>Alte Nationalgalerie:<\/strong> Beeindruckende Gem\u00e4lde und Skulpturen des 19. Jahrhunderts. <a href=\"https:\/\/berlinwanderlust.com\/de\/aktivitaeten\/museen\/alte-nationalgalerie\/#einfuehrung\">Mehr erfahren<\/a>.<\/li>\n<li><strong><a href=\"https:\/\/berlinwanderlust.com\/de\/aktivitaeten\/museen\/pergamon-museum\/\">Pergamonmuseum<\/a>:<\/strong> Weltber\u00fchmte arch\u00e4ologische Funde, wie der Pergamonaltar und das Ischtar-Tor.<\/li>\n<li><strong><a href=\"https:\/\/berlinwanderlust.com\/de\/aktivitaeten\/museen\/juedisches-museum\/\">J\u00fcdisches Museum Berlin<\/a>:<\/strong> Die bewegende Geschichte der j\u00fcdischen Gemeinschaft in Deutschland.<\/li>\n<li><strong><a href=\"https:\/\/berlinwanderlust.com\/de\/aktivitaeten\/museen\/deutsches-technikmuseum\/\">Deutsches Technikmuseum<\/a>:<\/strong> Ein interaktiver Einblick in die Welt der Technik, vom Dampfschiff bis zur Luftfahrt.<\/li>\n<li><strong><a href=\"https:\/\/berlinwanderlust.com\/de\/aktivitaeten\/museen\/ddr-museum-berlin\/\">DDR Museum<\/a>:<\/strong> Eine Zeitreise in das Alltagsleben der DDR.<\/li>\n<\/ul>\n<h2 id=\"einzigartige-museumslandschaft\">Was macht die Museumslandschaft in Berlin einzigartig?<\/h2>\n<p>Berlin vereint historische und moderne Museumsgeb\u00e4ude und pr\u00e4sentiert einige der bedeutendsten Sammlungen der Welt. Besonders hervorzuheben ist die Museumsinsel, die zum UNESCO-Weltkulturerbe geh\u00f6rt. Hier finden sich Museen mit weltber\u00fchmten Exponaten, wie dem Nofretete-B\u00fcste oder dem Pergamonaltar.<\/p>\n<h2 id=\"praktische-informationen\">Praktische Informationen<\/h2>\n<p>Viele der Museen sind zentral gelegen und einfach mit \u00f6ffentlichen Verkehrsmitteln zu erreichen. Oftmals gibt es Kombitickets, die den Eintritt in mehrere Museen erm\u00f6glichen. \u00d6ffnungszeiten variieren, aber die meisten Museen sind mindestens von 10:00 bis 18:00 Uhr ge\u00f6ffnet.<\/p>\n<h2 id=\"besucher-tipps\">Besucher- und Insidertipps<\/h2>\n<ul>\n<li>Besuche die Museen fr\u00fch am Morgen oder sp\u00e4t nachmittags, um lange Warteschlangen zu vermeiden.<\/li>\n<li>Nutze den Berlin WelcomeCard-Pass f\u00fcr Rabatte auf Museumseintritte.<\/li>\n<li>Viele Museen bieten kostenlose Audioguides an, die einen tieferen Einblick in die Ausstellungen geben.<\/li>\n<li>F\u00fcr Familien sind Museen wie das Naturkundemuseum und das Technikmuseum besonders spannend.<\/li>\n<\/ul>\n<p>[\/vc_column_text][vc_zigzag][vc_custom_heading text=&#8220;Top Museen &#8211; Interaktive Karte&#8220;][vc_raw_html]JTNDJTIxLS0lMjBMZWFmbGV0JTIwQ1NTJTIwLS0lM0UlMEElM0NsaW5rJTIwcmVsJTNEJTIyc3R5bGVzaGVldCUyMiUyMGhyZWYlM0QlMjJodHRwcyUzQSUyRiUyRnVucGtnLmNvbSUyRmxlYWZsZXQlNDAxLjcuMSUyRmRpc3QlMkZsZWFmbGV0LmNzcyUyMiUyMCUyRiUzRSUwQSUwQSUzQ3N0eWxlJTNFJTBBJTIwJTIwJTIwJTIwJTJGJTJBJTIwU3RpbCUyMGYlQzMlQkNyJTIwZGllJTIwS2FydGUlMjAlMkElMkYlMEElMjAlMjAlMjAlMjAlMjNtYXAlMjAlN0IlMEElMjAlMjAlMjAlMjAlMjAlMjAlMjAlMjBoZWlnaHQlM0ElMjA0MDBweCUzQiUwQSUyMCUyMCUyMCUyMCUyMCUyMCUyMCUyMHdpZHRoJTNBJTIwMTAwJTI1JTNCJTBBJTIwJTIwJTIwJTIwJTIwJTIwJTIwJTIwbWFyZ2luJTNBJTIwMjBweCUyMDAlM0IlMEElMjAlMjAlMjAlMjAlN0QlMEElM0MlMkZzdHlsZSUzRSUwQSUwQSUzQ2RpdiUyMGlkJTNEJTIybWFwJTIyJTNFJTNDJTJGZGl2JTNFJTBBJTBBJTNDJTIxLS0lMjBMZWFmbGV0JTIwSlMlMjAtLSUzRSUwQSUzQ3NjcmlwdCUyMHNyYyUzRCUyMmh0dHBzJTNBJTJGJTJGdW5wa2cuY29tJTJGbGVhZmxldCU0MDEuNy4xJTJGZGlzdCUyRmxlYWZsZXQuanMlMjIlM0UlM0MlMkZzY3JpcHQlM0UlMEElMEElM0NzY3JpcHQlM0UlMEElMjAlMjAlMjAlMjAlMkYlMkYlMjBLYXJ0ZSUyMGluaXRpYWxpc2llcmVuJTIwdW5kJTIwYXVmJTIwQmVybGluJTIwemVudHJpZXJlbiUwQSUyMCUyMCUyMCUyMHZhciUyMG1hcCUyMCUzRCUyMEwubWFwJTI4JTI3bWFwJTI3JTI5LnNldFZpZXclMjglNUI1Mi41MjAwJTJDJTIwMTMuNDA1MCU1RCUyQyUyMDEyJTI5JTNCJTBBJTBBJTIwJTIwJTIwJTIwJTJGJTJGJTIwT3BlblN0cmVldE1hcC1LYWNoZWwlMjBoaW56dWYlQzMlQkNnZW4lMEElMjAlMjAlMjAlMjBMLnRpbGVMYXllciUyOCUyN2h0dHBzJTNBJTJGJTJGJTdCcyU3RC50aWxlLm9wZW5zdHJlZXRtYXAub3JnJTJGJTdCeiU3RCUyRiU3QnglN0QlMkYlN0J5JTdELnBuZyUyNyUyQyUyMCU3QiUwQSUyMCUyMCUyMCUyMCUyMCUyMCUyMCUyMGF0dHJpYnV0aW9uJTNBJTIwJTI3JTI2Y29weSUzQiUyMCUzQ2ElMjBocmVmJTNEJTIyaHR0cHMlM0ElMkYlMkZ3d3cub3BlbnN0cmVldG1hcC5vcmclMkZjb3B5cmlnaHQlMjIlM0VPcGVuU3RyZWV0TWFwJTNDJTJGYSUzRSUyMGNvbnRyaWJ1dG9ycyUyNyUwQSUyMCUyMCUyMCUyMCU3RCUyOS5hZGRUbyUyOG1hcCUyOSUzQiUwQSUwQSUyMCUyMCUyMCUyMCUyRiUyRiUyME1hcmtlciUyMGYlQzMlQkNyJTIwTXVzZWVuJTIwaGluenVmJUMzJUJDZ2VuJTBBJTIwJTIwJTIwJTIwdmFyJTIwbXVzZXVtcyUyMCUzRCUyMCU1QiUwQSUyMCUyMCUyMCUyMCUyMCUyMCUyMCUyMCU3Qm5hbWUlM0ElMjAlMjJBbHRlJTIwTmF0aW9uYWxnYWxlcmllJTIyJTJDJTIwY29vcmRzJTNBJTIwJTVCNTIuNTIxNSUyQyUyMDEzLjM5ODYlNUQlN0QlMkMlMEElMjAlMjAlMjAlMjAlMjAlMjAlMjAlMjAlN0JuYW1lJTNBJTIwJTIyUGVyZ2Ftb25tdXNldW0lMjIlMkMlMjBjb29yZHMlM0ElMjAlNUI1Mi41MjEyJTJDJTIwMTMuMzk2OSU1RCU3RCUyQyUwQSUyMCUyMCUyMCUyMCUyMCUyMCUyMCUyMCU3Qm5hbWUlM0ElMjAlMjJKJUMzJUJDZGlzY2hlcyUyME11c2V1bSUyMEJlcmxpbiUyMiUyQyUyMGNvb3JkcyUzQSUyMCU1QjUyLjUwMjQlMkMlMjAxMy4zOTU2JTVEJTdEJTJDJTBBJTIwJTIwJTIwJTIwJTIwJTIwJTIwJTIwJTdCbmFtZSUzQSUyMCUyMkRldXRzY2hlcyUyMFRlY2huaWttdXNldW0lMjIlMkMlMjBjb29yZHMlM0ElMjAlNUI1Mi40OTk0JTJDJTIwMTMuMzc3NyU1RCU3RCUyQyUwQSUyMCUyMCUyMCUyMCUyMCUyMCUyMCUyMCU3Qm5hbWUlM0ElMjAlMjJERFIlMjBNdXNldW0lMjIlMkMlMjBjb29yZHMlM0ElMjAlNUI1Mi41MTk0JTJDJTIwMTMuNDAyOCU1RCU3RCUwQSUyMCUyMCUyMCUyMCU1RCUzQiUwQSUwQSUyMCUyMCUyMCUyMCUyRiUyRiUyME1hcmtlciUyMGF1ZiUyMGRlciUyMEthcnRlJTIwcGxhdHppZXJlbiUwQSUyMCUyMCUyMCUyMG11c2V1bXMuZm9yRWFjaCUyOGZ1bmN0aW9uJTI4bXVzZXVtJTI5JTIwJTdCJTBBJTIwJTIwJTIwJTIwJTIwJTIwJTIwJTIwTC5tYXJrZXIlMjhtdXNldW0uY29vcmRzJTI5LmFkZFRvJTI4bWFwJTI5JTBBJTIwJTIwJTIwJTIwJTIwJTIwJTIwJTIwJTIwJTIwLmJpbmRQb3B1cCUyOG11c2V1bS5uYW1lJTI5JTNCJTBBJTIwJTIwJTIwJTIwJTdEJTI5JTNCJTBBJTNDJTJGc2NyaXB0JTNFJTBB[\/vc_raw_html][\/vc_column][vc_column width=&#8220;1\/3&#8243;][vc_column_text]<\/p>\n<p>[\/vc_column_text][vc_column_text]<\/p>\n<p>&#8211;[\/vc_column_text][vc_column_text]<\/p>\n<p>&#8211;[\/vc_column_text][vc_custom_heading text=&#8220;Topographie des Terrors&#8220; font_container=&#8220;tag:h1|font_size:20|text_align:center&#8220; link=&#8220;url:https%3A%2F%2Fberlinwanderlust.com%2Fde%2Faktivitaeten%2Fmuseen%2Ftopograpie-des-terrors%2F&#8220;][vc_single_image image=&#8220;557&#8243; img_size=&#8220;150&#215;150&#8243; alignment=&#8220;center&#8220; style=&#8220;vc_box_shadow_3d&#8220; onclick=&#8220;custom_link&#8220; link=&#8220;https:\/\/berlinwanderlust.com\/de\/aktivitaeten\/museen\/topograpie-des-terrors\/&#8220;][vc_custom_heading text=&#8220;Neues Museum&#8220; font_container=&#8220;tag:h1|font_size:20|text_align:center&#8220; link=&#8220;url:https%3A%2F%2Fberlinwanderlust.com%2Fde%2Faktivitaeten%2Fmuseen%2Fneues-museum%2F&#8220;][vc_single_image image=&#8220;566&#8243; img_size=&#8220;150&#215;150&#8243; alignment=&#8220;center&#8220; style=&#8220;vc_box_shadow_3d&#8220; onclick=&#8220;custom_link&#8220; link=&#8220;https:\/\/berlinwanderlust.com\/de\/aktivitaeten\/museen\/neues-museum\/&#8220;][vc_custom_heading text=&#8220;Altes Museum&#8220; font_container=&#8220;tag:h1|font_size:20|text_align:center&#8220; link=&#8220;url:https%3A%2F%2Fberlinwanderlust.com%2Fde%2Faktivitaeten%2Fmuseen%2Faltes-museum%2F&#8220;][vc_single_image image=&#8220;569&#8243; img_size=&#8220;150&#215;150&#8243; alignment=&#8220;center&#8220; style=&#8220;vc_box_shadow_3d&#8220; onclick=&#8220;custom_link&#8220; link=&#8220;https:\/\/berlinwanderlust.com\/de\/aktivitaeten\/museen\/altes-museum\/&#8220;][vc_custom_heading text=&#8220;Deutsches Technikmuseum&#8220; font_container=&#8220;tag:h1|font_size:20|text_align:center&#8220; link=&#8220;url:https%3A%2F%2Fberlinwanderlust.com%2Fde%2Faktivitaeten%2Fmuseen%2Fdeutsches-technikmuseum%2F&#8220;][vc_single_image image=&#8220;665&#8243; img_size=&#8220;150&#215;150&#8243; alignment=&#8220;center&#8220; style=&#8220;vc_box_shadow_3d&#8220; onclick=&#8220;custom_link&#8220; link=&#8220;https:\/\/berlinwanderlust.com\/de\/aktivitaeten\/museen\/deutsches-technikmuseum\/&#8220;][vc_custom_heading text=&#8220;Illuseum&#8220; font_container=&#8220;tag:h1|font_size:20|text_align:center&#8220; link=&#8220;url:https%3A%2F%2Fberlinwanderlust.com%2Fde%2Faktivitaeten%2Fmuseems%2Filluseum%2F&#8220;][vc_single_image image=&#8220;513&#8243; img_size=&#8220;150&#215;150&#8243; alignment=&#8220;center&#8220; style=&#8220;vc_box_shadow_3d&#8220; onclick=&#8220;custom_link&#8220; link=&#8220;https:\/\/berlinwanderlust.comde\/\/aktivitaeten\/museen\/illuseum\/&#8220;][vc_custom_heading text=&#8220;Pergamon Museum&#8220; font_container=&#8220;tag:h1|font_size:20|text_align:center&#8220; link=&#8220;url:https%3A%2F%2Fberlinwanderlust.com%2Fde%2Faktivitaeten%2Fmuseen%2Fpergamon-museum%2F&#8220;][vc_single_image image=&#8220;521&#8243; img_size=&#8220;150&#215;150&#8243; alignment=&#8220;center&#8220; style=&#8220;vc_box_shadow_3d&#8220; onclick=&#8220;custom_link&#8220; link=&#8220;https:\/\/berlinwanderlust.com\/de\/aktivitaeten\/museen\/pergamon-museum\/&#8220;][vc_custom_heading text=&#8220;J\u00fcdisches Museum&#8220; font_container=&#8220;tag:h1|font_size:20|text_align:center&#8220; link=&#8220;url:https%3A%2F%2Fberlinwanderlust.com%2Fde%2Faktivitaeten%2Fmuseen%2Fjuedisches-museum%2F&#8220;][vc_single_image image=&#8220;527&#8243; img_size=&#8220;150&#215;150&#8243; alignment=&#8220;center&#8220; style=&#8220;vc_box_shadow_3d&#8220; onclick=&#8220;custom_link&#8220; link=&#8220;https:\/\/berlinwanderlust.com\/de\/aktivitaeten\/museen\/juedisches-museum\/&#8220;][vc_custom_heading text=&#8220;DDR Museum&#8220; font_container=&#8220;tag:h1|font_size:20|text_align:center&#8220; link=&#8220;url:https%3A%2F%2Fberlinwanderlust.com%2Fde%2Faktivitaeten%2Fmuseen%2Fddr-museum-berlin%2F&#8220;][vc_single_image image=&#8220;532&#8243; img_size=&#8220;150&#215;150&#8243; alignment=&#8220;center&#8220; style=&#8220;vc_box_shadow_3d&#8220; onclick=&#8220;custom_link&#8220; link=&#8220;https:\/\/berlinwanderlust.com\/de\/aktivitaeten\/museen\/ddr-museum-berlin\/&#8220;][vc_custom_heading text=&#8220;Medizinhistorisches Museum&#8220; font_container=&#8220;tag:h1|font_size:20|text_align:center&#8220; link=&#8220;url:https%3A%2F%2Fberlinwanderlust.com%2Fde%2Faktivitaeten%2Fmuseen%2Fmedizinhistorisches-museum-berlin%2F&#8220;][vc_single_image image=&#8220;1029&#8243; img_size=&#8220;150&#215;150&#8243; alignment=&#8220;center&#8220; style=&#8220;vc_box_shadow_3d&#8220; onclick=&#8220;custom_link&#8220; link=&#8220;https:\/\/berlinwanderlust.com\/de\/aktivitaeten\/museen\/medizinhistorisches-museum-berlin\/&#8220;][\/vc_column][\/vc_row][vc_row][vc_column][vc_column_text]<\/p>\n<div data-gyg-href=\"https:\/\/widget.getyourguide.com\/default\/activities.frame\" data-gyg-locale-code=\"de-DE\" data-gyg-widget=\"activities\" data-gyg-number-of-items=\"4\" data-gyg-partner-id=\"OKFS1TT\" data-gyg-tour-ids=\"388352,16079,387352,53822\"><\/div>\n<p>[\/vc_column_text][\/vc_column][\/vc_row][vc_row][vc_column css=&#8220;.vc_custom_1726837857965{background-color: rgba(238,238,34,0.24) !important;*background-color: rgb(238,238,34) !important;border-radius: 30px !important;}&#8220;][vc_column_text]<\/p>\n<h2 id=\"faqs\">H\u00e4ufig gestellte Fragen (FAQs)<\/h2>\n<div class=\"faq-section\">\n<h3>1. Welche Museen sollte ich in Berlin unbedingt besuchen?<\/h3>\n<p>Die Top-Museen in Berlin, die du nicht verpassen solltest, sind die <a href=\"https:\/\/gyg.me\/MnMN1MJx\"><strong>Alte Nationalgalerie<\/strong><\/a>, das Pergamonmuseum, das J\u00fcdische Museum, das Deutsche Technikmuseum und das <a href=\"https:\/\/gyg.me\/GHjobKRT\"><strong>DDR Museum<\/strong><\/a>. Jedes bietet einzigartige Einblicke in Kunst, Geschichte und Wissenschaft.<\/p>\n<h3>2. Wie lange sollte ich f\u00fcr den Besuch der Museen einplanen?<\/h3>\n<p>Die meisten gro\u00dfen Museen wie das<strong><a href=\"https:\/\/gyg.me\/DuiDm5d5\"> Pergamonmuseum<\/a><\/strong> und das <strong><a href=\"https:\/\/gyg.me\/Srkzjjjn\">J\u00fcdische Museum<\/a> <\/strong>ben\u00f6tigen etwa 2-3 Stunden, um die Ausstellungen vollst\u00e4ndig zu erkunden. Kleinere Museen oder spezialisierte Museen k\u00f6nnen in 1-2 Stunden besichtigt werden.<\/p>\n<h3>3. Gibt es Rabatte oder Kombitickets f\u00fcr mehrere Museen?<\/h3>\n<p>Ja, es gibt verschiedene Kombitickets, die den Eintritt in mehrere Museen erm\u00f6glichen, besonders auf der Museumsinsel. Zudem bietet die<a href=\"https:\/\/berlinwanderlust.com\/de\/berlin-welcome-card\/\"> Berlin WelcomeCard<\/a> Erm\u00e4\u00dfigungen f\u00fcr viele Museen.<\/p>\n<h3>4. Wann ist die beste Zeit, um die Museen in Berlin zu besuchen?<\/h3>\n<p>Die beste Zeit, um die Museen zu besuchen, ist fr\u00fch am Morgen oder sp\u00e4t nachmittags, um lange Warteschlangen zu vermeiden. Unter der Woche sind die Museen in der Regel weniger \u00fcberf\u00fcllt als am Wochenende.<\/p>\n<h3>5. Sind die Museen familienfreundlich?<\/h3>\n<p>Ja, viele Museen in Berlin bieten spezielle Programme und F\u00fchrungen f\u00fcr Kinder an. Das <a href=\"https:\/\/berlinwanderlust.com\/de\/aktivitaeten\/museen\/deutsches-technikmuseum\/\">Deutsche Technikmuseum<\/a> und das Naturkundemuseum sind besonders f\u00fcr Familien geeignet.<\/p>\n<h3>6. Gibt es kostenlose Museumstage in Berlin?<\/h3>\n<p>Ja, viele Museen bieten einmal im Monat oder zu bestimmten Anl\u00e4ssen freien Eintritt. \u00dcberpr\u00fcfe die Webseiten der einzelnen Museen oder nutze die <strong><a href=\"https:\/\/gyg.me\/GFPs36SI\">Berlin WelcomeCard f\u00fcr Rabatte<\/a><\/strong>.<\/p>\n<\/div>\n<p>[\/vc_column_text][\/vc_column][\/vc_row]<\/p>\n","protected":false},"excerpt":{"rendered":"<p>[vc_row][vc_column width=&#8220;2\/3&#8243;][vc_column_text] &nbsp; &nbsp; [\/vc_column_text][vc_custom_heading text=&#8220;Berlins Museen: Einzigartig, Vielf\u00e4ltig, Beeindruckend&#8220; font_container=&#8220;tag:h1|font_size:30|text_align:left|color:%23d3065b&#8220;][vc_column_text]Berlin hat eine der beeindruckendsten Museumslandschaften weltweit. Von historischen Sch\u00e4tzen \u00fcber moderne Kunst bis hin zu Wissenschaft und Technik \u2013 die Vielfalt der Museen in der Hauptstadt ist beispiellos. Lass dich von den kulturellen Highlights Berlins begeistern und entdecke die Museen, die dir einen tiefen [&hellip;]<\/p>\n","protected":false},"author":1,"featured_media":0,"parent":95,"menu_order":0,"comment_status":"closed","ping_status":"closed","template":"","meta":{"site-sidebar-layout":"no-sidebar","site-content-layout":"plain-container","ast-site-content-layout":"normal-width-container","site-content-style":"unboxed","site-sidebar-style":"unboxed","ast-global-header-display":"","ast-banner-title-visibility":"","ast-main-header-display":"","ast-hfb-above-header-display":"","ast-hfb-below-header-display":"","ast-hfb-mobile-header-display":"","site-post-title":"disabled","ast-breadcrumbs-content":"","ast-featured-img":"disabled","footer-sml-layout":"","theme-transparent-header-meta":"default","adv-header-id-meta":"","stick-header-meta":"","header-above-stick-meta":"","header-main-stick-meta":"","header-below-stick-meta":"","astra-migrate-meta-layouts":"set","ast-page-background-enabled":"default","ast-page-background-meta":{"desktop":{"background-color":"var(--ast-global-color-4)","background-image":"","background-repeat":"repeat","background-position":"center center","background-size":"auto","background-attachment":"scroll","background-type":"","background-media":"","overlay-type":"","overlay-color":"","overlay-opacity":"","overlay-gradient":""},"tablet":{"background-color":"","background-image":"","background-repeat":"repeat","background-position":"center center","background-size":"auto","background-attachment":"scroll","background-type":"","background-media":"","overlay-type":"","overlay-color":"","overlay-opacity":"","overlay-gradient":""},"mobile":{"background-color":"","background-image":"","background-repeat":"repeat","background-position":"center center","background-size":"auto","background-attachment":"scroll","background-type":"","background-media":"","overlay-type":"","overlay-color":"","overlay-opacity":"","overlay-gradient":""}},"ast-content-background-meta":{"desktop":{"background-color":"var(--ast-global-color-5)","background-image":"","background-repeat":"repeat","background-position":"center center","background-size":"auto","background-attachment":"scroll","background-type":"","background-media":"","overlay-type":"","overlay-color":"","overlay-opacity":"","overlay-gradient":""},"tablet":{"background-color":"var(--ast-global-color-5)","background-image":"","background-repeat":"repeat","background-position":"center center","background-size":"auto","background-attachment":"scroll","background-type":"","background-media":"","overlay-type":"","overlay-color":"","overlay-opacity":"","overlay-gradient":""},"mobile":{"background-color":"var(--ast-global-color-5)","background-image":"","background-repeat":"repeat","background-position":"center center","background-size":"auto","background-attachment":"scroll","background-type":"","background-media":"","overlay-type":"","overlay-color":"","overlay-opacity":"","overlay-gradient":""}},"footnotes":""},"class_list":["post-207","page","type-page","status-publish","hentry"],"aioseo_notices":[],"_links":{"self":[{"href":"https:\/\/berlinwanderlust.com\/de\/wp-json\/wp\/v2\/pages\/207","targetHints":{"allow":["GET"]}}],"collection":[{"href":"https:\/\/berlinwanderlust.com\/de\/wp-json\/wp\/v2\/pages"}],"about":[{"href":"https:\/\/berlinwanderlust.com\/de\/wp-json\/wp\/v2\/types\/page"}],"author":[{"embeddable":true,"href":"https:\/\/berlinwanderlust.com\/de\/wp-json\/wp\/v2\/users\/1"}],"replies":[{"embeddable":true,"href":"https:\/\/berlinwanderlust.com\/de\/wp-json\/wp\/v2\/comments?post=207"}],"version-history":[{"count":0,"href":"https:\/\/berlinwanderlust.com\/de\/wp-json\/wp\/v2\/pages\/207\/revisions"}],"up":[{"embeddable":true,"href":"https:\/\/berlinwanderlust.com\/de\/wp-json\/wp\/v2\/pages\/95"}],"wp:attachment":[{"href":"https:\/\/berlinwanderlust.com\/de\/wp-json\/wp\/v2\/media?parent=207"}],"curies":[{"name":"wp","href":"https:\/\/api.w.org\/{rel}","templated":true}]}}