{"id":153,"date":"2023-07-03T16:42:33","date_gmt":"2023-07-03T14:42:33","guid":{"rendered":"http:\/\/berlinwanderlust.com\/?page_id=153"},"modified":"2023-09-11T23:07:46","modified_gmt":"2023-09-11T21:07:46","slug":"bus","status":"publish","type":"page","link":"https:\/\/berlinwanderlust.com\/de\/verkehrsmittel\/bus\/","title":{"rendered":"Bus"},"content":{"rendered":"<p>[vc_row][vc_column width=&#8220;2\/3&#8243;][vc_column_text]<\/p>\n<p>&nbsp;<\/p>\n<p>&nbsp;<\/p>\n<p>[\/vc_column_text][vc_custom_heading text=&#8220;BVG-Busse unter die Lupe genommen: Berlins dynamisches Stadtbild auf R\u00e4dern entdecken&#8220; font_container=&#8220;tag:h1|font_size:30|text_align:left|color:%23d3065b&#8220;][vc_column_text]Lass mich Dich in das Verbindungsnetz der Berliner BVG-Busse einf\u00fchren, in der die Fortbewegung in der Stadt ein Abenteuer f\u00fcr sich ist! Egal, ob Du ein neugieriger Reisender oder ein lokaler Entdecker bist, das BVG-Busnetz bietet eine Reihe von M\u00f6glichkeiten, um deinen Bed\u00fcrfnissen gerecht zu werden.<\/p>\n<p><strong>X-Bus:<\/strong> Der X-Bus, auch Expressbus genannt, ist die perfekte Wahl f\u00fcr alle, die schnell an ihr Ziel kommen wollen. Diese Busse verkehren auf ausgew\u00e4hlten Strecken und halten seltener, was eine schnellere Fahrt erm\u00f6glicht. An ihrem markanten &#8222;X&#8220; sind sie leicht zu erkennen.<\/p>\n<p><strong>Nachtbus (Nachtbus):<\/strong> Wenn die Sonne untergeht und das Berliner Nachtleben zum Leben erwacht, ist der Nachtbus Ihr zuverl\u00e4ssiger Begleiter. Diese Nachtbusse verkehren bis in die sp\u00e4ten Abendstunden und bieten ein bequemes Transportmittel f\u00fcr Nachtschw\u00e4rmer und Partyg\u00e4nger. Egal, ob Du das Berliner Nachtleben erkunden oder Dich nach einem sp\u00e4ten Abenteuer auf den Heimweg machen willst, der Nachtbus ist f\u00fcr jeden da.<\/p>\n<p><strong>Normaler Bus (Linienbus):<\/strong> Der Linienbus, das R\u00fcckgrat des \u00f6ffentlichen Nahverkehrs in Berlin, ist ein vertrauter Anblick auf den Stra\u00dfen. Mit ihren h\u00e4ufigen Fahrten und umfangreichen Routen verbinden diese Busse verschiedene Stadtteile, Sehensw\u00fcrdigkeiten und Verkehrsknotenpunkte.<\/p>\n<p><strong>Langer Bus (Gelenkbus):<\/strong> F\u00fcr diejenigen, die mehr Platz und Komfort suchen, ist der lange Bus oder Gelenkbus eine gute Option. Diese Busse verf\u00fcgen \u00fcber einen ziehharmonika\u00e4hnlichen Mittelteil, wodurch ein l\u00e4ngeres Fahrzeug entsteht. Mit mehr Sitz- und Stehpl\u00e4tzen k\u00f6nnen sie eine gr\u00f6\u00dfere Anzahl von Fahrg\u00e4sten aufnehmen und sind daher ideal f\u00fcr Hauptverkehrszeiten oder stark frequentierte Strecken.<\/p>\n<p><strong>Doppeldeckerbus (Double-Decker Bus):<\/strong>\u00a0 Diese typischen Busse bieten einen Panoramablick vom Oberdeck aus und erm\u00f6glichen es, die Sehensw\u00fcrdigkeiten der Stadt w\u00e4hrend der Fahrt in sich aufzunehmen. Diese Busse sind nicht nur ein Transportmittel, sondern auch eine Gelegenheit, die Fahrt zu genie\u00dfen und die Berliner Sehensw\u00fcrdigkeiten aus einer anderen Perspektive zu betrachten.<\/p>\n<p>Ganz gleich, f\u00fcr welchen BVG-Bus Du Dich entscheidest, Du kannst Dich darauf verlassen, dass die \u00f6ffentlichen Verkehrsmittel in Berlin bequem und zuverl\u00e4ssig funktionieren. Hol dir ein BVG-Ticket, folge dem Fahrplan und durchquere mit Leichtigkeit \u00a0die Stadt.[\/vc_column_text][vc_column_text]Hier kannst Du das <a href=\"https:\/\/berlinwanderlust.com\/de\/verkehrsmittel\/ubahnplan\">BVG-Netz herunterladen<\/a><\/p>\n<p>Hier bekommst Du das <a href=\"https:\/\/www.getyourguide.de\/berlin-l17\/entdecke-berlin-mit-den-offentlichen-verkehrsmitteln-der-bvg-t507828\/?partner_id=OKFS1TT&amp;utm_medium=online_publisher\" target=\"_blank\" rel=\"noopener\"><strong>BVG-Ticket<\/strong><\/a><\/p>\n<p>[\/vc_column_text][\/vc_column][vc_column width=&#8220;1\/3&#8243;][vc_column_text]<\/p>\n<p>&nbsp;<\/p>\n<p>[\/vc_column_text][vc_column_text]<\/p>\n<div data-gyg-href=\"https:\/\/widget.getyourguide.com\/default\/activities.frame\" data-gyg-locale-code=\"de-DE\" data-gyg-widget=\"activities\" data-gyg-number-of-items=\"3\" data-gyg-partner-id=\"OKFS1TT\" data-gyg-tour-ids=\"6045,419173,88868\"><\/div>\n<p>[\/vc_column_text][\/vc_column][\/vc_row]<\/p>\n","protected":false},"excerpt":{"rendered":"<p>[vc_row][vc_column width=&#8220;2\/3&#8243;][vc_column_text] &nbsp; &nbsp; [\/vc_column_text][vc_custom_heading text=&#8220;BVG-Busse unter die Lupe genommen: Berlins dynamisches Stadtbild auf R\u00e4dern entdecken&#8220; font_container=&#8220;tag:h1|font_size:30|text_align:left|color:%23d3065b&#8220;][vc_column_text]Lass mich Dich in das Verbindungsnetz der Berliner BVG-Busse einf\u00fchren, in der die Fortbewegung in der Stadt ein Abenteuer f\u00fcr sich ist! Egal, ob Du ein neugieriger Reisender oder ein lokaler Entdecker bist, das BVG-Busnetz bietet eine Reihe von [&hellip;]<\/p>\n","protected":false},"author":1,"featured_media":0,"parent":150,"menu_order":0,"comment_status":"closed","ping_status":"closed","template":"","meta":{"_sitemap_exclude":false,"_sitemap_priority":"","_sitemap_frequency":"","site-sidebar-layout":"no-sidebar","site-content-layout":"plain-container","ast-site-content-layout":"default","site-content-style":"default","site-sidebar-style":"default","ast-global-header-display":"","ast-banner-title-visibility":"","ast-main-header-display":"","ast-hfb-above-header-display":"","ast-hfb-below-header-display":"","ast-hfb-mobile-header-display":"","site-post-title":"disabled","ast-breadcrumbs-content":"","ast-featured-img":"disabled","footer-sml-layout":"","ast-disable-related-posts":"","theme-transparent-header-meta":"default","adv-header-id-meta":"","stick-header-meta":"","header-above-stick-meta":"","header-main-stick-meta":"","header-below-stick-meta":"","astra-migrate-meta-layouts":"default","ast-page-background-enabled":"default","ast-page-background-meta":{"desktop":{"background-color":"var(--ast-global-color-4)","background-image":"","background-repeat":"repeat","background-position":"center center","background-size":"auto","background-attachment":"scroll","background-type":"","background-media":"","overlay-type":"","overlay-color":"","overlay-opacity":"","overlay-gradient":""},"tablet":{"background-color":"","background-image":"","background-repeat":"repeat","background-position":"center center","background-size":"auto","background-attachment":"scroll","background-type":"","background-media":"","overlay-type":"","overlay-color":"","overlay-opacity":"","overlay-gradient":""},"mobile":{"background-color":"","background-image":"","background-repeat":"repeat","background-position":"center center","background-size":"auto","background-attachment":"scroll","background-type":"","background-media":"","overlay-type":"","overlay-color":"","overlay-opacity":"","overlay-gradient":""}},"ast-content-background-meta":{"desktop":{"background-color":"var(--ast-global-color-5)","background-image":"","background-repeat":"repeat","background-position":"center center","background-size":"auto","background-attachment":"scroll","background-type":"","background-media":"","overlay-type":"","overlay-color":"","overlay-opacity":"","overlay-gradient":""},"tablet":{"background-color":"var(--ast-global-color-5)","background-image":"","background-repeat":"repeat","background-position":"center center","background-size":"auto","background-attachment":"scroll","background-type":"","background-media":"","overlay-type":"","overlay-color":"","overlay-opacity":"","overlay-gradient":""},"mobile":{"background-color":"var(--ast-global-color-5)","background-image":"","background-repeat":"repeat","background-position":"center center","background-size":"auto","background-attachment":"scroll","background-type":"","background-media":"","overlay-type":"","overlay-color":"","overlay-opacity":"","overlay-gradient":""}},"footnotes":""},"class_list":["post-153","page","type-page","status-publish","hentry"],"_links":{"self":[{"href":"https:\/\/berlinwanderlust.com\/de\/wp-json\/wp\/v2\/pages\/153","targetHints":{"allow":["GET"]}}],"collection":[{"href":"https:\/\/berlinwanderlust.com\/de\/wp-json\/wp\/v2\/pages"}],"about":[{"href":"https:\/\/berlinwanderlust.com\/de\/wp-json\/wp\/v2\/types\/page"}],"author":[{"embeddable":true,"href":"https:\/\/berlinwanderlust.com\/de\/wp-json\/wp\/v2\/users\/1"}],"replies":[{"embeddable":true,"href":"https:\/\/berlinwanderlust.com\/de\/wp-json\/wp\/v2\/comments?post=153"}],"version-history":[{"count":0,"href":"https:\/\/berlinwanderlust.com\/de\/wp-json\/wp\/v2\/pages\/153\/revisions"}],"up":[{"embeddable":true,"href":"https:\/\/berlinwanderlust.com\/de\/wp-json\/wp\/v2\/pages\/150"}],"wp:attachment":[{"href":"https:\/\/berlinwanderlust.com\/de\/wp-json\/wp\/v2\/media?parent=153"}],"curies":[{"name":"wp","href":"https:\/\/api.w.org\/{rel}","templated":true}]}}