{"id":150,"date":"2023-07-03T15:42:07","date_gmt":"2023-07-03T13:42:07","guid":{"rendered":"http:\/\/berlinwanderlust.com\/?page_id=150"},"modified":"2023-09-11T22:59:10","modified_gmt":"2023-09-11T20:59:10","slug":"verkehrsmittel","status":"publish","type":"page","link":"https:\/\/berlinwanderlust.com\/de\/verkehrsmittel\/","title":{"rendered":"Verkehrsmittel"},"content":{"rendered":"<p>[vc_row][vc_column width=&#8220;2\/3&#8243;][vc_column_text]<\/p>\n<p>&nbsp;<\/p>\n<p>&nbsp;<\/p>\n<p>[\/vc_column_text][vc_custom_heading text=&#8220;Anreise nach Berlin: Ihr umfassender Leitfaden, um das Herz der Stadt zu erreichen&#8220; font_container=&#8220;tag:h1|font_size:30|text_align:left|color:%23d3065b&#8220;][vc_column_text]Achtung, Berlinreisender! Wenn Du Dich auf eine unvergessliche Reise nach Berlin begeben m\u00f6chtest, wird es Dich freuen zu h\u00f6ren, dass diese Stadt eine F\u00fclle von Transportm\u00f6glichkeiten bietet, die den Bed\u00fcrfnissen aller Reisenden gerecht werden. Egal, ob Du von nah oder fern kommst, ich zeige Dir die verschiedenen M\u00f6glichkeiten, wie Du das Herz Berlins erreichen kannst.<\/p>\n<p><strong>Mit dem Flugzeug:<\/strong> F\u00fcr internationale Reisende ist der Flug nach Berlin eine bequeme und effiziente Option. Die Stadt wird von zwei gro\u00dfen Flugh\u00e4fen angeflogen: Flughafen Berlin-Tegel (TXL) und Flughafen Berlin-Sch\u00f6nefeld (SXF). Beide Flugh\u00e4fen bieten ein breites Spektrum an Fl\u00fcgen von verschiedenen Zielen weltweit an. Nach der Landung kannst Du das Stadtzentrum leicht mit \u00f6ffentlichen Verkehrsmitteln oder Taxis erreichen.<\/p>\n<p><strong>Mit dem Zug:<\/strong> Wenn Du eine landschaftlich reizvolle Reise bevorzugst oder aus Europa anreist, ist die Anfahrt mit dem Zug nach Berlin eine ausgezeichnete Wahl. Die Stadt verf\u00fcgt \u00fcber gut angebundene Bahnh\u00f6fe, und die Deutsche Bahn bietet sowohl nationale als auch internationale Verbindungen an.<\/p>\n<p><strong>Mit dem Bus:<\/strong> F\u00fcr preisbewusste Reisende kann die Fahrt mit dem Bus nach Berlin eine preisg\u00fcnstige Option sein. Zahlreiche Busunternehmen bedienen sowohl nationale als auch internationale Strecken und bieten erschwingliche Fahrpreise und komfortable Fahrten. Der Zentrale Omnibusbahnhof (ZOB) in Berlin ist der wichtigste Busterminal und liegt g\u00fcnstig in der N\u00e4he des Stadtzentrums.<\/p>\n<p><strong>Mit dem Auto oder einer Mitfahrgelegenheit:<\/strong> Wenn Du die Freiheit der Stra\u00dfe genie\u00dfet, ist die Autofahrt nach Berlin eine gute Wahl. Die Stadt ist \u00fcber die Autobahnen gut angebunden, und es gibt zahlreiche Autovermietungen. Alternativ bieten Mitfahrzentralen wie BlaBlaCar eine kosteng\u00fcnstige und gesellige M\u00f6glichkeit, nach Berlin zu reisen, zumal man sich eine Mitfahrgelegenheit mit anderen Reisenden teilen kann.<\/p>\n<p><strong>Mit dem Fahrrad:<\/strong> F\u00fcr abenteuerlustige und umweltbewusste Reisende ist es eine \u00dcberlegung wert, mit dem Fahrrad nach Berlin zu fahren. Die Stadt verf\u00fcgt \u00fcber ein ausgedehntes Netz von Radwegen und ist damit ein Paradies f\u00fcr Radfahrer. Du kannst Dein eigenes Fahrrad mitbringen oder eines der zahlreichen Fahrradverleihe in der Stadt mieten.<\/p>\n<p>Ganz gleich, f\u00fcr welches Verkehrsmittel Du Dich entscheidest, Du kannst sicher sein, dass Berlins hervorragende Infrastruktur Besuchern aus aller Welt bequeme und zuverl\u00e4ssige Reisem\u00f6glichkeiten bietet. Also packe Deine Koffer, lass Dich vom Abenteuergeist anstecken und mach Dich bereit, die Wunder Berlins hautnah zu erleben. Ich w\u00fcnsche Dir auf jeden Fall eine gute Reise![\/vc_column_text][vc_zigzag][vc_column_text]Hier kannst Du etwas \u00fcber die <a href=\"https:\/\/berlinwanderlust.com\/de\/akitvititaeten\/\">Aktivit\u00e4ten<\/a> in Berlin erfahren[\/vc_column_text][vc_column_text]Hier bekommst Du ein<a href=\"https:\/\/www.getyourguide.de\/berlin-l17\/privat-shuttle-flughafen-ber-zu-deinem-hotel-max3-personen-t505808\/?partner_id=OKFS1TT&amp;utm_medium=online_publisher\"><strong> Privat-Shuttle vom Berliner Flughafen bis zur Wohnung<\/strong><\/a>[\/vc_column_text][\/vc_column][vc_column width=&#8220;1\/3&#8243;][vc_column_text]<\/p>\n<p>&nbsp;<\/p>\n<p>[\/vc_column_text][vc_column_text]<\/p>\n<div data-gyg-href=\"https:\/\/widget.getyourguide.com\/default\/activities.frame\" data-gyg-locale-code=\"de-DE\" data-gyg-widget=\"activities\" data-gyg-number-of-items=\"3\" data-gyg-partner-id=\"OKFS1TT\" data-gyg-tour-ids=\"6045,419173,88868\"><\/div>\n<p>[\/vc_column_text][\/vc_column][\/vc_row][vc_row][vc_column width=&#8220;1\/3&#8243; css=&#8220;.vc_custom_1688397694068{border-radius: 5px !important;}&#8220;][vc_custom_heading text=&#8220;U-BAHN&#8220; font_container=&#8220;tag:h4|text_align:center&#8220; link=&#8220;url:https%3A%2F%2Fberlinwanderlust.com%2Fde%2Fverkehrsmittel%2Fu-bahn%2F&#8220;][vc_single_image image=&#8220;172&#8243; img_size=&#8220;300&#215;300&#8243; alignment=&#8220;center&#8220; style=&#8220;vc_box_shadow_3d&#8220; onclick=&#8220;custom_link&#8220; link=&#8220;https:\/\/berlinwanderlust.com\/de\/verkehrsmittel\/u-bahn\/&#8220;][\/vc_column][vc_column width=&#8220;1\/3&#8243;][vc_custom_heading text=&#8220;U-Bahnplan&#8220; font_container=&#8220;tag:h4|text_align:center&#8220; link=&#8220;url:https%3A%2F%2Fberlinwanderlust.com%2Fde%2Fverkehrsmittel%2Fubahnplan&#8220;][vc_single_image image=&#8220;485&#8243; img_size=&#8220;300&#215;300&#8243; alignment=&#8220;center&#8220; style=&#8220;vc_box_shadow_3d&#8220; onclick=&#8220;custom_link&#8220; link=&#8220;https:\/\/berlinwanderlust.com\/de\/verkehrsmittel\/ubahnplan&#8220;][vc_custom_heading text=&#8220;S-Bahn&#8220; font_container=&#8220;tag:h4|text_align:center&#8220; link=&#8220;url:https%3A%2F%2Fberlinwanderlust.com%2Ftransportation%2Fs-bahn%2F&#8220;][vc_single_image image=&#8220;508&#8243; img_size=&#8220;300&#215;300&#8243; alignment=&#8220;center&#8220; style=&#8220;vc_box_shadow_3d&#8220; onclick=&#8220;custom_link&#8220; link=&#8220;https:\/\/berlinwanderlust.com\/transportation\/s-bahn\/&#8220;][\/vc_column][vc_column width=&#8220;1\/3&#8243;][vc_custom_heading text=&#8220;BVG BUS&#8220; font_container=&#8220;tag:h4|text_align:center&#8220; link=&#8220;url:https%3A%2F%2Fberlinwanderlust.com%2Fde%2Fverkehrsmittel%2Fbus&#8220;][vc_single_image image=&#8220;157&#8243; img_size=&#8220;300&#215;300&#8243; alignment=&#8220;center&#8220; style=&#8220;vc_box_shadow_3d&#8220; onclick=&#8220;custom_link&#8220; link=&#8220;https:\/\/berlinwanderlust.com\/de\/verkehrsmittel\/bus&#8220;][vc_custom_heading text=&#8220;Tram&#8220; font_container=&#8220;tag:h4|text_align:center&#8220; link=&#8220;url:https%3A%2F%2Fberlinwanderlust.com%2Fde%2Fverkehrsmittel%2Ftram&#8220;][vc_single_image image=&#8220;482&#8243; img_size=&#8220;300&#215;300&#8243; alignment=&#8220;center&#8220; style=&#8220;vc_box_shadow_3d&#8220; onclick=&#8220;custom_link&#8220; link=&#8220;https:\/\/berlinwanderlust.com\/de\/verkehrsmittel\/tram&#8220;][\/vc_column][\/vc_row]<\/p>\n","protected":false},"excerpt":{"rendered":"<p>[vc_row][vc_column width=&#8220;2\/3&#8243;][vc_column_text] &nbsp; &nbsp; [\/vc_column_text][vc_custom_heading text=&#8220;Anreise nach Berlin: Ihr umfassender Leitfaden, um das Herz der Stadt zu erreichen&#8220; font_container=&#8220;tag:h1|font_size:30|text_align:left|color:%23d3065b&#8220;][vc_column_text]Achtung, Berlinreisender! Wenn Du Dich auf eine unvergessliche Reise nach Berlin begeben m\u00f6chtest, wird es Dich freuen zu h\u00f6ren, dass diese Stadt eine F\u00fclle von Transportm\u00f6glichkeiten bietet, die den Bed\u00fcrfnissen aller Reisenden gerecht werden. Egal, ob Du [&hellip;]<\/p>\n","protected":false},"author":1,"featured_media":0,"parent":0,"menu_order":0,"comment_status":"closed","ping_status":"closed","template":"","meta":{"site-sidebar-layout":"no-sidebar","site-content-layout":"plain-container","ast-site-content-layout":"","site-content-style":"default","site-sidebar-style":"default","ast-global-header-display":"","ast-banner-title-visibility":"","ast-main-header-display":"","ast-hfb-above-header-display":"","ast-hfb-below-header-display":"","ast-hfb-mobile-header-display":"","site-post-title":"disabled","ast-breadcrumbs-content":"","ast-featured-img":"disabled","footer-sml-layout":"","theme-transparent-header-meta":"default","adv-header-id-meta":"","stick-header-meta":"","header-above-stick-meta":"","header-main-stick-meta":"","header-below-stick-meta":"","astra-migrate-meta-layouts":"default","ast-page-background-enabled":"default","ast-page-background-meta":{"desktop":{"background-color":"var(--ast-global-color-4)","background-image":"","background-repeat":"repeat","background-position":"center center","background-size":"auto","background-attachment":"scroll","background-type":"","background-media":"","overlay-type":"","overlay-color":"","overlay-opacity":"","overlay-gradient":""},"tablet":{"background-color":"","background-image":"","background-repeat":"repeat","background-position":"center center","background-size":"auto","background-attachment":"scroll","background-type":"","background-media":"","overlay-type":"","overlay-color":"","overlay-opacity":"","overlay-gradient":""},"mobile":{"background-color":"","background-image":"","background-repeat":"repeat","background-position":"center center","background-size":"auto","background-attachment":"scroll","background-type":"","background-media":"","overlay-type":"","overlay-color":"","overlay-opacity":"","overlay-gradient":""}},"ast-content-background-meta":{"desktop":{"background-color":"var(--ast-global-color-5)","background-image":"","background-repeat":"repeat","background-position":"center center","background-size":"auto","background-attachment":"scroll","background-type":"","background-media":"","overlay-type":"","overlay-color":"","overlay-opacity":"","overlay-gradient":""},"tablet":{"background-color":"var(--ast-global-color-5)","background-image":"","background-repeat":"repeat","background-position":"center center","background-size":"auto","background-attachment":"scroll","background-type":"","background-media":"","overlay-type":"","overlay-color":"","overlay-opacity":"","overlay-gradient":""},"mobile":{"background-color":"var(--ast-global-color-5)","background-image":"","background-repeat":"repeat","background-position":"center center","background-size":"auto","background-attachment":"scroll","background-type":"","background-media":"","overlay-type":"","overlay-color":"","overlay-opacity":"","overlay-gradient":""}},"footnotes":""},"class_list":["post-150","page","type-page","status-publish","hentry"],"aioseo_notices":[],"_links":{"self":[{"href":"https:\/\/berlinwanderlust.com\/de\/wp-json\/wp\/v2\/pages\/150","targetHints":{"allow":["GET"]}}],"collection":[{"href":"https:\/\/berlinwanderlust.com\/de\/wp-json\/wp\/v2\/pages"}],"about":[{"href":"https:\/\/berlinwanderlust.com\/de\/wp-json\/wp\/v2\/types\/page"}],"author":[{"embeddable":true,"href":"https:\/\/berlinwanderlust.com\/de\/wp-json\/wp\/v2\/users\/1"}],"replies":[{"embeddable":true,"href":"https:\/\/berlinwanderlust.com\/de\/wp-json\/wp\/v2\/comments?post=150"}],"version-history":[{"count":0,"href":"https:\/\/berlinwanderlust.com\/de\/wp-json\/wp\/v2\/pages\/150\/revisions"}],"wp:attachment":[{"href":"https:\/\/berlinwanderlust.com\/de\/wp-json\/wp\/v2\/media?parent=150"}],"curies":[{"name":"wp","href":"https:\/\/api.w.org\/{rel}","templated":true}]}}