{"id":147,"date":"2023-07-03T15:34:10","date_gmt":"2023-07-03T13:34:10","guid":{"rendered":"http:\/\/berlinwanderlust.com\/?page_id=147"},"modified":"2023-09-11T22:35:09","modified_gmt":"2023-09-11T20:35:09","slug":"unterkunft","status":"publish","type":"page","link":"https:\/\/berlinwanderlust.com\/de\/unterkunft\/","title":{"rendered":"Unterkunft"},"content":{"rendered":"<p>[vc_row][vc_column width=&#8220;2\/3&#8243;][vc_column_text]<\/p>\n<p>&nbsp;<\/p>\n<p>&nbsp;<\/p>\n<p>[\/vc_column_text][vc_custom_heading text=&#8220;Berlin Unterkunft: F\u00fcr jeden Reisenden die perfekte Unterkunft finden&#8220; font_container=&#8220;tag:h1|font_size:30|text_align:left|color:%23d3065b&#8220;][vc_column_text]Du bist auf der Suche nach der perfekten Unterkunft in Berlin, die auf Deine Bed\u00fcrfnisse und Vorlieben zugeschnitten ist? Ich gebe Dir hier ein paar Tipps! Ob Du als Alleinreisender auf der Suche nach Abgeschiedenheit bist, als Familie auf der Suche nach Komfort, als LGBTQ+ auf der Suche nach einer einladenden Umgebung oder als Partyg\u00e4nger, der die Nacht durchtanzen m\u00f6chte &#8211; Berlin bietet eine gro\u00dfe Auswahl an Unterk\u00fcnften, die den Geschmack eines jeden Reisenden treffen.<\/p>\n<p>Alleinreisenden empfehle ich die pulsierenden Bezirke <a href=\"https:\/\/berlinwanderlust.com\/de\/akitvititaeten\/locations\/kreuzberg\/\">Kreuzberg<\/a> und Friedrichshain. Hier findest du trendige Hostels und gem\u00fctliche G\u00e4steh\u00e4user zu erschwinglichen Preisen und die M\u00f6glichkeit, andere Reisende zu treffen. Au\u00dferdem sind diese Viertel f\u00fcr ihre lebendige Atmosph\u00e4re und die N\u00e4he zu beliebten Sehensw\u00fcrdigkeiten bekannt.<\/p>\n<p>Wenn du mit Deiner Familie unterwegs bist, solltest du im familienfreundlichen Stadtteil Prenzlauer Berg \u00fcbernachten. In diesem Viertel finden Sie charmante Pensionen, ger\u00e4umige Apartments und Hotels mit familienfreundlichen Annehmlichkeiten. In der N\u00e4he findest Du au\u00dferdem zahlreiche Parks, Spielpl\u00e4tze und kinderfreundliche Caf\u00e9s, die das Viertel zu einem wunderbaren Ausflugsziel f\u00fcr Ihre Kleinen machen.<\/p>\n<p>F\u00fcr LGBTQ+-Reisende ist der Berliner Bezirk <a href=\"https:\/\/berlinwanderlust.com\/de\/akitvititaeten\/locations\/schoeneberg\/\">Sch\u00f6neberg<\/a> ein Muss. Er ist seit Jahrzehnten das Zentrum der queeren Community der Stadt und bietet eine Vielzahl von LGBTQ+-freundlichen Hotels, Pensionen und Mietwohnungen. Diese befinden sich hier im Herzen der LGBTQ+-Szene mit zahlreichen Bars, Clubs und Veranstaltungen f\u00fcr die Community.<\/p>\n<p>Partyg\u00e4nger, die mittendrin sein wollen, sollten Sie in den Stadtteilen Mitte oder Friedrichshain wohnen. In diesen Vierteln gibt es viele trendige Boutique-Hotels, schicke Hostels und stilvolle Wohnungen. Beliebte Clubs, Bars und Live-Musik-Locations sind von hier aus zu Fu\u00df zu erreichen, so dass Sie w\u00e4hrend Ihres Aufenthalts rund um die Uhr Unterhaltung haben.<\/p>\n<p>Denk daran, Deine Unterkunft im Voraus zu buchen, besonders w\u00e4hrend der Hauptreisezeit, um dir deine bevorzugten Optionen zu sichern. Genie\u00dfe Deinen Aufenthalt in Berlin und sorge f\u00fcr unvergessliche Erinnerungen in dieser dynamischen und vielf\u00e4ltigen Stadt![\/vc_column_text][vc_column_text]Erfahre mehr \u00fcber die verschiedenen <a href=\"https:\/\/berlinwanderlust.com\/de\/akitvititaeten\/\">Aktivit\u00e4ten<\/a>, die Du in Berlin unternehmen kannst.[\/vc_column_text][vc_column_text]Hier bekommst Du <a href=\"https:\/\/www.getyourguide.de\/berlin-l17\/berlin-welcomecard-mit-reisehandbuch-t6045\/?partner_id=OKFS1TT&amp;utm_medium=online_publisher\"><strong>Rabatte f\u00fcr die \u00d6ffentlichen Verkehrsmittel<\/strong><\/a>[\/vc_column_text][\/vc_column][vc_column width=&#8220;1\/3&#8243;][vc_column_text]<\/p>\n<p>&nbsp;<\/p>\n<p>[\/vc_column_text][vc_column_text]<\/p>\n<div class=\"eg-widget\" data-widget=\"search\" data-program=\"uk-expedia\" data-lobs=\"stays,flights\" data-network=\"pz\" data-camref=\"1011lBBSE\"><\/div>\n<p><script class=\"eg-widgets-script\" src=\"https:\/\/affiliates.expediagroup.com\/products\/widgets\/assets\/eg-widgets.js\"><\/script>[\/vc_column_text][\/vc_column][\/vc_row]<\/p>\n","protected":false},"excerpt":{"rendered":"<p>[vc_row][vc_column width=&#8220;2\/3&#8243;][vc_column_text] &nbsp; &nbsp; [\/vc_column_text][vc_custom_heading text=&#8220;Berlin Unterkunft: F\u00fcr jeden Reisenden die perfekte Unterkunft finden&#8220; font_container=&#8220;tag:h1|font_size:30|text_align:left|color:%23d3065b&#8220;][vc_column_text]Du bist auf der Suche nach der perfekten Unterkunft in Berlin, die auf Deine Bed\u00fcrfnisse und Vorlieben zugeschnitten ist? Ich gebe Dir hier ein paar Tipps! Ob Du als Alleinreisender auf der Suche nach Abgeschiedenheit bist, als Familie auf der Suche [&hellip;]<\/p>\n","protected":false},"author":1,"featured_media":0,"parent":0,"menu_order":0,"comment_status":"closed","ping_status":"closed","template":"","meta":{"site-sidebar-layout":"no-sidebar","site-content-layout":"plain-container","ast-site-content-layout":"default","site-content-style":"default","site-sidebar-style":"default","ast-global-header-display":"","ast-banner-title-visibility":"","ast-main-header-display":"","ast-hfb-above-header-display":"","ast-hfb-below-header-display":"","ast-hfb-mobile-header-display":"","site-post-title":"disabled","ast-breadcrumbs-content":"","ast-featured-img":"disabled","footer-sml-layout":"","ast-disable-related-posts":"","theme-transparent-header-meta":"default","adv-header-id-meta":"","stick-header-meta":"","header-above-stick-meta":"","header-main-stick-meta":"","header-below-stick-meta":"","astra-migrate-meta-layouts":"default","ast-page-background-enabled":"default","ast-page-background-meta":{"desktop":{"background-color":"var(--ast-global-color-4)","background-image":"","background-repeat":"repeat","background-position":"center center","background-size":"auto","background-attachment":"scroll","background-type":"","background-media":"","overlay-type":"","overlay-color":"","overlay-opacity":"","overlay-gradient":""},"tablet":{"background-color":"","background-image":"","background-repeat":"repeat","background-position":"center center","background-size":"auto","background-attachment":"scroll","background-type":"","background-media":"","overlay-type":"","overlay-color":"","overlay-opacity":"","overlay-gradient":""},"mobile":{"background-color":"","background-image":"","background-repeat":"repeat","background-position":"center center","background-size":"auto","background-attachment":"scroll","background-type":"","background-media":"","overlay-type":"","overlay-color":"","overlay-opacity":"","overlay-gradient":""}},"ast-content-background-meta":{"desktop":{"background-color":"var(--ast-global-color-5)","background-image":"","background-repeat":"repeat","background-position":"center center","background-size":"auto","background-attachment":"scroll","background-type":"","background-media":"","overlay-type":"","overlay-color":"","overlay-opacity":"","overlay-gradient":""},"tablet":{"background-color":"var(--ast-global-color-5)","background-image":"","background-repeat":"repeat","background-position":"center center","background-size":"auto","background-attachment":"scroll","background-type":"","background-media":"","overlay-type":"","overlay-color":"","overlay-opacity":"","overlay-gradient":""},"mobile":{"background-color":"var(--ast-global-color-5)","background-image":"","background-repeat":"repeat","background-position":"center center","background-size":"auto","background-attachment":"scroll","background-type":"","background-media":"","overlay-type":"","overlay-color":"","overlay-opacity":"","overlay-gradient":""}},"footnotes":""},"class_list":["post-147","page","type-page","status-publish","hentry"],"aioseo_notices":[],"_links":{"self":[{"href":"https:\/\/berlinwanderlust.com\/de\/wp-json\/wp\/v2\/pages\/147","targetHints":{"allow":["GET"]}}],"collection":[{"href":"https:\/\/berlinwanderlust.com\/de\/wp-json\/wp\/v2\/pages"}],"about":[{"href":"https:\/\/berlinwanderlust.com\/de\/wp-json\/wp\/v2\/types\/page"}],"author":[{"embeddable":true,"href":"https:\/\/berlinwanderlust.com\/de\/wp-json\/wp\/v2\/users\/1"}],"replies":[{"embeddable":true,"href":"https:\/\/berlinwanderlust.com\/de\/wp-json\/wp\/v2\/comments?post=147"}],"version-history":[{"count":0,"href":"https:\/\/berlinwanderlust.com\/de\/wp-json\/wp\/v2\/pages\/147\/revisions"}],"wp:attachment":[{"href":"https:\/\/berlinwanderlust.com\/de\/wp-json\/wp\/v2\/media?parent=147"}],"curies":[{"name":"wp","href":"https:\/\/api.w.org\/{rel}","templated":true}]}}