{"id":145,"date":"2023-07-03T15:23:00","date_gmt":"2023-07-03T13:23:00","guid":{"rendered":"http:\/\/berlinwanderlust.com\/?page_id=145"},"modified":"2023-09-19T22:55:49","modified_gmt":"2023-09-19T20:55:49","slug":"umgebung","status":"publish","type":"page","link":"https:\/\/berlinwanderlust.com\/de\/umgebung\/","title":{"rendered":"Umgebung"},"content":{"rendered":"<p>[vc_row][vc_column width=&#8220;2\/3&#8243;][vc_column_text]<\/p>\n<p>&nbsp;<\/p>\n<p>&nbsp;<\/p>\n<p>[\/vc_column_text][vc_custom_heading text=&#8220;Au\u00dferhalb Berlins: Die Reize des Berliner Umlands entdecken&#8220; font_container=&#8220;tag:h1|font_size:30|text_align:left|color:%23d3065b&#8220;][vc_column_text]Achtung! Wenn Du Lust hast, die Umgebung von Berlin zu erkunden und verborgene Ecken zu entdecken, habe ich ein paar fantastische Empfehlungen f\u00fcr Dich. Bei meinen j\u00fcngsten Ausfl\u00fcgen habe ich mich \u00fcber die belebten Stra\u00dfen der Stadt hinausgewagt und bin auf bemerkenswerte Ziele in der N\u00e4he gesto\u00dfen, die ich einfach nicht f\u00fcr mich behalten kann.<\/p>\n<p>Hier ein paar meiner Ausflugsziele:<\/p>\n<p>Zun\u00e4chst einmal sollten wir \u00fcber <a href=\"https:\/\/berlinwanderlust.com\/de\/umgebung\/potsdam\/\">Potsdam<\/a> sprechen. Diese wundersch\u00f6ne Stadt, nur einen Katzensprung von Berlin entfernt, hat mein Herz mit ihren bezaubernden Schl\u00f6ssern und gepflegten G\u00e4rten erobert. Schloss Sanssouci, ein UNESCO-Weltkulturerbe, ist ein absolutes Muss. Hier kann man einen gem\u00e4chlichen Spaziergang durch den weitl\u00e4ufigen Park von Sanssouci machen und die Sch\u00f6nheit und Ruhe genie\u00dfen, die dich umgibt. Es ist, als w\u00fcrde man in ein M\u00e4rchen eintauchen!<\/p>\n<p>F\u00fcr eine tiefgreifende und ergreifende Erfahrung empfehle ich einen <a href=\"https:\/\/www.getyourguide.de\/berlin-l17\/from-berlin-small-group-sachsenhausen-memorial-walking-tour-t388531\/?partner_id=OKFS1TT&amp;utm_medium=online_publisher\"><strong>Besuch der Gedenkst\u00e4tte des Konzentrationslagers Sachsenhausen<\/strong><\/a>. Es ist ein Ort von immenser historischer Bedeutung, der einen tiefen Einblick in die Gr\u00e4ueltaten der Vergangenheit bietet. Stell Dich also auf eine emotionale Reise ein, auf der du die Geschichten und Erfahrungen derjenigen kennenlernst, die in dieser dunklen Zeit der Geschichte gelitten haben.<\/p>\n<p>Dann gibt es auch die atemberaubende Spreewaldregion. F\u00fcr alle Naturliebhaber ist dies ein St\u00fcck Paradies, das man sich nicht entgehen lassen sollte. Stell Dir vor, Du schipperst auf den malerischen Kan\u00e4len entlang, umgeben von \u00fcppigen W\u00e4ldern und bezaubernden Landschaften. Die Kahnfahrt durch die verschlungenen Kan\u00e4le des Spreewalds, die so genannten Flie\u00dfe, ist ein absolutes Vergn\u00fcgen. Oh, und vergi\u00df nicht, die traditionellen Spreewaldgurken zu probieren &#8211; sie sind ein w\u00fcrziger und k\u00f6stlicher Genu\u00df!<\/p>\n<p>Ich wei\u00df, dass du auf der Suche nach Empfehlungen au\u00dferhalb Berlins bist, aber ich m\u00f6chte dir noch ein weiteres Highlight mitten im Herzen der Stadt vorstellen. Wenn du ein Geschichts- oder Kunstliebhaber bist, ist das<a href=\"https:\/\/berlinwanderlust.com\/de\/akitvititaeten\/museen\/ddr-museum-berlin\/\"> DDR-Museum<\/a> ein absolutes Muss f\u00fcr Dich. Es bietet eine faszinierende und interaktive Reise in das allt\u00e4gliche Leben in Ostdeutschland w\u00e4hrend der Zeit der Deutschen Demokratischen Republik. Es ist ein beeindruckendes Erlebnis, das dich in die Vergangenheit zur\u00fcckversetzt und Dir eine einzigartige Perspektive auf die Geschichte Berlins bietet.<\/p>\n<p>Gut! Dies sind die Erlebnisse und Ausflugsziele in der N\u00e4he von Berlin, die ich pers\u00f6nlich erkunden durfte und die ich Ihnen nun von ganzem Herzen empfehlen kann. Verlasse die belebten Stra\u00dfen Berlins und tauche ein in die reiche Geschichte, die nat\u00fcrliche Sch\u00f6nheit und die tiefgr\u00fcndigen Geschichten, die Dich in diesen nahe gelegenen Sch\u00e4tzen erwarten.[\/vc_column_text][vc_column_text]Enjoy here <a href=\"https:\/\/www.getyourguide.com\/potsdam-l467\/potsdam-by-boat-island-cruise-t93420\/?partner_id=OKFS1TT&amp;utm_medium=online_publisher\"><strong>Potsdam by Boat<\/strong><\/a>[\/vc_column_text][\/vc_column][vc_column width=&#8220;1\/3&#8243;][vc_column_text]<\/p>\n<p>&nbsp;<\/p>\n<p>[\/vc_column_text][vc_column_text]<\/p>\n<div data-gyg-href=\"https:\/\/widget.getyourguide.com\/default\/activities.frame\" data-gyg-locale-code=\"de-DE\" data-gyg-widget=\"activities\" data-gyg-number-of-items=\"3\" data-gyg-partner-id=\"OKFS1TT\" data-gyg-tour-ids=\"70255,388531,418648\"><\/div>\n<p>[\/vc_column_text][\/vc_column][\/vc_row][vc_row][vc_column width=&#8220;1\/4&#8243;][vc_custom_heading text=&#8220;Potsdam&#8220; font_container=&#8220;tag:h2|font_size:20|text_align:center&#8220; link=&#8220;url:http%3A%2F%2Fhttps%2F%2Fberlinwanderlust.com%2Fde%2Fumgebung%2Fpotsdam&#8220;][vc_single_image image=&#8220;302&#8243; img_size=&#8220;300&#215;300&#8243; style=&#8220;vc_box_shadow_3d&#8220; onclick=&#8220;custom_link&#8220; link=&#8220;https\/\/berlinwanderlust.com\/de\/umgebung\/potsdam&#8220;][\/vc_column][vc_column width=&#8220;1\/4&#8243;][vc_custom_heading text=&#8220;Spreewald&#8220; font_container=&#8220;tag:h2|font_size:20|text_align:center&#8220; link=&#8220;url:http%3A%2F%2Fhttps%2F%2Fberlinwanderlust.com%2Fde%2Fumgebung%2Fspreewald&#8220;][vc_single_image image=&#8220;309&#8243; img_size=&#8220;300&#215;300&#8243; style=&#8220;vc_box_shadow_3d&#8220; onclick=&#8220;custom_link&#8220; link=&#8220;https\/\/berlinwanderlust.com\/de\/umgebung\/spreewald&#8220;][\/vc_column][vc_column width=&#8220;1\/4&#8243;][vc_custom_heading text=&#8220;Sachsenhausen&#8220; font_container=&#8220;tag:h2|font_size:20|text_align:center&#8220; link=&#8220;url:http%3A%2F%2Fhttps%2F%2Fberlinwanderlust.com%2Fde%2Fumgebung%2Fsachsenhausen&#8220;][vc_single_image image=&#8220;441&#8243; img_size=&#8220;300&#215;300&#8243; style=&#8220;vc_box_shadow_3d&#8220; onclick=&#8220;custom_link&#8220; link=&#8220;https\/\/berlinwanderlust.com\/de\/umgebung\/sachsenhausen&#8220;][\/vc_column][vc_column width=&#8220;1\/4&#8243;][vc_custom_heading text=&#8220;J\u00fcterbog&#8220; font_container=&#8220;tag:h2|font_size:20|text_align:center&#8220; link=&#8220;url:http%3A%2F%2Fhttps%2F%2Fberlinwanderlust.com%2Fde%2Fumgebung%2Fjueterbog&#8220;][vc_single_image image=&#8220;450&#8243; img_size=&#8220;300&#215;300&#8243; style=&#8220;vc_box_shadow_3d&#8220; onclick=&#8220;custom_link&#8220; link=&#8220;https\/\/berlinwanderlust.com\/de\/umgebung\/jueterbog&#8220;][\/vc_column][\/vc_row]<\/p>\n","protected":false},"excerpt":{"rendered":"<p>[vc_row][vc_column width=&#8220;2\/3&#8243;][vc_column_text] &nbsp; &nbsp; [\/vc_column_text][vc_custom_heading text=&#8220;Au\u00dferhalb Berlins: Die Reize des Berliner Umlands entdecken&#8220; font_container=&#8220;tag:h1|font_size:30|text_align:left|color:%23d3065b&#8220;][vc_column_text]Achtung! Wenn Du Lust hast, die Umgebung von Berlin zu erkunden und verborgene Ecken zu entdecken, habe ich ein paar fantastische Empfehlungen f\u00fcr Dich. Bei meinen j\u00fcngsten Ausfl\u00fcgen habe ich mich \u00fcber die belebten Stra\u00dfen der Stadt hinausgewagt und bin auf bemerkenswerte [&hellip;]<\/p>\n","protected":false},"author":1,"featured_media":0,"parent":0,"menu_order":0,"comment_status":"closed","ping_status":"closed","template":"","meta":{"site-sidebar-layout":"no-sidebar","site-content-layout":"plain-container","ast-site-content-layout":"default","site-content-style":"default","site-sidebar-style":"default","ast-global-header-display":"","ast-banner-title-visibility":"","ast-main-header-display":"","ast-hfb-above-header-display":"","ast-hfb-below-header-display":"","ast-hfb-mobile-header-display":"","site-post-title":"disabled","ast-breadcrumbs-content":"","ast-featured-img":"disabled","footer-sml-layout":"","ast-disable-related-posts":"","theme-transparent-header-meta":"default","adv-header-id-meta":"","stick-header-meta":"","header-above-stick-meta":"","header-main-stick-meta":"","header-below-stick-meta":"","astra-migrate-meta-layouts":"default","ast-page-background-enabled":"default","ast-page-background-meta":{"desktop":{"background-color":"var(--ast-global-color-4)","background-image":"","background-repeat":"repeat","background-position":"center center","background-size":"auto","background-attachment":"scroll","background-type":"","background-media":"","overlay-type":"","overlay-color":"","overlay-opacity":"","overlay-gradient":""},"tablet":{"background-color":"","background-image":"","background-repeat":"repeat","background-position":"center center","background-size":"auto","background-attachment":"scroll","background-type":"","background-media":"","overlay-type":"","overlay-color":"","overlay-opacity":"","overlay-gradient":""},"mobile":{"background-color":"","background-image":"","background-repeat":"repeat","background-position":"center center","background-size":"auto","background-attachment":"scroll","background-type":"","background-media":"","overlay-type":"","overlay-color":"","overlay-opacity":"","overlay-gradient":""}},"ast-content-background-meta":{"desktop":{"background-color":"var(--ast-global-color-5)","background-image":"","background-repeat":"repeat","background-position":"center center","background-size":"auto","background-attachment":"scroll","background-type":"","background-media":"","overlay-type":"","overlay-color":"","overlay-opacity":"","overlay-gradient":""},"tablet":{"background-color":"var(--ast-global-color-5)","background-image":"","background-repeat":"repeat","background-position":"center center","background-size":"auto","background-attachment":"scroll","background-type":"","background-media":"","overlay-type":"","overlay-color":"","overlay-opacity":"","overlay-gradient":""},"mobile":{"background-color":"var(--ast-global-color-5)","background-image":"","background-repeat":"repeat","background-position":"center center","background-size":"auto","background-attachment":"scroll","background-type":"","background-media":"","overlay-type":"","overlay-color":"","overlay-opacity":"","overlay-gradient":""}},"footnotes":""},"class_list":["post-145","page","type-page","status-publish","hentry"],"aioseo_notices":[],"_links":{"self":[{"href":"https:\/\/berlinwanderlust.com\/de\/wp-json\/wp\/v2\/pages\/145","targetHints":{"allow":["GET"]}}],"collection":[{"href":"https:\/\/berlinwanderlust.com\/de\/wp-json\/wp\/v2\/pages"}],"about":[{"href":"https:\/\/berlinwanderlust.com\/de\/wp-json\/wp\/v2\/types\/page"}],"author":[{"embeddable":true,"href":"https:\/\/berlinwanderlust.com\/de\/wp-json\/wp\/v2\/users\/1"}],"replies":[{"embeddable":true,"href":"https:\/\/berlinwanderlust.com\/de\/wp-json\/wp\/v2\/comments?post=145"}],"version-history":[{"count":0,"href":"https:\/\/berlinwanderlust.com\/de\/wp-json\/wp\/v2\/pages\/145\/revisions"}],"wp:attachment":[{"href":"https:\/\/berlinwanderlust.com\/de\/wp-json\/wp\/v2\/media?parent=145"}],"curies":[{"name":"wp","href":"https:\/\/api.w.org\/{rel}","templated":true}]}}