{"id":139,"date":"2023-07-03T14:30:34","date_gmt":"2023-07-03T12:30:34","guid":{"rendered":"http:\/\/berlinwanderlust.com\/?page_id=139"},"modified":"2023-09-11T20:42:13","modified_gmt":"2023-09-11T18:42:13","slug":"ueber-mich","status":"publish","type":"page","link":"https:\/\/berlinwanderlust.com\/de\/ueber-mich\/","title":{"rendered":"\u00dcber mich"},"content":{"rendered":"<p>[vc_row][vc_column width=&#8220;2\/3&#8243;][vc_column_text]<\/p>\n<p>&nbsp;<\/p>\n<p>&nbsp;<\/p>\n<p>[\/vc_column_text][vc_custom_heading text=&#8220;Verloren in der Anziehungskraft Berlins: Eine Unterhaltsame Entdeckungsreise!&#8220; font_container=&#8220;tag:h1|font_size:30|text_align:left|color:%23d3065b&#8220;][vc_column_text]<img data-opt-id=197846841  fetchpriority=\"high\" decoding=\"async\" class=\"size-medium wp-image-140 alignleft\" src=\"https:\/\/mloe4buwyni1.i.optimole.com\/w:225\/h:300\/q:mauto\/ig:avif\/http:\/\/berlinwanderlust.com\/wp-content\/uploads\/2023\/07\/IMG_0331-225x300.jpeg\" alt=\"\" width=\"225\" height=\"300\" srcset=\"https:\/\/mloe4buwyni1.i.optimole.com\/w:225\/h:300\/q:mauto\/ig:avif\/https:\/\/berlinwanderlust.com\/de\/wp-content\/uploads\/2023\/07\/IMG_0331.jpeg 225w, https:\/\/mloe4buwyni1.i.optimole.com\/w:768\/h:1024\/q:mauto\/ig:avif\/https:\/\/berlinwanderlust.com\/de\/wp-content\/uploads\/2023\/07\/IMG_0331.jpeg 768w, https:\/\/mloe4buwyni1.i.optimole.com\/w:810\/h:1080\/q:mauto\/ig:avif\/https:\/\/berlinwanderlust.com\/de\/wp-content\/uploads\/2023\/07\/IMG_0331.jpeg 1152w, https:\/\/mloe4buwyni1.i.optimole.com\/w:810\/h:1080\/q:mauto\/ig:avif\/https:\/\/berlinwanderlust.com\/de\/wp-content\/uploads\/2023\/07\/IMG_0331.jpeg 1536w\" sizes=\"(max-width: 225px) 100vw, 225px\" \/><\/p>\n<p>Hallo zusammen! Ich freue mich darauf, Euch ein wenig \u00fcber mich zu erz\u00e4hlen. Als leidenschaftlicher Reisender aus Argentinien gibt es eine Stadt, die einen besonderen Platz in meinem Herzen eingenommen hat \u2013 Berlin. Fast jedes Jahr begebe ich mich auf die weite Reise im Herzen Europas, um neben Musik, Kultur, Gastronomie zu erkunden, auch alte Freunde zu besuchen.<\/p>\n<p>Obwohl Argentinien meine Heimat ist, \u00fcbt Berlin mit seiner einzigartigen Mischung aus Geschichte, Kreativit\u00e4t und Vielfalt eine besondere Anziehungskraft auf mich aus. Die Stadt pulsiert vor Energie und fordert mich dazu auf, mich in ihre faszinierenden Geschichten zu vertiefen und den Geist des Fernwehs zu umarmen.<\/p>\n<p>Sobald ich am Berliner Flughafen ankomme, \u00fcberkommt mich der Wunsch, durch. Berlin zu fahren, k\u00f6stliche lokale Delikatessen zu probieren und tief in die lebendige Kulturszene der Stadt einzutauchen. Ob ich nun durch die historischen Stra\u00dfen von Mitte spaziere, auf einem lebendigen Lebensmittelmarkt st\u00f6bere oder mich im Labyrinth der erstklassigen Museen auf der Museumsinsel verliere \u2013 Berlin schafft es immer, meine Neugier zu wecken.<\/p>\n<p>Doch was mir auch wirklich Spa\u00df macht, ist meine Erlebnisse mit Euch, \u00a0zu teilen. \u00dcber meine Website m\u00f6chte ich euch in die Stra\u00dfen Berlins entf\u00fchren, euch Einblicke, Tipps und authentische Berichte meiner Erkundungen bieten. Mein Ziel ist es, Eure eigene Abenteuerlust zu entfachen und euch dazu zu inspirieren, unvergessliche Erinnerungen in dieser bemerkenswerten Stadt zu schaffen.<\/p>\n<p>Begleitet mich also auf dieser Reise, w\u00e4hrend wir gemeinsam die faszinierenden Landschaften Berlins kennenlernen. Lassen wir die Geschichten seiner bewegten Vergangenheit aufdecken, in seine kulinarischen K\u00f6stlichkeiten eintauchen und den lebendigen Geist sp\u00fcren, der jede Ecke erf\u00fcllt. Gemeinsam werden wir uns auf eine Entdeckungsreise begeben, die uns ein besseres Verst\u00e4ndnis f\u00fcr Berlin und eine gr\u00f6\u00dfere Wertsch\u00e4tzung f\u00fcr die verschiedenen Kulturen der Welt vermitteln wird.<\/p>\n<p>Willkommen in meiner Berlinreise, wo Argentinien auf Deutschland trifft und die Freude der Entdeckung keine Grenzen kennt.[\/vc_column_text][vc_zigzag][vc_column_text]#<a href=\"https:\/\/berlinwanderlust.com\/activities\/locations\/brandenburg-gate\/\">Brandenburg Gate<\/a> #<a href=\"https:\/\/berlinwanderlust.com\/city-tours\/trabi-safari\/\">Trabi Safari<\/a> #<a href=\"https:\/\/berlinwanderlust.com\/activities\/events\/berlinale\/\">Berlinale<\/a> #<a href=\"https:\/\/berlinwanderlust.com\/activities\/museums\/pergamon-museum\/\">Pergamon Museum<\/a>[\/vc_column_text][\/vc_column][vc_column width=&#8220;1\/3&#8243;][vc_column_text]<\/p>\n<p>&nbsp;<\/p>\n<p>[\/vc_column_text][vc_single_image image=&#8220;327&#8243; img_size=&#8220;200&#215;200&#8243; style=&#8220;vc_box_shadow_3d&#8220; onclick=&#8220;custom_link&#8220; link=&#8220;https:\/\/berlinwanderlust.com\/activities\/locations\/berlin-cathedral\/&#8220;][vc_zigzag align=&#8220;left&#8220; el_width=&#8220;50&#8243;][vc_single_image image=&#8220;273&#8243; img_size=&#8220;200&#215;200&#8243; style=&#8220;vc_box_shadow_3d&#8220; onclick=&#8220;custom_link&#8220; link=&#8220;https:\/\/berlinwanderlust.com\/activities\/locations\/brandenburg-gate&#8220;][vc_zigzag align=&#8220;left&#8220; el_width=&#8220;50&#8243;][vc_single_image image=&#8220;331&#8243; img_size=&#8220;200&#215;200&#8243; style=&#8220;vc_box_shadow_3d&#8220; onclick=&#8220;custom_link&#8220; link=&#8220;https:\/\/berlinwanderlust.com\/activities\/locations\/kreuzberg&#8220;][vc_zigzag align=&#8220;left&#8220; el_width=&#8220;50&#8243;][vc_single_image image=&#8220;246&#8243; img_size=&#8220;200&#215;200&#8243; style=&#8220;vc_box_shadow_3d&#8220; onclick=&#8220;custom_link&#8220; link=&#8220;https:\/\/berlinwanderlust.com\/activities\/locations&#8220;][vc_zigzag align=&#8220;left&#8220; el_width=&#8220;50&#8243;][vc_single_image image=&#8220;302&#8243; img_size=&#8220;200&#215;200&#8243; style=&#8220;vc_box_shadow_3d&#8220; onclick=&#8220;custom_link&#8220; link=&#8220;https:\/\/berlinwanderlust.com\/surroundings\/potsdam&#8220;][vc_zigzag align=&#8220;left&#8220; el_width=&#8220;50&#8243;][\/vc_column][\/vc_row]<\/p>\n","protected":false},"excerpt":{"rendered":"<p>[vc_row][vc_column width=&#8220;2\/3&#8243;][vc_column_text] &nbsp; &nbsp; [\/vc_column_text][vc_custom_heading text=&#8220;Verloren in der Anziehungskraft Berlins: Eine Unterhaltsame Entdeckungsreise!&#8220; font_container=&#8220;tag:h1|font_size:30|text_align:left|color:%23d3065b&#8220;][vc_column_text] Hallo zusammen! Ich freue mich darauf, Euch ein wenig \u00fcber mich zu erz\u00e4hlen. Als leidenschaftlicher Reisender aus Argentinien gibt es eine Stadt, die einen besonderen Platz in meinem Herzen eingenommen hat \u2013 Berlin. Fast jedes Jahr begebe ich mich auf die [&hellip;]<\/p>\n","protected":false},"author":1,"featured_media":0,"parent":0,"menu_order":0,"comment_status":"closed","ping_status":"closed","template":"","meta":{"_sitemap_exclude":false,"_sitemap_priority":"","_sitemap_frequency":"","site-sidebar-layout":"no-sidebar","site-content-layout":"plain-container","ast-site-content-layout":"default","site-content-style":"default","site-sidebar-style":"default","ast-global-header-display":"","ast-banner-title-visibility":"","ast-main-header-display":"","ast-hfb-above-header-display":"","ast-hfb-below-header-display":"","ast-hfb-mobile-header-display":"","site-post-title":"disabled","ast-breadcrumbs-content":"","ast-featured-img":"disabled","footer-sml-layout":"","ast-disable-related-posts":"","theme-transparent-header-meta":"default","adv-header-id-meta":"","stick-header-meta":"","header-above-stick-meta":"","header-main-stick-meta":"","header-below-stick-meta":"","astra-migrate-meta-layouts":"default","ast-page-background-enabled":"default","ast-page-background-meta":{"desktop":{"background-color":"var(--ast-global-color-4)","background-image":"","background-repeat":"repeat","background-position":"center center","background-size":"auto","background-attachment":"scroll","background-type":"","background-media":"","overlay-type":"","overlay-color":"","overlay-opacity":"","overlay-gradient":""},"tablet":{"background-color":"","background-image":"","background-repeat":"repeat","background-position":"center center","background-size":"auto","background-attachment":"scroll","background-type":"","background-media":"","overlay-type":"","overlay-color":"","overlay-opacity":"","overlay-gradient":""},"mobile":{"background-color":"","background-image":"","background-repeat":"repeat","background-position":"center center","background-size":"auto","background-attachment":"scroll","background-type":"","background-media":"","overlay-type":"","overlay-color":"","overlay-opacity":"","overlay-gradient":""}},"ast-content-background-meta":{"desktop":{"background-color":"var(--ast-global-color-5)","background-image":"","background-repeat":"repeat","background-position":"center center","background-size":"auto","background-attachment":"scroll","background-type":"","background-media":"","overlay-type":"","overlay-color":"","overlay-opacity":"","overlay-gradient":""},"tablet":{"background-color":"var(--ast-global-color-5)","background-image":"","background-repeat":"repeat","background-position":"center center","background-size":"auto","background-attachment":"scroll","background-type":"","background-media":"","overlay-type":"","overlay-color":"","overlay-opacity":"","overlay-gradient":""},"mobile":{"background-color":"var(--ast-global-color-5)","background-image":"","background-repeat":"repeat","background-position":"center center","background-size":"auto","background-attachment":"scroll","background-type":"","background-media":"","overlay-type":"","overlay-color":"","overlay-opacity":"","overlay-gradient":""}},"footnotes":""},"class_list":["post-139","page","type-page","status-publish","hentry"],"_links":{"self":[{"href":"https:\/\/berlinwanderlust.com\/de\/wp-json\/wp\/v2\/pages\/139","targetHints":{"allow":["GET"]}}],"collection":[{"href":"https:\/\/berlinwanderlust.com\/de\/wp-json\/wp\/v2\/pages"}],"about":[{"href":"https:\/\/berlinwanderlust.com\/de\/wp-json\/wp\/v2\/types\/page"}],"author":[{"embeddable":true,"href":"https:\/\/berlinwanderlust.com\/de\/wp-json\/wp\/v2\/users\/1"}],"replies":[{"embeddable":true,"href":"https:\/\/berlinwanderlust.com\/de\/wp-json\/wp\/v2\/comments?post=139"}],"version-history":[{"count":0,"href":"https:\/\/berlinwanderlust.com\/de\/wp-json\/wp\/v2\/pages\/139\/revisions"}],"wp:attachment":[{"href":"https:\/\/berlinwanderlust.com\/de\/wp-json\/wp\/v2\/media?parent=139"}],"curies":[{"name":"wp","href":"https:\/\/api.w.org\/{rel}","templated":true}]}}