{"id":1101,"date":"2024-09-02T16:45:24","date_gmt":"2024-09-02T14:45:24","guid":{"rendered":"https:\/\/berlinwanderlust.com\/de\/?page_id=1101"},"modified":"2024-09-02T16:45:24","modified_gmt":"2024-09-02T14:45:24","slug":"ice-bar","status":"publish","type":"page","link":"https:\/\/berlinwanderlust.com\/de\/ice-bar\/","title":{"rendered":"Ice bar"},"content":{"rendered":"<p>[vc_row][vc_column width=&#8220;2\/3&#8243;][vc_single_image image=&#8220;1102&#8243; img_size=&#8220;large&#8220; alignment=&#8220;center&#8220; onclick=&#8220;custom_link&#8220; link=&#8220;https:\/\/gyg.me\/aKihcCso&#8220;][vc_column_text]<\/p>\n<h1>Berlin Ice Bar: Entspanne mit coolen Drinks<\/h1>\n<h2>Inhaltsverzeichnis<\/h2>\n<ul>\n<li><a href=\"https:\/\/berlinwanderlust.com\/de\/ice-bar\/#einfuehrung\">Einf\u00fchrung<\/a><\/li>\n<li><a href=\"https:\/\/berlinwanderlust.com\/de\/ice-bar\/#erwartungen\">Was dich in der Berlin Ice Bar erwartet<\/a><\/li>\n<li><a href=\"https:\/\/berlinwanderlust.com\/de\/ice-bar\/#gruende\">Top 5 Gr\u00fcnde f\u00fcr einen Besuch in der Ice Bar<\/a><\/li>\n<li><a href=\"https:\/\/berlinwanderlust.com\/de\/ice-bar\/#info\">Praktische Informationen<\/a><\/li>\n<li><a href=\"https:\/\/berlinwanderlust.com\/de\/ice-bar\/#tipps\">Besucher- und Insidertipps<\/a><\/li>\n<li><a href=\"https:\/\/berlinwanderlust.com\/de\/ice-bar\/#faq\">H\u00e4ufig gestellte Fragen (FAQ)<\/a><\/li>\n<li><a href=\"https:\/\/berlinwanderlust.com\/de\/ice-bar\/#buchung\">Buche deinen Eintritt zur Ice Bar Berlin<\/a><\/li>\n<\/ul>\n<h2 id=\"einfuehrung\">Einf\u00fchrung<\/h2>\n<p>Die <a href=\"https:\/\/berlinwanderlust.com\/de\/ice-bar\/#einfuehrung\">Berlin Ice Bar<\/a> ist ein einzigartiges und aufregendes Erlebnis im Herzen der Stadt. Betritt eine Welt, in der alles, von den W\u00e4nden bis zu den Gl\u00e4sern, aus Eis besteht. Dieses gefrorene Wunderland bietet den Besuchern ein wirklich unvergessliches Erlebnis, das Kunst, Unterhaltung und die M\u00f6glichkeit, kostenlose Drinks in einer Umgebung unter dem Gefrierpunkt zu genie\u00dfen, vereint.<\/p>\n<h2 id=\"erwartungen\">Was dich in der Berlin Ice Bar erwartet<\/h2>\n<p>In der Ice Bar erh\u00e4ltst du warme M\u00e4ntel und Handschuhe, um es bei den frostigen -10\u00b0C angenehm zu haben. Im Inneren ist die Bar komplett aus klarem Eis gefertigt, mit atemberaubenden Skulpturen und Eisschnitzereien, die regelm\u00e4\u00dfig wechseln. Dein Eintrittsticket beinhaltet kostenlose Drinks, die in Gl\u00e4sern aus \u2013 wie k\u00f6nnte es anders sein \u2013 Eis serviert werden! Ob du einen Wodka-Cocktail oder ein alkoholfreies Getr\u00e4nk genie\u00dft, das Erlebnis wird durch die k\u00fchlen Umgebungen noch intensiver.<\/p>\n<h2 id=\"gruende\">Top 5 Gr\u00fcnde f\u00fcr einen Besuch in der Ice Bar<\/h2>\n<ul>\n<li>Einzigartige Atmosph\u00e4re: Tauche ein in eine Bar, die vollst\u00e4ndig aus Eis besteht \u2013 perfekt f\u00fcr unvergessliche Selfies und Gruppenfotos.<\/li>\n<li>Kostenlose Drinks: Dein Ticket beinhaltet drei kostenlose Drinks, die dir die Gelegenheit geben, einen erfrischenden Cocktail oder Mocktail zu genie\u00dfen.<\/li>\n<li>Wechselnde Skulpturen: Bestaune die regelm\u00e4\u00dfig aktualisierten Eisskulpturen, die daf\u00fcr sorgen, dass jeder Besuch etwas Neues bietet.<\/li>\n<li>Zentrale Lage: Die Ice Bar liegt g\u00fcnstig in der N\u00e4he wichtiger Sehensw\u00fcrdigkeiten und l\u00e4sst sich leicht in deinen Berlin-Besuch integrieren.<\/li>\n<li>Ideal f\u00fcr Gruppen: Ob mit Freunden oder Familie, die Ice Bar bietet ein spa\u00dfiges und unvergessliches Gruppenerlebnis.<\/li>\n<\/ul>\n<h2 id=\"info\">Praktische Informationen<\/h2>\n<p>Die Ice Bar befindet sich im Bezirk Mitte in Berlin, nur wenige Gehminuten vom Alexanderplatz entfernt. <a href=\"https:\/\/www.google.com\/maps\" target=\"_blank\" rel=\"noopener\">Finde die Ice Bar Berlin auf Google Maps<\/a>.<\/p>\n<p>\u00d6ffnungszeiten: T\u00e4glich ge\u00f6ffnet von 12:00 Uhr bis 22:00 Uhr. Am Wochenende verl\u00e4ngerte \u00d6ffnungszeiten bis Mitternacht.<\/p>\n<p>Tickets: Tickets k\u00f6nnen online oder an der T\u00fcr gekauft werden. Fr\u00fchzeitige Buchung wird empfohlen, besonders am Wochenende.<\/p>\n<p>\u00d6ffentliche Verkehrsmittel: Leicht erreichbar \u00fcber die U-Bahn (U2, U5, U8 bis Alexanderplatz) oder S-Bahn (S3, S5, S7 bis Hackescher Markt).<\/p>\n<p>Barrierefreiheit: Die Ice Bar ist rollstuhlgerecht, und auf Anfrage steht Unterst\u00fctzung zur Verf\u00fcgung.<\/p>\n<h2 id=\"tipps\">Besucher- und Insidertipps<\/h2>\n<ul>\n<li>Beste Besuchszeiten: Um Menschenmassen zu vermeiden, besuche die Ice Bar fr\u00fch am Nachmittag oder sp\u00e4t am Abend.<\/li>\n<li>Warm anziehen: Auch wenn warme M\u00e4ntel und Handschuhe bereitgestellt werden, ist es ratsam, sich warm anzuziehen. Schichten sind empfehlenswert.<\/li>\n<li>Im Voraus buchen: Tickets sind oft ausverkauft, daher ist es klug, deinen Besuch im Voraus zu buchen, besonders zu Spitzenzeiten.<\/li>\n<li>Fotos planen: Die Ice Bar ist ein fantastischer Ort f\u00fcr Fotos, also lade dein Handy oder deine Kamera vorher auf.<\/li>\n<\/ul>\n<h2 id=\"faq\">H\u00e4ufig gestellte Fragen (FAQ)<\/h2>\n<p>Q: Wie kalt ist es in der Ice Bar?<br \/>\nA: Die Temperatur wird bei etwa -10\u00b0C gehalten, um das Eis zu erhalten.<\/p>\n<p>Q: Sind Kinder in der Ice Bar erlaubt?<br \/>\nA: Ja, Kinder sind willkommen, m\u00fcssen jedoch von einem Erwachsenen begleitet werden.<\/p>\n<p>Q: Kann ich in der Ice Bar Fotos machen?<br \/>\nA: Absolut! Fotografieren ist ausdr\u00fccklich erw\u00fcnscht, und es gibt zahlreiche Fotogelegenheiten.<\/p>\n<p>Q: Gibt es eine Zeitbegrenzung, wie lange ich in der Ice Bar bleiben kann?<br \/>\nA: Ja, jede Sitzung dauert typischerweise 45 Minuten, aber du kannst deine Zeit im Aufw\u00e4rmbereich vor oder nach deinem Besuch genie\u00dfen.<\/p>\n<p>Q: Muss ich Tickets im Voraus buchen?<br \/>\nA: Es ist zwar m\u00f6glich, Tickets an der T\u00fcr zu kaufen, aber es wird dringend empfohlen, im Voraus zu buchen, um deinen Platz zu sichern.<\/p>\n<h2 id=\"buchung\">Buche deinen Eintritt zur Ice Bar Berlin<\/h2>\n<p>Sichere dir deinen Eintritt zur Ice Bar Berlin und genie\u00dfe ein k\u00fchles Erlebnis mit kostenlosen Drinks. Vermeide lange Warteschlangen und sichere dir deinen Platz, indem du online buchst.<\/p>\n<p><a href=\"https:\/\/gyg.me\/aKihcCso\" target=\"_blank\" rel=\"noopener\">Buche jetzt dein Ticket<\/a><\/p>\n<p>[\/vc_column_text][\/vc_column][vc_column width=&#8220;1\/3&#8243;][vc_column_text]<\/p>\n<div data-gyg-href=\"https:\/\/widget.getyourguide.com\/default\/activities.frame\" data-gyg-locale-code=\"de-DE\" data-gyg-widget=\"activities\" data-gyg-number-of-items=\"4\" data-gyg-partner-id=\"OKFS1TT\" data-gyg-tour-ids=\"252492,685342,420002,538216\">Powered by <a href=\"https:\/\/www.getyourguide.com\/berlin-l17\/\" target=\"_blank\" rel=\"noopener sponsored\">GetYourGuide<\/a><\/div>\n<p>[\/vc_column_text][\/vc_column][\/vc_row]<\/p>\n","protected":false},"excerpt":{"rendered":"<p>[vc_row][vc_column width=&#8220;2\/3&#8243;][vc_single_image image=&#8220;1102&#8243; img_size=&#8220;large&#8220; alignment=&#8220;center&#8220; onclick=&#8220;custom_link&#8220; link=&#8220;https:\/\/gyg.me\/aKihcCso&#8220;][vc_column_text] Berlin Ice Bar: Entspanne mit coolen Drinks Inhaltsverzeichnis Einf\u00fchrung Was dich in der Berlin Ice Bar erwartet Top 5 Gr\u00fcnde f\u00fcr einen Besuch in der Ice Bar Praktische Informationen Besucher- und Insidertipps H\u00e4ufig gestellte Fragen (FAQ) Buche deinen Eintritt zur Ice Bar Berlin Einf\u00fchrung Die Berlin Ice Bar [&hellip;]<\/p>\n","protected":false},"author":1,"featured_media":0,"parent":0,"menu_order":0,"comment_status":"closed","ping_status":"closed","template":"","meta":{"_sitemap_exclude":false,"_sitemap_priority":"","_sitemap_frequency":"","site-sidebar-layout":"no-sidebar","site-content-layout":"plain-container","ast-site-content-layout":"default","site-content-style":"default","site-sidebar-style":"default","ast-global-header-display":"","ast-banner-title-visibility":"","ast-main-header-display":"","ast-hfb-above-header-display":"","ast-hfb-below-header-display":"","ast-hfb-mobile-header-display":"","site-post-title":"disabled","ast-breadcrumbs-content":"","ast-featured-img":"disabled","footer-sml-layout":"","ast-disable-related-posts":"","theme-transparent-header-meta":"default","adv-header-id-meta":"","stick-header-meta":"","header-above-stick-meta":"","header-main-stick-meta":"","header-below-stick-meta":"","astra-migrate-meta-layouts":"set","ast-page-background-enabled":"default","ast-page-background-meta":{"desktop":{"background-color":"var(--ast-global-color-4)","background-image":"","background-repeat":"repeat","background-position":"center center","background-size":"auto","background-attachment":"scroll","background-type":"","background-media":"","overlay-type":"","overlay-color":"","overlay-opacity":"","overlay-gradient":""},"tablet":{"background-color":"","background-image":"","background-repeat":"repeat","background-position":"center center","background-size":"auto","background-attachment":"scroll","background-type":"","background-media":"","overlay-type":"","overlay-color":"","overlay-opacity":"","overlay-gradient":""},"mobile":{"background-color":"","background-image":"","background-repeat":"repeat","background-position":"center center","background-size":"auto","background-attachment":"scroll","background-type":"","background-media":"","overlay-type":"","overlay-color":"","overlay-opacity":"","overlay-gradient":""}},"ast-content-background-meta":{"desktop":{"background-color":"var(--ast-global-color-5)","background-image":"","background-repeat":"repeat","background-position":"center center","background-size":"auto","background-attachment":"scroll","background-type":"","background-media":"","overlay-type":"","overlay-color":"","overlay-opacity":"","overlay-gradient":""},"tablet":{"background-color":"var(--ast-global-color-5)","background-image":"","background-repeat":"repeat","background-position":"center center","background-size":"auto","background-attachment":"scroll","background-type":"","background-media":"","overlay-type":"","overlay-color":"","overlay-opacity":"","overlay-gradient":""},"mobile":{"background-color":"var(--ast-global-color-5)","background-image":"","background-repeat":"repeat","background-position":"center center","background-size":"auto","background-attachment":"scroll","background-type":"","background-media":"","overlay-type":"","overlay-color":"","overlay-opacity":"","overlay-gradient":""}},"footnotes":""},"class_list":["post-1101","page","type-page","status-publish","hentry"],"_links":{"self":[{"href":"https:\/\/berlinwanderlust.com\/de\/wp-json\/wp\/v2\/pages\/1101","targetHints":{"allow":["GET"]}}],"collection":[{"href":"https:\/\/berlinwanderlust.com\/de\/wp-json\/wp\/v2\/pages"}],"about":[{"href":"https:\/\/berlinwanderlust.com\/de\/wp-json\/wp\/v2\/types\/page"}],"author":[{"embeddable":true,"href":"https:\/\/berlinwanderlust.com\/de\/wp-json\/wp\/v2\/users\/1"}],"replies":[{"embeddable":true,"href":"https:\/\/berlinwanderlust.com\/de\/wp-json\/wp\/v2\/comments?post=1101"}],"version-history":[{"count":0,"href":"https:\/\/berlinwanderlust.com\/de\/wp-json\/wp\/v2\/pages\/1101\/revisions"}],"wp:attachment":[{"href":"https:\/\/berlinwanderlust.com\/de\/wp-json\/wp\/v2\/media?parent=1101"}],"curies":[{"name":"wp","href":"https:\/\/api.w.org\/{rel}","templated":true}]}}