{"id":1080,"date":"2024-08-28T15:44:51","date_gmt":"2024-08-28T13:44:51","guid":{"rendered":"https:\/\/berlinwanderlust.com\/de\/?page_id=1080"},"modified":"2024-08-28T15:55:55","modified_gmt":"2024-08-28T13:55:55","slug":"reichstag-tour","status":"publish","type":"page","link":"https:\/\/berlinwanderlust.com\/de\/reichstag-tour\/","title":{"rendered":"Reichstag Tour"},"content":{"rendered":"<p>[vc_row][vc_column width=&#8220;2\/3&#8243;][vc_single_image image=&#8220;1082&#8243; img_size=&#8220;large&#8220; alignment=&#8220;center&#8220; onclick=&#8220;custom_link&#8220; link=&#8220;https:\/\/gyg.me\/9Ht3FLWR&#8220;][vc_column_text]<\/p>\n<h2><strong>Reichstag Tour: Entdecke das historische Herz Berlins<\/strong><\/h2>\n<h3><\/h3>\n<h3><strong>Inhaltsverzeichnis<\/strong><\/h3>\n<ol>\n<li><a href=\"https:\/\/berlinwanderlust.com\/de\/reichstag-tour\/#einfuehrung\" target=\"_new\" rel=\"noopener\">Einf\u00fchrung \u2013 Entdecke die reiche Geschichte des Reichstags<\/a><\/li>\n<li><a href=\"https:\/\/berlinwanderlust.com\/de\/reichstag-tour\/#bedeutung\" target=\"_new\" rel=\"noopener\">Die Bedeutung des Reichstags<\/a>\n<ul>\n<li><a href=\"https:\/\/berlinwanderlust.com\/de\/reichstag-tour\/#urspruenge\" target=\"_new\" rel=\"noopener\">Die Urspr\u00fcnge des Geb\u00e4udes<\/a><\/li>\n<li><a href=\"https:\/\/berlinwanderlust.com\/de\/reichstag-tour\/#brand\" target=\"_new\" rel=\"noopener\">Der Reichstagsbrand<\/a><\/li>\n<li><a href=\"https:\/\/berlinwanderlust.com\/de\/reichstag-tour\/#wiederaufbau\" target=\"_new\" rel=\"noopener\">Wiederaufbau und Modernisierung<\/a><\/li>\n<\/ul>\n<\/li>\n<li><a href=\"https:\/\/berlinwanderlust.com\/de\/reichstag-tour\/#kuppel-plenarsaal\" target=\"_new\" rel=\"noopener\">Die Kuppel und der Plenarsaal<\/a>\n<ul>\n<li><a href=\"https:\/\/berlinwanderlust.com\/de\/reichstag-tour\/#glaskuppel\" target=\"_new\" rel=\"noopener\">Die Glaskuppel: Ein Symbol der Transparenz<\/a><\/li>\n<li><a href=\"https:\/\/berlinwanderlust.com\/de\/reichstag-tour\/#plenarsaal\" target=\"_new\" rel=\"noopener\">Der Plenarsaal: Wo Geschichte geschrieben wird<\/a><\/li>\n<\/ul>\n<\/li>\n<li><a href=\"https:\/\/berlinwanderlust.com\/de\/reichstag-tour\/#warum-besuchen\" target=\"_new\" rel=\"noopener\">Warum du den Reichstag besuchen solltest<\/a><\/li>\n<li><a href=\"https:\/\/berlinwanderlust.com\/de\/reichstag-tour\/#jetzt-buchen\" target=\"_new\" rel=\"noopener\">Buche jetzt deine Reichstags-Plenarsaal-Tour<\/a><\/li>\n<\/ol>\n<hr \/>\n<h3><strong><a id=\"einfuehrung\"><\/a>Einf\u00fchrung \u2013 Entdecke die reiche Geschichte des Reichstags<\/strong><\/h3>\n<p>Der Reichstag, Berlins bekanntestes Wahrzeichen, steht im Mittelpunkt der turbulenten Geschichte Deutschlands. Vom Deutschen Kaiserreich bis zur modernen Bundesrepublik hat der Reichstag den Aufstieg und Fall von Regimen miterlebt und bleibt ein kraftvolles Symbol der Demokratie. Ob Geschichtsinteressierter oder neugieriger Reisender, diese Tour bietet dir die einzigartige Gelegenheit, eines der bedeutendsten Geb\u00e4ude der Welt zu erkunden.<\/p>\n<p><strong>Verpasse nicht dieses historische Erlebnis \u2013 <a href=\"https:\/\/gyg.me\/9Ht3FLWR\" target=\"_new\" rel=\"noopener\">buche jetzt deine Reichstags-Plenarsaal-Tour<\/a><\/strong>!<\/p>\n<h3><strong><a id=\"bedeutung\"><\/a>Die Bedeutung des Reichstags<\/strong><\/h3>\n<p>Die historische Bedeutung des Reichstags kann nicht hoch genug eingesch\u00e4tzt werden. Beim Gang durch seine Hallen sp\u00fcrst du das Gewicht der Ereignisse, die Deutschland und die Welt gepr\u00e4gt haben.<\/p>\n<h4><strong><a id=\"urspruenge\"><\/a>1. Die Urspr\u00fcnge des Geb\u00e4udes<\/strong><\/h4>\n<p>Der Reichstag wurde 1894 fertiggestellt und urspr\u00fcnglich entworfen, um den Reichstag des Deutschen Kaiserreichs zu beherbergen. Die Architektur des Geb\u00e4udes spiegelt die gro\u00dfen Ambitionen des neu vereinigten Deutschlands wider.<\/p>\n<h4><strong><a id=\"brand\"><\/a>2. Der Reichstagsbrand<\/strong><\/h4>\n<p>1933 wurde der Reichstag durch einen Brand schwer besch\u00e4digt, ein Ereignis, das eine entscheidende Rolle beim Aufstieg des NS-Regimes spielte. Dieses tragische Ereignis bleibt einer der umstrittensten Momente in der deutschen Geschichte.<\/p>\n<h4><strong><a id=\"wiederaufbau\"><\/a>3. Wiederaufbau und Modernisierung<\/strong><\/h4>\n<p>Nach dem Zweiten Weltkrieg lag der Reichstag in Tr\u00fcmmern, ein Symbol f\u00fcr den Untergang des Dritten Reichs. Erst in den 1990er Jahren wurde das Geb\u00e4ude vollst\u00e4ndig restauriert und modernisiert und dient seither wieder als Sitz des Deutschen Bundestages.<\/p>\n<h3><strong><a id=\"kuppel-plenarsaal\"><\/a>Die Kuppel und der Plenarsaal<\/strong><\/h3>\n<p>Ein Besuch im Reichstag ist ohne die Erkundung seiner beiden bekanntesten Merkmale \u2013 der Glaskuppel und des Plenarsaals \u2013 unvollst\u00e4ndig.<\/p>\n<h4><strong><a id=\"glaskuppel\"><\/a>1. Die Glaskuppel: Ein Symbol der Transparenz<\/strong><\/h4>\n<p>Die Glaskuppel des Reichstags, entworfen von Sir Norman Foster, symbolisiert die Transparenz der deutschen Regierung. Von oben genie\u00dft du atemberaubende Panoramablicke \u00fcber Berlin und erf\u00e4hrst durch eine interaktive Ausstellung mehr \u00fcber die Geschichte des Geb\u00e4udes.<\/p>\n<h4><strong><a id=\"plenarsaal\"><\/a>2. Der Plenarsaal: Wo Geschichte geschrieben wird<\/strong><\/h4>\n<p>Im Plenarsaal trifft sich der Deutsche Bundestag, um Gesetze zu debattieren und zu verabschieden. Hier wird die moderne deutsche Demokratie lebendig, und die Zukunft der Nation wird entschieden.<\/p>\n<h3><strong><a id=\"warum-besuchen\"><\/a>Warum du den Reichstag besuchen solltest<\/strong><\/h3>\n<p>Der Besuch des Reichstags ist mehr als nur eine Besichtigungstour; es ist eine Bildungserfahrung, die tiefe Einblicke in die deutsche Geschichte und Politik bietet. Ob du dich f\u00fcr Architektur, Geschichte oder Staatsf\u00fchrung interessierst, der Reichstag bietet f\u00fcr jeden etwas.<\/p>\n<p><strong>Erlebe diese einzigartige Kombination aus Geschichte und Moderne \u2013 <a href=\"https:\/\/gyg.me\/9Ht3FLWR\" target=\"_new\" rel=\"noopener\">buche jetzt deine Tour<\/a><\/strong>!<\/p>\n<h3><strong><a id=\"jetzt-buchen\"><\/a>Buche jetzt deine Reichstags-Plenarsaal-Tour<\/strong><\/h3>\n<p>Bereit, eines der wichtigsten Wahrzeichen Berlins zu erkunden? <a href=\"https:\/\/gyg.me\/9Ht3FLWR\" target=\"_new\" rel=\"noopener\">Buche jetzt deine Reichstags-Plenarsaal-Tour<\/a> und erweitere Dein Wissen \u00fcber die deutsche Geschichte. Unsere erfahrenen Guides f\u00fchren dich durch die faszinierende Vergangenheit und Gegenwart des Geb\u00e4udes und machen diese Tour zu einem unvergesslichen Erlebnis.<\/p>\n<hr \/>\n<p>[\/vc_column_text][\/vc_column][vc_column width=&#8220;1\/3&#8243;][vc_column_text][\/vc_column_text][vc_column_text]<\/p>\n<div data-gyg-href=\"https:\/\/widget.getyourguide.com\/default\/activities.frame\" data-gyg-locale-code=\"de-DE\" data-gyg-widget=\"activities\" data-gyg-number-of-items=\"5\" data-gyg-partner-id=\"OKFS1TT\" data-gyg-q=\"Reichstag\">Powered by <a href=\"https:\/\/www.getyourguide.com\/reichstag-l2701\/\" target=\"_blank\" rel=\"noopener sponsored\">GetYourGuide<\/a><\/div>\n<p>[\/vc_column_text][\/vc_column][\/vc_row]<\/p>\n","protected":false},"excerpt":{"rendered":"<p>[vc_row][vc_column width=&#8220;2\/3&#8243;][vc_single_image image=&#8220;1082&#8243; img_size=&#8220;large&#8220; alignment=&#8220;center&#8220; onclick=&#8220;custom_link&#8220; link=&#8220;https:\/\/gyg.me\/9Ht3FLWR&#8220;][vc_column_text] Reichstag Tour: Entdecke das historische Herz Berlins Inhaltsverzeichnis Einf\u00fchrung \u2013 Entdecke die reiche Geschichte des Reichstags Die Bedeutung des Reichstags Die Urspr\u00fcnge des Geb\u00e4udes Der Reichstagsbrand Wiederaufbau und Modernisierung Die Kuppel und der Plenarsaal Die Glaskuppel: Ein Symbol der Transparenz Der Plenarsaal: Wo Geschichte geschrieben wird Warum du [&hellip;]<\/p>\n","protected":false},"author":1,"featured_media":0,"parent":0,"menu_order":0,"comment_status":"closed","ping_status":"closed","template":"","meta":{"site-sidebar-layout":"no-sidebar","site-content-layout":"plain-container","ast-site-content-layout":"default","site-content-style":"default","site-sidebar-style":"default","ast-global-header-display":"","ast-banner-title-visibility":"","ast-main-header-display":"","ast-hfb-above-header-display":"","ast-hfb-below-header-display":"","ast-hfb-mobile-header-display":"","site-post-title":"disabled","ast-breadcrumbs-content":"","ast-featured-img":"disabled","footer-sml-layout":"","theme-transparent-header-meta":"default","adv-header-id-meta":"","stick-header-meta":"","header-above-stick-meta":"","header-main-stick-meta":"","header-below-stick-meta":"","astra-migrate-meta-layouts":"set","ast-page-background-enabled":"default","ast-page-background-meta":{"desktop":{"background-color":"var(--ast-global-color-4)","background-image":"","background-repeat":"repeat","background-position":"center center","background-size":"auto","background-attachment":"scroll","background-type":"","background-media":"","overlay-type":"","overlay-color":"","overlay-opacity":"","overlay-gradient":""},"tablet":{"background-color":"","background-image":"","background-repeat":"repeat","background-position":"center center","background-size":"auto","background-attachment":"scroll","background-type":"","background-media":"","overlay-type":"","overlay-color":"","overlay-opacity":"","overlay-gradient":""},"mobile":{"background-color":"","background-image":"","background-repeat":"repeat","background-position":"center center","background-size":"auto","background-attachment":"scroll","background-type":"","background-media":"","overlay-type":"","overlay-color":"","overlay-opacity":"","overlay-gradient":""}},"ast-content-background-meta":{"desktop":{"background-color":"var(--ast-global-color-5)","background-image":"","background-repeat":"repeat","background-position":"center center","background-size":"auto","background-attachment":"scroll","background-type":"","background-media":"","overlay-type":"","overlay-color":"","overlay-opacity":"","overlay-gradient":""},"tablet":{"background-color":"var(--ast-global-color-5)","background-image":"","background-repeat":"repeat","background-position":"center center","background-size":"auto","background-attachment":"scroll","background-type":"","background-media":"","overlay-type":"","overlay-color":"","overlay-opacity":"","overlay-gradient":""},"mobile":{"background-color":"var(--ast-global-color-5)","background-image":"","background-repeat":"repeat","background-position":"center center","background-size":"auto","background-attachment":"scroll","background-type":"","background-media":"","overlay-type":"","overlay-color":"","overlay-opacity":"","overlay-gradient":""}},"footnotes":""},"class_list":["post-1080","page","type-page","status-publish","hentry"],"aioseo_notices":[],"_links":{"self":[{"href":"https:\/\/berlinwanderlust.com\/de\/wp-json\/wp\/v2\/pages\/1080","targetHints":{"allow":["GET"]}}],"collection":[{"href":"https:\/\/berlinwanderlust.com\/de\/wp-json\/wp\/v2\/pages"}],"about":[{"href":"https:\/\/berlinwanderlust.com\/de\/wp-json\/wp\/v2\/types\/page"}],"author":[{"embeddable":true,"href":"https:\/\/berlinwanderlust.com\/de\/wp-json\/wp\/v2\/users\/1"}],"replies":[{"embeddable":true,"href":"https:\/\/berlinwanderlust.com\/de\/wp-json\/wp\/v2\/comments?post=1080"}],"version-history":[{"count":0,"href":"https:\/\/berlinwanderlust.com\/de\/wp-json\/wp\/v2\/pages\/1080\/revisions"}],"wp:attachment":[{"href":"https:\/\/berlinwanderlust.com\/de\/wp-json\/wp\/v2\/media?parent=1080"}],"curies":[{"name":"wp","href":"https:\/\/api.w.org\/{rel}","templated":true}]}}