{"id":1076,"date":"2024-08-27T16:02:32","date_gmt":"2024-08-27T14:02:32","guid":{"rendered":"https:\/\/berlinwanderlust.com\/de\/?page_id=1076"},"modified":"2024-08-27T16:02:32","modified_gmt":"2024-08-27T14:02:32","slug":"dritte-reich-rundgang","status":"publish","type":"page","link":"https:\/\/berlinwanderlust.com\/de\/dritte-reich-rundgang\/","title":{"rendered":"Dritte Reich Rundgang"},"content":{"rendered":"<p>[vc_row][vc_column width=&#8220;2\/3&#8243;][vc_column_text].[\/vc_column_text][vc_single_image image=&#8220;1077&#8243; img_size=&#8220;large&#8220; alignment=&#8220;center&#8220;][vc_column_text]<\/p>\n<h2><strong>Berlin: Rundgang durch das Dritte Reich und den Kalten Krieg<\/strong><\/h2>\n<p>&nbsp;<\/p>\n<h3><strong>Inhaltsverzeichnis<\/strong><\/h3>\n<ol>\n<li><a href=\"https:\/\/berlinwanderlust.com\/de\/dritte-reich-rundgang\/#einfuehrung\" target=\"_new\" rel=\"noopener\">Einf\u00fchrung \u2013 Eine Reise durch die Geschichte Berlins<\/a><\/li>\n<li><a href=\"https:\/\/berlinwanderlust.com\/de\/dritte-reich-rundgang\/#drittes-reich\" target=\"_new\" rel=\"noopener\">Stationen des Dritten Reichs in Berlin<\/a>\n<ul>\n<li><a href=\"https:\/\/berlinwanderlust.com\/de\/dritte-reich-rundgang\/#luftfahrtministerium\" target=\"_new\" rel=\"noopener\">Das Reichsluftfahrtministerium<\/a><\/li>\n<li><a href=\"https:\/\/berlinwanderlust.com\/de\/dritte-reich-rundgang\/#topographie\" target=\"_new\" rel=\"noopener\">Topographie des Terrors<\/a><\/li>\n<li><a href=\"https:\/\/berlinwanderlust.com\/de\/dritte-reich-rundgang\/#fuehrerbunker\" target=\"_new\" rel=\"noopener\">Der F\u00fchrerbunker<\/a><\/li>\n<\/ul>\n<\/li>\n<li><a href=\"https:\/\/berlinwanderlust.com\/de\/dritte-reich-rundgang\/#kalter-krieg\" target=\"_new\" rel=\"noopener\">Stationen des Kalten Krieges in Berlin<\/a>\n<ul>\n<li><a href=\"https:\/\/berlinwanderlust.com\/de\/dritte-reich-rundgang\/#checkpoint-charlie\" target=\"_new\" rel=\"noopener\">Die Berliner Mauer und Checkpoint Charlie<\/a><\/li>\n<li><a href=\"https:\/\/berlinwanderlust.com\/de\/dritte-reich-rundgang\/#traenenpalast\" target=\"_new\" rel=\"noopener\">Der Tr\u00e4nenpalast<\/a><\/li>\n<li><a href=\"https:\/\/berlinwanderlust.com\/de\/dritte-reich-rundgang\/#stasi-museum\" target=\"_new\" rel=\"noopener\">Das Stasi-Museum<\/a><\/li>\n<\/ul>\n<\/li>\n<li><a href=\"https:\/\/berlinwanderlust.com\/de\/dritte-reich-rundgang\/#warum-rundgang\" target=\"_new\" rel=\"noopener\">Warum dieser Rundgang?<\/a><\/li>\n<li><a href=\"https:\/\/berlinwanderlust.com\/de\/dritte-reich-rundgang\/#buchen\" target=\"_new\" rel=\"noopener\">Jetzt Ihren Rundgang buchen<\/a><\/li>\n<\/ol>\n<hr \/>\n<h3><strong><a id=\"einfuehrung\"><\/a>Einf\u00fchrung \u2013 Eine Reise durch die Geschichte Berlins<\/strong><\/h3>\n<p>Berlin, die Stadt, die wie keine andere die Spuren des Dritten Reichs und des Kalten Krieges in sich tr\u00e4gt, l\u00e4dt Sie ein, auf eine faszinierende und lehrreiche Reise durch die Geschichte zu gehen. Dieser Rundgang bietet Ihnen die M\u00f6glichkeit, in die d\u00fcstersten Kapitel des 20. Jahrhunderts einzutauchen und dabei die Orte zu besuchen, die die Weltgeschichte pr\u00e4gten. Ob Geschichtsinteressierte oder neugierige Besucher \u2013 dieser Rundgang durch Berlin wird Sie tief beeindrucken und nachhaltig ber\u00fchren.<\/p>\n<p><strong>Entdecken Sie Berlin von einer anderen Seite und <a href=\"https:\/\/gyg.me\/bsYTMSf6\" target=\"_new\" rel=\"noopener\">buchen Sie jetzt Ihren Rundgang<\/a><\/strong>!<\/p>\n<h3><strong><a id=\"drittes-reich\"><\/a>Stationen des Dritten Reichs in Berlin<\/strong><\/h3>\n<p>Die \u00c4ra des Dritten Reichs hinterlie\u00df unausl\u00f6schliche Spuren in Berlin. Der Rundgang beginnt mit den symboltr\u00e4chtigsten Orten dieser Zeit.<\/p>\n<h4><strong><a id=\"luftfahrtministerium\"><\/a>1. Das Reichsluftfahrtministerium<\/strong><\/h4>\n<p>Das monumentale Geb\u00e4ude des ehemaligen Reichsluftfahrtministeriums, das heute als Bundesministerium der Finanzen dient, war eines der ersten Gro\u00dfprojekte des NS-Regimes und ist ein eindrucksvolles Zeugnis der nationalsozialistischen Architektur.<\/p>\n<h4><strong><a id=\"topographie\"><\/a>2. Topographie des Terrors<\/strong><\/h4>\n<p>An der Stelle, an der sich einst die Zentralen der Gestapo und SS befanden, bietet die \u201eTopographie des Terrors\u201c heute eine eindrucksvolle Ausstellung \u00fcber die Verbrechen des NS-Regimes.<\/p>\n<h4><strong><a id=\"fuehrerbunker\"><\/a>3. Der F\u00fchrerbunker<\/strong><\/h4>\n<p>Ein unscheinbarer Parkplatz markiert heute die Stelle des ehemaligen F\u00fchrerbunkers, in dem Adolf Hitler seine letzten Tage verbrachte. Hier endet die Reise in die dunkle Vergangenheit des Dritten Reichs.<\/p>\n<h3><strong><a id=\"kalter-krieg\"><\/a>Stationen des Kalten Krieges in Berlin<\/strong><\/h3>\n<p>Nach dem Zweiten Weltkrieg wurde Berlin zum Schauplatz des Kalten Krieges. Entdecken Sie die Orte, an denen die Welt an der Schwelle zu einem neuen Konflikt stand.<\/p>\n<h4><strong><a id=\"checkpoint-charlie\"><\/a>1. Die Berliner Mauer und Checkpoint Charlie<\/strong><\/h4>\n<p>Kein anderer Ort symbolisiert den Kalten Krieg so wie die Berliner Mauer und der Checkpoint Charlie, der einst wichtigste Grenz\u00fcbergang zwischen Ost- und Westberlin.<\/p>\n<h4><strong><a id=\"traenenpalast\"><\/a>2. Der Tr\u00e4nenpalast<\/strong><\/h4>\n<p>Am Tr\u00e4nenpalast verabschiedeten sich DDR-B\u00fcrger von ihren Verwandten aus dem Westen. Heute erinnert eine Ausstellung an die bewegenden Geschichten, die sich hier abgespielt haben.<\/p>\n<h4><strong><a id=\"stasi-museum\"><\/a>3. Das Stasi-Museum<\/strong><\/h4>\n<p>Das ehemalige Hauptquartier der DDR-Staatssicherheit \u00f6ffnet seine T\u00fcren und gibt Ihnen einen Einblick in die finsteren Methoden der Stasi w\u00e4hrend des Kalten Krieges.<\/p>\n<h3><strong><a id=\"warum-rundgang\"><\/a>Warum dieser Rundgang?<\/strong><\/h3>\n<p>Dieser Rundgang durch Berlin ist nicht nur eine Reise durch die Geschichte, sondern auch eine Gelegenheit, die Vergangenheit zu verstehen und daraus zu lernen. Die eindrucksvollen Geschichten und Orte machen diese Tour zu einem unvergesslichen Erlebnis. Ob Sie die Geschichte Berlins kennen oder nicht \u2013 diese Tour bietet f\u00fcr jeden eine wertvolle Perspektive.<\/p>\n<p><strong>Nutzen Sie die Gelegenheit und <a href=\"https:\/\/gyg.me\/bsYTMSf6\" target=\"_new\" rel=\"noopener\">buchen Sie jetzt Ihren Rundgang<\/a><\/strong>, um Berlin aus einem neuen Blickwinkel zu erleben.<\/p>\n<h3><strong><a id=\"buchen\"><\/a>Jetzt Ihren Rundgang buchen<\/strong><\/h3>\n<p>Bereit, Berlin auf eine ganz neue Art zu entdecken? Dann <a href=\"https:\/\/gyg.me\/bsYTMSf6\" target=\"_new\" rel=\"noopener\">buchen Sie jetzt Ihren Rundgang durch das Dritte Reich und den Kalten Krieg<\/a> und erleben Sie die Geschichte hautnah. Unsere erfahrenen Guides f\u00fchren Sie zu den bedeutendsten Orten, die die Weltgeschichte pr\u00e4gten, und lassen die Vergangenheit lebendig werden.[\/vc_column_text][\/vc_column][vc_column width=&#8220;1\/3&#8243;][vc_column_text][\/vc_column_text][vc_column_text][\/vc_column_text][vc_column_text]<\/p>\n<div data-gyg-href=\"https:\/\/widget.getyourguide.com\/default\/activities.frame\" data-gyg-locale-code=\"de-DE\" data-gyg-widget=\"activities\" data-gyg-number-of-items=\"3\" data-gyg-partner-id=\"OKFS1TT\" data-gyg-q=\"berlin kalter krieg\">Powered by <a href=\"https:\/\/www.getyourguide.com\/-t42849\" target=\"_blank\" rel=\"noopener sponsored\">GetYourGuide<\/a><\/div>\n<p>[\/vc_column_text][\/vc_column][\/vc_row]<\/p>\n","protected":false},"excerpt":{"rendered":"<p>[vc_row][vc_column width=&#8220;2\/3&#8243;][vc_column_text].[\/vc_column_text][vc_single_image image=&#8220;1077&#8243; img_size=&#8220;large&#8220; alignment=&#8220;center&#8220;][vc_column_text] Berlin: Rundgang durch das Dritte Reich und den Kalten Krieg &nbsp; Inhaltsverzeichnis Einf\u00fchrung \u2013 Eine Reise durch die Geschichte Berlins Stationen des Dritten Reichs in Berlin Das Reichsluftfahrtministerium Topographie des Terrors Der F\u00fchrerbunker Stationen des Kalten Krieges in Berlin Die Berliner Mauer und Checkpoint Charlie Der Tr\u00e4nenpalast Das Stasi-Museum Warum [&hellip;]<\/p>\n","protected":false},"author":1,"featured_media":0,"parent":0,"menu_order":0,"comment_status":"closed","ping_status":"closed","template":"","meta":{"site-sidebar-layout":"no-sidebar","site-content-layout":"plain-container","ast-site-content-layout":"default","site-content-style":"default","site-sidebar-style":"default","ast-global-header-display":"","ast-banner-title-visibility":"","ast-main-header-display":"","ast-hfb-above-header-display":"","ast-hfb-below-header-display":"","ast-hfb-mobile-header-display":"","site-post-title":"disabled","ast-breadcrumbs-content":"","ast-featured-img":"disabled","footer-sml-layout":"","ast-disable-related-posts":"","theme-transparent-header-meta":"default","adv-header-id-meta":"","stick-header-meta":"","header-above-stick-meta":"","header-main-stick-meta":"","header-below-stick-meta":"","astra-migrate-meta-layouts":"set","ast-page-background-enabled":"default","ast-page-background-meta":{"desktop":{"background-color":"var(--ast-global-color-4)","background-image":"","background-repeat":"repeat","background-position":"center center","background-size":"auto","background-attachment":"scroll","background-type":"","background-media":"","overlay-type":"","overlay-color":"","overlay-opacity":"","overlay-gradient":""},"tablet":{"background-color":"","background-image":"","background-repeat":"repeat","background-position":"center center","background-size":"auto","background-attachment":"scroll","background-type":"","background-media":"","overlay-type":"","overlay-color":"","overlay-opacity":"","overlay-gradient":""},"mobile":{"background-color":"","background-image":"","background-repeat":"repeat","background-position":"center center","background-size":"auto","background-attachment":"scroll","background-type":"","background-media":"","overlay-type":"","overlay-color":"","overlay-opacity":"","overlay-gradient":""}},"ast-content-background-meta":{"desktop":{"background-color":"var(--ast-global-color-5)","background-image":"","background-repeat":"repeat","background-position":"center center","background-size":"auto","background-attachment":"scroll","background-type":"","background-media":"","overlay-type":"","overlay-color":"","overlay-opacity":"","overlay-gradient":""},"tablet":{"background-color":"var(--ast-global-color-5)","background-image":"","background-repeat":"repeat","background-position":"center center","background-size":"auto","background-attachment":"scroll","background-type":"","background-media":"","overlay-type":"","overlay-color":"","overlay-opacity":"","overlay-gradient":""},"mobile":{"background-color":"var(--ast-global-color-5)","background-image":"","background-repeat":"repeat","background-position":"center center","background-size":"auto","background-attachment":"scroll","background-type":"","background-media":"","overlay-type":"","overlay-color":"","overlay-opacity":"","overlay-gradient":""}},"footnotes":""},"class_list":["post-1076","page","type-page","status-publish","hentry"],"aioseo_notices":[],"_links":{"self":[{"href":"https:\/\/berlinwanderlust.com\/de\/wp-json\/wp\/v2\/pages\/1076","targetHints":{"allow":["GET"]}}],"collection":[{"href":"https:\/\/berlinwanderlust.com\/de\/wp-json\/wp\/v2\/pages"}],"about":[{"href":"https:\/\/berlinwanderlust.com\/de\/wp-json\/wp\/v2\/types\/page"}],"author":[{"embeddable":true,"href":"https:\/\/berlinwanderlust.com\/de\/wp-json\/wp\/v2\/users\/1"}],"replies":[{"embeddable":true,"href":"https:\/\/berlinwanderlust.com\/de\/wp-json\/wp\/v2\/comments?post=1076"}],"version-history":[{"count":0,"href":"https:\/\/berlinwanderlust.com\/de\/wp-json\/wp\/v2\/pages\/1076\/revisions"}],"wp:attachment":[{"href":"https:\/\/berlinwanderlust.com\/de\/wp-json\/wp\/v2\/media?parent=1076"}],"curies":[{"name":"wp","href":"https:\/\/api.w.org\/{rel}","templated":true}]}}