{"id":1035,"date":"2024-05-27T10:29:16","date_gmt":"2024-05-27T08:29:16","guid":{"rendered":"https:\/\/berlinwanderlust.com\/de\/?page_id=1035"},"modified":"2024-05-27T10:38:31","modified_gmt":"2024-05-27T08:38:31","slug":"zug","status":"publish","type":"page","link":"https:\/\/berlinwanderlust.com\/de\/verkehrsmittel\/zug\/","title":{"rendered":"Zug"},"content":{"rendered":"<p>[vc_row][vc_column width=&#8220;2\/3&#8243;][vc_column_text]<\/p>\n<h1 class=\"whitespace-pre-wrap break-words\">Mit dem Zug nach Berlin &#8211; Eine entspannte Anreise in die Hauptstadt<\/h1>\n<p class=\"whitespace-pre-wrap break-words\">Inhaltsverzeichnis:<\/p>\n<ol class=\"list-decimal pl-8 space-y-2 -mt-1\">\n<li class=\"whitespace-normal break-words\"><a href=\"#anreise-deutschland\">Die Anreise ab Deutschland<\/a><\/li>\n<li class=\"whitespace-normal break-words\"><a href=\"#bahnreise-ausland\">Die Bahnanreise aus dem Ausland<\/a><\/li>\n<li class=\"whitespace-normal break-words\"><a href=\"#zob\">Die Zentralen Bahnh\u00f6fe in Berlin<\/a><\/li>\n<li class=\"whitespace-normal break-words\"><a href=\"#berlin-abo\">Das Berlin ABO und die Berlin Welcome Card<\/a><\/li>\n<\/ol>\n<p class=\"whitespace-pre-wrap break-words\">Berlin ist nicht nur ein beeindruckendes Reiseziel, sondern l\u00e4sst sich auch auf besonders nachhaltige und komfortable Art und Weise erreichen &#8211; mit der Bahn. Egal ob du aus einer anderen deutschen Stadt oder aus dem europ\u00e4ischen Ausland anreist, der Zug bringt dich umweltfreundlich und meist ohne Umsteigestress in die pulsierende Metropole. Lehne dich bei der Fahrt entspannt zur\u00fcck und lass dich von den Vorz\u00fcgen des Bahnreisens \u00fcberzeugen.<\/p>\n<p>&nbsp;<\/p>\n<h2 id=\"anreise-deutschland\" class=\"font-bold\">Die Anreise ab Deutschland<\/h2>\n<p class=\"whitespace-pre-wrap break-words\">Deutschland verf\u00fcgt \u00fcber ein exzellentes Fernverkehrsnetz mit zahlreichen Direktverbindungen nach Berlin. Die Deutsche Bahn und ihre Partnerunternehmen bieten von nahezu jeder gr\u00f6\u00dferen Stadt zuverl\u00e4ssige und h\u00e4ufige Zugverbindungen an. Aus Hamburg, M\u00fcnchen, Frankfurt oder K\u00f6ln erreichst du Berlin in nur wenigen Stunden. Die komfortablen ICE- und IC-Z\u00fcge machen die Reise zu einem Vergn\u00fcgen.<\/p>\n<p class=\"whitespace-pre-wrap break-words\">Besonders beliebt ist die Strecke Berlin &#8211; Hamburg, die du in knapp 1,5 Stunden zur\u00fccklegen kannst. Von M\u00fcnchen aus dauert es rund 4 Stunden bis nach Berlin. Von K\u00f6ln ben\u00f6tigst du ca. 4,5 Stunden und aus Frankfurt bist du in 3 Stunden und 50 Minuten am Ziel. Regional- und Regionalexpressz\u00fcge bringen dich aus den umliegenden St\u00e4dten wie Potsdam, Leipzig oder Rostock unkompliziert in die Hauptstadt.<\/p>\n<p class=\"whitespace-pre-wrap break-words\">&lt;a id=&#8220;2&#8243;&gt;&lt;\/a&gt;<\/p>\n<h3 id=\"bahnreise-ausland\" class=\"font-bold\">Die Bahnanreise aus dem Ausland<\/h3>\n<p class=\"whitespace-pre-wrap break-words\">Berlin ist auch von vielen europ\u00e4ischen Metropolen aus ideal mit dem Zug zu erreichen. Mit dem Eurostar gelangst du von London \u00fcber Br\u00fcssel und Rotterdam in rund 8 Stunden nach Berlin. Aus Paris verbinden TGV-Z\u00fcge die beiden Hauptst\u00e4dte auf direktem Weg in etwas mehr als 8 Stunden. Selbst aus fernen St\u00e4dten wie Barcelona erreichst du Berlin per Zug in rund 14 Stunden.<\/p>\n<p class=\"whitespace-pre-wrap break-words\">Aus den Nachbarl\u00e4ndern ist die Anreise besonders unkompliziert. Hochgeschwindigkeitsz\u00fcge wie der Thalys, ICE und TGV gelangen komfortabel von Br\u00fcssel, Amsterdam oder Paris nach Berlin. Aus \u00d6sterreich bringt dich der Railjet in ca. 8 Stunden per Direktverbindung aus Wien nach Berlin. Prag ist in rund 4,5 Stunden erreichbar.<\/p>\n<p class=\"whitespace-pre-wrap break-words\">&lt;a id=&#8220;3&#8243;&gt;&lt;\/a&gt;<\/p>\n<h3 id=\"zob\" class=\"font-bold\">Die Zentralen Bahnh\u00f6fe in Berlin<\/h3>\n<p class=\"whitespace-pre-wrap break-words\">Berlin beeindruckt mit mehreren gro\u00dfen Fernbahnh\u00f6fen, bei denen die meisten Fern- und Regionalz\u00fcge halten. Der Berliner Hauptbahnhof ist der zentrale Knotenpunkt im Herzen der Stadt. Von hier hast du direkten Anschluss zur S-Bahn, U-Bahn und Stra\u00dfenbahn in alle Stadtteile. Ebenfalls von gro\u00dfer Bedeutung ist der Bahnhof Berlin Gesundbrunnen, an dem viele Regionalz\u00fcge aus Norddeutschland ankommen.<\/p>\n<p class=\"whitespace-pre-wrap break-words\">Andere wichtige Bahnh\u00f6fe sind der Ostbahnhof f\u00fcr Z\u00fcge aus Polen und der S\u00fcdkreuz f\u00fcr Verbindungen aus Richtung M\u00fcnchen und Prag. Auch die Bahnh\u00f6fe Friedrichstra\u00dfe, Alexanderplatz und Zoologischer Garten sind wichtige Verkehrsknotenpunkte f\u00fcr Nah- und Fernverkehrsz\u00fcge.<\/p>\n<p class=\"whitespace-pre-wrap break-words\">&lt;a id=&#8220;4&#8243;&gt;&lt;\/a&gt;<\/p>\n<h3 id=\"berlin-abo\" class=\"font-bold\">Das Berlin ABO und die Berlin Welcome Card<\/h3>\n<p class=\"whitespace-pre-wrap break-words\">Ein gro\u00dfer Vorteil der Bahnreise nach Berlin ist, dass du mit dem Berlin ABO oder der Berlin Welcome Card Nahverkehr und Attraktionen zum Vorteilspreis b\u00fcndeln kannst. Beide Angebote sind online und an Bahnschaltern in Deutschland erh\u00e4ltlich.<\/p>\n<p class=\"whitespace-pre-wrap break-words\">Das Berlin ABO kombiniert deine Bahnanreise mit einem Ticket f\u00fcr den \u00f6ffentlichen Nahverkehr in Berlin ab 22,90 Euro. Die <strong><a href=\"https:\/\/gyg.me\/dAkB0hNf\" target=\"_blank\" rel=\"noopener\">Berlin Welcome Card<\/a><\/strong> enth\u00e4lt ebenfalls ein Nahverkehrsticket und gew\u00e4hrt dir zus\u00e4tzlich \u00fcber 200 Erm\u00e4\u00dfigungen f\u00fcr Attraktionen. Sie ist in verschiedenen Laufzeiten verf\u00fcgbar und lohnt sich bereits nach wenigen Nutzungen.<\/p>\n<p class=\"whitespace-pre-wrap break-words\">Mit dem Zug kommst du nicht nur komfortabel und umweltfreundlich in Berlin an, du sparst dank intelligenter Kombitickets auch noch bares Geld. Genie\u00dfe nach der entspannten Fahrt die Vorz\u00fcge der ausgezeichneten Anbindung des Berliner Nahverkehrsnetzes und erkundige direkt die zahlreichen Sehensw\u00fcrdigkeiten in der Stadt.<\/p>\n<p>[\/vc_column_text][\/vc_column][vc_column width=&#8220;1\/3&#8243;][vc_column_text]<\/p>\n<div data-gyg-href=\"https:\/\/widget.getyourguide.com\/default\/activities.frame\" data-gyg-locale-code=\"de-DE\" data-gyg-widget=\"activities\" data-gyg-number-of-items=\"3\" data-gyg-partner-id=\"OKFS1TT\" data-gyg-q=\"Berlin WelcomeCard\">Powered by <a href=\"https:\/\/www.getyourguide.com\/-t6045\" target=\"_blank\" rel=\"noopener sponsored\">GetYourGuide<\/a><\/div>\n<p>[\/vc_column_text][\/vc_column][\/vc_row]<\/p>\n","protected":false},"excerpt":{"rendered":"<p>[vc_row][vc_column width=&#8220;2\/3&#8243;][vc_column_text] Mit dem Zug nach Berlin &#8211; Eine entspannte Anreise in die Hauptstadt Inhaltsverzeichnis: Die Anreise ab Deutschland Die Bahnanreise aus dem Ausland Die Zentralen Bahnh\u00f6fe in Berlin Das Berlin ABO und die Berlin Welcome Card Berlin ist nicht nur ein beeindruckendes Reiseziel, sondern l\u00e4sst sich auch auf besonders nachhaltige und komfortable Art und [&hellip;]<\/p>\n","protected":false},"author":1,"featured_media":0,"parent":150,"menu_order":0,"comment_status":"closed","ping_status":"closed","template":"","meta":{"_sitemap_exclude":false,"_sitemap_priority":"","_sitemap_frequency":"","site-sidebar-layout":"no-sidebar","site-content-layout":"plain-container","ast-site-content-layout":"default","site-content-style":"default","site-sidebar-style":"default","ast-global-header-display":"","ast-banner-title-visibility":"","ast-main-header-display":"","ast-hfb-above-header-display":"","ast-hfb-below-header-display":"","ast-hfb-mobile-header-display":"","site-post-title":"disabled","ast-breadcrumbs-content":"","ast-featured-img":"disabled","footer-sml-layout":"","ast-disable-related-posts":"","theme-transparent-header-meta":"default","adv-header-id-meta":"","stick-header-meta":"","header-above-stick-meta":"","header-main-stick-meta":"","header-below-stick-meta":"","astra-migrate-meta-layouts":"set","ast-page-background-enabled":"default","ast-page-background-meta":{"desktop":{"background-color":"var(--ast-global-color-4)","background-image":"","background-repeat":"repeat","background-position":"center center","background-size":"auto","background-attachment":"scroll","background-type":"","background-media":"","overlay-type":"","overlay-color":"","overlay-opacity":"","overlay-gradient":""},"tablet":{"background-color":"","background-image":"","background-repeat":"repeat","background-position":"center center","background-size":"auto","background-attachment":"scroll","background-type":"","background-media":"","overlay-type":"","overlay-color":"","overlay-opacity":"","overlay-gradient":""},"mobile":{"background-color":"","background-image":"","background-repeat":"repeat","background-position":"center center","background-size":"auto","background-attachment":"scroll","background-type":"","background-media":"","overlay-type":"","overlay-color":"","overlay-opacity":"","overlay-gradient":""}},"ast-content-background-meta":{"desktop":{"background-color":"var(--ast-global-color-5)","background-image":"","background-repeat":"repeat","background-position":"center center","background-size":"auto","background-attachment":"scroll","background-type":"","background-media":"","overlay-type":"","overlay-color":"","overlay-opacity":"","overlay-gradient":""},"tablet":{"background-color":"var(--ast-global-color-5)","background-image":"","background-repeat":"repeat","background-position":"center center","background-size":"auto","background-attachment":"scroll","background-type":"","background-media":"","overlay-type":"","overlay-color":"","overlay-opacity":"","overlay-gradient":""},"mobile":{"background-color":"var(--ast-global-color-5)","background-image":"","background-repeat":"repeat","background-position":"center center","background-size":"auto","background-attachment":"scroll","background-type":"","background-media":"","overlay-type":"","overlay-color":"","overlay-opacity":"","overlay-gradient":""}},"footnotes":""},"class_list":["post-1035","page","type-page","status-publish","hentry"],"_links":{"self":[{"href":"https:\/\/berlinwanderlust.com\/de\/wp-json\/wp\/v2\/pages\/1035","targetHints":{"allow":["GET"]}}],"collection":[{"href":"https:\/\/berlinwanderlust.com\/de\/wp-json\/wp\/v2\/pages"}],"about":[{"href":"https:\/\/berlinwanderlust.com\/de\/wp-json\/wp\/v2\/types\/page"}],"author":[{"embeddable":true,"href":"https:\/\/berlinwanderlust.com\/de\/wp-json\/wp\/v2\/users\/1"}],"replies":[{"embeddable":true,"href":"https:\/\/berlinwanderlust.com\/de\/wp-json\/wp\/v2\/comments?post=1035"}],"version-history":[{"count":0,"href":"https:\/\/berlinwanderlust.com\/de\/wp-json\/wp\/v2\/pages\/1035\/revisions"}],"up":[{"embeddable":true,"href":"https:\/\/berlinwanderlust.com\/de\/wp-json\/wp\/v2\/pages\/150"}],"wp:attachment":[{"href":"https:\/\/berlinwanderlust.com\/de\/wp-json\/wp\/v2\/media?parent=1035"}],"curies":[{"name":"wp","href":"https:\/\/api.w.org\/{rel}","templated":true}]}}