{"id":1031,"date":"2024-05-23T16:55:26","date_gmt":"2024-05-23T14:55:26","guid":{"rendered":"https:\/\/berlinwanderlust.com\/de\/?page_id=1031"},"modified":"2024-05-23T16:55:54","modified_gmt":"2024-05-23T14:55:54","slug":"berlin-welcome-card","status":"publish","type":"page","link":"https:\/\/berlinwanderlust.com\/de\/berlin-welcome-card\/","title":{"rendered":"Berlin Welcome Card"},"content":{"rendered":"<p>[vc_row][vc_column width=&#8220;2\/3&#8243;][vc_column_text]<\/p>\n<div class=\"font-claude-message pr-4 md:pr-9 relative overflow-x-auto leading-[1.65rem] [&amp;_pre&gt;div]:bg-bg-300 [&amp;_pre]:-mr-4 md:[&amp;_pre]:-mr-9\">\n<div class=\"grid grid-col-1 gap-2.5 [&amp;_&gt;_*]:min-w-0\">\n<h1 class=\"whitespace-pre-wrap break-words\">Die Berlin Welcome Card &#8211; Dein Schl\u00fcssel zur Hauptstadt<\/h1>\n<p class=\"whitespace-pre-wrap break-words\">Grenzenlose Mobilit\u00e4t Mit der <a href=\"https:\/\/gyg.me\/dAkB0hNf\"><strong>Berlin Welcome Card<\/strong> <\/a>kannst du das gesamte Nahverkehrsnetz der BVG und S-Bahn in Berlin und dem unmittelbaren Umland nutzen &#8211; so oft du m\u00f6chtest. Ob du mit der U-Bahn, Bus oder Stra\u00dfenbahn f\u00e4hrst, deine Welcome Card ist dein Ticket f\u00fcr eine stressfreie Fortbewegung. Lass das Auto stehen und genie\u00dfe die Vorz\u00fcge des hervorragenden \u00f6ffentlichen Verkehrsnetzes Berlins.<\/p>\n<h2 class=\"whitespace-pre-wrap break-words\">\u00dcber 200 Rabatte und Gratis-Highlights<\/h2>\n<p class=\"whitespace-pre-wrap break-words\">Doch die Berlin Welcome Card ist viel mehr als nur ein Nahverkehrsticket. Sie berechtigt dich zu \u00fcber 200 Rabatten und Gratisleistungen in Museen, Ausstellungen, auf Stadtrundfahrten und weiteren Attraktionen. Erspare dir die langen Warteschlangen und nutze die bevorzugten Eing\u00e4nge zahlreicher Sehensw\u00fcrdigkeiten wie dem Deutschen Historischen Museum, dem Charlottenburg Palace oder der East Side Gallery.<\/p>\n<p class=\"whitespace-pre-wrap break-words\">F\u00fcr Kulturliebhaber gibt es Erm\u00e4\u00dfigungen in renommierten Museen wie der Alten Nationalgalerie, dem Bode-Museum und dem Neuen Museum. Bist du ein Fan der Unterwasserwelt, kommen die Rabatte f\u00fcr das SEA LIFE Berlin und das Aquarium Berlin gerade richtig.<\/p>\n<p class=\"whitespace-pre-wrap break-words\">Familien sch\u00e4tzen die kostenlosen Eintritte f\u00fcr Kinder in vielen Einrichtungen sowie die Rabatte auf Tages- und Stadtrundfahrten. Eine Schiffstour auf der Spree oder Rundfahrten wie die Berlin City Tour Mitte geh\u00f6ren zu den bequemen M\u00f6glichkeiten, die H\u00f6hepunkte Berlins zu erkunden.<\/p>\n<h3 class=\"whitespace-pre-wrap break-words\">Flexibilit\u00e4t nach deinen Bed\u00fcrfnissen<\/h3>\n<p class=\"whitespace-pre-wrap break-words\">Die Berlin Welcome Card ist in verschiedenen Varianten erh\u00e4ltlich, sodass du die f\u00fcr dich beste Laufzeit w\u00e4hlen kannst. Die Karte f\u00fcr 48 Stunden, 72 Stunden, 4 Tage, 5 Tage oder 6 Tage ist ideal f\u00fcr deine St\u00e4dtereise oder deinen Kurzurlaub. F\u00fcr l\u00e4ngere Aufenthalte empfiehlt sich die Berlin Welcome Card f\u00fcr 6 Tage bis zu einem Monat.<\/p>\n<p class=\"whitespace-pre-wrap break-words\">Die Berlin City West Welcome Card bietet \u00e4hnliche Verg\u00fcnstigungen, konzentriert sich dabei aber auf die Attraktionen im Westen der Stadt. Perfekt f\u00fcr dich, wenn du die Highlights wie den Kurf\u00fcrstendamm, das Schloss Charlottenburg oder den Grunewald erkunden m\u00f6chtest.<\/p>\n<h2 class=\"whitespace-pre-wrap break-words\">Einfacher Kauf \u00fcber GetYourGuide<\/h2>\n<p class=\"whitespace-pre-wrap break-words\">Du kannst die Berlin Welcome Card ganz einfach an \u00fcber 200 Vorverkaufsstellen in Berlin sowie online und in der offiziellen Berlin Welcome Card App kaufen. Eine weitere bequeme Option ist der Erwerb \u00fcber GetYourGuide. Die bekannte Buchungsplattform f\u00fcr Touren und Aktivit\u00e4ten bietet die Berlin Welcome Card in verschiedenen Varianten zum Vorteilspreis an. Mit wenigen Klicks hast du dein digitales Ticket auf dem Smartphone.<\/p>\n<h3 class=\"whitespace-pre-wrap break-words\">Gro\u00dfe Ersparnisse mit der Welcome Card<\/h3>\n<p class=\"whitespace-pre-wrap break-words\">Der Preis der Welcome Card variiert je nach Laufzeit, doch deine Ersparnisse k\u00f6nnen betr\u00e4chtlich sein. Eine 72-Stunden-Berlin Welcome Card kostet f\u00fcr Erwachsene beispielsweise 33 Euro. Vergleichst du dies mit den Preisen f\u00fcr Tageskarten im Nahverkehr und Eintrittskarten zu den Attraktionen, rechnet sich die Karte bereits nach wenigen Nutzungen.<\/p>\n<p class=\"whitespace-pre-wrap break-words\">Die Berlin Welcome Card ist der smarte Weg, Berlins Vielfalt zu einem Vorteilspreis zu erleben. Mit grenzenloser Mobilit\u00e4t und Hunderten Rabatten entdeckst du ganz bequem die zahlreichen Highlights dieser faszinierenden Stadt. Egal ob Kulturgenuss, Shopping oder einfach nur Erkunden &#8211; die Welcome Card macht deinen Aufenthalt unvergesslich.<\/p>\n<\/div>\n<\/div>\n<p>[\/vc_column_text][\/vc_column][vc_column width=&#8220;1\/3&#8243;][vc_column_text]<\/p>\n<div data-gyg-href=\"https:\/\/widget.getyourguide.com\/default\/activities.frame\" data-gyg-locale-code=\"de-DE\" data-gyg-widget=\"activities\" data-gyg-number-of-items=\"5\" data-gyg-partner-id=\"OKFS1TT\" data-gyg-q=\"Berlin WelcomeCard\">Powered by <a href=\"https:\/\/www.getyourguide.com\/-t6045\" target=\"_blank\" rel=\"noopener sponsored\">GetYourGuide<\/a><\/div>\n<p>[\/vc_column_text][\/vc_column][\/vc_row]<\/p>\n","protected":false},"excerpt":{"rendered":"<p>[vc_row][vc_column width=&#8220;2\/3&#8243;][vc_column_text] Die Berlin Welcome Card &#8211; Dein Schl\u00fcssel zur Hauptstadt Grenzenlose Mobilit\u00e4t Mit der Berlin Welcome Card kannst du das gesamte Nahverkehrsnetz der BVG und S-Bahn in Berlin und dem unmittelbaren Umland nutzen &#8211; so oft du m\u00f6chtest. Ob du mit der U-Bahn, Bus oder Stra\u00dfenbahn f\u00e4hrst, deine Welcome Card ist dein Ticket f\u00fcr [&hellip;]<\/p>\n","protected":false},"author":1,"featured_media":0,"parent":0,"menu_order":0,"comment_status":"closed","ping_status":"closed","template":"","meta":{"site-sidebar-layout":"no-sidebar","site-content-layout":"plain-container","ast-site-content-layout":"default","site-content-style":"default","site-sidebar-style":"default","ast-global-header-display":"","ast-banner-title-visibility":"","ast-main-header-display":"","ast-hfb-above-header-display":"","ast-hfb-below-header-display":"","ast-hfb-mobile-header-display":"","site-post-title":"disabled","ast-breadcrumbs-content":"","ast-featured-img":"disabled","footer-sml-layout":"","ast-disable-related-posts":"","theme-transparent-header-meta":"default","adv-header-id-meta":"","stick-header-meta":"","header-above-stick-meta":"","header-main-stick-meta":"","header-below-stick-meta":"","astra-migrate-meta-layouts":"set","ast-page-background-enabled":"default","ast-page-background-meta":{"desktop":{"background-color":"var(--ast-global-color-4)","background-image":"","background-repeat":"repeat","background-position":"center center","background-size":"auto","background-attachment":"scroll","background-type":"","background-media":"","overlay-type":"","overlay-color":"","overlay-opacity":"","overlay-gradient":""},"tablet":{"background-color":"","background-image":"","background-repeat":"repeat","background-position":"center center","background-size":"auto","background-attachment":"scroll","background-type":"","background-media":"","overlay-type":"","overlay-color":"","overlay-opacity":"","overlay-gradient":""},"mobile":{"background-color":"","background-image":"","background-repeat":"repeat","background-position":"center center","background-size":"auto","background-attachment":"scroll","background-type":"","background-media":"","overlay-type":"","overlay-color":"","overlay-opacity":"","overlay-gradient":""}},"ast-content-background-meta":{"desktop":{"background-color":"var(--ast-global-color-5)","background-image":"","background-repeat":"repeat","background-position":"center center","background-size":"auto","background-attachment":"scroll","background-type":"","background-media":"","overlay-type":"","overlay-color":"","overlay-opacity":"","overlay-gradient":""},"tablet":{"background-color":"var(--ast-global-color-5)","background-image":"","background-repeat":"repeat","background-position":"center center","background-size":"auto","background-attachment":"scroll","background-type":"","background-media":"","overlay-type":"","overlay-color":"","overlay-opacity":"","overlay-gradient":""},"mobile":{"background-color":"var(--ast-global-color-5)","background-image":"","background-repeat":"repeat","background-position":"center center","background-size":"auto","background-attachment":"scroll","background-type":"","background-media":"","overlay-type":"","overlay-color":"","overlay-opacity":"","overlay-gradient":""}},"footnotes":""},"class_list":["post-1031","page","type-page","status-publish","hentry"],"aioseo_notices":[],"_links":{"self":[{"href":"https:\/\/berlinwanderlust.com\/de\/wp-json\/wp\/v2\/pages\/1031","targetHints":{"allow":["GET"]}}],"collection":[{"href":"https:\/\/berlinwanderlust.com\/de\/wp-json\/wp\/v2\/pages"}],"about":[{"href":"https:\/\/berlinwanderlust.com\/de\/wp-json\/wp\/v2\/types\/page"}],"author":[{"embeddable":true,"href":"https:\/\/berlinwanderlust.com\/de\/wp-json\/wp\/v2\/users\/1"}],"replies":[{"embeddable":true,"href":"https:\/\/berlinwanderlust.com\/de\/wp-json\/wp\/v2\/comments?post=1031"}],"version-history":[{"count":0,"href":"https:\/\/berlinwanderlust.com\/de\/wp-json\/wp\/v2\/pages\/1031\/revisions"}],"wp:attachment":[{"href":"https:\/\/berlinwanderlust.com\/de\/wp-json\/wp\/v2\/media?parent=1031"}],"curies":[{"name":"wp","href":"https:\/\/api.w.org\/{rel}","templated":true}]}}