{"id":1025,"date":"2024-05-23T15:39:25","date_gmt":"2024-05-23T13:39:25","guid":{"rendered":"https:\/\/berlinwanderlust.com\/de\/?page_id=1025"},"modified":"2024-05-23T15:48:11","modified_gmt":"2024-05-23T13:48:11","slug":"medizinhistorisches-museum-berlin","status":"publish","type":"page","link":"https:\/\/berlinwanderlust.com\/de\/aktivitaeten\/museen\/medizinhistorisches-museum-berlin\/","title":{"rendered":"Medizinhistorisches museum berlin"},"content":{"rendered":"<p>[vc_row][vc_column width=&#8220;2\/3&#8243;][vc_column_text]<\/p>\n<h1 class=\"whitespace-pre-wrap break-words\">Berlins faszinierendes medizinhistorisches Museum der Charit\u00e9<\/h1>\n<h2>Einf\u00fchrung<\/h2>\n<p class=\"whitespace-pre-wrap break-words\">Inmitten des Berliner Bezirks Mitte befindet sich ein wahrhaft einzigartiges Museum, das die Geschichte der Medizin auf faszinierende Weise lebendig werden l\u00e4sst. Das Medizinhistorische Museum beherbergt eine der umfangreichsten Sammlungen medizinischer Objekte, Pr\u00e4parate und Modelle in ganz Europa. Ein Besuch hier ist ein Muss f\u00fcr alle, die sich f\u00fcr die Entwicklung der Heilkunst interessieren oder einfach nur Neugier auf Au\u00dfergew\u00f6hnliches haben.<\/p>\n<p>&nbsp;<\/p>\n<h2>Historie des Geb\u00e4udes<\/h2>\n<p class=\"whitespace-pre-wrap break-words\">Das heutige Museumsgeb\u00e4ude blickt auf eine \u00fcber 300-j\u00e4hrige Geschichte zur\u00fcck. Urspr\u00fcnglich 1730 als Quarant\u00e4ne-Haus f\u00fcr die Cholera-Bek\u00e4mpfung erbaut, diente es sp\u00e4ter als Heb-Ammenlehranstalt und Entbindungsklinik. Seit 1998 ist hier das einzigartige Medizinhistorische Museum untergebracht. Die renovierten R\u00e4umlichkeiten im denkmalgesch\u00fctzten Geb\u00e4ude schaffen die perfekte Atmosph\u00e4re f\u00fcr die faszinierenden Ausstellungsst\u00fccke.<\/p>\n<p>Hier geht es zum <a href=\"https:\/\/gyg.me\/1GnUIKnc\"><strong>geschichtlichen Charit\u00e9-Rundgang<\/strong><\/a><\/p>\n<h2>Ausstellungsbereiche<\/h2>\n<p class=\"whitespace-pre-wrap break-words\">Das Charit\u00e9-Museum gliedert sich in mehrere Ausstellungsbereiche, die jeweils spannende Einblicke in unterschiedliche Facetten der Medizingeschichte geben.<\/p>\n<h3 class=\"whitespace-pre-wrap break-words\">Heilkundliche Objekte &amp; Pr\u00e4parate<\/h3>\n<p class=\"whitespace-pre-wrap break-words\">Einer der Sammlungsschwerpunkte sind medizinische Ger\u00e4te, Instrumente und Hilfsmittel aus verschiedenen Epochen. Von mittelalterlichen Schr\u00f6pfk\u00f6pfen \u00fcber barocke Aderlass-Bestecke bis hin zu ersten R\u00f6ntgenapparaten aus den Anf\u00e4ngen der modernen Medizin ist hier alles vertreten. Erg\u00e4nzt wird diese Abteilung durch faszinierende anatomische Pr\u00e4parate, darunter einige echte Kuriosit\u00e4ten.<\/p>\n<h3 class=\"whitespace-pre-wrap break-words\">Pathologische Sammlungen<\/h3>\n<p class=\"whitespace-pre-wrap break-words\">Der Bereich der pathologischen Sammlungen widmet sich der Dokumentation von Krankheiten und Missbildungen. Unter den teils erschreckenden Exponaten finden sich mumifizierte K\u00f6rperteile, F\u00f6ten mit Fehlbildungen sowie Proben von Krebsgeschw\u00fcren und \u00e4hnlichen Leiden. Ein H\u00f6hepunkt ist die ber\u00fcchtigte &#8222;Hutsch\u00e4del-Sammlung&#8220; &#8211; eine Anzahl mumifizierter Sch\u00e4del in alten Hutschachteln.<\/p>\n<h3 class=\"whitespace-pre-wrap break-words\">Sonderausstellungen<\/h3>\n<p class=\"whitespace-pre-wrap break-words\">Neben der st\u00e4ndigen Ausstellung finden im Museum regelm\u00e4\u00dfig besondere Sonderausstellungen zu wechselnden Themen aus Medizin und Naturwissenschaft statt. Die Bandbreite reicht von Fotografien aus dem Operationssaal \u00fcber Ausstellungen zur Impfstoff-Entwicklung bis hin zu Objekten aus der Psychatrie-Geschichte.<\/p>\n<h2>Besondere Exponate<\/h2>\n<p class=\"whitespace-pre-wrap break-words\">Zu den absoluten Highlights des Museums geh\u00f6ren einige wirklich au\u00dfergew\u00f6hnliche Exponate, die man so nirgendwo anders zu Gesicht bekommt.<\/p>\n<h3 class=\"whitespace-pre-wrap break-words\">Gl\u00e4serne Manufaktur<\/h3>\n<p class=\"whitespace-pre-wrap break-words\">In einer nachempfundenen Werkstatt aus dem 18. Jahrhundert wird die damalige Herstellung von anatomischen Lehrmodellen aus Glas gezeigt. Besonderer Blickfang sind die ber\u00fchmten &#8222;Gl\u00e4sernen Hunde&#8220;, lebensgro\u00dfe Glasmodelle eines Hundes, an denen Studenten die Anatomie lernten.<\/p>\n<h3 class=\"whitespace-pre-wrap break-words\">Wachspr\u00e4paratesammlung<\/h3>\n<p class=\"whitespace-pre-wrap break-words\">Eine der weltweit gr\u00f6\u00dften Sammlungen anatomischer Wachspr\u00e4parate beeindruckt durch ihre detaillierten und farbechten Nachbildungen des menschlichen K\u00f6rpers. Die Wachsfiguren wurden im 18. Jahrhundert zur Ausbildung von Medizinern angefertigt und stellen ein Meisterwerk der damaligen Handwerkskunst dar.<\/p>\n<h2>F\u00fchrungen &amp; Veranstaltungen<\/h2>\n<p class=\"whitespace-pre-wrap break-words\">Das Museum bietet regelm\u00e4\u00dfig \u00f6ffentliche F\u00fchrungen durch die Ausstellung an. F\u00fcr Schulklassen und besondere Gruppen k\u00f6nnen auch Sonderf\u00fchrungen gebucht werden. Zudem gibt es ein vielf\u00e4ltiges Veranstaltungsprogramm mit Vortr\u00e4gen und Lesungen rund um das Thema Medizingeschichte.<\/p>\n<h2>Praktische Informationen<\/h2>\n<p class=\"whitespace-pre-wrap break-words\">Adresse: Charit\u00e9platz 1, 10117 Berlin \u00d6ffnungszeiten: T\u00e4glich 10 bis 17 Uhr Eintrittspreise: 6 Euro (erm\u00e4\u00dfigt 3 Euro), Familienkarte 10 Euro<\/p>\n<p class=\"whitespace-pre-wrap break-words\">Eine Anreise mit \u00f6ffentlichen Verkehrsmitteln zur Haltestelle Philippstr.\/B\u00fcschingstr. oder U-Bahn Hausvogteiplatz ist empfehlenswert. Parkpl\u00e4tze sind in den umliegenden Stra\u00dfen vorhanden.<\/p>\n<p>[\/vc_column_text][\/vc_column][vc_column width=&#8220;1\/3&#8243;][vc_column_text]<\/p>\n<div data-gyg-href=\"https:\/\/widget.getyourguide.com\/default\/activities.frame\" data-gyg-locale-code=\"de-DE\" data-gyg-widget=\"activities\" data-gyg-number-of-items=\"3\" data-gyg-partner-id=\"OKFS1TT\" data-gyg-q=\"charit\u00e9\">Powered by <a href=\"https:\/\/www.getyourguide.com\/charite-l26315\/\" target=\"_blank\" rel=\"noopener sponsored\">GetYourGuide<\/a><\/div>\n<p>[\/vc_column_text][\/vc_column][\/vc_row]<\/p>\n","protected":false},"excerpt":{"rendered":"<p>[vc_row][vc_column width=&#8220;2\/3&#8243;][vc_column_text] Berlins faszinierendes medizinhistorisches Museum der Charit\u00e9 Einf\u00fchrung Inmitten des Berliner Bezirks Mitte befindet sich ein wahrhaft einzigartiges Museum, das die Geschichte der Medizin auf faszinierende Weise lebendig werden l\u00e4sst. Das Medizinhistorische Museum beherbergt eine der umfangreichsten Sammlungen medizinischer Objekte, Pr\u00e4parate und Modelle in ganz Europa. Ein Besuch hier ist ein Muss f\u00fcr alle, [&hellip;]<\/p>\n","protected":false},"author":1,"featured_media":0,"parent":207,"menu_order":0,"comment_status":"closed","ping_status":"closed","template":"","meta":{"site-sidebar-layout":"no-sidebar","site-content-layout":"plain-container","ast-site-content-layout":"default","site-content-style":"default","site-sidebar-style":"default","ast-global-header-display":"","ast-banner-title-visibility":"","ast-main-header-display":"","ast-hfb-above-header-display":"","ast-hfb-below-header-display":"","ast-hfb-mobile-header-display":"","site-post-title":"disabled","ast-breadcrumbs-content":"","ast-featured-img":"disabled","footer-sml-layout":"","theme-transparent-header-meta":"default","adv-header-id-meta":"","stick-header-meta":"","header-above-stick-meta":"","header-main-stick-meta":"","header-below-stick-meta":"","astra-migrate-meta-layouts":"set","ast-page-background-enabled":"default","ast-page-background-meta":{"desktop":{"background-color":"var(--ast-global-color-4)","background-image":"","background-repeat":"repeat","background-position":"center center","background-size":"auto","background-attachment":"scroll","background-type":"","background-media":"","overlay-type":"","overlay-color":"","overlay-opacity":"","overlay-gradient":""},"tablet":{"background-color":"","background-image":"","background-repeat":"repeat","background-position":"center center","background-size":"auto","background-attachment":"scroll","background-type":"","background-media":"","overlay-type":"","overlay-color":"","overlay-opacity":"","overlay-gradient":""},"mobile":{"background-color":"","background-image":"","background-repeat":"repeat","background-position":"center center","background-size":"auto","background-attachment":"scroll","background-type":"","background-media":"","overlay-type":"","overlay-color":"","overlay-opacity":"","overlay-gradient":""}},"ast-content-background-meta":{"desktop":{"background-color":"var(--ast-global-color-5)","background-image":"","background-repeat":"repeat","background-position":"center center","background-size":"auto","background-attachment":"scroll","background-type":"","background-media":"","overlay-type":"","overlay-color":"","overlay-opacity":"","overlay-gradient":""},"tablet":{"background-color":"var(--ast-global-color-5)","background-image":"","background-repeat":"repeat","background-position":"center center","background-size":"auto","background-attachment":"scroll","background-type":"","background-media":"","overlay-type":"","overlay-color":"","overlay-opacity":"","overlay-gradient":""},"mobile":{"background-color":"var(--ast-global-color-5)","background-image":"","background-repeat":"repeat","background-position":"center center","background-size":"auto","background-attachment":"scroll","background-type":"","background-media":"","overlay-type":"","overlay-color":"","overlay-opacity":"","overlay-gradient":""}},"footnotes":""},"class_list":["post-1025","page","type-page","status-publish","hentry"],"aioseo_notices":[],"_links":{"self":[{"href":"https:\/\/berlinwanderlust.com\/de\/wp-json\/wp\/v2\/pages\/1025","targetHints":{"allow":["GET"]}}],"collection":[{"href":"https:\/\/berlinwanderlust.com\/de\/wp-json\/wp\/v2\/pages"}],"about":[{"href":"https:\/\/berlinwanderlust.com\/de\/wp-json\/wp\/v2\/types\/page"}],"author":[{"embeddable":true,"href":"https:\/\/berlinwanderlust.com\/de\/wp-json\/wp\/v2\/users\/1"}],"replies":[{"embeddable":true,"href":"https:\/\/berlinwanderlust.com\/de\/wp-json\/wp\/v2\/comments?post=1025"}],"version-history":[{"count":0,"href":"https:\/\/berlinwanderlust.com\/de\/wp-json\/wp\/v2\/pages\/1025\/revisions"}],"up":[{"embeddable":true,"href":"https:\/\/berlinwanderlust.com\/de\/wp-json\/wp\/v2\/pages\/207"}],"wp:attachment":[{"href":"https:\/\/berlinwanderlust.com\/de\/wp-json\/wp\/v2\/media?parent=1025"}],"curies":[{"name":"wp","href":"https:\/\/api.w.org\/{rel}","templated":true}]}}